{"id":5541,"date":"2024-09-07T19:09:48","date_gmt":"2024-09-07T17:09:48","guid":{"rendered":"https:\/\/schupp.ch\/p\/fils-et-cables-de-commutation-awg-avec-reconnaissance-ul\/"},"modified":"2026-01-06T13:54:52","modified_gmt":"2026-01-06T12:54:52","slug":"fils-et-cables-de-commutation-awg-avec-reconnaissance-ul","status":"publish","type":"product","link":"https:\/\/schupp.ch\/fr\/p\/fils-et-cables-de-commutation-awg-avec-reconnaissance-ul\/","title":{"rendered":"Fils rigides et souples AWG UL 1430, PVC irradi\u00e9s"},"content":{"rendered":"<h3><\/h3>\n<h3 id=\"Link01\">Fils rigides et souples AWG UL 1430, PVC irradi\u00e9s<\/h3>\n<p>&nbsp;<\/p>\n<h5>Propri\u00e9t\u00e9s<\/h5>\n<p>&nbsp;<\/p>\n<p><strong>Conducteur :<br \/>\n<\/strong>Fil en cuivre \u00e9tam\u00e9<\/p>\n<p><strong>Isolation :<br \/>\n<\/strong>PVC irradi\u00e9, auto-extinguible selon VW-1<\/p>\n<p><strong>Sp\u00e9cification :<br \/>\n<\/strong>MIL-W-16878E Type 2<\/p>\n<p><strong>Tension de service :<br \/>\n<\/strong>300 volts (UL x CSA), 1000 volts (MIL-W-16878E)<\/p>\n<p><strong>Classe thermique :<br \/>\n<\/strong>105\u00b0C (UL x CSA), 105\u00b0C (MIL-W-16878E)<\/p>\n<p><strong>Couleurs :<br \/>\n<\/strong>rouge (rt), bleu (bl), noir (sw), blanc (ws), vert (gn), jaune (ge), gris (gr), brun (br), orange (or)<\/p>\n<p><strong>Approbations :<br \/>\n<\/strong>Approuv\u00e9 UL \/ CSA<\/p>\n<p>&nbsp;<\/p>\n<p><strong>Dimensions :<\/strong><\/p>\n<table>\n<tbody>\n<tr>\n<td width=\"157\"><strong>Num\u00e9ro de souche<\/strong><\/td>\n<td width=\"107\">AWG<\/td>\n<td width=\"118\">Structure [mm]<\/td>\n<td width=\"109\">\u00c9paisseur de paroi [mm]<\/td>\n<td width=\"140\">Diam\u00e8tre ext\u00e9rieur [mm]<\/td>\n<\/tr>\n<tr>\n<td width=\"157\"><strong>SLUL1430\/2601<\/strong><\/td>\n<td width=\"107\">26<\/td>\n<td width=\"118\">1 x 0,40<\/td>\n<td width=\"109\">0,43<\/td>\n<td width=\"140\">1,34<\/td>\n<\/tr>\n<tr>\n<td width=\"157\"><strong>SLUL1430\/2607<\/strong><\/td>\n<td width=\"107\">26<\/td>\n<td width=\"118\">7 x 0,16<\/td>\n<td width=\"109\">0,43<\/td>\n<td width=\"140\">1,34<\/td>\n<\/tr>\n<tr>\n<td width=\"157\"><strong>SLUL1430\/2619<\/strong><\/td>\n<td width=\"107\">26<\/td>\n<td width=\"118\">19 x 0,102<\/td>\n<td width=\"109\">0,43<\/td>\n<td width=\"140\">1,37<\/td>\n<\/tr>\n<tr>\n<td width=\"157\"><strong>SLUL1430\/2401<\/strong><\/td>\n<td width=\"107\">24<\/td>\n<td width=\"118\">1 x 0,51<\/td>\n<td width=\"109\">0,43<\/td>\n<td width=\"140\">1,45<\/td>\n<\/tr>\n<tr>\n<td width=\"157\"><strong>SLUL1430\/2407<\/strong><\/td>\n<td width=\"107\">24<\/td>\n<td width=\"118\">7 x 0,203<\/td>\n<td width=\"109\">0,43<\/td>\n<td width=\"140\">1,47<\/td>\n<\/tr>\n<tr>\n<td width=\"157\"><strong>SLUL1430\/2411<\/strong><\/td>\n<td width=\"107\">24<\/td>\n<td width=\"118\">11 x 0,16<\/td>\n<td width=\"109\">0,51<\/td>\n<td width=\"140\">1,66<\/td>\n<\/tr>\n<tr>\n<td width=\"157\"><strong>SLUL1430\/2419<\/strong><\/td>\n<td width=\"107\">24<\/td>\n<td width=\"118\">19 x 0,127<\/td>\n<td width=\"109\">0,43<\/td>\n<td width=\"140\">1,50<\/td>\n<\/tr>\n<tr>\n<td width=\"157\"><strong>SLUL1430\/2201<\/strong><\/td>\n<td width=\"107\">22<\/td>\n<td width=\"118\">1 x 0,64<\/td>\n<td width=\"109\">0,43<\/td>\n<td width=\"140\">1,58<\/td>\n<\/tr>\n<tr>\n<td width=\"157\"><strong>SLUL1430\/2207<\/strong><\/td>\n<td width=\"107\">22<\/td>\n<td width=\"118\">7 x 0,254<\/td>\n<td width=\"109\">0,43<\/td>\n<td width=\"140\">1,62<\/td>\n<\/tr>\n<tr>\n<td width=\"157\"><strong>SLUL1430\/2217<\/strong><\/td>\n<td width=\"107\">22<\/td>\n<td width=\"118\">17 x 0,16<\/td>\n<td width=\"109\">0,53<\/td>\n<td width=\"140\">1,84<\/td>\n<\/tr>\n<tr>\n<td width=\"157\"><strong>SLUL1430\/2219<\/strong><\/td>\n<td width=\"107\">22<\/td>\n<td width=\"118\">19 x 0,16<\/td>\n<td width=\"109\">0,43<\/td>\n<td width=\"140\">1,66<\/td>\n<\/tr>\n<tr>\n<td width=\"157\"><strong>SLUL1430\/2001<\/strong><\/td>\n<td width=\"107\">20<\/td>\n<td width=\"118\">1 x 0,81<\/td>\n<td width=\"109\">0,43<\/td>\n<td width=\"140\">1,75<\/td>\n<\/tr>\n<tr>\n<td width=\"157\"><strong>SLUL1430\/2007<\/strong><\/td>\n<td width=\"107\">20<\/td>\n<td width=\"118\">7 x 0,32<\/td>\n<td width=\"109\">0,43<\/td>\n<td width=\"140\">1,88<\/td>\n<\/tr>\n<tr>\n<td width=\"157\"><strong>SLUL1430\/2019<\/strong><\/td>\n<td width=\"107\">20<\/td>\n<td width=\"118\">19 x 0,203<\/td>\n<td width=\"109\">0,43<\/td>\n<td width=\"140\">1,94<\/td>\n<\/tr>\n<tr>\n<td width=\"157\"><strong>SLUL1430\/2021<\/strong><\/td>\n<td width=\"107\">20<\/td>\n<td width=\"118\">21 x 0,18<\/td>\n<td width=\"109\">0,53<\/td>\n<td width=\"140\">2,01<\/td>\n<\/tr>\n<tr>\n<td width=\"157\"><strong>SLUL1430\/1807<\/strong><\/td>\n<td width=\"107\">18<\/td>\n<td width=\"118\">7 x 0,404<\/td>\n<td width=\"109\">0,43<\/td>\n<td width=\"140\">2,13<\/td>\n<\/tr>\n<tr>\n<td width=\"157\"><strong>SLUL1430\/1819<\/strong><\/td>\n<td width=\"107\">18<\/td>\n<td width=\"118\">19 x 0,254<\/td>\n<td width=\"109\">0,43<\/td>\n<td width=\"140\">2,19<\/td>\n<\/tr>\n<tr>\n<td width=\"157\"><strong>SLUL1430\/1834<\/strong><\/td>\n<td width=\"107\">18<\/td>\n<td width=\"118\">34 x 0,18<\/td>\n<td width=\"109\">0,55<\/td>\n<td width=\"140\">2,32<\/td>\n<\/tr>\n<tr>\n<td width=\"157\"><strong>SLUL1430\/1619<\/strong><\/td>\n<td width=\"107\">16<\/td>\n<td width=\"118\">19 x 0,30<\/td>\n<td width=\"109\">0,43<\/td>\n<td width=\"140\">2,36<\/td>\n<\/tr>\n<tr>\n<td width=\"157\"><strong>SLUL1430\/1626<\/strong><\/td>\n<td width=\"107\">16<\/td>\n<td width=\"118\">26 x 0,254<\/td>\n<td width=\"109\">0,55<\/td>\n<td width=\"140\">2,63<\/td>\n<\/tr>\n<\/tbody>\n<\/table>\n<p>&nbsp;<\/p>\n<p><strong>Num\u00e9ro d&rsquo;article :<\/strong><br \/>\nExemple : SLUL1430\/2607BR<br \/>\nSLUL1430\/2607 = num\u00e9ro de base<br \/>\nBR = couleur marron<\/p>\n<p>&nbsp;<\/p>\n<p>&nbsp;<\/p>\n<h3 id=\"Link01\">Fils rigides et souples AWG UL 1431, PVC irradi\u00e9s<\/h3>\n<p>&nbsp;<\/p>\n<h5>Propri\u00e9t\u00e9s<\/h5>\n<p>&nbsp;<\/p>\n<p><strong>Conducteur :<br \/>\n<\/strong>Fils en cuivre \u00e9tam\u00e9<\/p>\n<p><strong>Isolation :<br \/>\n<\/strong>PVC irradi\u00e9, auto-extinguible selon VW-1<\/p>\n<p><strong>Sp\u00e9cification :<br \/>\n<\/strong>MIL-W-16878E Type 3<\/p>\n<p><strong>Tension de fonctionnement :<br \/>\n<\/strong>600 volts (UL x CSA), 300 volts (MIL-W-16878E)<\/p>\n<p><strong>Classe thermique :<br \/>\n<\/strong>105\u00b0C (UL x CSA), 105\u00b0C (MIL-W-16878E)<\/p>\n<p><strong>Couleurs :<br \/>\n<\/strong>rouge (rt), bleu (bl), noir (sw), blanc (ws), vert (gn), jaune (ge), gris (gr), marron (br), orange (or)<\/p>\n<p><strong>Homologations :<br \/>\n<\/strong>Approuv\u00e9 UL \/ CSA<\/p>\n<p>&nbsp;<\/p>\n<p><strong>Dimensions :<\/strong><\/p>\n<table width=\"652\">\n<tbody>\n<tr>\n<td width=\"131\"><strong>Num\u00e9ro de souche<\/strong><\/td>\n<td width=\"113\">AWG<\/td>\n<td width=\"120\">Structure [mm]<\/td>\n<td width=\"122\">\u00c9paisseur de paroi [mm]<\/td>\n<td width=\"166\">Diam\u00e8tre ext\u00e9rieur<br \/>\n[mm]<\/td>\n<\/tr>\n<tr>\n<td width=\"131\"><strong>SLUL1431\/2401<\/strong><\/td>\n<td width=\"113\">24<\/td>\n<td width=\"120\">1 x 0,51<\/td>\n<td width=\"122\">0,85<\/td>\n<td width=\"166\">2,21<\/td>\n<\/tr>\n<tr>\n<td width=\"131\"><strong>SLUL1431\/2201<\/strong><\/td>\n<td width=\"113\">22<\/td>\n<td width=\"120\">1 x 0,64<\/td>\n<td width=\"122\">0,85<\/td>\n<td width=\"166\">2,34<\/td>\n<\/tr>\n<tr>\n<td width=\"131\"><strong>SLUL1431\/2001<\/strong><\/td>\n<td width=\"113\">20<\/td>\n<td width=\"120\">1 x 0,81<\/td>\n<td width=\"122\">0,85<\/td>\n<td width=\"166\">2,51<\/td>\n<\/tr>\n<tr>\n<td width=\"131\"><strong>SLUL1431\/2007<\/strong><\/td>\n<td width=\"113\">20<\/td>\n<td width=\"120\">7 x 0,32<\/td>\n<td width=\"122\">0,85<\/td>\n<td width=\"166\">2,66<\/td>\n<\/tr>\n<tr>\n<td width=\"131\"><strong>SLUL1431\/2019<\/strong><\/td>\n<td width=\"113\">20<\/td>\n<td width=\"120\">19 x 0,203<\/td>\n<td width=\"122\">0,85<\/td>\n<td width=\"166\">2,72<\/td>\n<\/tr>\n<tr>\n<td width=\"131\"><strong>SLUL1431\/1801<\/strong><\/td>\n<td width=\"113\">18<\/td>\n<td width=\"120\">1 x 1,02<\/td>\n<td width=\"122\">0,85<\/td>\n<td width=\"166\">2,72<\/td>\n<\/tr>\n<tr>\n<td width=\"131\"><strong>SLUL1431\/1807<\/strong><\/td>\n<td width=\"113\">18<\/td>\n<td width=\"120\">7 x 0,404<\/td>\n<td width=\"122\">0,85<\/td>\n<td width=\"166\">2,91<\/td>\n<\/tr>\n<tr>\n<td width=\"131\"><strong>SLUL1431\/1819<\/strong><\/td>\n<td width=\"113\">18<\/td>\n<td width=\"120\">19 x 0,254<\/td>\n<td width=\"122\">0,85<\/td>\n<td width=\"166\">2,97<\/td>\n<\/tr>\n<tr>\n<td width=\"131\"><strong>SLUL1431\/1601<\/strong><\/td>\n<td width=\"113\">16<\/td>\n<td width=\"120\">1 x 1,29<\/td>\n<td width=\"122\">0,85<\/td>\n<td width=\"166\">2,99<\/td>\n<\/tr>\n<tr>\n<td width=\"131\"><strong>SLUL1431\/1619<\/strong><\/td>\n<td width=\"113\">16<\/td>\n<td width=\"120\">19 x 0,30<\/td>\n<td width=\"122\">0,85<\/td>\n<td width=\"166\">3,20<\/td>\n<\/tr>\n<tr>\n<td width=\"131\"><strong>SLUL1431\/1419<\/strong><\/td>\n<td width=\"113\">14<\/td>\n<td width=\"120\">19 x 0,38<\/td>\n<td width=\"122\">0,85<\/td>\n<td width=\"166\">3,54<\/td>\n<\/tr>\n<tr>\n<td width=\"131\"><strong>SLUL1431\/1441<\/strong><\/td>\n<td width=\"113\">14<\/td>\n<td width=\"120\">41 x 0,254<\/td>\n<td width=\"122\">0,85<\/td>\n<td width=\"166\">3,73<\/td>\n<\/tr>\n<tr>\n<td width=\"131\"><strong>SLUL1431\/1219<\/strong><\/td>\n<td width=\"113\">12<\/td>\n<td width=\"120\">19 x 0,48<\/td>\n<td width=\"122\">0,85<\/td>\n<td width=\"166\">4,04<\/td>\n<\/tr>\n<tr>\n<td width=\"131\"><strong>SLUL1431\/1265<\/strong><\/td>\n<td width=\"113\">12<\/td>\n<td width=\"120\">65 x 0,254<\/td>\n<td width=\"122\">0,89<\/td>\n<td width=\"166\">4,14<\/td>\n<\/tr>\n<tr>\n<td width=\"131\"><strong>SLUL1431\/1037<\/strong><\/td>\n<td width=\"113\">10<\/td>\n<td width=\"120\">37 x 0,45<\/td>\n<td width=\"122\">0,89<\/td>\n<td width=\"166\">4,85<\/td>\n<\/tr>\n<tr>\n<td width=\"131\"><strong>SLUL1431\/1104<\/strong><\/td>\n<td width=\"113\">10<\/td>\n<td width=\"120\">104 x 0,254<\/td>\n<td width=\"122\">0,89<\/td>\n<td width=\"166\">4,75<\/td>\n<\/tr>\n<\/tbody>\n<\/table>\n<p>&nbsp;<\/p>\n<p><strong>Num\u00e9ro d&rsquo;article :<\/strong><br \/>\nExemple : SL1431\/2007BR<br \/>\nSL1431\/2007 = num\u00e9ro de base<br \/>\nBR = couleur marron<\/p>\n<p>&nbsp;<\/p>\n<p>&nbsp;<\/p>\n<h3 id=\"Link03\">Fils souples AWG en PVC, approuv\u00e9 UL\/CSA, Style 1007\/1015\/1283<\/h3>\n<p>&nbsp;<\/p>\n<h5>Propri\u00e9t\u00e9s<\/h5>\n<p>&nbsp;<\/p>\n<p><strong>Mat\u00e9riau<br \/>\n<\/strong>Conducteur en cuivre \u00e9tam\u00e9, fils fins <strong><br \/>\n<\/strong><\/p>\n<p><strong>Isolation :<br \/>\n<\/strong>PVC, r\u00e9sistant \u00e0 la chaleur et \u00e0 l&rsquo;impr\u00e9gnation<\/p>\n<p><strong>Classe thermique :<br \/>\n<\/strong>Style 1007\/TR64 (80\u00b0C), 300 volts<br \/>\nStyle 1015\/TEW A (105\u00b0C), 600 volts<br \/>\nStyle 1283\/TEW A (105\u00b0C), 600 volts<\/p>\n<p><strong>Couleurs :<br \/>\n<\/strong>rouge (rt), bleu (bl), noir (sw), blanc (ws), vert (gn), jaune (ge), gris (gr), marron (br), orange (or), violet (vi), vert-jaune (gnge)<\/p>\n<p><strong>Pr\u00e9sentation :<br \/>\n<\/strong>AWG 30 &#8211; 18 : bobines de 1000 ft (305 m)<br \/>\nAWG 16 &#8211; 12 : bobines de 500 ft (152 m)<br \/>\nAWG 10 &#8211; 4 : anneaux de 300 ft (91 m)<\/p>\n<p><strong>Homologations :<br \/>\n<\/strong>Approuv\u00e9 UL \/ CSA<\/p>\n<p>&nbsp;<\/p>\n<p><strong>Dimensions<\/strong><\/p>\n<table width=\"1013\">\n<tbody>\n<tr>\n<td rowspan=\"2\"><strong>Num\u00e9ro de matricule <\/strong><\/td>\n<td colspan=\"2\"><strong>Dimensions<\/strong><\/td>\n<td><strong>Style 1007\/TR64 <\/strong><\/td>\n<td colspan=\"11\"><strong>Couleurs<\/strong><\/td>\n<\/tr>\n<tr>\n<td>Type AWG<\/td>\n<td>Section* [mm2]<\/td>\n<td>\u00d8 ext\u00e9rieur** [mm]<\/td>\n<td>RT<\/td>\n<td>BL<\/td>\n<td>SW<\/td>\n<td>WS<\/td>\n<td>GN<\/td>\n<td>GE<\/td>\n<td>GR<\/td>\n<td>BR<\/td>\n<td>OR<\/td>\n<td>VI<\/td>\n<td>GNGE<\/td>\n<\/tr>\n<tr>\n<td><strong>SLUL1007\/26 <\/strong><\/td>\n<td>26<\/td>\n<td>0,15<\/td>\n<td>1,35<\/td>\n<td>\u2666<\/td>\n<td>\u2666<\/td>\n<td>\u2666<\/td>\n<td>\u2666<\/td>\n<td>\u2666<\/td>\n<td>\u2666<\/td>\n<td>\u2666<\/td>\n<td>\u2666<\/td>\n<td>\u2666<\/td>\n<td>\u2666<\/td>\n<td>\u2666<\/td>\n<\/tr>\n<tr>\n<td><strong>SLUL1007\/24<\/strong><\/td>\n<td>24<\/td>\n<td>0,23<\/td>\n<td>1,45<\/td>\n<td>\u2666<\/td>\n<td>\u2666<\/td>\n<td>\u2666<\/td>\n<td>\u2666<\/td>\n<td>\u2666<\/td>\n<td>\u2666<\/td>\n<td>\u2666<\/td>\n<td>\u2666<\/td>\n<td>\u2666<\/td>\n<td>\u2666<\/td>\n<td>\u2666<\/td>\n<\/tr>\n<tr>\n<td><strong>SLUL1007\/22<\/strong><\/td>\n<td>22<\/td>\n<td>0,34<\/td>\n<td>1,70<\/td>\n<td>\u2666<\/td>\n<td>\u2666<\/td>\n<td>\u2666<\/td>\n<td>\u2666<\/td>\n<td>\u2666<\/td>\n<td>\u2666<\/td>\n<td>\u2666<\/td>\n<td>\u2666<\/td>\n<td>\u2666<\/td>\n<td>\u2666<\/td>\n<td>\u2666<\/td>\n<\/tr>\n<tr>\n<td><strong>SLUL1007\/20<\/strong><\/td>\n<td>20<\/td>\n<td>0,52<\/td>\n<td>1,90<\/td>\n<td>\u2666<\/td>\n<td>\u2666<\/td>\n<td>\u2666<\/td>\n<td>\u2666<\/td>\n<td>\u2666<\/td>\n<td>\u2666<\/td>\n<td>\u2666<\/td>\n<td>\u2666<\/td>\n<td>\u2666<\/td>\n<td>\u2666<\/td>\n<td>\u2666<\/td>\n<\/tr>\n<tr>\n<td><strong>SLUL1007\/18 <\/strong><\/td>\n<td>18<\/td>\n<td>0,82<\/td>\n<td>2,20<\/td>\n<td>\u2666<\/td>\n<td>\u2666<\/td>\n<td>\u2666<\/td>\n<td>\u2666<\/td>\n<td>\u2666<\/td>\n<td>\u2666<\/td>\n<td>\u2666<\/td>\n<td>\u2666<\/td>\n<td>\u2666<\/td>\n<td>\u2666<\/td>\n<td>\u2666<\/td>\n<\/tr>\n<tr>\n<td><strong>SLUL1007\/16 <\/strong><\/td>\n<td>16<\/td>\n<td>1,31<\/td>\n<td>2,50<\/td>\n<td>\u2666<\/td>\n<td>\u2666<\/td>\n<td>\u2666<\/td>\n<td>\u2666<\/td>\n<td>\u2666<\/td>\n<td>\u2666<\/td>\n<td>\u2666<\/td>\n<td>\u2666<\/td>\n<td>\u2666<\/td>\n<td>\u2666<\/td>\n<td>\u2666<\/td>\n<\/tr>\n<\/tbody>\n<\/table>\n<p>&nbsp;<\/p>\n<table width=\"1013\">\n<tbody>\n<tr>\n<td rowspan=\"2\"><strong>Num\u00e9ro de matricule<\/strong><\/td>\n<td colspan=\"2\"><strong>Dimensions <\/strong><\/td>\n<td><strong>Style 1015\/TEW <\/strong><\/td>\n<td colspan=\"11\"><strong>Couleurs<\/strong><\/td>\n<\/tr>\n<tr>\n<td>Type AWG<\/td>\n<td>Coupe transversale** [mm2]<\/td>\n<td>\u00d8 ext\u00e9rieur** [mm]<\/td>\n<td>RT<\/td>\n<td>BL<\/td>\n<td>SW<\/td>\n<td>WS<\/td>\n<td>GN<\/td>\n<td>GE<\/td>\n<td>GR<\/td>\n<td>BR<\/td>\n<td>OR<\/td>\n<td>VI<\/td>\n<td>GNGE<\/td>\n<\/tr>\n<tr>\n<td><strong>SLUL1015\/20 <\/strong><\/td>\n<td>20<\/td>\n<td>0,52<\/td>\n<td>2,60<\/td>\n<td>\u2666<\/td>\n<td>\u2666<\/td>\n<td>\u2666<\/td>\n<td>\u2666<\/td>\n<td>\u2666<\/td>\n<td>\u2666<\/td>\n<td>\u2666<\/td>\n<td>\u2666<\/td>\n<td>\u2666<\/td>\n<td>\u2666<\/td>\n<td>\u2666<\/td>\n<\/tr>\n<tr>\n<td><strong>SLUL1015\/18 <\/strong><\/td>\n<td>18<\/td>\n<td>0,82<\/td>\n<td>2,95<\/td>\n<td>\u2666<\/td>\n<td>\u2666<\/td>\n<td>\u2666<\/td>\n<td>\u2666<\/td>\n<td>\u2666<\/td>\n<td>\u2666<\/td>\n<td>\u2666<\/td>\n<td>\u2666<\/td>\n<td>\u2666<\/td>\n<td>\u2666<\/td>\n<td>\u2666<\/td>\n<\/tr>\n<tr>\n<td><strong>SLUL1015\/16 <\/strong><\/td>\n<td>16<\/td>\n<td>1,31<\/td>\n<td>3,25<\/td>\n<td>\u2666<\/td>\n<td>\u2666<\/td>\n<td>\u2666<\/td>\n<td>\u2666<\/td>\n<td>\u2666<\/td>\n<td>\u2666<\/td>\n<td>\u2666<\/td>\n<td>\u2666<\/td>\n<td>\u2666<\/td>\n<td>\u2666<\/td>\n<td>\u2666<\/td>\n<\/tr>\n<tr>\n<td><strong>SLUL1015\/14 <\/strong><\/td>\n<td>14<\/td>\n<td>2,08<\/td>\n<td>3,70<\/td>\n<td>\u2666<\/td>\n<td>\u2666<\/td>\n<td>\u2666<\/td>\n<td>\u2666<\/td>\n<td>\u2666<\/td>\n<td>\u2666<\/td>\n<td>\u2666<\/td>\n<td>\u2666<\/td>\n<td>\u2666<\/td>\n<td>\u2666<\/td>\n<td>\u2666<\/td>\n<\/tr>\n<tr>\n<td><strong>SLUL1015\/12 <\/strong><\/td>\n<td>12<\/td>\n<td>3,31<\/td>\n<td>4,60<\/td>\n<td>\u2666<\/td>\n<td>\u2666<\/td>\n<td>\u2666<\/td>\n<td>\u2666<\/td>\n<td>\u2666<\/td>\n<td>\u2666<\/td>\n<td>\u2666<\/td>\n<td>\u2666<\/td>\n<td>\u2666<\/td>\n<td>\u2666<\/td>\n<td>\u2666<\/td>\n<\/tr>\n<tr>\n<td><strong>SLUL1015\/10 <\/strong><\/td>\n<td>10<\/td>\n<td>5,26<\/td>\n<td>5,20<\/td>\n<td>\u2666<\/td>\n<td>\u2666<\/td>\n<td>\u2666<\/td>\n<td>\u2666<\/td>\n<td>\u2666<\/td>\n<td>\u2666<\/td>\n<td>\u2666<\/td>\n<td>\u2666<\/td>\n<td>\u2666<\/td>\n<td>\u2666<\/td>\n<td>\u2666<\/td>\n<\/tr>\n<\/tbody>\n<\/table>\n<p>&nbsp;<\/p>\n<table width=\"1013\">\n<tbody>\n<tr>\n<td rowspan=\"2\"><strong>Num\u00e9ro de matricule <\/strong><\/td>\n<td colspan=\"2\"><strong>Dimensions<\/strong><\/td>\n<td><strong>Style 1283\/TEW <\/strong><\/td>\n<td colspan=\"11\"><strong>Couleurs<\/strong><\/td>\n<\/tr>\n<tr>\n<td>Type AWG<\/td>\n<td>Coupe transversale** [mm2]<\/td>\n<td>\u00d8 ext\u00e9rieur** [mm]<\/td>\n<td>RT<\/td>\n<td>BL<\/td>\n<td>SW<\/td>\n<td>WS<\/td>\n<td>GN<\/td>\n<td>GE<\/td>\n<td>GR<\/td>\n<td>BR<\/td>\n<td>OR<\/td>\n<td>VI<\/td>\n<td>GNGE<\/td>\n<\/tr>\n<tr>\n<td><strong>SLUL1283\/08 <\/strong><\/td>\n<td>8<\/td>\n<td>8,37<\/td>\n<td>7,00<\/td>\n<td>\u2666<\/td>\n<td>\u2666<\/td>\n<td>\u2666<\/td>\n<td>\u2666<\/td>\n<td>\u2666<\/td>\n<td>\u2666<\/td>\n<td>\u2666<\/td>\n<td>\u2666<\/td>\n<td>\u2666<\/td>\n<td>\u2666<\/td>\n<td>\u2666<\/td>\n<\/tr>\n<tr>\n<td><strong>SLUL1283\/06 <\/strong><\/td>\n<td>6<\/td>\n<td>13,30<\/td>\n<td>8,50<\/td>\n<td>\u2666<\/td>\n<td>\u2666<\/td>\n<td>\u2666<\/td>\n<td>\u2666<\/td>\n<td>\u2666<\/td>\n<td>\u2666<\/td>\n<td>\u2666<\/td>\n<td>\u2666<\/td>\n<td>\u2666<\/td>\n<td>\u2666<\/td>\n<td>\u2666<\/td>\n<\/tr>\n<tr>\n<td><strong>SLUL1283\/04 <\/strong><\/td>\n<td>4<\/td>\n<td>21,15<\/td>\n<td>10,50<\/td>\n<td>\u2666<\/td>\n<td>\u2666<\/td>\n<td>\u2666<\/td>\n<td>\u2666<\/td>\n<td>\u2666<\/td>\n<td>\u2666<\/td>\n<td>\u2666<\/td>\n<td>\u2666<\/td>\n<td>\u2666<\/td>\n<td>\u2666<\/td>\n<td>\u2666<\/td>\n<\/tr>\n<tr>\n<td><strong>SLUL1283\/03 <\/strong><\/td>\n<td>3<\/td>\n<td>26,67<\/td>\n<td>11,20<\/td>\n<td>\u2666<\/td>\n<td>\u2666<\/td>\n<td>\u2666<\/td>\n<td>\u2666<\/td>\n<td>\u2666<\/td>\n<td>\u2666<\/td>\n<td>\u2666<\/td>\n<td>\u2666<\/td>\n<td>\u2666<\/td>\n<td>\u2666<\/td>\n<td>\u2666<\/td>\n<\/tr>\n<tr>\n<td><strong>SLUL1283\/02<\/strong><\/td>\n<td>2<\/td>\n<td>33,62<\/td>\n<td>12,50<\/td>\n<td>\u2666<\/td>\n<td>\u2666<\/td>\n<td>\u2666<\/td>\n<td>\u2666<\/td>\n<td>\u2666<\/td>\n<td>\u2666<\/td>\n<td>\u2666<\/td>\n<td>\u2666<\/td>\n<td>\u2666<\/td>\n<td>\u2666<\/td>\n<td>\u2666<\/td>\n<\/tr>\n<\/tbody>\n<\/table>\n<p>\u2666 en stock d&rsquo;usine ( valeur de r\u00e9f\u00e9rence minimale CHF 300.&#8211; par commande)<br \/>\n\u2666 sur demande<br \/>\n\u2666 Les dimensions indiqu\u00e9es sont indicatives<\/p>\n<p>&nbsp;<\/p>\n<p><strong>Num\u00e9ro d&rsquo;article : <\/strong><\/p>\n<p>Exemple : SLUL1015\/20GEGN<br \/>\nSLUL1015\/20 = num\u00e9ro matricule<br \/>\nGEGN = couleur jaune-vert<\/p>\n<p>&nbsp;<\/p>\n","protected":false},"excerpt":{"rendered":"<h5><\/h5>\n<h5>AWG &#8211; Fils et c\u00e2bles de commutation UL 1430, PVC irradi\u00e9 par rayonnement<\/h5>\n<p><strong><a href=\"#Link01\">D\u00e9tails<\/a><\/strong><\/p>\n<p>&nbsp;<\/p>\n<h5>AWG &#8211; Fils et c\u00e2bles de commutation UL 1431, PVC irradi\u00e9 par rayonnement<\/h5>\n<p><strong><a href=\"#Link02\">D\u00e9tails<\/a><\/strong><\/p>\n<p>&nbsp;<\/p>\n<h5>Fils de c\u00e2blage AWG en PVC, reconnus UL\/CSA, Style 1007\/1015\/1283, PVC irradi\u00e9 par rayonnement<\/h5>\n<p><strong><a href=\"#Link03\">D\u00e9tails<\/a><\/strong><\/p>\n<p>&nbsp;<\/p>\n","protected":false},"featured_media":2090,"template":"","meta":{"_acf_changed":false},"product_brand":[],"product_cat":[146,150],"product_tag":[],"class_list":{"0":"post-5541","1":"product","2":"type-product","3":"status-publish","4":"has-post-thumbnail","6":"product_cat-cables-electriques","7":"product_cat-torons-et-fils-selon-la-classe-thermique-a-f-h","9":"first","10":"instock","11":"shipping-taxable","12":"purchasable","13":"product-type-simple"},"acf":[],"_links":{"self":[{"href":"https:\/\/schupp.ch\/fr\/wp-json\/wp\/v2\/product\/5541","targetHints":{"allow":["GET"]}}],"collection":[{"href":"https:\/\/schupp.ch\/fr\/wp-json\/wp\/v2\/product"}],"about":[{"href":"https:\/\/schupp.ch\/fr\/wp-json\/wp\/v2\/types\/product"}],"wp:featuredmedia":[{"embeddable":true,"href":"https:\/\/schupp.ch\/fr\/wp-json\/wp\/v2\/media\/2090"}],"wp:attachment":[{"href":"https:\/\/schupp.ch\/fr\/wp-json\/wp\/v2\/media?parent=5541"}],"wp:term":[{"taxonomy":"product_brand","embeddable":true,"href":"https:\/\/schupp.ch\/fr\/wp-json\/wp\/v2\/product_brand?post=5541"},{"taxonomy":"product_cat","embeddable":true,"href":"https:\/\/schupp.ch\/fr\/wp-json\/wp\/v2\/product_cat?post=5541"},{"taxonomy":"product_tag","embeddable":true,"href":"https:\/\/schupp.ch\/fr\/wp-json\/wp\/v2\/product_tag?post=5541"}],"curies":[{"name":"wp","href":"https:\/\/api.w.org\/{rel}","templated":true}]}}