{"id":5544,"date":"2024-09-09T13:36:28","date_gmt":"2024-09-09T11:36:28","guid":{"rendered":"https:\/\/schupp.ch\/p\/isolation-monocouche-flexible-en-mylar-a-ou-nomex\/"},"modified":"2026-02-24T14:42:41","modified_gmt":"2026-02-24T13:42:41","slug":"isolation-monocouche-flexible-en-mylar-a-ou-nomex","status":"publish","type":"product","link":"https:\/\/schupp.ch\/fr\/p\/isolation-monocouche-flexible-en-mylar-a-ou-nomex\/","title":{"rendered":"Isolations monocouches flexibles en MYLAR A\u00ae ou NOMEX"},"content":{"rendered":"<h3><\/h3>\n<h3 id=\"Link01\">Films polyester Mylar\u00ae, Hostaphan\u00ae, etc.<\/h3>\n<p>&nbsp;<\/p>\n<p><strong>Caract\u00e9ristiques :<\/strong><\/p>\n<p>Mylar\u00ae et Hostaphan\u00ae sont des films polyester (PET, poly\u00e9thyl\u00e8ne t\u00e9r\u00e9phtalate) de haute qualit\u00e9 qui peuvent \u00eatre utilis\u00e9s dans les syst\u00e8mes d\u2019isolation \u00e9lectrique comme isolation \u00e9lectrique r\u00e9sistante \u00e0 la tension. Gr\u00e2ce \u00e0 son excellente rigidit\u00e9 di\u00e9lectrique, le film PET convient \u00e0 une utilisation comme fermeture d\u2019encoche et isolation d\u2019encoche.<\/p>\n<p><strong>Mat\u00e9riel :<\/strong><\/p>\n<p>Poly\u00e9thyl\u00e8ne t\u00e9r\u00e9phtalate (PET) Mylar\u00ae A l\u00e9g\u00e8rement opaque (PFM)<br \/>\nHostaphan\u00ae RN l\u00e9g\u00e8rement opaque (PFHRN)<br \/>\nHostaphan\u00ae WN blanc laiteux (PFHWN)<\/p>\n<p><strong>Classe thermique :<br \/>\n<\/strong>B (130\u00b0C)<\/p>\n<p><strong>Densit\u00e9 :<br \/>\n<\/strong>1,395 g\/cm3<\/p>\n<p><strong>Dimensions de l&rsquo;\u00e9paisseur :<br \/>\n<\/strong>0,023 mm &#8211; 0,500 mm \u00c9paisseur<\/p>\n<p>&nbsp;<\/p>\n<p>Diam\u00e8tre ext\u00e9rieur d&rsquo;environ 240 mm pour une longueur de course standard<\/p>\n<p>&nbsp;<\/p>\n<p><strong>Donn\u00e9es techniques Mylar\u00ae A : <\/strong>( donn\u00e9es techniques pour Hostaphan\u00ae sur demande )<\/p>\n<table width=\"633\">\n<tbody>\n<tr>\n<td colspan=\"2\" width=\"109\"><strong>Num\u00e9ro principal<\/strong><\/td>\n<td width=\"78\">\u00c9paisseur nominale [\u00b5m] \u00b110<\/td>\n<td width=\"132\">Tension de claquage [kV]<\/td>\n<td width=\"103\">Poids surfacique [g\/m2]<\/td>\n<td width=\"95\">Rendement [m2\/kg]<\/td>\n<td width=\"116\">Longueur de course standard [m]<\/td>\n<\/tr>\n<tr>\n<td width=\"98\"><strong>PFM023<\/strong><\/td>\n<td width=\"11\"><strong>*<\/strong><\/td>\n<td width=\"78\">23<\/td>\n<td width=\"132\">4<\/td>\n<td width=\"103\">32<\/td>\n<td width=\"95\">31<\/td>\n<td width=\"116\">1690<\/td>\n<\/tr>\n<tr>\n<td width=\"98\"><strong>PFM036<\/strong><\/td>\n<td width=\"11\"><strong>*<\/strong><\/td>\n<td width=\"78\">36<\/td>\n<td width=\"132\">5,5<\/td>\n<td width=\"103\">50<\/td>\n<td width=\"95\">20<\/td>\n<td width=\"116\">1080<\/td>\n<\/tr>\n<tr>\n<td width=\"98\"><strong>PFM050<\/strong><\/td>\n<td width=\"11\"><strong>*<\/strong><\/td>\n<td width=\"78\">50<\/td>\n<td width=\"132\">7,7<\/td>\n<td width=\"103\">70<\/td>\n<td width=\"95\">14,0<\/td>\n<td width=\"116\">780<\/td>\n<\/tr>\n<tr>\n<td width=\"98\"><strong>PFM075<\/strong><\/td>\n<td width=\"11\"><strong>\u2666<\/strong><\/td>\n<td width=\"78\">75<\/td>\n<td width=\"132\">10<\/td>\n<td width=\"103\">105<\/td>\n<td width=\"95\">9,6<\/td>\n<td width=\"116\">520<\/td>\n<\/tr>\n<tr>\n<td width=\"98\"><strong>PFM100<\/strong><\/td>\n<td width=\"11\"><strong>\u2666<\/strong><\/td>\n<td width=\"78\">100<\/td>\n<td width=\"132\">11,75<\/td>\n<td width=\"103\">140<\/td>\n<td width=\"95\">7,2<\/td>\n<td width=\"116\">390<\/td>\n<\/tr>\n<tr>\n<td width=\"98\"><strong>PFM125<\/strong><\/td>\n<td width=\"11\">\u2666<\/td>\n<td width=\"78\">125<\/td>\n<td width=\"132\">13,5<\/td>\n<td width=\"103\">175<\/td>\n<td width=\"95\">5,7<\/td>\n<td width=\"116\">310<\/td>\n<\/tr>\n<tr>\n<td width=\"98\"><strong>PFM190<\/strong><\/td>\n<td width=\"11\">\u2666<\/td>\n<td width=\"78\">190<\/td>\n<td width=\"132\">17,7<\/td>\n<td width=\"103\">265<\/td>\n<td width=\"95\">3,8<\/td>\n<td width=\"116\">200<\/td>\n<\/tr>\n<tr>\n<td width=\"98\"><strong>PFM250<\/strong><\/td>\n<td width=\"11\">\u2666<\/td>\n<td width=\"78\">250<\/td>\n<td width=\"132\">19<\/td>\n<td width=\"103\">350<\/td>\n<td width=\"95\">2,9<\/td>\n<td width=\"116\">160<\/td>\n<\/tr>\n<tr>\n<td width=\"98\"><strong>PFM300<\/strong><\/td>\n<td width=\"11\"><strong>\u2666<\/strong><\/td>\n<td width=\"78\">300<\/td>\n<td width=\"132\">19,5<\/td>\n<td width=\"103\">418<\/td>\n<td width=\"95\">2,4<\/td>\n<td width=\"116\">130<\/td>\n<\/tr>\n<tr>\n<td width=\"98\"><strong>PFM350<\/strong><\/td>\n<td width=\"11\"><strong>\u2666<\/strong><\/td>\n<td width=\"78\">350<\/td>\n<td width=\"132\">20<\/td>\n<td width=\"103\">480<\/td>\n<td width=\"95\">2,1<\/td>\n<td width=\"116\">110<\/td>\n<\/tr>\n<tr>\n<td width=\"98\"><strong>PFM500<\/strong><\/td>\n<td width=\"11\"><strong>\u2666<\/strong><\/td>\n<td width=\"78\">500\u00a8<\/td>\n<td width=\"132\">32,5<\/td>\n<td width=\"103\">670<\/td>\n<td width=\"95\">1,5<\/td>\n<td width=\"116\">80<\/td>\n<\/tr>\n<\/tbody>\n<\/table>\n<p>\u2666 en rouleaux larges en stock \u2666 pas d&rsquo;article en stock<\/p>\n<p>&nbsp;<\/p>\n<table>\n<tbody>\n<tr>\n<td width=\"200\"><strong>Conditionnement de livraison :<\/strong><\/td>\n<td width=\"140\">Rouleaux standard<\/td>\n<td width=\"302\">900 &#8211; 1230 mm de largeur<\/td>\n<\/tr>\n<tr>\n<td width=\"200\"><\/td>\n<td width=\"140\">Rouleaux \u00e9troits<\/td>\n<td width=\"302\">\u00e0 partir de 4 mm de largeur<\/td>\n<\/tr>\n<tr>\n<td width=\"200\"><\/td>\n<td width=\"140\">Diam\u00e8tre des rouleaux<\/td>\n<td width=\"302\">240 &#8211; 250 mm<\/td>\n<\/tr>\n<tr>\n<td width=\"200\"><\/td>\n<td width=\"140\">Pliage<\/td>\n<td width=\"302\">Profondeur 1- 4 mm\/pas de 0,5 mm<\/td>\n<\/tr>\n<tr>\n<td width=\"200\"><strong>Num\u00e9ro d&rsquo;article :<\/strong><\/td>\n<td width=\"140\">Exemple : PFM190\/022.5<\/td>\n<td width=\"302\"><\/td>\n<\/tr>\n<tr>\n<td width=\"200\"><\/td>\n<td width=\"140\">PFM190<\/td>\n<td width=\"302\">= num\u00e9ro principal<\/td>\n<\/tr>\n<tr>\n<td width=\"200\"><\/td>\n<td width=\"140\">xxx.x<\/td>\n<td width=\"302\">= 022.5 Largeur 22,5 mm<\/td>\n<\/tr>\n<\/tbody>\n<\/table>\n<p>&nbsp;<\/p>\n<p>&nbsp;<\/p>\n<h3><\/h3>\n<h3 id=\"Link02\">Papier Nomex\u00ae-Aramid<\/h3>\n<p>&nbsp;<\/p>\n<p><strong>Caract\u00e9ristiques :<\/strong><\/p>\n<p>NOMEX\u00ae est un polym\u00e8re synth\u00e9tique de polyamide aromatique (aramide) qui se caract\u00e9rise par une structure mol\u00e9culaire particuli\u00e8rement stable. Cette structure lui conf\u00e8re d&rsquo;excellentes propri\u00e9t\u00e9s di\u00e9lectriques, thermiques, chimiques et m\u00e9caniques, ce qui permet aux produits NOMEX\u00ae d&rsquo;\u00eatre utilis\u00e9s dans un large \u00e9ventail d&rsquo;applications. Le papier NOMEX\u00ae est fabriqu\u00e9 \u00e0 partir de deux formes de polym\u00e8re d&rsquo;aramide, les fibrides (en tant que particules de liaison) et les flocons, dans un processus de fabrication de papier (type 411). Dans une deuxi\u00e8me \u00e9tape, un processus de calandrage \u00e0 haute temp\u00e9rature permet d&rsquo;obtenir une haute densit\u00e9 et une r\u00e9ticulation des papiers NOMEX\u00ae (types 410, 414, E56, 418).<\/p>\n<p>&nbsp;<\/p>\n<table>\n<tbody>\n<tr>\n<td width=\"173\"><strong>Mat\u00e9riau<\/strong><\/td>\n<td colspan=\"7\" width=\"778\"><strong>\u00c9paisseurs [mm]<\/strong><\/td>\n<\/tr>\n<tr>\n<td width=\"173\"><strong>NOMEX\u00ae type 410<br \/>\n<\/strong>version standard calandr\u00e9e<\/td>\n<td width=\"111\"><\/td>\n<td width=\"111\"><\/td>\n<td width=\"111\"><\/td>\n<td width=\"112\"><\/td>\n<td width=\"112\"><\/td>\n<td width=\"111\"><\/td>\n<td width=\"112\"><\/td>\n<\/tr>\n<tr>\n<td width=\"173\"><strong>NOMEX\u00ae type 411<br \/>\n<\/strong>Variante non calandr\u00e9e, douce et absorbante<\/td>\n<td width=\"111\">&#8212;<\/td>\n<td width=\"111\">&#8212;<\/td>\n<td width=\"111\">&#8212;<\/td>\n<td width=\"112\">0,18<\/td>\n<td width=\"112\">0,25<\/td>\n<td width=\"111\">&#8212;<\/td>\n<td width=\"112\">0,38<\/td>\n<\/tr>\n<tr>\n<td width=\"173\"><strong>NOMEX\u00ae Type 414<br \/>\n<\/strong>Similaire au Type 410, plus flexible, donc plus mall\u00e9able avec une surface plus ouverte et un meilleur pouvoir absorbant par rapport \u00e0<br \/>\nType 410<\/td>\n<td width=\"111\">&#8212;<\/td>\n<td width=\"111\">&#8212;<\/td>\n<td width=\"111\">&#8212;-<\/td>\n<td width=\"112\">0,18<\/td>\n<td width=\"112\">0,25<\/td>\n<td width=\"111\">0,30<\/td>\n<td width=\"112\">0,38<\/td>\n<\/tr>\n<tr>\n<td width=\"173\"><strong>Mat\u00e9riau<\/strong><\/td>\n<td colspan=\"7\" width=\"778\"><strong>\u00c9paisseurs [mm]<\/strong><\/td>\n<\/tr>\n<tr>\n<td width=\"173\"><strong>NOMEX\u00ae type T993<br \/>\n<\/strong>Densit\u00e9 moyenne, mall\u00e9able, bon pouvoir absorbant<em>Application :<\/em><\/p>\n<p>Fabrication de noyaux d&rsquo;enroulement et Entretoises dans la construction de transformateurs<\/td>\n<td width=\"111\">1,0<\/td>\n<td width=\"111\">1,5<\/td>\n<td width=\"111\">2,0<\/td>\n<td width=\"112\">2,4<\/td>\n<td width=\"112\">3,0<\/td>\n<td width=\"111\">4,0<\/td>\n<td width=\"112\">&#8212;<\/td>\n<\/tr>\n<tr>\n<td width=\"173\"><strong>NOMEX\u00ae type T994<br \/>\n<\/strong>Haute densit\u00e9, haute r\u00e9sistance m\u00e9canique<em>Application :<\/em><\/p>\n<p>Entretoises, baguettes, bagues d&rsquo;\u00e9cartement dans la construction de transformateurs, supports de brasage, Tapis de baguettes soud\u00e9s par ultrasons<\/td>\n<td width=\"111\">4,8<\/td>\n<td width=\"111\">5,0<\/td>\n<td width=\"111\">6,0<\/td>\n<td width=\"112\">6,4<\/td>\n<td width=\"112\">7,0<\/td>\n<td width=\"111\">8,0<\/td>\n<td width=\"112\">9,6<\/td>\n<\/tr>\n<\/tbody>\n<\/table>\n<p>&nbsp;<\/p>\n<p>&nbsp;<\/p>\n<h3 id=\"Link03\">Papier aramide Nomex\u00ae type 410<\/h3>\n<p>&nbsp;<\/p>\n<p><strong>Caract\u00e9ristiques :<\/strong><\/p>\n<p>Le Nomex\u00ae 410 pr\u00e9sente une bonne t\u00e9nacit\u00e9 m\u00e9canique, une bonne flexibilit\u00e9 et un bon retour \u00e9lastique. C&rsquo;est un isolant de surface id\u00e9al, m\u00eame \u00e0 haute temp\u00e9rature. Le Nomex\u00ae Type 410 se caract\u00e9rise par une haute rigidit\u00e9 di\u00e9lectrique, m\u00eame sans traitement d&rsquo;impr\u00e9gnation. Gr\u00e2ce \u00e0 sa structure polym\u00e8re, ce mat\u00e9riau est \u00e9galement tr\u00e8s efficace \u00e0 basse temp\u00e9rature (jusqu&rsquo;\u00e0 -190\u00b0C). Nomex\u00ae n&rsquo;est pratiquement pas attaqu\u00e9 par la plupart des solvants et pr\u00e9sente une tr\u00e8s bonne r\u00e9sistance aux acides et aux alcalis. Il est compatible avec tous les types de r\u00e9sines, de peintures et d&rsquo;adh\u00e9sifs, ainsi qu&rsquo;avec les fluides de transformateurs, les huiles de lubrification et les liquides de refroidissement. Nomex\u00ae pr\u00e9sente une bonne r\u00e9sistance \u00e0 la d\u00e9chirure et \u00e0 l&rsquo;abrasion. M\u00eame \u00e0 des temp\u00e9ratures consid\u00e9rablement plus \u00e9lev\u00e9es que 180\u00b0C, ce mat\u00e9riau pr\u00e9sente toujours des valeurs utiles. Il est difficilement inflammable et a \u00e9t\u00e9 approuv\u00e9 par UL comme mat\u00e9riau d&rsquo;isolation pour une plage de temp\u00e9ratures allant jusqu&rsquo;\u00e0 220\u00b0C. Il peut \u00eatre utilis\u00e9 pour des applications dans l&rsquo;industrie automobile.<\/p>\n<p><strong>Mat\u00e9riel :<br \/>\n<\/strong>Le papier Nomex\u00ae Aramid type 410 est un papier isolant \u00e9lectrique calandr\u00e9. Il est compos\u00e9 d&rsquo;un polym\u00e8re polyamide \u00e0 deux composants. avec reconnaissance UL<\/p>\n<p><strong>Range de temp\u00e9rature :<br \/>\n<\/strong>220 \u00b0C<\/p>\n<p>&nbsp;<\/p>\n<p><strong>Dimensions :<\/strong><\/p>\n<table>\n<tbody>\n<tr>\n<td colspan=\"2\" rowspan=\"2\" width=\"95\"><strong>Num\u00e9ro principal<\/strong><\/td>\n<td width=\"38\">\u00c9paisseur nominale<\/td>\n<td colspan=\"2\" width=\"63\">R\u00e9sistance \u00e0 la traction<\/td>\n<td colspan=\"2\" width=\"60\">Allongement<\/td>\n<td colspan=\"2\" width=\"66\">R\u00e9sistance \u00e0 la d\u00e9chirure<\/td>\n<td colspan=\"2\" width=\"65\">R\u00e9sistance \u00e0 la d\u00e9chirure<\/td>\n<td rowspan=\"2\" width=\"54\">Constante di\u00e9lectrique (\u00e0 60Hz et 23\u00b0C)<\/td>\n<td rowspan=\"2\" width=\"40\">Facteur de perte<\/td>\n<td width=\"57\">R\u00e9sistance aux chocs<\/td>\n<td width=\"38\">Poids de la surface<\/td>\n<td width=\"68\">Rendement<\/p>\n<p>&nbsp;<\/td>\n<\/tr>\n<tr>\n<td width=\"38\">[\u00b5m]<\/td>\n<td colspan=\"2\" width=\"63\">[N\/cm]<\/td>\n<td colspan=\"2\" width=\"60\">[%]<\/td>\n<td colspan=\"2\" width=\"66\">[N]<\/td>\n<td colspan=\"2\" width=\"65\">[N]<\/td>\n<td width=\"57\">[kV\/mm]<\/td>\n<td width=\"38\">[g\/m2]<\/td>\n<td width=\"68\">[m2\/kg]<\/td>\n<\/tr>\n<tr>\n<td width=\"85\"><\/td>\n<td width=\"9\"><\/td>\n<td width=\"38\"><\/td>\n<td width=\"32\">dans le sens de la longueur<\/td>\n<td width=\"30\">en travers<\/td>\n<td width=\"30\">dans le sens de la longueur<\/td>\n<td width=\"30\">en travers<\/td>\n<td width=\"32\">dans le sens de la longueur<\/td>\n<td width=\"34\">en travers<\/td>\n<td width=\"33\">dans le sens de la longueur<\/td>\n<td width=\"32\">en travers<\/td>\n<td width=\"54\"><\/td>\n<td width=\"40\"><\/td>\n<td width=\"57\"><\/td>\n<td width=\"38\"><\/td>\n<td width=\"68\"><\/td>\n<\/tr>\n<tr>\n<td width=\"85\"><strong>NO410\/05<\/strong><\/td>\n<td width=\"9\"><strong>*<\/strong><\/td>\n<td width=\"38\">50<\/td>\n<td width=\"32\">39<\/td>\n<td width=\"30\">18<\/td>\n<td width=\"30\">9<\/td>\n<td width=\"30\">6<\/td>\n<td width=\"32\">0,8<\/td>\n<td width=\"34\">1,6<\/td>\n<td width=\"33\">11<\/td>\n<td width=\"32\">6<\/td>\n<td width=\"54\">1,6<\/td>\n<td width=\"40\">0,004<\/td>\n<td width=\"57\">17<\/td>\n<td width=\"38\">41<\/td>\n<td width=\"68\">24.6<\/td>\n<\/tr>\n<tr>\n<td width=\"85\"><strong>NO410\/08<\/strong><\/td>\n<td width=\"9\"><strong>*<\/strong><\/td>\n<td width=\"38\">80<\/td>\n<td width=\"32\">65<\/td>\n<td width=\"30\">32<\/td>\n<td width=\"30\">11<\/td>\n<td width=\"30\">8<\/td>\n<td width=\"32\">1,2<\/td>\n<td width=\"34\">2,3<\/td>\n<td width=\"33\">16<\/td>\n<td width=\"32\">8<\/td>\n<td width=\"54\">1,6<\/td>\n<td width=\"40\">0,005<\/td>\n<td width=\"57\">22<\/td>\n<td width=\"38\">64<\/td>\n<td width=\"68\">15.5<\/td>\n<\/tr>\n<tr>\n<td width=\"85\"><strong>NO410\/13<\/strong><\/td>\n<td width=\"9\"><strong>*<\/strong><\/td>\n<td width=\"38\">130<\/td>\n<td width=\"32\">144<\/td>\n<td width=\"30\">68<\/td>\n<td width=\"30\">16<\/td>\n<td width=\"30\">13<\/td>\n<td width=\"32\">2,3<\/td>\n<td width=\"34\">5,1<\/td>\n<td width=\"33\">32<\/td>\n<td width=\"32\">16<\/td>\n<td width=\"54\">2,4<\/td>\n<td width=\"40\">0,006<\/td>\n<td width=\"57\">26<\/td>\n<td width=\"38\">115<\/td>\n<td width=\"68\">8.7<\/td>\n<\/tr>\n<tr>\n<td width=\"85\"><strong>NO410\/18<\/strong><\/td>\n<td width=\"9\"><strong>*<\/strong><\/td>\n<td width=\"38\">180<\/td>\n<td width=\"32\">228<\/td>\n<td width=\"30\">116<\/td>\n<td width=\"30\">19<\/td>\n<td width=\"30\">15<\/td>\n<td width=\"32\">3,6<\/td>\n<td width=\"34\">7,1<\/td>\n<td width=\"33\">49<\/td>\n<td width=\"32\">25<\/td>\n<td width=\"54\">2,7<\/td>\n<td width=\"40\">0,006<\/td>\n<td width=\"57\">33<\/td>\n<td width=\"38\">173<\/td>\n<td width=\"68\">5.8<\/td>\n<\/tr>\n<tr>\n<td width=\"85\"><strong>NO410\/25<\/strong><\/td>\n<td width=\"9\"><strong>*<\/strong><\/td>\n<td width=\"38\">250<\/td>\n<td width=\"32\">306<\/td>\n<td width=\"30\">152<\/td>\n<td width=\"30\">20<\/td>\n<td width=\"30\">16<\/td>\n<td width=\"32\">5,1<\/td>\n<td width=\"34\">9,9<\/td>\n<td width=\"33\">71<\/td>\n<td width=\"32\">43<\/td>\n<td width=\"54\">2,7<\/td>\n<td width=\"40\">0,006<\/td>\n<td width=\"57\">32<\/td>\n<td width=\"38\">248<\/td>\n<td width=\"68\">4.0<\/td>\n<\/tr>\n<tr>\n<td width=\"85\"><strong>NO410\/30<\/strong><\/td>\n<td width=\"9\"><strong>*<\/strong><\/td>\n<td width=\"38\">300<\/td>\n<td width=\"32\">385<\/td>\n<td width=\"30\">203<\/td>\n<td width=\"30\">23<\/td>\n<td width=\"30\">19<\/td>\n<td width=\"32\">6,5<\/td>\n<td width=\"34\">12,3<\/td>\n<td width=\"33\">93<\/td>\n<td width=\"32\">51<\/td>\n<td width=\"54\">2,9<\/td>\n<td width=\"40\">0,007<\/td>\n<td width=\"57\">33<\/td>\n<td width=\"38\">309<\/td>\n<td width=\"68\">3.2<\/td>\n<\/tr>\n<tr>\n<td width=\"85\"><strong>NO410\/38<\/strong><\/td>\n<td width=\"9\"><strong>*<\/strong><\/td>\n<td width=\"38\">380<\/td>\n<td width=\"32\">482<\/td>\n<td width=\"30\">263<\/td>\n<td width=\"30\">21<\/td>\n<td width=\"30\">17<\/td>\n<td width=\"32\">8,1<\/td>\n<td width=\"34\">14,7<\/td>\n<td width=\"33\">116<\/td>\n<td width=\"32\">71<\/td>\n<td width=\"54\">3,2<\/td>\n<td width=\"40\">0,007<\/td>\n<td width=\"57\">32<\/td>\n<td width=\"38\">393<\/td>\n<td width=\"68\">2.5<\/td>\n<\/tr>\n<tr>\n<td width=\"85\"><strong>NO410\/51<\/strong><\/td>\n<td width=\"9\"><strong>*<\/strong><\/td>\n<td width=\"38\">510<\/td>\n<td width=\"32\">657<\/td>\n<td width=\"30\">376<\/td>\n<td width=\"30\">22<\/td>\n<td width=\"30\">17<\/td>\n<td width=\"32\">11,5<\/td>\n<td width=\"34\">19,6<\/td>\n<td width=\"33\">162<\/td>\n<td width=\"32\">110<\/td>\n<td width=\"54\">3,4<\/td>\n<td width=\"40\">0,007<\/td>\n<td width=\"57\">31<\/td>\n<td width=\"38\">546<\/td>\n<td width=\"68\">1.8<\/td>\n<\/tr>\n<tr>\n<td width=\"85\"><strong>NO410\/61<\/strong><\/td>\n<td width=\"9\"><strong>*<\/strong><\/td>\n<td width=\"38\">610<\/td>\n<td width=\"32\">823<\/td>\n<td width=\"30\">534<\/td>\n<td width=\"30\">21<\/td>\n<td width=\"30\">15<\/td>\n<td width=\"32\">&#8212;<\/td>\n<td width=\"34\">&#8212;<\/td>\n<td width=\"33\">187<\/td>\n<td width=\"32\">146<\/td>\n<td width=\"54\">3,7<\/td>\n<td width=\"40\">0,007<\/td>\n<td width=\"57\">32<\/td>\n<td width=\"38\">695<\/td>\n<td width=\"68\">1.4<\/td>\n<\/tr>\n<tr>\n<td width=\"85\"><strong>NO410\/76<\/strong><\/td>\n<td width=\"9\"><strong>*<\/strong><\/td>\n<td width=\"38\">760<\/td>\n<td width=\"32\">910<\/td>\n<td width=\"30\">613<\/td>\n<td width=\"30\">20<\/td>\n<td width=\"30\">16<\/td>\n<td width=\"32\">&#8212;<\/td>\n<td width=\"34\">&#8212;<\/td>\n<td width=\"33\">240<\/td>\n<td width=\"32\">191<\/td>\n<td width=\"54\">3,7<\/td>\n<td width=\"40\">0,007<\/td>\n<td width=\"57\">27<\/td>\n<td width=\"38\">841<\/td>\n<td width=\"68\">1.2<\/td>\n<\/tr>\n<\/tbody>\n<\/table>\n<p>&nbsp;<\/p>\n<p>* pas d&rsquo;article en stock<\/p>\n<p>&nbsp;<\/p>\n<p><strong>Conditionnements de livraison : <\/strong><\/p>\n<p>Rouleaux standard de 610 ou 914 mm de large<br \/>\nRouleaux \u00e9troits \u00e0 partir de 6 mm de large<\/p>\n<p><strong>Num\u00e9ro d&rsquo;article :<br \/>\n<\/strong>Exemple : NO410\/05\/xxx.x<br \/>\nNO410\/05 = num\u00e9ro principal<br \/>\nxxx.x = 022.5 = largeur 22,5 mm<\/p>\n<p>&nbsp;<\/p>\n","protected":false},"excerpt":{"rendered":"<p>&nbsp;<\/p>\n<h5>Nous proposons ces isolants flexibles non seulement en rouleaux originaux de 880 \u00e0 1000 mm de largeur, mais aussi en rouleaux \u00e9troits avec un largeur individuelle ou en pi\u00e8ces form\u00e9es et \u00e9tamp\u00e9es selon vos sp\u00e9cifications dimensionnelles.<\/h5>\n<p>&nbsp;<\/p>\n<div class=\"woocommerce-product-details__short-description\"><\/div>\n<p>&nbsp;<\/p>\n<h5>Films polyester Mylar\u00ae, Hostaphan\u00ae.<br \/>\n<strong><a href=\"#Link01\">D\u00e9tails<\/a><\/strong><\/h5>\n<p>&nbsp;<\/p>\n<h5>Nomex\u00ae &#8211; Papier aramide<br \/>\n<strong><a href=\"#Link02\">D\u00e9tails<\/a><\/strong><\/h5>\n<p>&nbsp;<\/p>\n<h5>Nomex\u00ae &#8211; Papier aramide type 410<br \/>\n<strong><a href=\"#Link03\">D\u00e9tails<\/a><\/strong><\/h5>\n<p>&nbsp;<\/p>\n","protected":false},"featured_media":1243,"template":"","meta":{"_acf_changed":false},"product_brand":[],"product_cat":[154,155],"product_tag":[],"class_list":{"0":"post-5544","1":"product","2":"type-product","3":"status-publish","4":"has-post-thumbnail","6":"product_cat-isolants-electriques-flexibles","7":"product_cat-isolants-monocouches-et-multicouches","9":"first","10":"instock","11":"shipping-taxable","12":"purchasable","13":"product-type-simple"},"acf":[],"_links":{"self":[{"href":"https:\/\/schupp.ch\/fr\/wp-json\/wp\/v2\/product\/5544","targetHints":{"allow":["GET"]}}],"collection":[{"href":"https:\/\/schupp.ch\/fr\/wp-json\/wp\/v2\/product"}],"about":[{"href":"https:\/\/schupp.ch\/fr\/wp-json\/wp\/v2\/types\/product"}],"wp:featuredmedia":[{"embeddable":true,"href":"https:\/\/schupp.ch\/fr\/wp-json\/wp\/v2\/media\/1243"}],"wp:attachment":[{"href":"https:\/\/schupp.ch\/fr\/wp-json\/wp\/v2\/media?parent=5544"}],"wp:term":[{"taxonomy":"product_brand","embeddable":true,"href":"https:\/\/schupp.ch\/fr\/wp-json\/wp\/v2\/product_brand?post=5544"},{"taxonomy":"product_cat","embeddable":true,"href":"https:\/\/schupp.ch\/fr\/wp-json\/wp\/v2\/product_cat?post=5544"},{"taxonomy":"product_tag","embeddable":true,"href":"https:\/\/schupp.ch\/fr\/wp-json\/wp\/v2\/product_tag?post=5544"}],"curies":[{"name":"wp","href":"https:\/\/api.w.org\/{rel}","templated":true}]}}