{"id":5546,"date":"2024-09-08T20:11:25","date_gmt":"2024-09-08T18:11:25","guid":{"rendered":"https:\/\/schupp.ch\/p\/fils-et-torons-isoles-peek\/"},"modified":"2025-12-06T14:13:15","modified_gmt":"2025-12-06T13:13:15","slug":"fils-et-torons-isoles-peek","status":"publish","type":"product","link":"https:\/\/schupp.ch\/fr\/p\/fils-et-torons-isoles-peek\/","title":{"rendered":"Fils rigides et souples isol\u00e9s en PEEK\u00ae"},"content":{"rendered":"<h3><\/h3>\n<h3 id=\"Link01\">Fils rigides isol\u00e9s en PEEK\u00ae<\/h3>\n<p>&nbsp;<\/p>\n<p><strong>Propri\u00e9t\u00e9s des mat\u00e9riaux :<\/strong><\/p>\n<ul>\n<li>temp\u00e9rature de service continu tr\u00e8s \u00e9lev\u00e9e de 220\u00b0C (20.000 h)<\/li>\n<li>tr\u00e8s bonne r\u00e9action au feu LOI 24-35 (en fonction de l&rsquo;\u00e9paisseur)<\/li>\n<li>sans halog\u00e8ne<\/li>\n<li>tr\u00e8s bonne r\u00e9sistance m\u00e9canique<\/li>\n<li>bonne r\u00e9sistance \u00e0 l&rsquo;abrasion \/ \u00e0 la traction<\/li>\n<li>tr\u00e8s faible toxicit\u00e9 des gaz d&rsquo;incendie tout en conservant une faible densit\u00e9 de fum\u00e9e<\/li>\n<li>Utilisable dans le domaine m\u00e9dical \/ st\u00e9rilisable (oxyde d&rsquo;\u00e9thyl\u00e8ne \/ vapeur \/ rayons gamma) Homologation USP Classe VI du mat\u00e9riau de base disponible<\/li>\n<li>tr\u00e8s haute r\u00e9sistance aux radiations<\/li>\n<li>List\u00e9 UL94 V-0<\/li>\n<li>tr\u00e8s haute rigidit\u00e9 di\u00e9lectrique ( 190 kV\/mm )<\/li>\n<\/ul>\n<p>&nbsp;<\/p>\n<p>&nbsp;<\/p>\n<table>\n<tbody>\n<tr>\n<td width=\"161\"><strong>Conducteur :<\/strong><\/td>\n<td width=\"438\">Cuivre nu, Cuivre \u00e9tam\u00e9 (TPC) Cuivre nickel\u00e9 (NPC) Cuivre argent\u00e9 (SPC)<\/td>\n<\/tr>\n<tr>\n<td width=\"161\"><strong>lsolation :<\/strong><\/td>\n<td width=\"438\">\u00e0 partir de 0, 1mm d&rsquo;\u00e9paisseur de paroi en fonction de la section transversale, possibilit\u00e9 d&rsquo;utiliser des fils \u00e0 double isolation (par exemple, 2 x 0,1 mm de paroi)<\/td>\n<\/tr>\n<tr>\n<td width=\"161\"><strong>Couleurs :<\/strong><\/td>\n<td width=\"438\">pas de teinte RAL exacte possible en raison d&rsquo;une forte couleur intrins\u00e8que<\/td>\n<\/tr>\n<\/tbody>\n<\/table>\n<p>&nbsp;<\/p>\n<p><strong>Dimensions :<\/strong><\/p>\n<table width=\"643\">\n<tbody>\n<tr>\n<td width=\"49\"><strong>AWG<\/strong><\/td>\n<td width=\"56\"><strong>Diam\u00e8tre [mm]<\/strong><\/td>\n<td width=\"66\"><strong>Section [<sup>mm2]<\/sup><\/strong><\/td>\n<td width=\"76\"><strong>R\u00e9sistance[\u03a9\/km]<\/strong><\/td>\n<td width=\"76\"><strong>\u00c9quivalent m\u00e9trique [<sup>mm2<\/sup>]<\/strong><\/td>\n<\/tr>\n<tr>\n<td width=\"49\">1<\/td>\n<td width=\"56\">7,35<\/td>\n<td width=\"66\">42,41<\/td>\n<td width=\"76\">0,42<\/td>\n<td width=\"76\">50<\/td>\n<\/tr>\n<tr>\n<td width=\"49\">2<\/td>\n<td width=\"56\">6,54<\/td>\n<td width=\"66\">33,62<\/td>\n<td width=\"76\">0,53<\/td>\n<td width=\"76\">35<\/td>\n<\/tr>\n<tr>\n<td width=\"49\">3<\/td>\n<td width=\"56\">5,83<\/td>\n<td width=\"66\">26,66<\/td>\n<td width=\"76\">0,67<\/td>\n<td width=\"76\"><\/td>\n<\/tr>\n<tr>\n<td width=\"49\">4<\/td>\n<td width=\"56\">5,19<\/td>\n<td width=\"66\">21,15<\/td>\n<td width=\"76\">0,84<\/td>\n<td width=\"76\">25<\/td>\n<\/tr>\n<tr>\n<td width=\"49\">5<\/td>\n<td width=\"56\">4,62<\/td>\n<td width=\"66\">16,76<\/td>\n<td width=\"76\">1,06<\/td>\n<td width=\"76\"><\/td>\n<\/tr>\n<tr>\n<td width=\"49\">6<\/td>\n<td width=\"56\">4,11<\/td>\n<td width=\"66\">13,30<\/td>\n<td width=\"76\">1,34<\/td>\n<td width=\"76\">16<\/td>\n<\/tr>\n<tr>\n<td width=\"49\">7<\/td>\n<td width=\"56\">3,66<\/td>\n<td width=\"66\">10,55<\/td>\n<td width=\"76\">1,69<\/td>\n<td width=\"76\"><\/td>\n<\/tr>\n<tr>\n<td width=\"49\">8<\/td>\n<td width=\"56\">3,26<\/td>\n<td width=\"66\">8,37<\/td>\n<td width=\"76\">2,13<\/td>\n<td width=\"76\">10<\/td>\n<\/tr>\n<tr>\n<td width=\"49\">9<\/td>\n<td width=\"56\">2,90<\/td>\n<td width=\"66\">6,63<\/td>\n<td width=\"76\">2,68<\/td>\n<td width=\"76\"><\/td>\n<\/tr>\n<tr>\n<td width=\"49\">10<\/td>\n<td width=\"56\">2,59<\/td>\n<td width=\"66\">5,26<\/td>\n<td width=\"76\">3,38<\/td>\n<td width=\"76\">6<\/td>\n<\/tr>\n<tr>\n<td width=\"49\">11<\/td>\n<td width=\"56\">2,30<\/td>\n<td width=\"66\">4,17<\/td>\n<td width=\"76\">4,27<\/td>\n<td width=\"76\"><\/td>\n<\/tr>\n<tr>\n<td width=\"49\">12<\/td>\n<td width=\"56\">2,05<\/td>\n<td width=\"66\">3,31<\/td>\n<td width=\"76\">5,38<\/td>\n<td width=\"76\">4<\/td>\n<\/tr>\n<tr>\n<td width=\"49\">13<\/td>\n<td width=\"56\">1,83<\/td>\n<td width=\"66\">2,62<\/td>\n<td width=\"76\">6,78<\/td>\n<td width=\"76\"><\/td>\n<\/tr>\n<tr>\n<td width=\"49\">14<\/td>\n<td width=\"56\">1,63<\/td>\n<td width=\"66\">2,08<\/td>\n<td width=\"76\">8,55<\/td>\n<td width=\"76\">2,5<\/td>\n<\/tr>\n<tr>\n<td width=\"49\">15<\/td>\n<td width=\"56\">1,45<\/td>\n<td width=\"66\">1,65<\/td>\n<td width=\"76\">10,79<\/td>\n<td width=\"76\"><\/td>\n<\/tr>\n<\/tbody>\n<\/table>\n<p>&nbsp;<\/p>\n<table width=\"643\">\n<tbody>\n<tr>\n<td width=\"39\"><strong>AWG<\/strong><\/td>\n<td width=\"56\"><strong>Diam\u00e8tre [mm]<\/strong><\/td>\n<td width=\"56\"><strong>Section [<sup>mm2]<\/sup><\/strong><\/td>\n<td width=\"77\"><strong>R\u00e9sistance[\u03a9\/km]<\/strong><\/td>\n<td width=\"83\"><strong>\u00c9quivalent m\u00e9trique [<sup>mm2<\/sup>]<\/strong><\/td>\n<\/tr>\n<tr>\n<td width=\"39\">16<\/td>\n<td width=\"56\">1,29<\/td>\n<td width=\"56\">1,31<\/td>\n<td width=\"77\">13,60<\/td>\n<td width=\"83\">1,5<\/td>\n<\/tr>\n<tr>\n<td width=\"39\">17<\/td>\n<td width=\"56\">1,15<\/td>\n<td width=\"56\">1,04<\/td>\n<td width=\"77\">17,15<\/td>\n<td width=\"83\"><\/td>\n<\/tr>\n<tr>\n<td width=\"39\">18<\/td>\n<td width=\"56\">1,02<\/td>\n<td width=\"56\">0,82<\/td>\n<td width=\"77\">21,63<\/td>\n<td width=\"83\">1<\/td>\n<\/tr>\n<tr>\n<td width=\"39\">19<\/td>\n<td width=\"56\">0,91<\/td>\n<td width=\"56\">0,65<\/td>\n<td width=\"77\">27,27<\/td>\n<td width=\"83\">0,75<\/td>\n<\/tr>\n<tr>\n<td width=\"39\">20<\/td>\n<td width=\"56\">0,81<\/td>\n<td width=\"56\">0,52<\/td>\n<td width=\"77\">34,39<\/td>\n<td width=\"83\">0,75<\/td>\n<\/tr>\n<tr>\n<td width=\"39\">21<\/td>\n<td width=\"56\">0,72<\/td>\n<td width=\"56\">0,41<\/td>\n<td width=\"77\">43,37<\/td>\n<td width=\"83\">0,5<\/td>\n<\/tr>\n<tr>\n<td width=\"39\">22<\/td>\n<td width=\"56\">0,64<\/td>\n<td width=\"56\">0,32<\/td>\n<td width=\"77\">54,66<\/td>\n<td width=\"83\">0,34<\/td>\n<\/tr>\n<tr>\n<td width=\"39\">23<\/td>\n<td width=\"56\">0,57<\/td>\n<td width=\"56\">0,26<\/td>\n<td width=\"77\">68,96<\/td>\n<td width=\"83\"><\/td>\n<\/tr>\n<tr>\n<td width=\"39\">24<\/td>\n<td width=\"56\">0,51<\/td>\n<td width=\"56\">0,20<\/td>\n<td width=\"77\">86,95<\/td>\n<td width=\"83\">0,25<\/td>\n<\/tr>\n<tr>\n<td width=\"39\">25<\/td>\n<td width=\"56\">0,45<\/td>\n<td width=\"56\">0,16<\/td>\n<td width=\"77\">109,64<\/td>\n<td width=\"83\"><\/td>\n<\/tr>\n<tr>\n<td width=\"39\">26<\/td>\n<td width=\"56\">0,40<\/td>\n<td width=\"56\">0,12<\/td>\n<td width=\"77\">138,26<\/td>\n<td width=\"83\">0,14<\/td>\n<\/tr>\n<tr>\n<td width=\"39\">27<\/td>\n<td width=\"56\">0,36<\/td>\n<td width=\"56\">0,10<\/td>\n<td width=\"77\">174,22<\/td>\n<td width=\"83\"><\/td>\n<\/tr>\n<tr>\n<td width=\"39\">28<\/td>\n<td width=\"56\">0,32<\/td>\n<td width=\"56\">0,08<\/td>\n<td width=\"77\">219,87<\/td>\n<td width=\"83\">0,09<\/td>\n<\/tr>\n<tr>\n<td width=\"39\">29<\/td>\n<td width=\"56\">0,29<\/td>\n<td width=\"56\">0,06<\/td>\n<td width=\"77\">277,07<\/td>\n<td width=\"83\"><\/td>\n<\/tr>\n<tr>\n<td width=\"39\">30<\/td>\n<td width=\"56\">0,25<\/td>\n<td width=\"56\">0,05<\/td>\n<td width=\"77\">349,19<\/td>\n<td width=\"83\"><\/td>\n<\/tr>\n<\/tbody>\n<\/table>\n<p>&nbsp;<\/p>\n<p>Ces donn\u00e9es sont indicatives.<\/p>\n<p><span lang=\"DE-CH\">Ces fils rigides sont fabriqu\u00e9s selon les sp\u00e9cifications du client (diam\u00e8tre, \u00e9paisseur de paroi) et ne sont donc pas disponibles en stock.<\/span><\/p>\n<p>&nbsp;<\/p>\n<p>&nbsp;<\/p>\n<h3 id=\"Link02\">Fils souples isol\u00e9s en PEEK\u00ae<\/h3>\n<p>&nbsp;<\/p>\n<p><strong>Propri\u00e9t\u00e9s des mat\u00e9riaux :<\/strong><\/p>\n<ul>\n<li>temp\u00e9rature de service continu tr\u00e8s \u00e9lev\u00e9e de 220\u00b0C (20.000 h)<\/li>\n<li>tr\u00e8s bonne r\u00e9action au feu LOI 24-35 (en fonction de l&rsquo;\u00e9paisseur)<\/li>\n<li>sans halog\u00e8ne<\/li>\n<li>tr\u00e8s bonne r\u00e9sistance m\u00e9canique<\/li>\n<li>bonne r\u00e9sistance \u00e0 l&rsquo;abrasion \/ \u00e0 la traction<\/li>\n<li>tr\u00e8s faible toxicit\u00e9 des gaz d&rsquo;incendie tout en conservant une faible densit\u00e9 de fum\u00e9e<\/li>\n<li>Utilisable dans le domaine m\u00e9dical \/ st\u00e9rilisable (oxyde d&rsquo;\u00e9thyl\u00e8ne \/ vapeur \/ rayons gamma) Homologation USP Classe VI du mat\u00e9riau de base disponible<\/li>\n<li>tr\u00e8s haute r\u00e9sistance aux radiations<\/li>\n<li>List\u00e9 UL94 V-0<\/li>\n<li>tr\u00e8s haute rigidit\u00e9 di\u00e9lectrique ( 190 kV\/mm )<\/li>\n<\/ul>\n<p>&nbsp;<\/p>\n<p><strong>Dimensions :<\/strong><\/p>\n<table>\n<tbody>\n<tr>\n<td width=\"32\"><strong>AWG<\/strong><\/td>\n<td width=\"61\"><strong>Structure [n\u00d7AWG]<\/strong><\/td>\n<td width=\"43\"><strong>Diam\u00e8tre [mm]<\/strong><\/td>\n<td width=\"43\"><strong>Section [<sup>mm2]<\/sup><\/strong><\/td>\n<td width=\"57\"><strong>R\u00e9sistance [\u03a9\/km]<\/strong><\/td>\n<td width=\"62\"><strong>\u00c9quivalent m\u00e9trique [<sup>mm2<\/sup>]<\/strong><\/td>\n<\/tr>\n<tr>\n<td width=\"32\">1<\/td>\n<td width=\"61\">133\u00d722<\/td>\n<td width=\"43\">7,35<\/td>\n<td width=\"43\">42,41<\/td>\n<td width=\"57\">0,42<\/td>\n<td width=\"62\">50<\/td>\n<\/tr>\n<tr>\n<td width=\"32\"><\/td>\n<td width=\"61\">259\u00d725<\/td>\n<td width=\"43\"><\/td>\n<td width=\"43\"><\/td>\n<td width=\"57\"><\/td>\n<td width=\"62\"><\/td>\n<\/tr>\n<tr>\n<td width=\"32\"><\/td>\n<td width=\"61\">817\u00d730<\/td>\n<td width=\"43\"><\/td>\n<td width=\"43\"><\/td>\n<td width=\"57\"><\/td>\n<td width=\"62\"><\/td>\n<\/tr>\n<tr>\n<td width=\"32\"><\/td>\n<td width=\"61\">2109\u00d734<\/td>\n<td width=\"43\"><\/td>\n<td width=\"43\"><\/td>\n<td width=\"57\"><\/td>\n<td width=\"62\"><\/td>\n<\/tr>\n<tr>\n<td width=\"32\">2<\/td>\n<td width=\"61\">133\u00d723<\/td>\n<td width=\"43\">33,62<\/td>\n<td width=\"43\">0,53<\/td>\n<td width=\"57\">35<\/td>\n<td width=\"62\"><\/td>\n<\/tr>\n<tr>\n<td width=\"32\"><\/td>\n<td width=\"61\">259\u00d726<\/td>\n<td width=\"43\"><\/td>\n<td width=\"43\"><\/td>\n<td width=\"57\"><\/td>\n<td width=\"62\"><\/td>\n<\/tr>\n<tr>\n<td width=\"32\"><\/td>\n<td width=\"61\">655\u00d730<\/td>\n<td width=\"43\"><\/td>\n<td width=\"43\"><\/td>\n<td width=\"57\"><\/td>\n<td width=\"62\"><\/td>\n<\/tr>\n<tr>\n<td width=\"32\"><\/td>\n<td width=\"61\">2646\u00d736<\/td>\n<td width=\"43\"><\/td>\n<td width=\"43\"><\/td>\n<td width=\"57\"><\/td>\n<td width=\"62\"><\/td>\n<\/tr>\n<tr>\n<td width=\"32\">4<\/td>\n<td width=\"61\">133\u00d725<\/td>\n<td width=\"43\">5,19<\/td>\n<td width=\"43\">21,15<\/td>\n<td width=\"57\">0,84<\/td>\n<td width=\"62\">25<\/td>\n<\/tr>\n<tr>\n<td width=\"32\"><\/td>\n<td width=\"61\">259\u00d727<\/td>\n<td width=\"43\"><\/td>\n<td width=\"43\"><\/td>\n<td width=\"57\"><\/td>\n<td width=\"62\"><\/td>\n<\/tr>\n<tr>\n<td width=\"32\"><\/td>\n<td width=\"61\">1666\u00d736<\/td>\n<td width=\"43\"><\/td>\n<td width=\"43\"><\/td>\n<td width=\"57\"><\/td>\n<td width=\"62\"><\/td>\n<\/tr>\n<tr>\n<td width=\"32\">6<\/td>\n<td width=\"61\">133\u00d727<\/td>\n<td width=\"43\">4,11<\/td>\n<td width=\"43\">13,30<\/td>\n<td width=\"57\">1,34<\/td>\n<td width=\"62\"><\/td>\n<\/tr>\n<tr>\n<td width=\"32\"><\/td>\n<td width=\"61\">259\u00d730<\/td>\n<td width=\"43\"><\/td>\n<td width=\"43\"><\/td>\n<td width=\"57\"><\/td>\n<td width=\"62\"><\/td>\n<\/tr>\n<tr>\n<td width=\"32\"><\/td>\n<td width=\"61\">1050\u00d736<\/td>\n<td width=\"43\"><\/td>\n<td width=\"43\"><\/td>\n<td width=\"57\"><\/td>\n<td width=\"62\"><\/td>\n<\/tr>\n<tr>\n<td width=\"32\">8<\/td>\n<td width=\"61\">49\u00d725<\/td>\n<td width=\"43\">3,26<\/td>\n<td width=\"43\">8,37<\/td>\n<td width=\"57\">2,13<\/td>\n<td width=\"62\">10<\/td>\n<\/tr>\n<tr>\n<td width=\"32\"><\/td>\n<td width=\"61\">133\u00d729<\/td>\n<td width=\"43\"><\/td>\n<td width=\"43\"><\/td>\n<td width=\"57\"><\/td>\n<td width=\"62\"><\/td>\n<\/tr>\n<tr>\n<td width=\"32\"><\/td>\n<td width=\"61\">655\u00d736<\/td>\n<td width=\"43\"><\/td>\n<td width=\"43\"><\/td>\n<td width=\"57\"><\/td>\n<td width=\"62\"><\/td>\n<\/tr>\n<tr>\n<td width=\"32\">10<\/td>\n<td width=\"61\">37\u00d726<\/td>\n<td width=\"43\">2,59<\/td>\n<td width=\"43\">5,26<\/td>\n<td width=\"57\">3,38<\/td>\n<td width=\"62\">6<\/td>\n<\/tr>\n<tr>\n<td width=\"32\"><\/td>\n<td width=\"61\">49\u00d727<\/td>\n<td width=\"43\"><\/td>\n<td width=\"43\"><\/td>\n<td width=\"57\"><\/td>\n<td width=\"62\"><\/td>\n<\/tr>\n<tr>\n<td width=\"32\"><\/td>\n<td width=\"61\">105\u00d730<\/td>\n<td width=\"43\"><\/td>\n<td width=\"43\"><\/td>\n<td width=\"57\"><\/td>\n<td width=\"62\"><\/td>\n<\/tr>\n<tr>\n<td width=\"32\">12<\/td>\n<td width=\"61\">7\u00d720<\/td>\n<td width=\"43\">2,05<\/td>\n<td width=\"43\">3,31<\/td>\n<td width=\"57\">5,38<\/td>\n<td width=\"62\">4<\/td>\n<\/tr>\n<tr>\n<td width=\"32\"><\/td>\n<td width=\"61\">19\u00d726<\/td>\n<td width=\"43\"><\/td>\n<td width=\"43\"><\/td>\n<td width=\"57\"><\/td>\n<td width=\"62\"><\/td>\n<\/tr>\n<tr>\n<td width=\"32\"><\/td>\n<td width=\"61\">60\u00d730<\/td>\n<td width=\"43\"><\/td>\n<td width=\"43\"><\/td>\n<td width=\"57\"><\/td>\n<td width=\"62\"><\/td>\n<\/tr>\n<tr>\n<td width=\"32\"><\/td>\n<td width=\"61\">165\u00d734<\/td>\n<td width=\"43\"><\/td>\n<td width=\"43\"><\/td>\n<td width=\"57\"><\/td>\n<td width=\"62\"><\/td>\n<\/tr>\n<tr>\n<td width=\"32\">14<\/td>\n<td width=\"61\">7\u00d722<\/td>\n<td width=\"43\">1,63<\/td>\n<td width=\"43\">2,08<\/td>\n<td width=\"57\">8,55<\/td>\n<td width=\"62\">2,5<\/td>\n<\/tr>\n<tr>\n<td width=\"32\"><\/td>\n<td width=\"61\">19\u00d727<\/td>\n<td width=\"43\"><\/td>\n<td width=\"43\"><\/td>\n<td width=\"57\"><\/td>\n<td width=\"62\"><\/td>\n<\/tr>\n<tr>\n<td width=\"32\"><\/td>\n<td width=\"61\">41\u00d730<\/td>\n<td width=\"43\"><\/td>\n<td width=\"43\"><\/td>\n<td width=\"57\"><\/td>\n<td width=\"62\"><\/td>\n<\/tr>\n<tr>\n<td width=\"32\"><\/td>\n<td width=\"61\">105\u00d734<\/td>\n<td width=\"43\"><\/td>\n<td width=\"43\"><\/td>\n<td width=\"57\"><\/td>\n<td width=\"62\"><\/td>\n<\/tr>\n<\/tbody>\n<\/table>\n<p>&nbsp;<\/p>\n<table>\n<tbody>\n<tr>\n<td width=\"36\"><strong>AWG<\/strong><\/td>\n<td width=\"53\"><strong>Structure [n\u00d7AWG]<\/strong><\/td>\n<td width=\"51\"><strong>Diam\u00e8tre [mm]<\/strong><\/td>\n<td width=\"51\"><strong>Section [<sup>mm2]<\/sup><\/strong><\/td>\n<td width=\"58\"><strong>R\u00e9sistance [\u03a9\/km]<\/strong><\/td>\n<td width=\"64\"><strong>\u00c9quivalent m\u00e9trique [<sup>mm2<\/sup>]<\/strong><\/td>\n<\/tr>\n<tr>\n<td width=\"36\">16<\/td>\n<td width=\"53\">7\u00d724<\/td>\n<td width=\"51\">1,29<\/td>\n<td width=\"51\">1,31<\/td>\n<td width=\"58\">13,60<\/td>\n<td width=\"64\">1,5<\/td>\n<\/tr>\n<tr>\n<td width=\"36\"><\/td>\n<td width=\"53\">19\u00d728<\/td>\n<td width=\"51\"><\/td>\n<td width=\"51\"><\/td>\n<td width=\"58\"><\/td>\n<td width=\"64\"><\/td>\n<\/tr>\n<tr>\n<td width=\"36\"><\/td>\n<td width=\"53\">26\u00d730<\/td>\n<td width=\"51\"><\/td>\n<td width=\"51\"><\/td>\n<td width=\"58\"><\/td>\n<td width=\"64\"><\/td>\n<\/tr>\n<tr>\n<td width=\"36\"><\/td>\n<td width=\"53\">65\u00d734<\/td>\n<td width=\"51\"><\/td>\n<td width=\"51\"><\/td>\n<td width=\"58\"><\/td>\n<td width=\"64\"><\/td>\n<\/tr>\n<tr>\n<td width=\"36\"><\/td>\n<td width=\"53\">105\u00d736<\/td>\n<td width=\"51\"><\/td>\n<td width=\"51\"><\/td>\n<td width=\"58\"><\/td>\n<td width=\"64\"><\/td>\n<\/tr>\n<tr>\n<td width=\"36\">18<\/td>\n<td width=\"53\">7\u00d726<\/td>\n<td width=\"51\">1,02<\/td>\n<td width=\"51\">0,82<\/td>\n<td width=\"58\">21,63<\/td>\n<td width=\"64\">1<\/td>\n<\/tr>\n<tr>\n<td width=\"36\"><\/td>\n<td width=\"53\">16\u00d730<\/td>\n<td width=\"51\"><\/td>\n<td width=\"51\"><\/td>\n<td width=\"58\"><\/td>\n<td width=\"64\"><\/td>\n<\/tr>\n<tr>\n<td width=\"36\"><\/td>\n<td width=\"53\">19\u00d732<\/td>\n<td width=\"51\"><\/td>\n<td width=\"51\"><\/td>\n<td width=\"58\"><\/td>\n<td width=\"64\"><\/td>\n<\/tr>\n<tr>\n<td width=\"36\"><\/td>\n<td width=\"53\">41\u00d734<\/td>\n<td width=\"51\"><\/td>\n<td width=\"51\"><\/td>\n<td width=\"58\"><\/td>\n<td width=\"64\"><\/td>\n<\/tr>\n<tr>\n<td width=\"36\"><\/td>\n<td width=\"53\">65\u00d736<\/td>\n<td width=\"51\"><\/td>\n<td width=\"51\"><\/td>\n<td width=\"58\"><\/td>\n<td width=\"64\"><\/td>\n<\/tr>\n<tr>\n<td width=\"36\">20<\/td>\n<td width=\"53\">7\u00d728<\/td>\n<td width=\"51\">0,81<\/td>\n<td width=\"51\">0,52<\/td>\n<td width=\"58\">34,39<\/td>\n<td width=\"64\">0,75<\/td>\n<\/tr>\n<tr>\n<td width=\"36\"><\/td>\n<td width=\"53\">10\u00d730<\/td>\n<td width=\"51\"><\/td>\n<td width=\"51\"><\/td>\n<td width=\"58\"><\/td>\n<td width=\"64\"><\/td>\n<\/tr>\n<tr>\n<td width=\"36\"><\/td>\n<td width=\"53\">19\u00d732<\/td>\n<td width=\"51\"><\/td>\n<td width=\"51\"><\/td>\n<td width=\"58\"><\/td>\n<td width=\"64\"><\/td>\n<\/tr>\n<tr>\n<td width=\"36\"><\/td>\n<td width=\"53\">26\u00d734<\/td>\n<td width=\"51\"><\/td>\n<td width=\"51\"><\/td>\n<td width=\"58\"><\/td>\n<td width=\"64\"><\/td>\n<\/tr>\n<tr>\n<td width=\"36\">22<\/td>\n<td width=\"53\">7\u00d730<\/td>\n<td width=\"51\">0,64<\/td>\n<td width=\"51\">0,32<\/td>\n<td width=\"58\">54,66<\/td>\n<td width=\"64\">0,34<\/td>\n<\/tr>\n<tr>\n<td width=\"36\"><\/td>\n<td width=\"53\">19\u00d734<\/td>\n<td width=\"51\"><\/td>\n<td width=\"51\"><\/td>\n<td width=\"58\"><\/td>\n<td width=\"64\"><\/td>\n<\/tr>\n<tr>\n<td width=\"36\"><\/td>\n<td width=\"53\">26\u00d736<\/td>\n<td width=\"51\"><\/td>\n<td width=\"51\"><\/td>\n<td width=\"58\"><\/td>\n<td width=\"64\"><\/td>\n<\/tr>\n<tr>\n<td width=\"36\">24<\/td>\n<td width=\"53\">7\u00d732<\/td>\n<td width=\"51\">0,51<\/td>\n<td width=\"51\">0,20<\/td>\n<td width=\"58\">86,95<\/td>\n<td width=\"64\">0,25<\/td>\n<\/tr>\n<tr>\n<td width=\"36\"><\/td>\n<td width=\"53\">10\u00d734<\/td>\n<td width=\"51\"><\/td>\n<td width=\"51\"><\/td>\n<td width=\"58\"><\/td>\n<td width=\"64\"><\/td>\n<\/tr>\n<tr>\n<td width=\"36\"><\/td>\n<td width=\"53\">19\u00d736<\/td>\n<td width=\"51\"><\/td>\n<td width=\"51\"><\/td>\n<td width=\"58\"><\/td>\n<td width=\"64\"><\/td>\n<\/tr>\n<tr>\n<td width=\"36\"><\/td>\n<td width=\"53\">41\u00d740<\/td>\n<td width=\"51\"><\/td>\n<td width=\"51\"><\/td>\n<td width=\"58\"><\/td>\n<td width=\"64\"><\/td>\n<\/tr>\n<tr>\n<td width=\"36\">26<\/td>\n<td width=\"53\">7\u00d734<\/td>\n<td width=\"51\">0,40<\/td>\n<td width=\"51\">0,12<\/td>\n<td width=\"58\">138,26<\/td>\n<td width=\"64\">0,14<\/td>\n<\/tr>\n<tr>\n<td width=\"36\"><\/td>\n<td width=\"53\">10\u00d736<\/td>\n<td width=\"51\"><\/td>\n<td width=\"51\"><\/td>\n<td width=\"58\"><\/td>\n<td width=\"64\"><\/td>\n<\/tr>\n<tr>\n<td width=\"36\"><\/td>\n<td width=\"53\">19\u00d738<\/td>\n<td width=\"51\"><\/td>\n<td width=\"51\"><\/td>\n<td width=\"58\"><\/td>\n<td width=\"64\"><\/td>\n<\/tr>\n<tr>\n<td width=\"36\">27<\/td>\n<td width=\"53\">7\u00d735<\/td>\n<td width=\"51\"><\/td>\n<td width=\"51\"><\/td>\n<td width=\"58\"><\/td>\n<td width=\"64\"><\/td>\n<\/tr>\n<tr>\n<td width=\"36\">28<\/td>\n<td width=\"53\">7\u00d736<\/td>\n<td width=\"51\">0,32<\/td>\n<td width=\"51\">0,08<\/td>\n<td width=\"58\">219,87<\/td>\n<td width=\"64\">0,09<\/td>\n<\/tr>\n<tr>\n<td width=\"36\"><\/td>\n<td width=\"53\">19\u00d740<\/td>\n<td width=\"51\"><\/td>\n<td width=\"51\"><\/td>\n<td width=\"58\"><\/td>\n<td width=\"64\"><\/td>\n<\/tr>\n<tr>\n<td width=\"36\">30<\/td>\n<td width=\"53\">7\u00d738<\/td>\n<td width=\"51\">0,25<\/td>\n<td width=\"51\">0,05<\/td>\n<td width=\"58\">349,19<\/td>\n<td width=\"64\"><\/td>\n<\/tr>\n<\/tbody>\n<\/table>\n<p>&nbsp;<\/p>\n<p>Ces donn\u00e9es sont indicatives.<\/p>\n<p><span lang=\"DE-CH\">Ces fils souples sont fabriqu\u00e9s selon les sp\u00e9cifications du client (diam\u00e8tre, \u00e9paisseur de paroi) et ne sont donc pas disponibles en stock.<\/span><\/p>\n<p>&nbsp;<\/p>\n<p>&nbsp;<\/p>\n","protected":false},"excerpt":{"rendered":"<h5><\/h5>\n<h5>Ces conducteurs sont iso\u00f6\u00e9s avec PEEK, un des plastiques polym\u00e8res les plus performants qui soient. Ce polym\u00e8re de haute puret\u00e9 et r\u00e9sistant aux temp\u00e9ratures \u00e9lev\u00e9es poss\u00e8de d&rsquo;excellentes propri\u00e9t\u00e9s di\u00e9lectriques, un coefficient de frottement tr\u00e8s faible et r\u00e9siste aux contraintes physiques et m\u00e9caniques les plus rigoureuses.<\/h5>\n<p>&nbsp;<\/p>\n<h5>Fils rigides isol\u00e9s PEEK<\/h5>\n<p><strong><a href=\"#Link01\">D\u00e9tails<\/a><\/strong><\/p>\n<p>&nbsp;<\/p>\n<h5>Fils souples isol\u00e9s PEEK<\/h5>\n<p><strong><a href=\"#Link02\">D\u00e9tails<\/a><\/strong><\/p>\n<p>&nbsp;<\/p>\n<p>&nbsp;<\/p>\n","protected":false},"featured_media":4738,"template":"","meta":{"_acf_changed":false},"product_brand":[],"product_cat":[146,150],"product_tag":[],"class_list":{"0":"post-5546","1":"product","2":"type-product","3":"status-publish","4":"has-post-thumbnail","6":"product_cat-cables-electriques","7":"product_cat-torons-et-fils-selon-la-classe-thermique-a-f-h","9":"first","10":"instock","11":"shipping-taxable","12":"purchasable","13":"product-type-simple"},"acf":[],"_links":{"self":[{"href":"https:\/\/schupp.ch\/fr\/wp-json\/wp\/v2\/product\/5546","targetHints":{"allow":["GET"]}}],"collection":[{"href":"https:\/\/schupp.ch\/fr\/wp-json\/wp\/v2\/product"}],"about":[{"href":"https:\/\/schupp.ch\/fr\/wp-json\/wp\/v2\/types\/product"}],"wp:featuredmedia":[{"embeddable":true,"href":"https:\/\/schupp.ch\/fr\/wp-json\/wp\/v2\/media\/4738"}],"wp:attachment":[{"href":"https:\/\/schupp.ch\/fr\/wp-json\/wp\/v2\/media?parent=5546"}],"wp:term":[{"taxonomy":"product_brand","embeddable":true,"href":"https:\/\/schupp.ch\/fr\/wp-json\/wp\/v2\/product_brand?post=5546"},{"taxonomy":"product_cat","embeddable":true,"href":"https:\/\/schupp.ch\/fr\/wp-json\/wp\/v2\/product_cat?post=5546"},{"taxonomy":"product_tag","embeddable":true,"href":"https:\/\/schupp.ch\/fr\/wp-json\/wp\/v2\/product_tag?post=5546"}],"curies":[{"name":"wp","href":"https:\/\/api.w.org\/{rel}","templated":true}]}}