{"id":5549,"date":"2024-09-08T20:35:57","date_gmt":"2024-09-08T18:35:57","guid":{"rendered":"https:\/\/schupp.ch\/p\/schaltlitzen-betatherm-155-strahlungsvernetzt\/"},"modified":"2026-01-06T13:51:39","modified_gmt":"2026-01-06T12:51:39","slug":"schaltlitzen-betatherm-155-strahlungsvernetzt","status":"publish","type":"product","link":"https:\/\/schupp.ch\/fr\/p\/schaltlitzen-betatherm-155-strahlungsvernetzt\/","title":{"rendered":"Fils souples BETAtherm\u00ae 155, irradi\u00e9s"},"content":{"rendered":"<h3><\/h3>\n<h3 id=\"Link01\">Fils souples BETAtherm\u00ae 155, irradi\u00e9<\/h3>\n<p>&nbsp;<\/p>\n<p><strong>Conducteurs :<\/strong><br \/>\nLes conducteurs sont en fils de cuivre fins \u00e9tam\u00e9s selon DIN VDE 0295 \/ classe 5 (IEC 228, classe 5).<\/p>\n<p><strong>Isolation :<\/strong><br \/>\nBETAtherm\u00ae, copolym\u00e8re de polyol\u00e9fine irradi\u00e9 par faisceau d&rsquo;\u00e9lectrons avec une r\u00e9sistance de temp\u00e9rature \u00e9lev\u00e9e.<\/p>\n<p><strong>Classe de temp\u00e9rature :<\/strong><br \/>\nClass F (155\u00b0C), jusqu&rsquo;\u00e0 une temp\u00e9rature continue de 155\u00b0C<\/p>\n<p><strong>Tension de service :<\/strong><br \/>\nU0 = tension conducteur phase &#8211; terre<br \/>\nU = tension conducteur phase &#8211; conducteur phase<br \/>\nU0 \/U jusqu&rsquo;\u00e0 0,75 mm2 = 450\/750 V<br \/>\nU0 \/ U \u00e0 partir de 1 mm2 = 600\/1000 V<br \/>\nU0 version UL\/CSA 600 = 600 V<\/p>\n<p><strong>Tension d&rsquo;essai :<br \/>\n<\/strong>3500 V<\/p>\n<p><strong>Tenue en cas d&rsquo;incendie :<\/strong><br \/>\nTenue au feu : Auto-extinguible<br \/>\n\u00c9manation de fum\u00e9e : moyenne<br \/>\ngaz corrosifs : faible \u00e0 moyen<\/p>\n<p><strong>R\u00e9sistance aux huiles :<\/strong><br \/>\nmoyenne<\/p>\n<p><strong>Rayons de courbure :<\/strong><br \/>\n4 x diam\u00e8tre ext\u00e9rieur<\/p>\n<p><strong>Couleurs<\/strong><br \/>\nrouge (rt), bleu (hbl), noir (sw), blanc (ws), vert (gn), jaune (ge), gris (gr), brub (br), vert-jaune (gnge)<\/p>\n<p><strong>Conditionnement :<\/strong><br \/>\n0,25 mm2 &#8211; 0,75 mm2 = Bobine en carton de 200 m\u00e8tres<br \/>\n1,00 mm2 &#8211; 4,00 mm2 = Bobine en carton de 100 m\u00e8tres<br \/>\n6,00 mm2 &#8211; 10,00 mm2 = Torches de 100 m\u00e8tres<br \/>\n16,00 mm2 &#8211; 25,00 mm2 = Torches de 50 m\u00e8tres<br \/>\nA partir de 35,00 mm2 =\u00a0 Torches de 25 m\u00e8tres<\/p>\n<p>&nbsp;<\/p>\n<p><strong>Dimensions, donn\u00e9es techniques :<\/strong><\/p>\n<table width=\"605\">\n<tbody>\n<tr>\n<td rowspan=\"3\" width=\"77\"><strong>Num\u00e9ro d&rsquo;article<\/strong><\/td>\n<td colspan=\"3\" width=\"166\"><strong>Conducteur en cuivre<\/strong><\/td>\n<td width=\"62\"><strong>Isolation<\/strong><\/td>\n<td rowspan=\"2\" width=\"52\"><strong>Poids total<\/strong><\/td>\n<td colspan=\"9\" width=\"235\"><strong>Couleurs<\/strong><\/td>\n<\/tr>\n<tr>\n<td width=\"53\"><strong>Section<\/strong><\/td>\n<td width=\"57\"><strong>Nombre de fils x \u00d8 Nominal<\/strong><\/td>\n<td width=\"52\"><strong>Poids<\/strong><\/td>\n<td width=\"62\"><strong>\u00d8\u00a0 Nominal<\/strong><\/td>\n<td width=\"19\"><strong>RT<\/strong><\/td>\n<td width=\"19\"><strong>BL<\/strong><\/td>\n<td width=\"25\"><strong>SW<\/strong><\/td>\n<td width=\"25\"><strong>WS<\/strong><\/td>\n<td width=\"24\"><strong>GN<\/strong><\/td>\n<td width=\"22\"><strong>GE<\/strong><\/td>\n<td width=\"22\"><strong>GR<\/strong><\/td>\n<td width=\"21\"><strong>BR<\/strong><\/td>\n<td width=\"44\"><strong>GNGE<\/strong><\/td>\n<\/tr>\n<tr>\n<td width=\"53\"><strong>[mm2]<\/strong><\/td>\n<td width=\"57\"><strong>[mm]<\/strong><\/td>\n<td width=\"52\"><strong>[kg\/km]<\/strong><\/td>\n<td width=\"62\"><strong>[mm]<\/strong><\/td>\n<td width=\"52\"><strong>[kg\/km]<\/strong><\/td>\n<td width=\"19\"><\/td>\n<td width=\"19\"><\/td>\n<td width=\"25\"><\/td>\n<td width=\"25\"><\/td>\n<td width=\"24\"><\/td>\n<td width=\"22\"><\/td>\n<td width=\"22\"><\/td>\n<td width=\"21\"><\/td>\n<td width=\"44\"><\/td>\n<\/tr>\n<tr>\n<td width=\"77\"><strong>SLBT0025<\/strong><\/td>\n<td width=\"53\">0,25<\/td>\n<td width=\"57\">14 x 0,15<\/td>\n<td width=\"52\">2,4<\/td>\n<td width=\"62\">1,6<\/td>\n<td width=\"52\">4,6<\/td>\n<td width=\"19\">l<\/td>\n<td width=\"19\">l<\/td>\n<td width=\"25\">l<\/td>\n<td width=\"25\">l<\/td>\n<td width=\"24\">l<\/td>\n<td width=\"22\">l<\/td>\n<td width=\"22\">l<\/td>\n<td width=\"21\">l<\/td>\n<td width=\"44\">*<\/td>\n<\/tr>\n<tr>\n<td width=\"77\"><strong>SLBT0050<\/strong><\/td>\n<td width=\"53\">0,50<\/td>\n<td width=\"57\">16 x 0,20<\/td>\n<td width=\"52\">4,8<\/td>\n<td width=\"62\">1,9<\/td>\n<td width=\"52\">7<\/td>\n<td width=\"19\">l<\/td>\n<td width=\"19\">l<\/td>\n<td width=\"25\">l<\/td>\n<td width=\"25\">l<\/td>\n<td width=\"24\">l<\/td>\n<td width=\"22\">l<\/td>\n<td width=\"22\">*<\/td>\n<td width=\"21\">l<\/td>\n<td width=\"44\">l<\/td>\n<\/tr>\n<tr>\n<td width=\"77\"><strong>SLBT0075<\/strong><\/td>\n<td width=\"53\">0,75<\/td>\n<td width=\"57\">24 x 0,20<\/td>\n<td width=\"52\">7,2<\/td>\n<td width=\"62\">2,2<\/td>\n<td width=\"52\">10<\/td>\n<td width=\"19\">l<\/td>\n<td width=\"19\">l<\/td>\n<td width=\"25\">l<\/td>\n<td width=\"25\">l<\/td>\n<td width=\"24\">l<\/td>\n<td width=\"22\">l<\/td>\n<td width=\"22\">l<\/td>\n<td width=\"21\">l<\/td>\n<td width=\"44\">l<\/td>\n<\/tr>\n<tr>\n<td width=\"77\"><strong>SLBT0100<\/strong><\/td>\n<td width=\"53\">1,00<\/td>\n<td width=\"57\">32 x 0,20<\/td>\n<td width=\"52\">9,6<\/td>\n<td width=\"62\">2,5<\/td>\n<td width=\"52\">13<\/td>\n<td width=\"19\">l<\/td>\n<td width=\"19\">l<\/td>\n<td width=\"25\">l<\/td>\n<td width=\"25\">l<\/td>\n<td width=\"24\">l<\/td>\n<td width=\"22\">l<\/td>\n<td width=\"22\">*<\/td>\n<td width=\"21\">l<\/td>\n<td width=\"44\">l<\/td>\n<\/tr>\n<tr>\n<td width=\"77\"><strong>SLBT0150<\/strong><\/td>\n<td width=\"53\">1,50<\/td>\n<td width=\"57\">30 x 0,25<\/td>\n<td width=\"52\">14,4<\/td>\n<td width=\"62\">3,1<\/td>\n<td width=\"52\">20<\/td>\n<td width=\"19\">l<\/td>\n<td width=\"19\">l<\/td>\n<td width=\"25\">l<\/td>\n<td width=\"25\">l<\/td>\n<td width=\"24\">*<\/td>\n<td width=\"22\">l<\/td>\n<td width=\"22\">*<\/td>\n<td width=\"21\">l<\/td>\n<td width=\"44\">l<\/td>\n<\/tr>\n<tr>\n<td width=\"77\"><strong>SLBT0250<\/strong><\/td>\n<td width=\"53\">2,50<\/td>\n<td width=\"57\">50 x 0,25<\/td>\n<td width=\"52\">24,0<\/td>\n<td width=\"62\">3,8<\/td>\n<td width=\"52\">32<\/td>\n<td width=\"19\">l<\/td>\n<td width=\"19\">l<\/td>\n<td width=\"25\">l<\/td>\n<td width=\"25\">l<\/td>\n<td width=\"24\">*<\/td>\n<td width=\"22\">l<\/td>\n<td width=\"22\">*<\/td>\n<td width=\"21\">*<\/td>\n<td width=\"44\">l<\/td>\n<\/tr>\n<tr>\n<td width=\"77\"><strong>SLBT0400<\/strong><\/td>\n<td width=\"53\">4,00<\/td>\n<td width=\"57\">56 x 0,30<\/td>\n<td width=\"52\">38,0<\/td>\n<td width=\"62\">4,5<\/td>\n<td width=\"52\">47<\/td>\n<td width=\"19\">l<\/td>\n<td width=\"19\">l<\/td>\n<td width=\"25\">l<\/td>\n<td width=\"25\">*<\/td>\n<td width=\"24\">*<\/td>\n<td width=\"22\">l<\/td>\n<td width=\"22\">*<\/td>\n<td width=\"21\">*<\/td>\n<td width=\"44\">l<\/td>\n<\/tr>\n<tr>\n<td width=\"77\"><strong>SLBT0600<\/strong><\/td>\n<td width=\"53\">6,00<\/td>\n<td width=\"57\">84 x 0,30<\/td>\n<td width=\"52\">58,0<\/td>\n<td width=\"62\">5,4<\/td>\n<td width=\"52\">69<\/td>\n<td width=\"19\">l<\/td>\n<td width=\"19\">l<\/td>\n<td width=\"25\">l<\/td>\n<td width=\"25\">*<\/td>\n<td width=\"24\">*<\/td>\n<td width=\"22\">*<\/td>\n<td width=\"22\">*<\/td>\n<td width=\"21\">*<\/td>\n<td width=\"44\">l<\/td>\n<\/tr>\n<tr>\n<td width=\"77\"><strong>SLBT1000<\/strong><\/td>\n<td width=\"53\">10,00<\/td>\n<td width=\"57\">80 x 0,40<\/td>\n<td width=\"52\">96,0<\/td>\n<td width=\"62\">6,5<\/td>\n<td width=\"52\">110<\/td>\n<td width=\"19\">l<\/td>\n<td width=\"19\">*<\/td>\n<td width=\"25\">l<\/td>\n<td width=\"25\">*<\/td>\n<td width=\"24\">*<\/td>\n<td width=\"22\">*<\/td>\n<td width=\"22\">*<\/td>\n<td width=\"21\">*<\/td>\n<td width=\"44\">*<\/td>\n<\/tr>\n<tr>\n<td width=\"77\"><strong>SLBT1600<\/strong><\/td>\n<td width=\"53\">16,00<\/td>\n<td width=\"57\">126 x 0,40<\/td>\n<td width=\"52\">154,0<\/td>\n<td width=\"62\">8,4<\/td>\n<td width=\"52\">180<\/td>\n<td width=\"19\">*<\/td>\n<td width=\"19\">*<\/td>\n<td width=\"25\">l<\/td>\n<td width=\"25\">*<\/td>\n<td width=\"24\">*<\/td>\n<td width=\"22\">*<\/td>\n<td width=\"22\">*<\/td>\n<td width=\"21\">*<\/td>\n<td width=\"44\">*<\/td>\n<\/tr>\n<tr>\n<td width=\"77\"><strong>SLBT2500<\/strong><\/td>\n<td width=\"53\">25,00<\/td>\n<td width=\"57\">196 x 0,40<\/td>\n<td width=\"52\">240,0<\/td>\n<td width=\"62\">10,2<\/td>\n<td width=\"52\">270<\/td>\n<td width=\"19\">*<\/td>\n<td width=\"19\">*<\/td>\n<td width=\"25\">l<\/td>\n<td width=\"25\">*<\/td>\n<td width=\"24\">*<\/td>\n<td width=\"22\">*<\/td>\n<td width=\"22\">*<\/td>\n<td width=\"21\">*<\/td>\n<td width=\"44\">*<\/td>\n<\/tr>\n<tr>\n<td width=\"77\"><strong>SLBT3500<\/strong><\/td>\n<td width=\"53\">35,00<\/td>\n<td width=\"57\">280 x 0,40<\/td>\n<td width=\"52\">336,0<\/td>\n<td width=\"62\">11,6<\/td>\n<td width=\"52\">380<\/td>\n<td width=\"19\">*<\/td>\n<td width=\"19\">*<\/td>\n<td width=\"25\">l<\/td>\n<td width=\"25\">*<\/td>\n<td width=\"24\">*<\/td>\n<td width=\"22\">*<\/td>\n<td width=\"22\">*<\/td>\n<td width=\"21\">*<\/td>\n<td width=\"44\">*<\/td>\n<\/tr>\n<tr>\n<td width=\"77\"><strong>SLBT5000<\/strong><\/td>\n<td width=\"53\">50,00<\/td>\n<td width=\"57\">399 x 0,40<\/td>\n<td width=\"52\">480,0<\/td>\n<td width=\"62\">13,7<\/td>\n<td width=\"52\">530<\/td>\n<td width=\"19\">*<\/td>\n<td width=\"19\">*<\/td>\n<td width=\"25\">l<\/td>\n<td width=\"25\">*<\/td>\n<td width=\"24\">*<\/td>\n<td width=\"22\">*<\/td>\n<td width=\"22\">*<\/td>\n<td width=\"21\">*<\/td>\n<td width=\"44\">*<\/td>\n<\/tr>\n<tr>\n<td width=\"77\"><strong>SLBT7000<\/strong><\/td>\n<td width=\"53\">70,00<\/td>\n<td width=\"57\">570 x 0,40<\/td>\n<td width=\"52\">672,0<\/td>\n<td width=\"62\">15,8<\/td>\n<td width=\"52\">740<\/td>\n<td width=\"19\">*<\/td>\n<td width=\"19\">*<\/td>\n<td width=\"25\">l<\/td>\n<td width=\"25\">*<\/td>\n<td width=\"24\">*<\/td>\n<td width=\"22\">*<\/td>\n<td width=\"22\">*<\/td>\n<td width=\"21\">*<\/td>\n<td width=\"44\">*<\/td>\n<\/tr>\n<tr>\n<td width=\"77\"><strong>SLBT9500<\/strong><\/td>\n<td width=\"53\">95,00<\/td>\n<td width=\"57\">475 x 0,50<\/td>\n<td width=\"52\">912,0<\/td>\n<td width=\"62\">18,2<\/td>\n<td width=\"52\">980<\/td>\n<td width=\"19\">*<\/td>\n<td width=\"19\">*<\/td>\n<td width=\"25\">l<\/td>\n<td width=\"25\">*<\/td>\n<td width=\"24\">*<\/td>\n<td width=\"22\">*<\/td>\n<td width=\"22\">*<\/td>\n<td width=\"21\">*<\/td>\n<td width=\"44\">*<\/td>\n<\/tr>\n<tr>\n<td width=\"77\"><strong>SLBT12000<\/strong><\/td>\n<td width=\"53\">120,00<\/td>\n<td width=\"57\">608 x 0,50<\/td>\n<td width=\"52\">1152,0<\/td>\n<td width=\"62\">20,2<\/td>\n<td width=\"52\">1240<\/td>\n<td width=\"19\">*<\/td>\n<td width=\"19\">*<\/td>\n<td width=\"25\">*<\/td>\n<td width=\"25\">*<\/td>\n<td width=\"24\">*<\/td>\n<td width=\"22\">*<\/td>\n<td width=\"22\">*<\/td>\n<td width=\"21\">*<\/td>\n<td width=\"44\">*<\/td>\n<\/tr>\n<tr>\n<td width=\"77\"><strong>SLBT15000<\/strong><\/td>\n<td width=\"53\">150,00<\/td>\n<td width=\"57\">760 x 0,50<\/td>\n<td width=\"52\">1440,0<\/td>\n<td width=\"62\">22,1<\/td>\n<td width=\"52\">1540<\/td>\n<td width=\"19\">*<\/td>\n<td width=\"19\">*<\/td>\n<td width=\"25\">*<\/td>\n<td width=\"25\">*<\/td>\n<td width=\"24\">*<\/td>\n<td width=\"22\">*<\/td>\n<td width=\"22\">*<\/td>\n<td width=\"21\">*<\/td>\n<td width=\"44\">*<\/td>\n<\/tr>\n<tr>\n<td width=\"77\"><strong>SLBT18500<\/strong><\/td>\n<td width=\"53\">185,00<\/td>\n<td width=\"57\">950 x 0,50<\/td>\n<td width=\"52\">1776,0<\/td>\n<td width=\"62\">25,0<\/td>\n<td width=\"52\">1920<\/td>\n<td width=\"19\">*<\/td>\n<td width=\"19\">*<\/td>\n<td width=\"25\">*<\/td>\n<td width=\"25\">*<\/td>\n<td width=\"24\">*<\/td>\n<td width=\"22\">*<\/td>\n<td width=\"22\">*<\/td>\n<td width=\"21\">*<\/td>\n<td width=\"44\">*<\/td>\n<\/tr>\n<tr>\n<td width=\"77\"><strong>SLBT24000<\/strong><\/td>\n<td width=\"53\">240,00<\/td>\n<td width=\"57\">1216 x 0,50<\/td>\n<td width=\"52\">2304,0<\/td>\n<td width=\"62\">27,9<\/td>\n<td width=\"52\">2450<\/td>\n<td width=\"19\">*<\/td>\n<td width=\"19\">*<\/td>\n<td width=\"25\">*<\/td>\n<td width=\"25\">*<\/td>\n<td width=\"24\">*<\/td>\n<td width=\"22\">*<\/td>\n<td width=\"22\">*<\/td>\n<td width=\"21\">*<\/td>\n<td width=\"44\">*<\/td>\n<\/tr>\n<\/tbody>\n<\/table>\n<p>l en stock<\/p>\n<p>* sur demande<\/p>\n<p><strong>Exemple de num\u00e9ro d&rsquo;article :<\/strong><br \/>\nSLBT0025 = num\u00e9ro de base<br \/>\nGN = couleur verte<\/p>\n<p>&nbsp;<\/p>\n<p>&nbsp;<\/p>\n<p>&nbsp;<\/p>\n<h3 id=\"Link02\">Fils souples BETAtherm\u00ae 155 approuv\u00e9 UL\/CSA, Style 3289<\/h3>\n<p>&nbsp;<\/p>\n<p><strong>Conducteurs :<br \/>\n<\/strong>Cuivre \u00e9tam\u00e9<\/p>\n<p><strong>Isolation :<\/strong><br \/>\nBETAtherm\u00ae, copolym\u00e8re de polyol\u00e9fine irradi\u00e9 par faisceau d&rsquo;\u00e9lectrons avec une r\u00e9sistance de temp\u00e9rature \u00e9lev\u00e9e.<\/p>\n<p><strong>Classe de temp\u00e9rature :<\/strong><br \/>\nClass F (155\u00b0C), jusqu&rsquo;\u00e0 une temp\u00e9rature continue de 155\u00b0C<\/p>\n<p><strong>Approbations:<\/strong><br \/>\nUL style 3289, File E146164, CSA\/CL 1503<br \/>\nCertificate no LL101982<\/p>\n<p><strong>Tension de service :<\/strong><br \/>\nU0 = tension conducteur phase &#8211; terre<br \/>\nU = tension conducteur phase &#8211; conducteur phase<br \/>\nU0 \/U jusqu&rsquo;\u00e0 0,75 mm2 = 450\/750 V<br \/>\nU0 \/ U \u00e0 partir de 1 mm2 = 600\/1000 V<br \/>\nU0 version UL\/CSA 600 = 600 V<\/p>\n<p><strong>Tension d&rsquo;essai :<br \/>\n<\/strong>3500 V, 50 Hz<\/p>\n<p><strong>Couleurs<\/strong><br \/>\nrouge (rt), bleu (hbl), noir (sw), blanc (ws), vert (gn), jaune (ge), gris (gr), brub (br), vert-jaune (gnge)<\/p>\n<p><strong>Conditionnement :<\/strong><\/p>\n<p>AWG24 = 300 m par bobine<br \/>\nAWG22 = 250 m par bobine<br \/>\nAWG20 = 200 m par bobine<br \/>\nAWG18 = 400 m par bobine<br \/>\nAWG16 = 400 m par bobine<br \/>\nAWG14 = 400 m par bobine<br \/>\nAWG12 = 150 m par torche<br \/>\nAWG10 = 150 m par torche<\/p>\n<p>Les conditionnements sont indicative<\/p>\n<p>&nbsp;<\/p>\n<p><strong>Dimensions, donn\u00e9es techniques :<\/strong><\/p>\n<table width=\"651\">\n<tbody>\n<tr>\n<td rowspan=\"2\" width=\"112\"><strong>Num\u00e9ro d&rsquo;article<\/strong><\/td>\n<td width=\"84\"><strong>Taille<\/strong><\/td>\n<td width=\"52\"><strong>Section<\/strong><\/td>\n<td width=\"92\"><strong>Diam\u00e8tre ext\u00e9rieur<\/strong><\/td>\n<td colspan=\"8\" width=\"311\"><strong>Couleurs<\/strong><\/td>\n<\/tr>\n<tr>\n<td width=\"84\"><strong>[AWG]<\/strong><\/td>\n<td width=\"52\"><strong>[mm2]<\/strong><\/td>\n<td width=\"92\"><strong>[mm]<\/strong><\/td>\n<td width=\"28\"><strong>RT<\/strong><\/td>\n<td width=\"38\"><strong>BL<\/strong><\/td>\n<td width=\"38\"><strong>SW<\/strong><\/td>\n<td width=\"47\"><strong>WS<\/strong><\/td>\n<td width=\"38\"><strong>GN<\/strong><\/td>\n<td width=\"28\"><strong>GE<\/strong><\/td>\n<td width=\"37\"><strong>BR<\/strong><\/td>\n<td width=\"57\"><strong>GNGE<\/strong><\/td>\n<\/tr>\n<tr>\n<td width=\"112\"><strong>SLBTUL22<\/strong><\/td>\n<td width=\"84\">22<\/td>\n<td width=\"52\">0,38<\/td>\n<td width=\"92\">2,4\u00b10,1<\/td>\n<td width=\"28\"><\/td>\n<td width=\"38\"><\/td>\n<td width=\"38\">\u2666<\/td>\n<td width=\"47\">\u2666<\/td>\n<td width=\"38\"><\/td>\n<td width=\"28\"><\/td>\n<td width=\"37\">\u2666<\/td>\n<td width=\"57\"><\/td>\n<\/tr>\n<tr>\n<td width=\"112\"><strong>SLBTUL20<\/strong><\/td>\n<td width=\"84\">20<\/td>\n<td width=\"52\">0,61<\/td>\n<td width=\"92\">2,6\u00b10,1<\/td>\n<td width=\"28\">\u2666<\/td>\n<td width=\"38\">\u2666<\/td>\n<td width=\"38\">\u2666<\/td>\n<td width=\"47\">\u2666<\/td>\n<td width=\"38\">\u2666<\/td>\n<td width=\"28\"><\/td>\n<td width=\"37\">\u2666<\/td>\n<td width=\"57\"><\/td>\n<\/tr>\n<tr>\n<td width=\"112\"><strong>SLBTUL18<\/strong><\/td>\n<td width=\"84\">18<\/td>\n<td width=\"52\">0,96<\/td>\n<td width=\"92\">2,9\u00b10,1<\/td>\n<td width=\"28\">\u2666<\/td>\n<td width=\"38\">\u2666<\/td>\n<td width=\"38\">\u2666<\/td>\n<td width=\"47\">\u2666<\/td>\n<td width=\"38\"><\/td>\n<td width=\"28\">\u2666<\/td>\n<td width=\"37\">\u2666<\/td>\n<td width=\"57\">\u2666<\/td>\n<\/tr>\n<tr>\n<td width=\"112\"><strong>SLBTUL16<\/strong><\/td>\n<td width=\"84\">16<\/td>\n<td width=\"52\">1,34<\/td>\n<td width=\"92\">3,1\u00b10,1<\/td>\n<td width=\"28\">\u2666<\/td>\n<td width=\"38\">\u2666<\/td>\n<td width=\"38\">\u2666<\/td>\n<td width=\"47\">\u2666<\/td>\n<td width=\"38\"><\/td>\n<td width=\"28\"><\/td>\n<td width=\"37\">\u2666<\/td>\n<td width=\"57\">\u2666<\/td>\n<\/tr>\n<tr>\n<td width=\"112\"><strong>SLBTUL14<\/strong><\/td>\n<td width=\"84\">14<\/td>\n<td width=\"52\">2,09<\/td>\n<td width=\"92\">3,5\u00b10,1<\/td>\n<td width=\"28\">\u2666<\/td>\n<td width=\"38\">\u2666<\/td>\n<td width=\"38\">\u2666<\/td>\n<td width=\"47\">\u2666<\/td>\n<td width=\"38\"><\/td>\n<td width=\"28\"><\/td>\n<td width=\"37\"><\/td>\n<td width=\"57\"><\/td>\n<\/tr>\n<tr>\n<td width=\"112\"><strong>SLBTUL12<\/strong><\/td>\n<td width=\"84\">12<\/td>\n<td width=\"52\">3,31<\/td>\n<td width=\"92\">4,2\u00b10,1<\/td>\n<td width=\"28\"><\/td>\n<td width=\"38\"><\/td>\n<td width=\"38\">\u2666<\/td>\n<td width=\"47\"><\/td>\n<td width=\"38\"><\/td>\n<td width=\"28\"><\/td>\n<td width=\"37\"><\/td>\n<td width=\"57\"><\/td>\n<\/tr>\n<tr>\n<td width=\"112\"><\/td>\n<td width=\"84\"><strong>Metrique<\/strong><\/td>\n<td width=\"52\"><\/td>\n<td width=\"92\"><\/td>\n<td width=\"28\"><\/td>\n<td width=\"38\"><\/td>\n<td width=\"38\"><\/td>\n<td width=\"47\"><\/td>\n<td width=\"38\"><\/td>\n<td width=\"28\"><\/td>\n<td width=\"37\"><\/td>\n<td width=\"57\"><\/td>\n<\/tr>\n<tr>\n<td width=\"112\"><strong>SLBTUL0600<\/strong><\/td>\n<td width=\"84\">ca. AWG 10<\/td>\n<td width=\"52\">6,00<\/td>\n<td width=\"92\">4,7\u00b10,2<\/td>\n<td width=\"28\"><\/td>\n<td width=\"38\"><\/td>\n<td width=\"38\">\u2666<\/td>\n<td width=\"47\"><\/td>\n<td width=\"38\"><\/td>\n<td width=\"28\"><\/td>\n<td width=\"37\"><\/td>\n<td width=\"57\"><\/td>\n<\/tr>\n<tr>\n<td width=\"112\"><strong>SLBTUL1000<\/strong><\/td>\n<td width=\"84\">ca. AWG 8<\/td>\n<td width=\"52\">10,00<\/td>\n<td width=\"92\">6,5\u00b10,3<\/td>\n<td width=\"28\"><\/td>\n<td width=\"38\"><\/td>\n<td width=\"38\">\u2666<\/td>\n<td width=\"47\"><\/td>\n<td width=\"38\"><\/td>\n<td width=\"28\"><\/td>\n<td width=\"37\"><\/td>\n<td width=\"57\"><\/td>\n<\/tr>\n<tr>\n<td width=\"112\"><strong>SLBTUL1600<\/strong><\/td>\n<td width=\"84\">ca. AWG 6<\/td>\n<td width=\"52\">16,00<\/td>\n<td width=\"92\">8,2\u00b10,3<\/td>\n<td width=\"28\"><\/td>\n<td width=\"38\"><\/td>\n<td width=\"38\">\u2666<\/td>\n<td width=\"47\"><\/td>\n<td width=\"38\"><\/td>\n<td width=\"28\"><\/td>\n<td width=\"37\"><\/td>\n<td width=\"57\"><\/td>\n<\/tr>\n<tr>\n<td width=\"112\"><strong>SLBTUL2500<\/strong><\/td>\n<td width=\"84\">ca. AWG 4<\/td>\n<td width=\"52\">25,00<\/td>\n<td width=\"92\">9,4\u00b10,3<\/td>\n<td width=\"28\"><\/td>\n<td width=\"38\"><\/td>\n<td width=\"38\">\u2666<\/td>\n<td width=\"47\"><\/td>\n<td width=\"38\"><\/td>\n<td width=\"28\"><\/td>\n<td width=\"37\"><\/td>\n<td width=\"57\"><\/td>\n<\/tr>\n<tr>\n<td width=\"112\"><strong>SLBTUL3500<\/strong><\/td>\n<td width=\"84\">ca. AWG 2<\/td>\n<td width=\"52\">35,00<\/td>\n<td width=\"92\">10,9\u00b10,4<\/td>\n<td width=\"28\"><\/td>\n<td width=\"38\"><\/td>\n<td width=\"38\">\u2666<\/td>\n<td width=\"47\"><\/td>\n<td width=\"38\"><\/td>\n<td width=\"28\"><\/td>\n<td width=\"37\"><\/td>\n<td width=\"57\"><\/td>\n<\/tr>\n<tr>\n<td width=\"112\"><strong>SLBTUL5000<\/strong><\/td>\n<td width=\"84\">ca. AWG 1\/0<\/td>\n<td width=\"52\">50,00<\/td>\n<td width=\"92\">14,1\u00b10,4<\/td>\n<td width=\"28\"><\/td>\n<td width=\"38\"><\/td>\n<td width=\"38\">\u2666<\/td>\n<td width=\"47\"><\/td>\n<td width=\"38\"><\/td>\n<td width=\"28\"><\/td>\n<td width=\"37\"><\/td>\n<td width=\"57\"><\/td>\n<\/tr>\n<tr>\n<td width=\"112\"><strong>SLBTUL7000<\/strong><\/td>\n<td width=\"84\">ca. AWG 2\/0<\/td>\n<td width=\"52\">75,00<\/td>\n<td width=\"92\">15,6\u00b10,4<\/td>\n<td width=\"28\"><\/td>\n<td width=\"38\"><\/td>\n<td width=\"38\">\u2666<\/td>\n<td width=\"47\"><\/td>\n<td width=\"38\"><\/td>\n<td width=\"28\"><\/td>\n<td width=\"37\"><\/td>\n<td width=\"57\"><\/td>\n<\/tr>\n<tr>\n<td width=\"112\"><strong>SLBTUL9500<\/strong><\/td>\n<td width=\"84\">ca. AWG 3\/0<\/td>\n<td width=\"52\">95,00<\/td>\n<td width=\"92\">17,2\u00b10,4<\/td>\n<td width=\"28\"><\/td>\n<td width=\"38\"><\/td>\n<td width=\"38\">\u2666<\/td>\n<td width=\"47\"><\/td>\n<td width=\"38\"><\/td>\n<td width=\"28\"><\/td>\n<td width=\"37\"><\/td>\n<td width=\"57\"><\/td>\n<\/tr>\n<\/tbody>\n<\/table>\n<p>\u2666 disponible du stock d&rsquo;usine<\/p>\n<p>Exemple de num\u00e9ro d&rsquo;article : SLBTUL0600 = num\u00e9ro de base GN = couleur verte<\/p>\n<p>&nbsp;<\/p>\n","protected":false},"excerpt":{"rendered":"<h5><\/h5>\n<h5>Les fils souples BETAtherm\u00ae 155 ont une isolation irradi\u00e9e qui ne fond pas, m\u00eame \u00e0 temp\u00e9rature \u00e9lev\u00e9e, et qui a une bonne r\u00e9sistance \u00e0 la pression thermique. Les torons sont ignifuges et insensibles \u00e0 tous les vernis isolants courants.<\/h5>\n<p>&nbsp;<\/p>\n<p>&nbsp;<\/p>\n<h5>Fils souples BETAtherm\u00ae 155, irradi\u00e9s<\/h5>\n<p><strong><a href=\"#Link01\">D\u00e9tails<\/a><\/strong><\/p>\n<p>&nbsp;<\/p>\n<h5>Fils souples BETAtherm\u00ae 155, approuv\u00e9 UL\/CSA, style 3289<\/h5>\n<p><strong><a href=\"#Link02\">D\u00e9tails<\/a><\/strong><\/p>\n<p>&nbsp;<\/p>\n<p>&nbsp;<\/p>\n","protected":false},"featured_media":1628,"template":"","meta":{"_acf_changed":false},"product_brand":[],"product_cat":[146,150],"product_tag":[],"class_list":{"0":"post-5549","1":"product","2":"type-product","3":"status-publish","4":"has-post-thumbnail","6":"product_cat-cables-electriques","7":"product_cat-torons-et-fils-selon-la-classe-thermique-a-f-h","9":"first","10":"instock","11":"shipping-taxable","12":"purchasable","13":"product-type-simple"},"acf":[],"_links":{"self":[{"href":"https:\/\/schupp.ch\/fr\/wp-json\/wp\/v2\/product\/5549","targetHints":{"allow":["GET"]}}],"collection":[{"href":"https:\/\/schupp.ch\/fr\/wp-json\/wp\/v2\/product"}],"about":[{"href":"https:\/\/schupp.ch\/fr\/wp-json\/wp\/v2\/types\/product"}],"wp:featuredmedia":[{"embeddable":true,"href":"https:\/\/schupp.ch\/fr\/wp-json\/wp\/v2\/media\/1628"}],"wp:attachment":[{"href":"https:\/\/schupp.ch\/fr\/wp-json\/wp\/v2\/media?parent=5549"}],"wp:term":[{"taxonomy":"product_brand","embeddable":true,"href":"https:\/\/schupp.ch\/fr\/wp-json\/wp\/v2\/product_brand?post=5549"},{"taxonomy":"product_cat","embeddable":true,"href":"https:\/\/schupp.ch\/fr\/wp-json\/wp\/v2\/product_cat?post=5549"},{"taxonomy":"product_tag","embeddable":true,"href":"https:\/\/schupp.ch\/fr\/wp-json\/wp\/v2\/product_tag?post=5549"}],"curies":[{"name":"wp","href":"https:\/\/api.w.org\/{rel}","templated":true}]}}