{"id":5550,"date":"2024-09-11T12:24:23","date_gmt":"2024-09-11T10:24:23","guid":{"rendered":"https:\/\/schupp.ch\/p\/service-de-mecatronique\/"},"modified":"2024-10-15T08:47:10","modified_gmt":"2024-10-15T06:47:10","slug":"service-de-mecatronique","status":"publish","type":"product","link":"https:\/\/schupp.ch\/fr\/p\/service-de-mecatronique\/","title":{"rendered":"Service de m\u00e9catronique"},"content":{"rendered":"<p>&nbsp;<\/p>\n<table>\n<tbody>\n<tr>\n<td width=\"604\">\n<h3><\/h3>\n<p>&nbsp;<\/p>\n<h3>Comp\u00e9tence<\/h3>\n<p>&nbsp;<\/p>\n<h5>En collaboration avec notre <a href=\"https:\/\/schupp.ch\/partner\/\">partenaire<\/a>, le groupe VIP-VIRANT et d&rsquo;autres entreprises membres, nous sommes devenus un partenaire de d\u00e9veloppement m\u00e9catronique avec notre propre production. Notre groupe propose des configurations dans le domaine EMS et des solutions de syst\u00e8me pour les faisceaux de c\u00e2bles, les jeux de c\u00e2bles, les c\u00e2bles de connexion et les fils, gr\u00e2ce \u00e0 des solutions vari\u00e9es et innovantes. <\/h5>\n<p><img loading=\"lazy\" decoding=\"async\" class=\" wp-image-5090 aligncenter\" src=\"https:\/\/schupp.ch\/wp-content\/uploads\/2024\/09\/Bild_02-300x300.jpg\" alt=\"\" width=\"420\" height=\"420\" srcset=\"https:\/\/schupp.ch\/wp-content\/uploads\/2024\/09\/Bild_02-300x300.jpg 300w, https:\/\/schupp.ch\/wp-content\/uploads\/2024\/09\/Bild_02-600x600.jpg 600w, https:\/\/schupp.ch\/wp-content\/uploads\/2024\/09\/Bild_02-900x900.jpg 900w, https:\/\/schupp.ch\/wp-content\/uploads\/2024\/09\/Bild_02-100x100.jpg 100w, https:\/\/schupp.ch\/wp-content\/uploads\/2024\/09\/Bild_02-150x150.jpg 150w, https:\/\/schupp.ch\/wp-content\/uploads\/2024\/09\/Bild_02-768x768.jpg 768w, https:\/\/schupp.ch\/wp-content\/uploads\/2024\/09\/Bild_02-1024x1024.jpg 1024w\" sizes=\"auto, (max-width: 420px) 100vw, 420px\" \/><\/p>\n<p>&nbsp;<\/p>\n<p>&nbsp;<\/p>\n<h3>Automobile<\/h3>\n<p>&nbsp;<\/p>\n<h5>Nous sommes depuis des d\u00e9cennies un partenaire professionnel de l&rsquo;industrie automobile internationale. Nos clients appr\u00e9cient la grande flexibilit\u00e9 et les solutions syst\u00e8me innovantes de notre service de d\u00e9veloppement interne. <\/h5>\n<h5><img loading=\"lazy\" decoding=\"async\" class=\" wp-image-5178 aligncenter\" src=\"https:\/\/schupp.ch\/wp-content\/uploads\/2024\/09\/Automotive_Virant_01-300x300.jpg\" alt=\"\" width=\"447\" height=\"447\" srcset=\"https:\/\/schupp.ch\/wp-content\/uploads\/2024\/09\/Automotive_Virant_01-300x300.jpg 300w, https:\/\/schupp.ch\/wp-content\/uploads\/2024\/09\/Automotive_Virant_01-600x600.jpg 600w, https:\/\/schupp.ch\/wp-content\/uploads\/2024\/09\/Automotive_Virant_01-900x900.jpg 900w, https:\/\/schupp.ch\/wp-content\/uploads\/2024\/09\/Automotive_Virant_01-100x100.jpg 100w, https:\/\/schupp.ch\/wp-content\/uploads\/2024\/09\/Automotive_Virant_01-150x150.jpg 150w, https:\/\/schupp.ch\/wp-content\/uploads\/2024\/09\/Automotive_Virant_01-768x768.jpg 768w, https:\/\/schupp.ch\/wp-content\/uploads\/2024\/09\/Automotive_Virant_01-1024x1024.jpg 1024w\" sizes=\"auto, (max-width: 447px) 100vw, 447px\" \/><\/h5>\n<p>&nbsp;<\/p>\n<p>&nbsp;<\/p>\n<h3>Industrie<\/h3>\n<p>&nbsp;<\/p>\n<h5>La gamme de produits pour l&rsquo;ing\u00e9nierie m\u00e9canique comprend le d\u00e9veloppement et la production de c\u00e2bles de commande et de donn\u00e9es flexibles ainsi que de c\u00e2bles hautement flexibles pour des mouvements continus sur plusieurs axes dans des environnements de production difficiles. Nos produits sont constamment optimis\u00e9s pour chaque application et adapt\u00e9s aux exigences de solutions individuelles. Les mod\u00e8les r\u00e9sistants \u00e0 l&rsquo;huile et aux produits chimiques, r\u00e9sistants aux perles de soudure, ignifuges et sans halog\u00e8ne font partie de notre programme standard et sont disponibles en stock avec des homologations internationales.  <\/h5>\n<p>&nbsp;<\/p>\n<p><img loading=\"lazy\" decoding=\"async\" class=\"wp-image-5181 aligncenter\" src=\"https:\/\/schupp.ch\/wp-content\/uploads\/2024\/09\/Industries_Virant_01-300x300.jpg\" alt=\"\" width=\"503\" height=\"503\" srcset=\"https:\/\/schupp.ch\/wp-content\/uploads\/2024\/09\/Industries_Virant_01-300x300.jpg 300w, https:\/\/schupp.ch\/wp-content\/uploads\/2024\/09\/Industries_Virant_01-600x600.jpg 600w, https:\/\/schupp.ch\/wp-content\/uploads\/2024\/09\/Industries_Virant_01-900x900.jpg 900w, https:\/\/schupp.ch\/wp-content\/uploads\/2024\/09\/Industries_Virant_01-100x100.jpg 100w, https:\/\/schupp.ch\/wp-content\/uploads\/2024\/09\/Industries_Virant_01-150x150.jpg 150w, https:\/\/schupp.ch\/wp-content\/uploads\/2024\/09\/Industries_Virant_01-768x768.jpg 768w, https:\/\/schupp.ch\/wp-content\/uploads\/2024\/09\/Industries_Virant_01-1024x1024.jpg 1024w\" sizes=\"auto, (max-width: 503px) 100vw, 503px\" \/><\/p>\n<h3>Technologie m\u00e9dicale<\/h3>\n<p>&nbsp;<\/p>\n<h5>Nous d\u00e9veloppons des appareils ou des capteurs de haute pr\u00e9cision pour la transmission sans interf\u00e9rence des signaux les plus faibles. Nos comp\u00e9tences dans le secteur m\u00e9dical incluent notamment la fourniture, le traitement et la confection des supports conducteurs les plus sensibles, tels que les conducteurs internes en cuivre argent\u00e9, les di\u00e9lectriques multicouches, les mat\u00e9riaux sp\u00e9ciaux de blindage et de gaine. Nous r\u00e9pondons aux exigences \u00e9lev\u00e9es du secteur m\u00e9dical en mati\u00e8re de qualit\u00e9 constante pour la confection d&rsquo;appareils m\u00e9dicaux de haute technologie et satisfaisons aux normes requises.  <\/h5>\n<p>&nbsp;<\/p>\n<p><img loading=\"lazy\" decoding=\"async\" class=\"wp-image-5187 aligncenter\" src=\"https:\/\/schupp.ch\/wp-content\/uploads\/2024\/09\/Medizintechnik_Virant_01-1-300x300.jpg\" alt=\"\" width=\"505\" height=\"505\" srcset=\"https:\/\/schupp.ch\/wp-content\/uploads\/2024\/09\/Medizintechnik_Virant_01-1-300x300.jpg 300w, https:\/\/schupp.ch\/wp-content\/uploads\/2024\/09\/Medizintechnik_Virant_01-1-600x600.jpg 600w, https:\/\/schupp.ch\/wp-content\/uploads\/2024\/09\/Medizintechnik_Virant_01-1-900x900.jpg 900w, https:\/\/schupp.ch\/wp-content\/uploads\/2024\/09\/Medizintechnik_Virant_01-1-100x100.jpg 100w, https:\/\/schupp.ch\/wp-content\/uploads\/2024\/09\/Medizintechnik_Virant_01-1-150x150.jpg 150w, https:\/\/schupp.ch\/wp-content\/uploads\/2024\/09\/Medizintechnik_Virant_01-1-768x768.jpg 768w, https:\/\/schupp.ch\/wp-content\/uploads\/2024\/09\/Medizintechnik_Virant_01-1-1024x1024.jpg 1024w\" sizes=\"auto, (max-width: 505px) 100vw, 505px\" \/><\/p>\n<p>&nbsp;<\/p>\n<h3><strong> <\/strong><\/h3>\n<h3>Technologies de production<\/h3>\n<p>&nbsp;<\/p>\n<h3><\/h3>\n<h5>&gt;  \u00c9quipement SMD<\/h5>\n<h5>&gt;  M\u00e9catronique<\/h5>\n<h5>&gt;  Technologie de moulage par injection (horizontale\/verticale)<\/h5>\n<h5>&gt;  Technologie d&rsquo;encapsulation hotmelt<\/h5>\n<h5>&gt;  Technologie de soudage (US, laser, r\u00e9sistance)<\/h5>\n<h5>&gt;  Fabrication de HSD<\/h5>\n<h5>&gt;  C\u00e2ble d&rsquo;infodivertissement<\/h5>\n<h5>&gt;  Fabrication de c\u00e2bles<\/h5>\n<h5>&gt;  Technologie FFC (Flexible Flat Cable)<\/h5>\n<h5>&gt;  Construction d&rsquo;outils<\/h5>\n<h5>&gt;  Construction de machines sp\u00e9ciales<\/h5>\n<h5>&gt;  \u00c9tiquetage<\/h5>\n<p>&nbsp;<\/p>\n<h6><\/h6>\n<h5>Nous proposons \u00e0 nos clients des lignes de production enti\u00e8rement int\u00e9gr\u00e9es avec un syst\u00e8me de tra\u00e7abilit\u00e9 en continu, ce qui garantit une tra\u00e7abilit\u00e9 jusqu&rsquo;\u00e0 la derni\u00e8re \u00e9tape du processus. Gr\u00e2ce \u00e0 notre d\u00e9veloppement de logiciels et de mat\u00e9riel, nous sommes en mesure de r\u00e9aliser et de produire les demandes de nos clients, de la phase de conception \u00e0 la production de masse. <\/h5>\n<h5>Cela inclut \u00e9galement la fabrication de prototypes en petites quantit\u00e9s. Nos processus sont conformes aux exigences de l&rsquo;industrie automobile selon IATF 16949, ISO 9001, ISO 14001. <\/h5>\n<h5><\/h5>\n<h5>Le principal site de d\u00e9veloppement et de production est situ\u00e9 en Europe.<\/h5>\n<p>&nbsp;<\/td>\n<\/tr>\n<\/tbody>\n<\/table>\n<p>&nbsp;<\/p>\n<p>&nbsp;<\/p>\n<table>\n<tbody>\n<tr>\n<td colspan=\"3\" width=\"604\">\n<h4><\/h4>\n<p>&nbsp;<\/p>\n<h3 style=\"text-align: center;\">TEC &#8211; CENTER<\/h3>\n<p>&nbsp;<\/td>\n<\/tr>\n<tr>\n<td rowspan=\"6\" width=\"201\">\n<h4>Fournisseur de service unique<\/h4>\n<\/td>\n<td width=\"201\">\n<h5>&lt;&lt;&lt;  D\u00e9veloppement  &gt;&gt;&gt;<\/h5>\n<\/td>\n<td rowspan=\"6\" width=\"201\">\n<h4>Pack de services Fournisseur<\/h4>\n<p><strong>Personnalisation jusqu&rsquo;au package complet<\/strong><\/td>\n<\/tr>\n<tr>\n<td width=\"201\">\n<h5>&lt;&lt;&lt;  Fabrication  &gt;&gt;&gt;<\/h5>\n<\/td>\n<\/tr>\n<tr>\n<td width=\"201\">\n<h5>&lt;&lt;&lt;  Mat\u00e9riel  &gt;&gt;&gt;<\/h5>\n<\/td>\n<\/tr>\n<tr>\n<td width=\"201\">\n<h5>&lt;&lt;&lt;  Logiciel  &gt;&gt;&gt;<\/h5>\n<\/td>\n<\/tr>\n<tr>\n<td width=\"201\">\n<h5>&lt;&lt;&lt;  M\u00e9catronique  &gt;&gt;&gt;<\/h5>\n<\/td>\n<\/tr>\n<tr>\n<td width=\"201\">\n<h5>&lt;&lt;&lt;  Laboratoires  &gt;&gt;&gt;<\/h5>\n<\/td>\n<\/tr>\n<tr>\n<td colspan=\"3\" width=\"604\">\n<h5><\/h5>\n<p>&nbsp;<\/p>\n<h5 style=\"text-align: center;\">Pas de limites ! Mettez-nous au d\u00e9fi ! <\/h5>\n<p>&nbsp;<\/td>\n<\/tr>\n<\/tbody>\n<\/table>\n<p>&nbsp;<\/p>\n","protected":false},"excerpt":{"rendered":"<h3><\/h3>\n<p>&nbsp;<\/p>\n<h3>Conception, d\u00e9veloppement et production de m\u00e9catronique, PCB, etc.<\/h3>\n<h5><\/h5>\n<p>&nbsp;<\/p>\n<h5><\/h5>\n<ul>\n<li>\n<h5>Votre centre de m\u00e9catronique-Tec pour la conception, le d\u00e9veloppement et la production.<\/h5>\n<\/li>\n<li>\n<h5>Conception et fabrication d&rsquo;assemblages<\/h5>\n<\/li>\n<\/ul>\n<p>&nbsp;<\/p>\n<h5>En tant que fournisseur de longue date de produits finis et semi-finis de haute qualit\u00e9 pour nos clients industriels, nous pouvons d\u00e9sormais, en collaboration avec une entreprise partenaire, compl\u00e9ter notre offre par des services dans le domaine de la m\u00e9catronique. Cela comprend notamment la conception, le d\u00e9veloppement et la production de m\u00e9catronique, de PCB, de c\u00e2bles, d&rsquo;\u00e9clairage, d&rsquo;outillage, de logiciels, d&rsquo;ensembles complets, etc. <\/h5>\n<p>&nbsp;<\/p>\n","protected":false},"featured_media":5082,"template":"","meta":{"_acf_changed":false},"product_brand":[],"product_cat":[162],"product_tag":[],"class_list":{"0":"post-5550","1":"product","2":"type-product","3":"status-publish","4":"has-post-thumbnail","6":"product_cat-services-de-mecatronique","8":"first","9":"instock","10":"shipping-taxable","11":"purchasable","12":"product-type-simple"},"acf":[],"_links":{"self":[{"href":"https:\/\/schupp.ch\/fr\/wp-json\/wp\/v2\/product\/5550","targetHints":{"allow":["GET"]}}],"collection":[{"href":"https:\/\/schupp.ch\/fr\/wp-json\/wp\/v2\/product"}],"about":[{"href":"https:\/\/schupp.ch\/fr\/wp-json\/wp\/v2\/types\/product"}],"wp:featuredmedia":[{"embeddable":true,"href":"https:\/\/schupp.ch\/fr\/wp-json\/wp\/v2\/media\/5082"}],"wp:attachment":[{"href":"https:\/\/schupp.ch\/fr\/wp-json\/wp\/v2\/media?parent=5550"}],"wp:term":[{"taxonomy":"product_brand","embeddable":true,"href":"https:\/\/schupp.ch\/fr\/wp-json\/wp\/v2\/product_brand?post=5550"},{"taxonomy":"product_cat","embeddable":true,"href":"https:\/\/schupp.ch\/fr\/wp-json\/wp\/v2\/product_cat?post=5550"},{"taxonomy":"product_tag","embeddable":true,"href":"https:\/\/schupp.ch\/fr\/wp-json\/wp\/v2\/product_tag?post=5550"}],"curies":[{"name":"wp","href":"https:\/\/api.w.org\/{rel}","templated":true}]}}