{"id":5552,"date":"2024-09-13T12:19:17","date_gmt":"2024-09-13T10:19:17","guid":{"rendered":"https:\/\/schupp.ch\/p\/informations-relatives-a-la-commande-de-bandes-techniques\/"},"modified":"2026-01-03T14:29:47","modified_gmt":"2026-01-03T13:29:47","slug":"informations-relatives-a-la-commande-de-bandes-techniques","status":"publish","type":"product","link":"https:\/\/schupp.ch\/fr\/p\/informations-relatives-a-la-commande-de-bandes-techniques\/","title":{"rendered":"Remarques concernant la commande de rubans adhesives"},"content":{"rendered":"<p>&nbsp;<\/p>\n<h5>Largeurs et quantit\u00e9s d&rsquo;achat<\/h5>\n<p>&nbsp;<\/p>\n<p><strong>Quantit\u00e9 minimale de commande pour tous les mat\u00e9riaux par largeur (sauf Kapton\u00ae et rubans de stock):\u00a0 \u00a0 1 petit carton (KK)<\/strong><\/p>\n<table>\n<tbody>\n<tr>\n<td width=\"217\"><strong>Largeur standard en mm<\/strong><\/td>\n<td width=\"26\">6<\/td>\n<td width=\"26\">9<\/td>\n<td width=\"26\">12<\/td>\n<td width=\"26\">15<\/td>\n<td width=\"26\">19<\/td>\n<td width=\"26\">25<\/td>\n<td width=\"26\">38<\/td>\n<td width=\"26\">50<\/td>\n<\/tr>\n<tr>\n<td width=\"217\">Tous les mat\u00e9riaux sauf Kapton\u00ae :<br \/>\nrouleaux par petit carton (KK)<\/td>\n<td width=\"26\">48<\/td>\n<td width=\"26\">32<\/td>\n<td width=\"26\">24<\/td>\n<td width=\"26\">20<\/td>\n<td width=\"26\">16<\/td>\n<td width=\"26\">12<\/td>\n<td width=\"26\">8<\/td>\n<td width=\"26\">6<\/td>\n<\/tr>\n<\/tbody>\n<\/table>\n<p>&nbsp;<\/p>\n<p>La longueur standard est de 33, 50 ou 66 m\u00e8tres.<\/p>\n<p>Le nombre de rouleaux par carton compact (CC) se calcule comme suit :<br \/>\nLargeur du rouleau = environ 300 mm correspond au contenu d&rsquo;un petit carton<\/p>\n<p>Exemple : largeur d&rsquo;un seul rouleau = 15 mm correspond \u00e0 20 rouleaux par petit carton (= 300 mm)<br \/>\n1 unit\u00e9 d&#8217;emballage (UE) se compose de 8 petits cartons (KK)<\/p>\n<p>&nbsp;<\/p>\n<h5>Rubans en Kapton\u00ae :<\/h5>\n<p>Ceux-ci peuvent \u00e9galement \u00eatre achet\u00e9s en plus petites quantit\u00e9s \u00e0 partir du stock de l&rsquo;usine. N&rsquo;h\u00e9sitez pas \u00e0 nous contacter.<\/p>\n<p>&nbsp;<\/p>\n<h5>Exceptions :<\/h5>\n<p>Les rubans adh\u00e9sifs \u00e9lectriques suivants sont \u00e9galement disponibles \u00e0 l&rsquo;unit\u00e9 dans notre entrep\u00f4t.<\/p>\n<p>EK84170 Tissu de verre blanc, cl. F largeurs 15\/19\/25\/30\/38 mm<br \/>\nEK80725 Polyester non tiss\u00e9, cl. F largeur 38 mm<\/p>\n<p>&nbsp;<\/p>\n<h5>Largeurs \/ Tol\u00e9rances<\/h5>\n<p>Les largeurs sont disponibles \u00e0 partir de 4 \u00e0 6 mm (selon le mat\u00e9riau) par incr\u00e9ments de 0,1 mm. Tol\u00e9rances de largeur : \u00b1 0,02 \u00e0 0,03 mm<\/p>\n<p>&nbsp;<\/p>\n<h5>Versions sp\u00e9ciales<\/h5>\n<p>Outre la forme habituelle en rouleau, nous pouvons \u00e9galement fournir des feuilles ainsi que des pi\u00e8ces \u00e9tamp\u00e9es sur plan. De nombreux rubans adh\u00e9sifs peuvent \u00eatre combin\u00e9s en deux ou plusieurs couches. Certains types peuvent \u00eatre livr\u00e9s imprim\u00e9s. Il est \u00e9galement possible de fabriquer des longueurs sup\u00e9rieures ou inf\u00e9rieures. Les pi\u00e8ces \u00e9tamp\u00e9es dans les rubans adh\u00e9sifs sont disponibles sur demande en tant que pi\u00e8ces sp\u00e9ciales en ce qui concerne l&rsquo;\u00e9paisseur du film et la colle.<\/p>\n<p>&nbsp;<\/p>\n<h5>Conditions de stockage<\/h5>\n<p>La dur\u00e9e de conservation est de 6 mois \u00e0 15\u00b0C &#8211; 20\u00b0C et 56% d&rsquo;humidit\u00e9 relative.<\/p>\n<p>&nbsp;<\/p>\n<h5>Types d&rsquo;adh\u00e9sifs<\/h5>\n<p>K = Adh\u00e9sif caoutchouc<br \/>\nPS = Adh\u00e9sif polysiloxane<br \/>\nA = Adh\u00e9sif acrylate<\/p>\n<p>&nbsp;<\/p>\n<h5>Remarque :<\/h5>\n<p>Les recommandations techniques d&rsquo;utilisation qui sont donn\u00e9es \u00e0 l&rsquo;acheteur en toute bonne foi sont sans engagement et ne constituent pas une obligation contractuelle. Elles ne dispensent pas l&rsquo;acheteur de v\u00e9rifier lui-m\u00eame, sous sa propre responsabilit\u00e9, que les produits conviennent \u00e0 l&rsquo;usage pr\u00e9vu.<\/p>\n<p>&nbsp;<\/p>\n","protected":false},"excerpt":{"rendered":"<p>&nbsp; Largeurs et quantit\u00e9s d&rsquo;achat &nbsp; Quantit\u00e9 minimale de commande pour tous les mat\u00e9riaux par largeur (sauf Kapton\u00ae et rubans de stock):\u00a0 \u00a0 1 petit carton (KK) Largeur standard en mm 6 9 12 15 19 25 38 50 Tous les mat\u00e9riaux sauf Kapton\u00ae : rouleaux par petit carton (KK) 48 32 24 20 16 [&hellip;]<\/p>\n","protected":false},"featured_media":4830,"template":"","meta":{"_acf_changed":false},"product_brand":[],"product_cat":[165,327,248,255,264,230],"product_tag":[],"class_list":{"0":"post-5552","1":"product","2":"type-product","3":"status-publish","4":"has-post-thumbnail","6":"product_cat-bandes-techniques","7":"product_cat-informations-relatives-a-la-commande-de-bandes-techniques","8":"product_cat-rubans-adhesifs-electriques-pour-classe-thermique-b-130-c","9":"product_cat-rubans-adhesifs-electriques-pour-classe-de-chaleur-e-120-c","10":"product_cat-rubans-adhesifs-electriques-pour-classe-de-chaleur-f-155-c","11":"product_cat-rubans-adhesifs-electriques-pour-classe-thermique-h-180-c","13":"first","14":"instock","15":"shipping-taxable","16":"purchasable","17":"product-type-simple"},"acf":[],"_links":{"self":[{"href":"https:\/\/schupp.ch\/fr\/wp-json\/wp\/v2\/product\/5552","targetHints":{"allow":["GET"]}}],"collection":[{"href":"https:\/\/schupp.ch\/fr\/wp-json\/wp\/v2\/product"}],"about":[{"href":"https:\/\/schupp.ch\/fr\/wp-json\/wp\/v2\/types\/product"}],"wp:featuredmedia":[{"embeddable":true,"href":"https:\/\/schupp.ch\/fr\/wp-json\/wp\/v2\/media\/4830"}],"wp:attachment":[{"href":"https:\/\/schupp.ch\/fr\/wp-json\/wp\/v2\/media?parent=5552"}],"wp:term":[{"taxonomy":"product_brand","embeddable":true,"href":"https:\/\/schupp.ch\/fr\/wp-json\/wp\/v2\/product_brand?post=5552"},{"taxonomy":"product_cat","embeddable":true,"href":"https:\/\/schupp.ch\/fr\/wp-json\/wp\/v2\/product_cat?post=5552"},{"taxonomy":"product_tag","embeddable":true,"href":"https:\/\/schupp.ch\/fr\/wp-json\/wp\/v2\/product_tag?post=5552"}],"curies":[{"name":"wp","href":"https:\/\/api.w.org\/{rel}","templated":true}]}}