{"id":5606,"date":"2024-07-19T12:33:44","date_gmt":"2024-07-19T10:33:44","guid":{"rendered":"https:\/\/schupp.ch\/p\/commutateur-barre-de-poncage\/"},"modified":"2025-11-30T13:48:27","modified_gmt":"2025-11-30T12:48:27","slug":"commutateur-barre-de-poncage","status":"publish","type":"product","link":"https:\/\/schupp.ch\/fr\/p\/commutateur-barre-de-poncage\/","title":{"rendered":"Barre \u00e0 rectifier les collecteurs"},"content":{"rendered":"<p>&nbsp;<\/p>\n<p><strong>Dimensions<\/strong><\/p>\n<table>\n<tbody>\n<tr>\n<td colspan=\"2\" width=\"119\"><strong>Art. No.<\/strong><\/td>\n<td width=\"95\">Taille [mm]<\/td>\n<\/tr>\n<tr>\n<td width=\"98\"><strong>SPX007 <\/strong><strong>1)<\/strong><\/td>\n<td width=\"21\">*<\/td>\n<td width=\"95\">8x22x17 mm<\/td>\n<\/tr>\n<\/tbody>\n<\/table>\n<p>*\u00a0pas d&rsquo;article en stock<\/p>\n<p>1) Quantit\u00e9 minimale par commande : 1 paquet de 10 pi\u00e8ces<\/p>\n<p>&nbsp;<\/p>\n<p>&nbsp;<\/p>\n<p><strong>Indications pour le choix de la dimension des pierres \u00e0 rectifier<\/strong><\/p>\n<p>Les dimensions des pierres \u00e0 rectifier sont toujours indiqu\u00e9es en longueur x largeur x hauteur ( l x b x h ). Pour chaque machine il faudrait toujours utiliser la plus grande surface de frottement possible ( longueur x largeur) La hauteur (h) de la pierre \u00e0 rectifier est d\u00e9termin\u00e9e par le rapport des diam\u00e8tres du collecteur et du bo\u00eetier.<\/p>\n<p>Pierre \u00e0 rectifier pour collecteur (n\u00b0 d\u2019article SP23-XXX) : Ces pierres \u00e0 rectifier doivent avoir une largeur (l) qui recouvre au moins \u00be de la longueur des lamelles, tant qu\u2019elles passe bien entre les culasses des brosses.<\/p>\n<p>Trois ou quatre diff\u00e9rentes grandeurs devraient suffir pour chacun des modes d\u2019exploitation normaux. Apr\u00e8s avoir d\u00e9termin\u00e9 les dimensions approximatives, on peut choisir le prochain n\u00b0 d\u2019article qui convient le mieux.<\/p>\n<p>&nbsp;<\/p>\n","protected":false},"excerpt":{"rendered":"<p>&nbsp;<\/p>\n<h5>Barre en mat\u00e9riau synth\u00e9tique d\u2019une longueur de 210 mm avec une pierre \u00e0 rectifier \u00e0 chaque extr\u00e9mit\u00e9 (8 x 22 x 17 mm). Une pour rectifier fin, l\u2019autre pour polir. Extr\u00e9mit\u00e9s coud\u00e9es pour acc\u00e9der \u00e0 des endroits difficiles. Poign\u00e9e et pierres \u00e0 rectifier ne sont pas conductrices.<\/h5>\n","protected":false},"featured_media":4483,"template":"","meta":{"_acf_changed":false},"product_brand":[],"product_cat":[142,177],"product_tag":[],"class_list":{"0":"post-5606","1":"product","2":"type-product","3":"status-publish","4":"has-post-thumbnail","6":"product_cat-technique-de-bobinage","7":"product_cat-pierres-a-meuler-et-a-polir","9":"first","10":"instock","11":"shipping-taxable","12":"purchasable","13":"product-type-simple"},"acf":[],"_links":{"self":[{"href":"https:\/\/schupp.ch\/fr\/wp-json\/wp\/v2\/product\/5606","targetHints":{"allow":["GET"]}}],"collection":[{"href":"https:\/\/schupp.ch\/fr\/wp-json\/wp\/v2\/product"}],"about":[{"href":"https:\/\/schupp.ch\/fr\/wp-json\/wp\/v2\/types\/product"}],"wp:featuredmedia":[{"embeddable":true,"href":"https:\/\/schupp.ch\/fr\/wp-json\/wp\/v2\/media\/4483"}],"wp:attachment":[{"href":"https:\/\/schupp.ch\/fr\/wp-json\/wp\/v2\/media?parent=5606"}],"wp:term":[{"taxonomy":"product_brand","embeddable":true,"href":"https:\/\/schupp.ch\/fr\/wp-json\/wp\/v2\/product_brand?post=5606"},{"taxonomy":"product_cat","embeddable":true,"href":"https:\/\/schupp.ch\/fr\/wp-json\/wp\/v2\/product_cat?post=5606"},{"taxonomy":"product_tag","embeddable":true,"href":"https:\/\/schupp.ch\/fr\/wp-json\/wp\/v2\/product_tag?post=5606"}],"curies":[{"name":"wp","href":"https:\/\/api.w.org\/{rel}","templated":true}]}}