{"id":5614,"date":"2024-07-19T12:54:38","date_gmt":"2024-07-19T10:54:38","guid":{"rendered":"https:\/\/schupp.ch\/p\/pierres-a-aiguiser-avec-poignee-droite\/"},"modified":"2025-11-30T17:28:31","modified_gmt":"2025-11-30T16:28:31","slug":"pierres-a-aiguiser-avec-poignee-droite","status":"publish","type":"product","link":"https:\/\/schupp.ch\/fr\/p\/pierres-a-aiguiser-avec-poignee-droite\/","title":{"rendered":"Pierres \u00e0 rectifier avec poign\u00e9e droite"},"content":{"rendered":"<p>&nbsp;<\/p>\n<p><strong>Dimensions<\/strong><\/p>\n<table>\n<tbody>\n<tr>\n<td colspan=\"2\" width=\"115\"><strong>Art. No.<\/strong><\/td>\n<td width=\"57\">Longueur [mm]<\/td>\n<td width=\"57\">Largeur [mm]<\/td>\n<td width=\"47\">Hauteur [mm]<\/td>\n<td width=\"189\">Granulom\u00e9trie<\/td>\n<\/tr>\n<tr>\n<td width=\"92\"><strong>SP00-1121<\/strong><\/td>\n<td width=\"22\">*<\/td>\n<td width=\"57\">10<\/td>\n<td width=\"57\">8<\/td>\n<td width=\"47\">10<\/td>\n<td width=\"189\">grossier<\/td>\n<\/tr>\n<tr>\n<td width=\"92\"><strong>SP00-1122<\/strong><\/td>\n<td width=\"22\">*<\/td>\n<td width=\"57\">10<\/td>\n<td width=\"57\">8<\/td>\n<td width=\"47\">10<\/td>\n<td width=\"189\">moyen<\/td>\n<\/tr>\n<tr>\n<td width=\"92\"><strong>SP00-1123<\/strong><\/td>\n<td width=\"22\">*<\/td>\n<td width=\"57\">10<\/td>\n<td width=\"57\">8<\/td>\n<td width=\"47\">10<\/td>\n<td width=\"189\">fine<\/td>\n<\/tr>\n<tr>\n<td width=\"92\"><strong>SP00-1124<\/strong><\/td>\n<td width=\"22\">*<\/td>\n<td width=\"57\">15<\/td>\n<td width=\"57\">15<\/td>\n<td width=\"47\">15<\/td>\n<td width=\"189\">grossier<\/td>\n<\/tr>\n<tr>\n<td width=\"92\"><strong>SP00-1125<\/strong><\/td>\n<td width=\"22\">*<\/td>\n<td width=\"57\">15<\/td>\n<td width=\"57\">15<\/td>\n<td width=\"47\">15<\/td>\n<td width=\"189\">moyen<\/td>\n<\/tr>\n<tr>\n<td width=\"92\"><strong>SP00-1126<\/strong><\/td>\n<td width=\"22\">*<\/td>\n<td width=\"57\">15<\/td>\n<td width=\"57\">15<\/td>\n<td width=\"47\">15<\/td>\n<td width=\"189\">fine<\/td>\n<\/tr>\n<tr>\n<td width=\"92\"><strong>SP00-1127<\/strong><\/td>\n<td width=\"22\">*<\/td>\n<td width=\"57\">20<\/td>\n<td width=\"57\">20<\/td>\n<td width=\"47\">20<\/td>\n<td width=\"189\">grossier<\/td>\n<\/tr>\n<tr>\n<td width=\"92\"><strong>SP00-1128<\/strong><\/td>\n<td width=\"22\">*<\/td>\n<td width=\"57\">20<\/td>\n<td width=\"57\">20<\/td>\n<td width=\"47\">20<\/td>\n<td width=\"189\">moyen<\/td>\n<\/tr>\n<tr>\n<td width=\"92\"><strong>SP00-1129<\/strong><\/td>\n<td width=\"22\">*<\/td>\n<td width=\"57\">20<\/td>\n<td width=\"57\">20<\/td>\n<td width=\"47\">20<\/td>\n<td width=\"189\">fine<\/td>\n<\/tr>\n<tr>\n<td width=\"92\"><strong>SP00-1129a<\/strong><\/td>\n<td width=\"22\">*<\/td>\n<td width=\"57\">20<\/td>\n<td width=\"57\">20<\/td>\n<td width=\"47\">20<\/td>\n<td width=\"189\">un c\u00f4t\u00e9 moyen, un c\u00f4t\u00e9 fin<\/td>\n<\/tr>\n<\/tbody>\n<\/table>\n<p>* Pas d&rsquo;article de stock<\/p>\n<p>&nbsp;<\/p>\n<p>&nbsp;<\/p>\n<p><strong>Indications pour le choix de la dimension des pierres \u00e0 rectifier<\/strong><\/p>\n<p>Les dimensions des pierres \u00e0 rectifier sont toujours indiqu\u00e9es en longueur x largeur x hauteur ( l x b x h ). Pour chaque machine il faudrait toujours utiliser la plus grande surface de frottement possible ( longueur x largeur) La hauteur (h) de la pierre \u00e0 rectifier est d\u00e9termin\u00e9e par le rapport des diam\u00e8tres du collecteur et du bo\u00eetier.<\/p>\n<p>Pierre \u00e0 rectifier pour collecteur (n\u00b0 d\u2019article SP23-XXX) : Ces pierres \u00e0 rectifier doivent avoir une largeur (l) qui recouvre au moins \u00be de la longueur des lamelles, tant qu\u2019elles passe bien entre les culasses des brosses.<\/p>\n<p>Trois ou quatre diff\u00e9rentes grandeurs devraient suffir pour chacun des modes d\u2019exploitation normaux. Apr\u00e8s avoir d\u00e9termin\u00e9 les dimensions approximatives, on peut choisir le prochain n\u00b0 d\u2019article qui convient le mieux.<\/p>\n<p>&nbsp;<\/p>\n","protected":false},"excerpt":{"rendered":"<p>&nbsp;<\/p>\n<h5>Ces pierres \u00e0 rectifier sont utilis\u00e9es pour l&rsquo;usinage de petits moteurs ou de moteurs encapsul\u00e9s, o\u00f9 le collecteur est difficile d&rsquo;acc\u00e8s.<\/h5>\n<p>&nbsp;<\/p>\n","protected":false},"featured_media":4493,"template":"","meta":{"_acf_changed":false},"product_brand":[],"product_cat":[142,177],"product_tag":[],"class_list":{"0":"post-5614","1":"product","2":"type-product","3":"status-publish","4":"has-post-thumbnail","6":"product_cat-technique-de-bobinage","7":"product_cat-pierres-a-meuler-et-a-polir","9":"first","10":"instock","11":"shipping-taxable","12":"purchasable","13":"product-type-simple"},"acf":[],"_links":{"self":[{"href":"https:\/\/schupp.ch\/fr\/wp-json\/wp\/v2\/product\/5614","targetHints":{"allow":["GET"]}}],"collection":[{"href":"https:\/\/schupp.ch\/fr\/wp-json\/wp\/v2\/product"}],"about":[{"href":"https:\/\/schupp.ch\/fr\/wp-json\/wp\/v2\/types\/product"}],"wp:featuredmedia":[{"embeddable":true,"href":"https:\/\/schupp.ch\/fr\/wp-json\/wp\/v2\/media\/4493"}],"wp:attachment":[{"href":"https:\/\/schupp.ch\/fr\/wp-json\/wp\/v2\/media?parent=5614"}],"wp:term":[{"taxonomy":"product_brand","embeddable":true,"href":"https:\/\/schupp.ch\/fr\/wp-json\/wp\/v2\/product_brand?post=5614"},{"taxonomy":"product_cat","embeddable":true,"href":"https:\/\/schupp.ch\/fr\/wp-json\/wp\/v2\/product_cat?post=5614"},{"taxonomy":"product_tag","embeddable":true,"href":"https:\/\/schupp.ch\/fr\/wp-json\/wp\/v2\/product_tag?post=5614"}],"curies":[{"name":"wp","href":"https:\/\/api.w.org\/{rel}","templated":true}]}}