{"id":5616,"date":"2024-07-19T13:11:47","date_gmt":"2024-07-19T11:11:47","guid":{"rendered":"https:\/\/schupp.ch\/p\/pierres-a-aiguiser-avec-poignee-en-forme-detrier\/"},"modified":"2025-11-30T16:06:13","modified_gmt":"2025-11-30T15:06:13","slug":"pierres-a-aiguiser-avec-poignee-en-forme-detrier","status":"publish","type":"product","link":"https:\/\/schupp.ch\/fr\/p\/pierres-a-aiguiser-avec-poignee-en-forme-detrier\/","title":{"rendered":"Pierre \u00e0 rectifier avec poign\u00e9e \u00e9trier"},"content":{"rendered":"<p>&nbsp;<\/p>\n<p><strong>Dimensions<\/strong><\/p>\n<table>\n<tbody>\n<tr>\n<td colspan=\"2\" width=\"110\"><strong>Art. No.<\/strong><\/td>\n<td width=\"66\">Longueur L [mm]<\/td>\n<td width=\"64\">Largeur W [mm]<\/td>\n<td width=\"59\">Hauteur T mm]<\/td>\n<td width=\"119\">Granulom\u00e9trie<\/td>\n<\/tr>\n<tr>\n<td width=\"93\"><strong>SP00-1160<\/strong><\/td>\n<td width=\"17\">*<\/td>\n<td width=\"66\">125<\/td>\n<td width=\"64\">75<\/td>\n<td width=\"59\">50<\/td>\n<td width=\"119\">grossier<\/td>\n<\/tr>\n<tr>\n<td width=\"93\"><strong>SP00-1161<\/strong><\/td>\n<td width=\"17\">*<\/td>\n<td width=\"66\">125<\/td>\n<td width=\"64\">75<\/td>\n<td width=\"59\">50<\/td>\n<td width=\"119\">moyen<\/td>\n<\/tr>\n<tr>\n<td width=\"93\"><strong>SP00-1162<\/strong><\/td>\n<td width=\"17\">*<\/td>\n<td width=\"66\">125<\/td>\n<td width=\"64\">75<\/td>\n<td width=\"59\">50<\/td>\n<td width=\"119\">fine<\/td>\n<\/tr>\n<tr>\n<td width=\"93\"><strong>SP00-1163<\/strong><\/td>\n<td width=\"17\">*<\/td>\n<td width=\"66\">150<\/td>\n<td width=\"64\">75<\/td>\n<td width=\"59\">50<\/td>\n<td width=\"119\">grossier<\/td>\n<\/tr>\n<tr>\n<td width=\"93\"><strong>SP00-1164<\/strong><\/td>\n<td width=\"17\">*<\/td>\n<td width=\"66\">150<\/td>\n<td width=\"64\">75<\/td>\n<td width=\"59\">50<\/td>\n<td width=\"119\">moyen<\/td>\n<\/tr>\n<tr>\n<td width=\"93\"><strong>SP00-1165<\/strong><\/td>\n<td width=\"17\">*<\/td>\n<td width=\"66\">150<\/td>\n<td width=\"64\">75<\/td>\n<td width=\"59\">50<\/td>\n<td width=\"119\">fine<\/td>\n<\/tr>\n<\/tbody>\n<\/table>\n<ul>\n<li>pas d&rsquo;article de stock<\/li>\n<\/ul>\n<p>&nbsp;<\/p>\n<p>&nbsp;<\/p>\n<p><strong>Indications pour le choix de la dimension des pierres \u00e0 rectifier<\/strong><\/p>\n<p>Les dimensions des pierres \u00e0 rectifier sont toujours indiqu\u00e9es en longueur x largeur x hauteur ( l x b x h ). Pour chaque machine il faudrait toujours utiliser la plus grande surface de frottement possible ( longueur x largeur) La hauteur (h) de la pierre \u00e0 rectifier est d\u00e9termin\u00e9e par le rapport des diam\u00e8tres du collecteur et du bo\u00eetier.<\/p>\n<p>Pierre \u00e0 rectifier pour collecteur (n\u00b0 d\u2019article SP23-XXX) : Ces pierres \u00e0 rectifier doivent avoir une largeur (l) qui recouvre au moins \u00be de la longueur des lamelles, tant qu\u2019elles passe bien entre les culasses des brosses.<\/p>\n<p>Trois ou quatre diff\u00e9rentes grandeurs devraient suffir pour chacun des modes d\u2019exploitation normaux. Apr\u00e8s avoir d\u00e9termin\u00e9 les dimensions approximatives, on peut choisir le prochain n\u00b0 d\u2019article qui convient le mieux.<\/p>\n<p>&nbsp;<\/p>\n","protected":false},"excerpt":{"rendered":"<p>&nbsp;<\/p>\n<h5>Cette pierre \u00e0 rectifier est fait pour une utilisation sur les gros moteurs et les g\u00e9n\u00e9rateurs. Poign\u00e9e mont\u00e9e parall\u00e8lement \u00e0 la direction longitudinale.<\/h5>\n","protected":false},"featured_media":4513,"template":"","meta":{"_acf_changed":false},"product_brand":[],"product_cat":[142,177],"product_tag":[],"class_list":{"0":"post-5616","1":"product","2":"type-product","3":"status-publish","4":"has-post-thumbnail","6":"product_cat-technique-de-bobinage","7":"product_cat-pierres-a-meuler-et-a-polir","9":"first","10":"instock","11":"shipping-taxable","12":"purchasable","13":"product-type-simple"},"acf":[],"_links":{"self":[{"href":"https:\/\/schupp.ch\/fr\/wp-json\/wp\/v2\/product\/5616","targetHints":{"allow":["GET"]}}],"collection":[{"href":"https:\/\/schupp.ch\/fr\/wp-json\/wp\/v2\/product"}],"about":[{"href":"https:\/\/schupp.ch\/fr\/wp-json\/wp\/v2\/types\/product"}],"wp:featuredmedia":[{"embeddable":true,"href":"https:\/\/schupp.ch\/fr\/wp-json\/wp\/v2\/media\/4513"}],"wp:attachment":[{"href":"https:\/\/schupp.ch\/fr\/wp-json\/wp\/v2\/media?parent=5616"}],"wp:term":[{"taxonomy":"product_brand","embeddable":true,"href":"https:\/\/schupp.ch\/fr\/wp-json\/wp\/v2\/product_brand?post=5616"},{"taxonomy":"product_cat","embeddable":true,"href":"https:\/\/schupp.ch\/fr\/wp-json\/wp\/v2\/product_cat?post=5616"},{"taxonomy":"product_tag","embeddable":true,"href":"https:\/\/schupp.ch\/fr\/wp-json\/wp\/v2\/product_tag?post=5616"}],"curies":[{"name":"wp","href":"https:\/\/api.w.org\/{rel}","templated":true}]}}