{"id":5619,"date":"2024-07-30T17:28:10","date_gmt":"2024-07-30T15:28:10","guid":{"rendered":"https:\/\/schupp.ch\/p\/aile-de-ventilateur-a-pince-mec-serie-kk-en-plastique\/"},"modified":"2026-02-18T14:38:33","modified_gmt":"2026-02-18T13:38:33","slug":"aile-de-ventilateur-a-pince-mec-serie-kk-en-plastique","status":"publish","type":"product","link":"https:\/\/schupp.ch\/fr\/p\/aile-de-ventilateur-a-pince-mec-serie-kk-en-plastique\/","title":{"rendered":"Ailettes de ventilateur \u00e0 serrage, norme MEC s\u00e9rie KK en mati\u00e8re synth\u00e9tique"},"content":{"rendered":"<p>&nbsp;<\/p>\n<table style=\"height: 266px;\" width=\"987\">\n<tbody>\n<tr>\n<td width=\"302\"><img loading=\"lazy\" decoding=\"async\" class=\" wp-image-4880 aligncenter\" src=\"https:\/\/schupp.ch\/wp-content\/uploads\/2024\/07\/LFKK_Bild_A.jpg\" alt=\"\" width=\"416\" height=\"316\" \/><\/p>\n<p style=\"text-align: center;\">Figure A<\/p>\n<\/td>\n<td width=\"302\"><img loading=\"lazy\" decoding=\"async\" class=\" wp-image-4883 aligncenter\" src=\"https:\/\/schupp.ch\/wp-content\/uploads\/2024\/07\/LFKK_Masszeichnung_A-300x147.jpg\" alt=\"\" width=\"506\" height=\"248\" srcset=\"https:\/\/schupp.ch\/wp-content\/uploads\/2024\/07\/LFKK_Masszeichnung_A-300x147.jpg 300w, https:\/\/schupp.ch\/wp-content\/uploads\/2024\/07\/LFKK_Masszeichnung_A-600x294.jpg 600w, https:\/\/schupp.ch\/wp-content\/uploads\/2024\/07\/LFKK_Masszeichnung_A.jpg 620w\" sizes=\"auto, (max-width: 506px) 100vw, 506px\" \/><\/td>\n<\/tr>\n<\/tbody>\n<\/table>\n<p>&nbsp;<\/p>\n<p><strong>Mat\u00e9riau:<br \/>\n<\/strong>mati\u00e8re synth\u00e9tique, resistant \u00e0 la temp\u00e9rature jusqu\u2018 \u00e0 +180\u00b0 C<\/p>\n<p>&nbsp;<\/p>\n<table>\n<tbody>\n<tr>\n<td colspan=\"2\" width=\"109\"><strong>Art. No.<\/strong><\/td>\n<td width=\"58\">Figure<\/td>\n<td width=\"50\">\u2205 D<\/td>\n<td width=\"60\">\u2205 A<\/td>\n<td width=\"51\">H<\/td>\n<td width=\"63\">E<\/td>\n<td width=\"54\">\u2205 F<\/td>\n<td width=\"54\">G<\/td>\n<td width=\"64\">S<\/td>\n<td width=\"66\">R<\/td>\n<\/tr>\n<tr>\n<td width=\"90\"><strong>LFKK063\/15<\/strong><\/td>\n<td width=\"19\"><span style=\"color: #00ff00;\">\u2666<\/span><\/td>\n<td width=\"58\">A<\/td>\n<td width=\"50\">15<\/td>\n<td width=\"60\">105<\/td>\n<td width=\"51\">24<\/td>\n<td width=\"63\">19<\/td>\n<td width=\"54\">90<\/td>\n<td width=\"54\">5<\/td>\n<td width=\"64\">18<\/td>\n<td width=\"66\">14<\/td>\n<\/tr>\n<tr>\n<td width=\"90\"><strong>LFKK071\/14<\/strong><\/td>\n<td width=\"19\"><span style=\"color: #00ff00;\">\u2666<\/span><\/td>\n<td width=\"58\">A<\/td>\n<td width=\"50\">14<\/td>\n<td width=\"60\">125<\/td>\n<td width=\"51\">30<\/td>\n<td width=\"63\">22<\/td>\n<td width=\"54\">105<\/td>\n<td width=\"54\">8<\/td>\n<td width=\"64\">20<\/td>\n<td width=\"66\">15<\/td>\n<\/tr>\n<tr>\n<td width=\"90\"><strong>LFKK071\/17<\/strong><\/td>\n<td width=\"19\"><span style=\"color: #00ff00;\">\u2666<\/span><\/td>\n<td width=\"58\">A<\/td>\n<td width=\"50\">17<\/td>\n<td width=\"60\">125<\/td>\n<td width=\"51\">30<\/td>\n<td width=\"63\">22<\/td>\n<td width=\"54\">105<\/td>\n<td width=\"54\">8<\/td>\n<td width=\"64\">20<\/td>\n<td width=\"66\">15<\/td>\n<\/tr>\n<tr>\n<td width=\"90\"><strong>LFKK080\/20<\/strong><\/td>\n<td width=\"19\"><span style=\"color: #00ff00;\">\u2666<\/span><\/td>\n<td width=\"58\">A<\/td>\n<td width=\"50\">20<\/td>\n<td width=\"60\">135<\/td>\n<td width=\"51\">32<\/td>\n<td width=\"63\">25<\/td>\n<td width=\"54\">115<\/td>\n<td width=\"54\">7<\/td>\n<td width=\"64\">25<\/td>\n<td width=\"66\">20<\/td>\n<\/tr>\n<tr>\n<td width=\"90\"><strong>LFKK090\/25<\/strong><\/td>\n<td width=\"19\"><span style=\"color: #00ff00;\">\u2666<\/span><\/td>\n<td width=\"58\">A<\/td>\n<td width=\"50\">25<\/td>\n<td width=\"60\">160<\/td>\n<td width=\"51\">37<\/td>\n<td width=\"63\">31<\/td>\n<td width=\"54\">135<\/td>\n<td width=\"54\">12<\/td>\n<td width=\"64\">25<\/td>\n<td width=\"66\">32<\/td>\n<\/tr>\n<tr>\n<td width=\"90\"><strong>LFKK100\/30<\/strong><\/td>\n<td width=\"19\"><span style=\"color: #00ff00;\">\u2666<\/span><\/td>\n<td width=\"58\">A<\/td>\n<td width=\"50\">30<\/td>\n<td width=\"60\">180<\/td>\n<td width=\"51\">42<\/td>\n<td width=\"63\">36<\/td>\n<td width=\"54\">153<\/td>\n<td width=\"54\">12<\/td>\n<td width=\"64\">28<\/td>\n<td width=\"66\">30<\/td>\n<\/tr>\n<tr>\n<td width=\"90\"><strong>LFKK112\/30<\/strong><\/td>\n<td width=\"19\"><span style=\"color: #00ff00;\">\u2666<\/span><\/td>\n<td width=\"58\">A<\/td>\n<td width=\"50\">30<\/td>\n<td width=\"60\">194<\/td>\n<td width=\"51\">43<\/td>\n<td width=\"63\">36<\/td>\n<td width=\"54\">150<\/td>\n<td width=\"54\">12<\/td>\n<td width=\"64\">31<\/td>\n<td width=\"66\">27<\/td>\n<\/tr>\n<tr>\n<td width=\"90\"><strong>LFKK132\/40<\/strong><\/td>\n<td width=\"19\"><span style=\"color: #00ff00;\">\u2666<\/span><\/td>\n<td width=\"58\">A<\/td>\n<td width=\"50\">40<\/td>\n<td width=\"60\">229<\/td>\n<td width=\"51\">44<\/td>\n<td width=\"63\">45<\/td>\n<td width=\"54\">160<\/td>\n<td width=\"54\">12<\/td>\n<td width=\"64\">32<\/td>\n<td width=\"66\">40<\/td>\n<\/tr>\n<tr>\n<td width=\"90\"><strong>LFKK160\/45<\/strong><\/td>\n<td width=\"19\"><span style=\"color: #00ff00;\">\u2666<\/span><\/td>\n<td width=\"58\">A<\/td>\n<td width=\"50\">45<\/td>\n<td width=\"60\">290<\/td>\n<td width=\"51\">52<\/td>\n<td width=\"63\">53<\/td>\n<td width=\"54\">220<\/td>\n<td width=\"54\">12<\/td>\n<td width=\"64\">32<\/td>\n<td width=\"66\">50<\/td>\n<\/tr>\n<\/tbody>\n<\/table>\n<p><span style=\"color: #00ff00;\"><br \/>\n\u2666<\/span> en stock ou en magasin d&rsquo;usine<\/p>\n<p>&nbsp;<\/p>\n<p>&nbsp;<\/p>\n<table style=\"height: 266px;\" width=\"987\">\n<tbody>\n<tr>\n<td width=\"302\"><img loading=\"lazy\" decoding=\"async\" class=\" wp-image-4887 aligncenter\" src=\"https:\/\/schupp.ch\/wp-content\/uploads\/2024\/07\/LFKK_Bild_B-300x230.jpg\" alt=\"\" width=\"411\" height=\"315\" srcset=\"https:\/\/schupp.ch\/wp-content\/uploads\/2024\/07\/LFKK_Bild_B-300x230.jpg 300w, https:\/\/schupp.ch\/wp-content\/uploads\/2024\/07\/LFKK_Bild_B.jpg 383w\" sizes=\"auto, (max-width: 411px) 100vw, 411px\" \/><\/p>\n<p style=\"text-align: center;\">Figure B<\/p>\n<\/td>\n<td width=\"302\"><img loading=\"lazy\" decoding=\"async\" class=\" wp-image-4890 aligncenter\" src=\"https:\/\/schupp.ch\/wp-content\/uploads\/2024\/07\/LFKK_Masszeichnung_B-300x252.jpg\" alt=\"\" width=\"405\" height=\"340\" srcset=\"https:\/\/schupp.ch\/wp-content\/uploads\/2024\/07\/LFKK_Masszeichnung_B-300x252.jpg 300w, https:\/\/schupp.ch\/wp-content\/uploads\/2024\/07\/LFKK_Masszeichnung_B.jpg 425w\" sizes=\"auto, (max-width: 405px) 100vw, 405px\" \/><\/td>\n<\/tr>\n<\/tbody>\n<\/table>\n<p>&nbsp;<\/p>\n<p><strong>Mat\u00e9riau:<br \/>\n<\/strong>PPN (Polypropyl\u00e8ne), r\u00e9sistant \u00e0 la temp\u00e9rature de -15\u00b0C jusqu\u2019\u00e0 +100\u00b0C (140\u00b0C \u00e0 courtes termes)<\/p>\n<p>&nbsp;<\/p>\n<table>\n<tbody>\n<tr>\n<td colspan=\"2\" width=\"124\"><strong>Art. No.<\/strong><\/td>\n<td width=\"59\">Figure<\/td>\n<td width=\"44\">\u2205 D<\/td>\n<td width=\"45\">\u2205 A<\/td>\n<td width=\"47\">\u2205 B<\/td>\n<td width=\"43\">\u2205 C<\/td>\n<td width=\"44\">E<\/td>\n<td width=\"47\">G<\/td>\n<td width=\"42\">H<\/td>\n<td width=\"42\">T<\/td>\n<td width=\"38\">Fz<\/td>\n<td width=\"54\">P\u00f4les<\/td>\n<\/tr>\n<tr>\n<td width=\"93\"><strong>LFKK225\/65<\/strong><\/td>\n<td width=\"32\"><span style=\"color: #00ff00;\">\u2666<\/span><\/td>\n<td width=\"59\">B<\/td>\n<td width=\"44\">65<\/td>\n<td width=\"45\">410<\/td>\n<td width=\"47\">310<\/td>\n<td width=\"43\">86<\/td>\n<td width=\"44\">65<\/td>\n<td width=\"47\">24<\/td>\n<td width=\"42\">40<\/td>\n<td width=\"42\">104<\/td>\n<td width=\"38\">9<\/td>\n<td width=\"54\">4 &#8211; 6<\/td>\n<\/tr>\n<tr>\n<td width=\"93\"><strong>LFKK250\/70<\/strong><\/td>\n<td width=\"32\"><span style=\"color: #00ff00;\">\u2666<\/span><\/td>\n<td width=\"59\">B<\/td>\n<td width=\"44\">70<\/td>\n<td width=\"45\">452<\/td>\n<td width=\"47\">341<\/td>\n<td width=\"43\">94<\/td>\n<td width=\"44\">65<\/td>\n<td width=\"47\">20<\/td>\n<td width=\"42\">45<\/td>\n<td width=\"42\">110<\/td>\n<td width=\"38\">9<\/td>\n<td width=\"54\">4 &#8211; 6<\/td>\n<\/tr>\n<tr>\n<td width=\"93\"><strong>LFKK280\/75<\/strong><\/td>\n<td width=\"32\"><span style=\"color: #00ff00;\">\u2666<\/span><\/td>\n<td width=\"59\">B<\/td>\n<td width=\"44\">75<\/td>\n<td width=\"45\">515<\/td>\n<td width=\"47\">371<\/td>\n<td width=\"43\">100<\/td>\n<td width=\"44\">71<\/td>\n<td width=\"47\">29<\/td>\n<td width=\"42\">45<\/td>\n<td width=\"42\">116<\/td>\n<td width=\"38\">9<\/td>\n<td width=\"54\">4 &#8211; 6<\/td>\n<\/tr>\n<\/tbody>\n<\/table>\n<p>&nbsp;<\/p>\n<p><span style=\"color: #00ff00;\">\u2666<\/span> en stock ou en magasin d&rsquo;usine<\/p>\n<p>&nbsp;<\/p>\n","protected":false},"excerpt":{"rendered":"<p>&nbsp;<\/p>\n<h5>Pour la production et r\u00e9paration de moteurs \u00e9lectriques, nous proposons une gamme compl\u00e8te d&rsquo;ailettes de ventilateur synth\u00e9tique et en aluminium. Les dimensions standard sont disponibles de stock pour livraison imm\u00e9diate.<\/h5>\n<p>&nbsp;<\/p>\n<p>&nbsp;<\/p>\n","protected":false},"featured_media":4882,"template":"","meta":{"_acf_changed":false},"product_brand":[],"product_cat":[142,144],"product_tag":[],"class_list":{"0":"post-5619","1":"product","2":"type-product","3":"status-publish","4":"has-post-thumbnail","6":"product_cat-technique-de-bobinage","7":"product_cat-pales-de-ventilateur-capots-et-flasques","9":"first","10":"instock","11":"shipping-taxable","12":"purchasable","13":"product-type-simple"},"acf":[],"_links":{"self":[{"href":"https:\/\/schupp.ch\/fr\/wp-json\/wp\/v2\/product\/5619","targetHints":{"allow":["GET"]}}],"collection":[{"href":"https:\/\/schupp.ch\/fr\/wp-json\/wp\/v2\/product"}],"about":[{"href":"https:\/\/schupp.ch\/fr\/wp-json\/wp\/v2\/types\/product"}],"wp:featuredmedia":[{"embeddable":true,"href":"https:\/\/schupp.ch\/fr\/wp-json\/wp\/v2\/media\/4882"}],"wp:attachment":[{"href":"https:\/\/schupp.ch\/fr\/wp-json\/wp\/v2\/media?parent=5619"}],"wp:term":[{"taxonomy":"product_brand","embeddable":true,"href":"https:\/\/schupp.ch\/fr\/wp-json\/wp\/v2\/product_brand?post=5619"},{"taxonomy":"product_cat","embeddable":true,"href":"https:\/\/schupp.ch\/fr\/wp-json\/wp\/v2\/product_cat?post=5619"},{"taxonomy":"product_tag","embeddable":true,"href":"https:\/\/schupp.ch\/fr\/wp-json\/wp\/v2\/product_tag?post=5619"}],"curies":[{"name":"wp","href":"https:\/\/api.w.org\/{rel}","templated":true}]}}