{"id":5620,"date":"2024-07-19T13:18:32","date_gmt":"2024-07-19T11:18:32","guid":{"rendered":"https:\/\/schupp.ch\/p\/pierres-a-aiguiser-avec-poignee-a-double-etrier\/"},"modified":"2025-11-30T16:45:52","modified_gmt":"2025-11-30T15:45:52","slug":"pierres-a-aiguiser-avec-poignee-a-double-etrier","status":"publish","type":"product","link":"https:\/\/schupp.ch\/fr\/p\/pierres-a-aiguiser-avec-poignee-a-double-etrier\/","title":{"rendered":"Pierres \u00e0 rectifier avec double poign\u00e9e \u00e9trier"},"content":{"rendered":"<p>&nbsp;<\/p>\n<p><strong>Dimensions<\/strong><\/p>\n<table>\n<tbody>\n<tr>\n<td colspan=\"2\" width=\"113\"><strong>Art. No.<\/strong><\/td>\n<td width=\"66\">Longueur L [mm]<\/td>\n<td width=\"59\">Largeur W [mm]<\/td>\n<td width=\"55\">Hauteur T [mm]<\/td>\n<td width=\"84\">Granulom\u00e9trie<\/td>\n<\/tr>\n<tr>\n<td width=\"95\"><strong>SP00-1166<\/strong><\/td>\n<td width=\"19\">*<\/td>\n<td width=\"66\">200<\/td>\n<td width=\"59\">100<\/td>\n<td width=\"55\">75<\/td>\n<td width=\"84\">grossier<\/td>\n<\/tr>\n<tr>\n<td width=\"95\"><strong>SP00-1167<\/strong><\/td>\n<td width=\"19\">*<\/td>\n<td width=\"66\">200<\/td>\n<td width=\"59\">100<\/td>\n<td width=\"55\">75<\/td>\n<td width=\"84\">moyen<\/td>\n<\/tr>\n<tr>\n<td width=\"95\"><strong>SP00-1168<\/strong><\/td>\n<td width=\"19\">*<\/td>\n<td width=\"66\">200<\/td>\n<td width=\"59\">100<\/td>\n<td width=\"55\">75<\/td>\n<td width=\"84\">fine<\/td>\n<\/tr>\n<tr>\n<td width=\"95\"><strong>SP00-1169<\/strong><\/td>\n<td width=\"19\">*<\/td>\n<td width=\"66\">220<\/td>\n<td width=\"59\">110<\/td>\n<td width=\"55\">75<\/td>\n<td width=\"84\">grossier<\/td>\n<\/tr>\n<tr>\n<td width=\"95\"><strong>SP00-1170<\/strong><\/td>\n<td width=\"19\">*<\/td>\n<td width=\"66\">220<\/td>\n<td width=\"59\">110<\/td>\n<td width=\"55\">75<\/td>\n<td width=\"84\">moyen<\/td>\n<\/tr>\n<tr>\n<td width=\"95\"><strong>SP00-1171<\/strong><\/td>\n<td width=\"19\">*<\/td>\n<td width=\"66\">220<\/td>\n<td width=\"59\">110<\/td>\n<td width=\"55\">75<\/td>\n<td width=\"84\">fine<\/td>\n<\/tr>\n<tr>\n<td width=\"95\"><strong>SP00-1172<\/strong><\/td>\n<td width=\"19\">*<\/td>\n<td width=\"66\">150<\/td>\n<td width=\"59\">140<\/td>\n<td width=\"55\">75<\/td>\n<td width=\"84\">grossier<\/td>\n<\/tr>\n<tr>\n<td width=\"95\"><strong>SP00-1173<\/strong><\/td>\n<td width=\"19\">*<\/td>\n<td width=\"66\">150<\/td>\n<td width=\"59\">140<\/td>\n<td width=\"55\">75<\/td>\n<td width=\"84\">moyen<\/td>\n<\/tr>\n<tr>\n<td width=\"95\"><strong>SP00-1174<\/strong><\/td>\n<td width=\"19\">*<\/td>\n<td width=\"66\">150<\/td>\n<td width=\"59\">140<\/td>\n<td width=\"55\">75<\/td>\n<td width=\"84\">fine<\/td>\n<\/tr>\n<tr>\n<td width=\"95\"><strong>SP00-1175<\/strong><\/td>\n<td width=\"19\">*<\/td>\n<td width=\"66\">230<\/td>\n<td width=\"59\">130<\/td>\n<td width=\"55\">75<\/td>\n<td width=\"84\">grossier<\/td>\n<\/tr>\n<tr>\n<td width=\"95\"><strong>SP00-1176<\/strong><\/td>\n<td width=\"19\">*<\/td>\n<td width=\"66\">230<\/td>\n<td width=\"59\">130<\/td>\n<td width=\"55\">75<\/td>\n<td width=\"84\">moyen<\/td>\n<\/tr>\n<tr>\n<td width=\"95\"><strong>SP00-1177<\/strong><\/td>\n<td width=\"19\">*<\/td>\n<td width=\"66\">230<\/td>\n<td width=\"59\">130<\/td>\n<td width=\"55\">75<\/td>\n<td width=\"84\">fine<\/td>\n<\/tr>\n<\/tbody>\n<\/table>\n<p>*\u00a0pas d&rsquo;article de stock<\/p>\n<p>&nbsp;<\/p>\n<p>&nbsp;<\/p>\n<p><strong>Indications pour le choix de la dimension des pierres \u00e0 rectifier<\/strong><\/p>\n<p>Les dimensions des pierres \u00e0 rectifier sont toujours indiqu\u00e9es en longueur x largeur x hauteur ( l x b x h ). Pour chaque machine il faudrait toujours utiliser la plus grande surface de frottement possible ( longueur x largeur) La hauteur (h) de la pierre \u00e0 rectifier est d\u00e9termin\u00e9e par le rapport des diam\u00e8tres du collecteur et du bo\u00eetier.<\/p>\n<p>Pierre \u00e0 rectifier pour collecteur (n\u00b0 d\u2019article SP23-XXX) : Ces pierres \u00e0 rectifier doivent avoir une largeur (l) qui recouvre au moins \u00be de la longueur des lamelles, tant qu\u2019elles passe bien entre les culasses des brosses.<\/p>\n<p>Trois ou quatre diff\u00e9rentes grandeurs devraient suffir pour chacun des modes d\u2019exploitation normaux. Apr\u00e8s avoir d\u00e9termin\u00e9 les dimensions approximatives, on peut choisir le prochain n\u00b0 d\u2019article qui convient le mieux.<\/p>\n<p>&nbsp;<\/p>\n","protected":false},"excerpt":{"rendered":"<p>&nbsp;<\/p>\n<h5>Pierres \u00e0 rectifier pour les gros moteurs et les g\u00e9n\u00e9rateurs avec double poign\u00e9e pour un guidage \u00e0 deux mains.<\/h5>\n<p>&nbsp;<\/p>\n","protected":false},"featured_media":4518,"template":"","meta":{"_acf_changed":false},"product_brand":[],"product_cat":[142,177],"product_tag":[],"class_list":{"0":"post-5620","1":"product","2":"type-product","3":"status-publish","4":"has-post-thumbnail","6":"product_cat-technique-de-bobinage","7":"product_cat-pierres-a-meuler-et-a-polir","9":"first","10":"instock","11":"shipping-taxable","12":"purchasable","13":"product-type-simple"},"acf":[],"_links":{"self":[{"href":"https:\/\/schupp.ch\/fr\/wp-json\/wp\/v2\/product\/5620","targetHints":{"allow":["GET"]}}],"collection":[{"href":"https:\/\/schupp.ch\/fr\/wp-json\/wp\/v2\/product"}],"about":[{"href":"https:\/\/schupp.ch\/fr\/wp-json\/wp\/v2\/types\/product"}],"wp:featuredmedia":[{"embeddable":true,"href":"https:\/\/schupp.ch\/fr\/wp-json\/wp\/v2\/media\/4518"}],"wp:attachment":[{"href":"https:\/\/schupp.ch\/fr\/wp-json\/wp\/v2\/media?parent=5620"}],"wp:term":[{"taxonomy":"product_brand","embeddable":true,"href":"https:\/\/schupp.ch\/fr\/wp-json\/wp\/v2\/product_brand?post=5620"},{"taxonomy":"product_cat","embeddable":true,"href":"https:\/\/schupp.ch\/fr\/wp-json\/wp\/v2\/product_cat?post=5620"},{"taxonomy":"product_tag","embeddable":true,"href":"https:\/\/schupp.ch\/fr\/wp-json\/wp\/v2\/product_tag?post=5620"}],"curies":[{"name":"wp","href":"https:\/\/api.w.org\/{rel}","templated":true}]}}