{"id":5622,"date":"2024-08-30T11:16:43","date_gmt":"2024-08-30T09:16:43","guid":{"rendered":"https:\/\/schupp.ch\/p\/modele-de-marqueurs-de-saut\/"},"modified":"2024-12-23T09:41:46","modified_gmt":"2024-12-23T08:41:46","slug":"modele-de-marqueurs-de-saut","status":"publish","type":"product","link":"https:\/\/schupp.ch\/fr\/p\/modele-de-marqueurs-de-saut\/","title":{"rendered":"Mod\u00e8le de marqueurs de saut"},"content":{"rendered":"<h3 id=\"blanke-draehte\">Fils nus ronds et plats<\/h3>\n<p>&nbsp;<\/p>\n<p><img loading=\"lazy\" decoding=\"async\" class=\"alignnone size-medium wp-image-4962\" src=\"https:\/\/schupp.s7.hanse-server.de\/wp-content\/uploads\/2024\/01\/Wickelleiter_01-300x300.jpg\" alt=\"\" width=\"300\" height=\"300\" \/> <img loading=\"lazy\" decoding=\"async\" class=\"alignnone size-medium wp-image-4965\" src=\"https:\/\/schupp.s7.hanse-server.de\/wp-content\/uploads\/2024\/01\/Wickelleiter_02-300x300.jpg\" alt=\"\" width=\"300\" height=\"300\" \/><\/p>\n<p>&nbsp;<\/p>\n<p><strong>Dimensions :<br \/>\n<\/strong>Fils ronds de 0,30 \u00e0 15 mm de diam\u00e8tre, fils plats jusqu&rsquo;\u00e0 160 mm2 max.<\/p>\n<p><strong>Mat\u00e9riaux conducteurs :<br \/>\n<\/strong>Alu 1370, Cu-ETP, Cu-OF, CuAG0.03 Autres alliages sur demande Placage avec de l&rsquo;\u00e9tain ou de l&rsquo;argent<\/p>\n<p>&nbsp;<\/p>\n<p>&nbsp;<\/p>\n<h3 id=\"isolierte-litzen\">Fils isol\u00e9s ronds et plats<\/h3>\n<p>&nbsp;<\/p>\n<p><strong>Torons ronds<\/strong><\/p>\n<p><img loading=\"lazy\" decoding=\"async\" class=\"alignnone size-medium wp-image-4968\" src=\"https:\/\/schupp.s7.hanse-server.de\/wp-content\/uploads\/2024\/01\/Wickelleiter_03-300x300.jpg\" alt=\"\" width=\"300\" height=\"300\" \/><\/p>\n<p>&nbsp;<\/p>\n<p><strong>Dimensions :<br \/>\n<\/strong>Sections de 2 \u00e0 2&rsquo;000 mm2, diam\u00e8tre isol\u00e9 max. 60 mm Diam\u00e8tre des fils individuels de 0,07 \u00e0 3,15 mm \u00c9paisseur d&rsquo;isolation jusqu&rsquo;\u00e0 20 mm<\/p>\n<p><strong>Mat\u00e9riaux conducteurs :<br \/>\n<\/strong>Al 1370, Cu-ETP, Cu-OF Autres alliages sur demande<\/p>\n<p>&nbsp;<\/p>\n<p>&nbsp;<\/p>\n<h3>Fils isol\u00e9s ronds et plats<\/h3>\n<p>&nbsp;<\/p>\n<p><strong><em> <img loading=\"lazy\" decoding=\"async\" class=\"alignnone size-medium wp-image-4974\" src=\"https:\/\/schupp.s7.hanse-server.de\/wp-content\/uploads\/2024\/01\/Wickelleiter_05-300x300.jpg\" alt=\"\" width=\"300\" height=\"300\" \/> <img loading=\"lazy\" decoding=\"async\" class=\"alignnone size-medium wp-image-4971\" src=\"https:\/\/schupp.s7.hanse-server.de\/wp-content\/uploads\/2024\/01\/Wickelleiter_04-300x300.jpg\" alt=\"\" width=\"300\" height=\"300\" \/><\/em><\/strong><\/p>\n<p>&nbsp;<\/p>\n<p>&nbsp;<\/p>\n<p><strong>Dimensions : <\/strong><\/p>\n<p><strong><br \/>\nFils plats<\/strong><\/p>\n<ul>\n<li>standard de 4 \u00e0 129 mm2<\/li>\n<li>sur mesure de 2,00 x 3,99 \u00e0 130 x 160 mm2 (\u00e9paisseur maximale de 30 mm)<\/li>\n<li>Conducteurs en faisceau isol\u00e9s jusqu&rsquo;\u00e0 une largeur maximale de 32 mm<\/li>\n<\/ul>\n<p><strong>Fils ronds<\/strong><\/p>\n<ul>\n<li>de 0,71 \u00e0 20 mm de diam\u00e8tre<\/li>\n<li>autres dimensions sur demande<\/li>\n<\/ul>\n<p><strong>Mat\u00e9riaux conducteurs :<br \/>\n<\/strong>Alu 1370, Cu-ETP, Cu-OF,CuAg0.03, autres alliages sur demande Placage avec de l&rsquo;\u00e9tain ou de l&rsquo;argent<\/p>\n<p><strong>Mat\u00e9riaux isolants :<br \/>\n<\/strong>Papier kraft lisse ou cr\u00eap\u00e9 (105\u00b0C)<br \/>\nFilm polyester (130\u00b0C) Mica\/polyester (155\u00b0C)<br \/>\nMica\/tissu de verre (155\u00b0C)<br \/>\nPapier aramide Nomex\u00ae 410 (180\u00b0C)<br \/>\nFilm polyimide (220\u00b0C) Ces mat\u00e9riaux peuvent \u00e9galement \u00eatre recouverts d&rsquo;un vernis \u00e0 cuire. Ruban de coton (90\u00b0C), Ruban de tissu de verre (220\u00b0C), Fil de coton pour tressage ou repliage (90\u00b0C)<\/p>\n<p><strong>Types de bandage : <\/strong><\/p>\n<p><img loading=\"lazy\" decoding=\"async\" class=\"alignnone wp-image-4978\" src=\"https:\/\/schupp.s7.hanse-server.de\/wp-content\/uploads\/2024\/08\/Wickelleiter_06-300x300.jpg\" alt=\"\" width=\"840\" height=\"840\" \/><\/p>\n<p>&nbsp;<\/p>\n<p>&nbsp;<\/p>\n<h3 id=\"presslitzen\">Tresses \u00e0 sertir<\/h3>\n<p><img loading=\"lazy\" decoding=\"async\" class=\"alignnone wp-image-4981\" src=\"https:\/\/schupp.s7.hanse-server.de\/wp-content\/uploads\/2024\/08\/Wickelleiter_07-300x300.jpg\" alt=\"\" width=\"449\" height=\"449\" \/><\/p>\n<p><strong>Dimensions :<br \/>\n<\/strong>Sections jusqu&rsquo;\u00e0 700 mm2 max. Dimensions du profil\u00e9 40 x 25 mm, diam\u00e8tre des fils individuels de 0,07 \u00e0 3,15 mm<\/p>\n<p><strong>Mat\u00e9riaux conducteurs :<br \/>\n<\/strong>M\u00e9taux : Al 1370, Cu-ETP,Cu-OF, autres alliages sur demande<\/p>\n<p><strong>Mat\u00e9riaux isolants :<br \/>\n<\/strong>Papier kraft lisse ou cr\u00eap\u00e9 (105\u00b0C)<br \/>\nFilm polyester (130\u00b0C)<br \/>\nMica\/polyester (155\u00b0C)<br \/>\nMica\/tissu de verre (155\u00b0C)<br \/>\nPapier aramide Nomex\u00ae 410 (180\u00b0C)<br \/>\nFilm polyimide (220\u00b0C)<br \/>\nRuban de coton (90\u00b0C)<br \/>\nRuban de tissu de verre (220\u00b0C)<br \/>\nFil de coton pour tressage ou transfert (90\u00b0C Ces mat\u00e9riaux peuvent \u00e9galement \u00eatre enduits d&rsquo;un vernis thermo-adh\u00e9rent. Ruban de coton (90\u00b0C)<\/p>\n<p>&nbsp;<\/p>\n<p>&nbsp;<\/p>\n<h3 id=\"geformte-leiter\">\u00c9chelle form\u00e9e<\/h3>\n<p>Les conducteurs form\u00e9s (bobines de forme, barres de rotor, connexions de transformateurs) peuvent \u00eatre livr\u00e9s pr\u00eats \u00e0 \u00eatre install\u00e9s selon vos plans dimensionnels.<\/p>\n<p><img loading=\"lazy\" decoding=\"async\" class=\"alignnone wp-image-4984\" src=\"https:\/\/schupp.s7.hanse-server.de\/wp-content\/uploads\/2024\/08\/Wickelleiter_08-300x300.jpg\" alt=\"\" width=\"455\" height=\"455\" \/> <img loading=\"lazy\" decoding=\"async\" class=\"alignnone wp-image-4987\" src=\"https:\/\/schupp.s7.hanse-server.de\/wp-content\/uploads\/2024\/08\/Wickelleiter_09-300x300.jpg\" alt=\"\" width=\"456\" height=\"456\" \/><\/p>\n<p><strong>Dimensions de l&rsquo;appareil :<\/strong><br \/>\nPersonnalis\u00e9<\/p>\n<p><strong>Caract\u00e9ristiques principales :<\/strong><br \/>\nSolidement enroul\u00e9<br \/>\nRayons de courbure extr\u00eames<br \/>\nConception optimis\u00e9e pour l&rsquo;encombrement<\/p>\n<p><strong>Mat\u00e9riaux des conducteurs :<\/strong><br \/>\nM\u00e9taux : Al 1370, Cu-ETP, Cu-OF, CuAg0.03, Autres alliages sur demande<br \/>\nPlacage avec de l&rsquo;\u00e9tain ou de l&rsquo;argent<br \/>\nSur demande avec VPI ou Resin Rich<\/p>\n<p><strong>Syst\u00e8me d&rsquo;isolation :<\/strong><br \/>\nPossibilit\u00e9s :<br \/>\nLongueur \u00e9tir\u00e9e min. des pi\u00e8ces 230 mm<br \/>\nLongueur max. \u00e9tir\u00e9e des pi\u00e8ces 1500 mm<br \/>\nCord max.700 mm<br \/>\nProfil max. accessible 20 x 40 mm<br \/>\nAngle de 0\u00b0 \u00e0 120<\/p>\n","protected":false},"excerpt":{"rendered":"<p>\u00c9chantillon Menu<\/p>\n<h5>Fils de commutation ETFE,- 65 \u00e0 150\u00b0 C<br \/>\n<strong><a href=\"#Link01\">D\u00e9tails<\/a><\/strong><\/h5>\n<h5>Fils de commutation PTFE,- 65 \u00e0 200\u00b0 C<br \/>\n<strong><a href=\"#Link02\">D\u00e9tails<\/a><\/strong><\/h5>\n<h5>Fils de commutation FEP,- 65 \u00e0 180\u00b0 C<br \/>\n<strong><a href=\"#Link03\">D\u00e9tails<\/a><\/strong><\/h5>\n<h5>Fils de commutation PVDF (Kynar\u00ae), &#8211; 65 \u00e0 150\u00b0 C<br \/>\n<strong><a href=\"#Link04\">D\u00e9tails<\/a><\/strong><\/h5>\n","protected":false},"featured_media":1905,"template":"","meta":{"_acf_changed":false},"product_brand":[],"product_cat":[180],"product_tag":[],"class_list":{"0":"post-5622","1":"product","2":"type-product","3":"status-publish","4":"has-post-thumbnail","6":"product_cat-materiaux-de-revetement","8":"first","9":"instock","10":"shipping-taxable","11":"purchasable","12":"product-type-simple"},"acf":[],"_links":{"self":[{"href":"https:\/\/schupp.ch\/fr\/wp-json\/wp\/v2\/product\/5622","targetHints":{"allow":["GET"]}}],"collection":[{"href":"https:\/\/schupp.ch\/fr\/wp-json\/wp\/v2\/product"}],"about":[{"href":"https:\/\/schupp.ch\/fr\/wp-json\/wp\/v2\/types\/product"}],"wp:featuredmedia":[{"embeddable":true,"href":"https:\/\/schupp.ch\/fr\/wp-json\/wp\/v2\/media\/1905"}],"wp:attachment":[{"href":"https:\/\/schupp.ch\/fr\/wp-json\/wp\/v2\/media?parent=5622"}],"wp:term":[{"taxonomy":"product_brand","embeddable":true,"href":"https:\/\/schupp.ch\/fr\/wp-json\/wp\/v2\/product_brand?post=5622"},{"taxonomy":"product_cat","embeddable":true,"href":"https:\/\/schupp.ch\/fr\/wp-json\/wp\/v2\/product_cat?post=5622"},{"taxonomy":"product_tag","embeddable":true,"href":"https:\/\/schupp.ch\/fr\/wp-json\/wp\/v2\/product_tag?post=5622"}],"curies":[{"name":"wp","href":"https:\/\/api.w.org\/{rel}","templated":true}]}}