{"id":5623,"date":"2024-07-27T13:47:21","date_gmt":"2024-07-27T11:47:21","guid":{"rendered":"https:\/\/schupp.ch\/p\/courbes-caracteristiques-des-noyaux-de-bande-de-coupe\/"},"modified":"2025-06-12T16:21:51","modified_gmt":"2025-06-12T14:21:51","slug":"courbes-caracteristiques-des-noyaux-de-bande-de-coupe","status":"publish","type":"product","link":"https:\/\/schupp.ch\/fr\/p\/courbes-caracteristiques-des-noyaux-de-bande-de-coupe\/","title":{"rendered":"Caract\u00e9ristiques des tores enroul\u00e9s"},"content":{"rendered":"<h3 id=\"Link01\">Caract\u00e9ristiques des tores enroul\u00e9s, \u00e9paisseur de bande 0,30 mm<\/h3>\n<p>&nbsp;<\/p>\n<p><img loading=\"lazy\" decoding=\"async\" class=\"wp-image-4690 alignnone\" src=\"https:\/\/schupp.ch\/wp-content\/uploads\/2024\/07\/SKKL_030_01-300x209.jpg\" alt=\"\" width=\"865\" height=\"603\" srcset=\"https:\/\/schupp.ch\/wp-content\/uploads\/2024\/07\/SKKL_030_01-300x209.jpg 300w, https:\/\/schupp.ch\/wp-content\/uploads\/2024\/07\/SKKL_030_01-600x418.jpg 600w, https:\/\/schupp.ch\/wp-content\/uploads\/2024\/07\/SKKL_030_01-900x626.jpg 900w, https:\/\/schupp.ch\/wp-content\/uploads\/2024\/07\/SKKL_030_01-768x535.jpg 768w, https:\/\/schupp.ch\/wp-content\/uploads\/2024\/07\/SKKL_030_01.jpg 977w\" sizes=\"auto, (max-width: 865px) 100vw, 865px\" \/><\/p>\n<p>&nbsp;<\/p>\n<p><img loading=\"lazy\" decoding=\"async\" class=\"alignnone wp-image-4693\" src=\"https:\/\/schupp.ch\/wp-content\/uploads\/2024\/07\/SKKL_030_02-300x230.jpg\" alt=\"\" width=\"865\" height=\"663\" srcset=\"https:\/\/schupp.ch\/wp-content\/uploads\/2024\/07\/SKKL_030_02-300x230.jpg 300w, https:\/\/schupp.ch\/wp-content\/uploads\/2024\/07\/SKKL_030_02-600x460.jpg 600w, https:\/\/schupp.ch\/wp-content\/uploads\/2024\/07\/SKKL_030_02-900x690.jpg 900w, https:\/\/schupp.ch\/wp-content\/uploads\/2024\/07\/SKKL_030_02-768x589.jpg 768w, https:\/\/schupp.ch\/wp-content\/uploads\/2024\/07\/SKKL_030_02.jpg 983w\" sizes=\"auto, (max-width: 865px) 100vw, 865px\" \/><\/p>\n<p>&nbsp;<\/p>\n<p><img loading=\"lazy\" decoding=\"async\" class=\"alignnone wp-image-4696\" src=\"https:\/\/schupp.ch\/wp-content\/uploads\/2024\/07\/SKKL_030_03-300x207.jpg\" alt=\"\" width=\"863\" height=\"595\" srcset=\"https:\/\/schupp.ch\/wp-content\/uploads\/2024\/07\/SKKL_030_03-300x207.jpg 300w, https:\/\/schupp.ch\/wp-content\/uploads\/2024\/07\/SKKL_030_03-600x414.jpg 600w, https:\/\/schupp.ch\/wp-content\/uploads\/2024\/07\/SKKL_030_03-900x620.jpg 900w, https:\/\/schupp.ch\/wp-content\/uploads\/2024\/07\/SKKL_030_03-768x529.jpg 768w, https:\/\/schupp.ch\/wp-content\/uploads\/2024\/07\/SKKL_030_03.jpg 991w\" sizes=\"auto, (max-width: 863px) 100vw, 863px\" \/><\/p>\n<p>&nbsp;<\/p>\n<p><img loading=\"lazy\" decoding=\"async\" class=\"alignnone wp-image-4699\" src=\"https:\/\/schupp.ch\/wp-content\/uploads\/2024\/07\/SKKL_030_04-300x236.jpg\" alt=\"\" width=\"873\" height=\"687\" srcset=\"https:\/\/schupp.ch\/wp-content\/uploads\/2024\/07\/SKKL_030_04-300x236.jpg 300w, https:\/\/schupp.ch\/wp-content\/uploads\/2024\/07\/SKKL_030_04-600x473.jpg 600w, https:\/\/schupp.ch\/wp-content\/uploads\/2024\/07\/SKKL_030_04-900x709.jpg 900w, https:\/\/schupp.ch\/wp-content\/uploads\/2024\/07\/SKKL_030_04-768x605.jpg 768w, https:\/\/schupp.ch\/wp-content\/uploads\/2024\/07\/SKKL_030_04.jpg 984w\" sizes=\"auto, (max-width: 873px) 100vw, 873px\" \/><\/p>\n<p>&nbsp;<\/p>\n<p><img loading=\"lazy\" decoding=\"async\" class=\"alignnone wp-image-4702\" src=\"https:\/\/schupp.ch\/wp-content\/uploads\/2024\/07\/SKKL_030_05-300x209.jpg\" alt=\"\" width=\"893\" height=\"622\" srcset=\"https:\/\/schupp.ch\/wp-content\/uploads\/2024\/07\/SKKL_030_05-300x209.jpg 300w, https:\/\/schupp.ch\/wp-content\/uploads\/2024\/07\/SKKL_030_05-600x418.jpg 600w, https:\/\/schupp.ch\/wp-content\/uploads\/2024\/07\/SKKL_030_05-900x626.jpg 900w, https:\/\/schupp.ch\/wp-content\/uploads\/2024\/07\/SKKL_030_05-768x534.jpg 768w, https:\/\/schupp.ch\/wp-content\/uploads\/2024\/07\/SKKL_030_05.jpg 960w\" sizes=\"auto, (max-width: 893px) 100vw, 893px\" \/><\/p>\n<p>&nbsp;<\/p>\n<p><img loading=\"lazy\" decoding=\"async\" class=\"alignnone wp-image-4705\" src=\"https:\/\/schupp.ch\/wp-content\/uploads\/2024\/07\/SKKL_030_06-300x212.jpg\" alt=\"\" width=\"883\" height=\"624\" srcset=\"https:\/\/schupp.ch\/wp-content\/uploads\/2024\/07\/SKKL_030_06-300x212.jpg 300w, https:\/\/schupp.ch\/wp-content\/uploads\/2024\/07\/SKKL_030_06-600x424.jpg 600w, https:\/\/schupp.ch\/wp-content\/uploads\/2024\/07\/SKKL_030_06-900x637.jpg 900w, https:\/\/schupp.ch\/wp-content\/uploads\/2024\/07\/SKKL_030_06-768x543.jpg 768w, https:\/\/schupp.ch\/wp-content\/uploads\/2024\/07\/SKKL_030_06.jpg 964w\" sizes=\"auto, (max-width: 883px) 100vw, 883px\" \/><\/p>\n<p><strong><a href=\"#Link99\"><img loading=\"lazy\" decoding=\"async\" class=\"alignnone wp-image-8183\" src=\"https:\/\/schupp.ch\/wp-content\/uploads\/2024\/09\/TopOfPage_01-300x300.jpg\" alt=\"\" width=\"30\" height=\"30\" srcset=\"https:\/\/schupp.ch\/wp-content\/uploads\/2024\/09\/TopOfPage_01-300x300.jpg 300w, https:\/\/schupp.ch\/wp-content\/uploads\/2024\/09\/TopOfPage_01-600x600.jpg 600w, https:\/\/schupp.ch\/wp-content\/uploads\/2024\/09\/TopOfPage_01-900x900.jpg 900w, https:\/\/schupp.ch\/wp-content\/uploads\/2024\/09\/TopOfPage_01-100x100.jpg 100w, https:\/\/schupp.ch\/wp-content\/uploads\/2024\/09\/TopOfPage_01-150x150.jpg 150w, https:\/\/schupp.ch\/wp-content\/uploads\/2024\/09\/TopOfPage_01-768x768.jpg 768w, https:\/\/schupp.ch\/wp-content\/uploads\/2024\/09\/TopOfPage_01-1024x1024.jpg 1024w\" sizes=\"auto, (max-width: 30px) 100vw, 30px\" \/><br \/>\n<\/a><\/strong><\/p>\n<p>&nbsp;<\/p>\n<h3 id=\"Link02\">Caract\u00e9ristiques des tores enroul\u00e9s, \u00e9paisseur de bande 0,10 mm<\/h3>\n<p>&nbsp;<\/p>\n<h3><img loading=\"lazy\" decoding=\"async\" class=\"alignnone wp-image-4708\" src=\"https:\/\/schupp.ch\/wp-content\/uploads\/2024\/07\/SKKL_010_01-300x211.jpg\" alt=\"\" width=\"871\" height=\"612\" srcset=\"https:\/\/schupp.ch\/wp-content\/uploads\/2024\/07\/SKKL_010_01-300x211.jpg 300w, https:\/\/schupp.ch\/wp-content\/uploads\/2024\/07\/SKKL_010_01-600x422.jpg 600w, https:\/\/schupp.ch\/wp-content\/uploads\/2024\/07\/SKKL_010_01-900x633.jpg 900w, https:\/\/schupp.ch\/wp-content\/uploads\/2024\/07\/SKKL_010_01-768x540.jpg 768w, https:\/\/schupp.ch\/wp-content\/uploads\/2024\/07\/SKKL_010_01.jpg 970w\" sizes=\"auto, (max-width: 871px) 100vw, 871px\" \/><\/h3>\n<p>&nbsp;<\/p>\n<p><img loading=\"lazy\" decoding=\"async\" class=\"alignnone wp-image-4711\" src=\"https:\/\/schupp.ch\/wp-content\/uploads\/2024\/07\/SKKL_010_02-300x211.jpg\" alt=\"\" width=\"878\" height=\"617\" srcset=\"https:\/\/schupp.ch\/wp-content\/uploads\/2024\/07\/SKKL_010_02-300x211.jpg 300w, https:\/\/schupp.ch\/wp-content\/uploads\/2024\/07\/SKKL_010_02-600x423.jpg 600w, https:\/\/schupp.ch\/wp-content\/uploads\/2024\/07\/SKKL_010_02-768x541.jpg 768w\" sizes=\"auto, (max-width: 878px) 100vw, 878px\" \/><\/p>\n<p>&nbsp;<\/p>\n<p><img loading=\"lazy\" decoding=\"async\" class=\"alignnone wp-image-4714\" src=\"https:\/\/schupp.ch\/wp-content\/uploads\/2024\/07\/SKKL_010_03-300x217.jpg\" alt=\"\" width=\"886\" height=\"641\" srcset=\"https:\/\/schupp.ch\/wp-content\/uploads\/2024\/07\/SKKL_010_03-300x217.jpg 300w, https:\/\/schupp.ch\/wp-content\/uploads\/2024\/07\/SKKL_010_03-600x435.jpg 600w, https:\/\/schupp.ch\/wp-content\/uploads\/2024\/07\/SKKL_010_03-900x652.jpg 900w, https:\/\/schupp.ch\/wp-content\/uploads\/2024\/07\/SKKL_010_03-768x557.jpg 768w, https:\/\/schupp.ch\/wp-content\/uploads\/2024\/07\/SKKL_010_03.jpg 948w\" sizes=\"auto, (max-width: 886px) 100vw, 886px\" \/><\/p>\n<p>&nbsp;<\/p>\n<p><img loading=\"lazy\" decoding=\"async\" class=\"alignnone wp-image-4717\" src=\"https:\/\/schupp.ch\/wp-content\/uploads\/2024\/07\/SKKL_010_04-300x220.jpg\" alt=\"\" width=\"879\" height=\"645\" srcset=\"https:\/\/schupp.ch\/wp-content\/uploads\/2024\/07\/SKKL_010_04-300x220.jpg 300w, https:\/\/schupp.ch\/wp-content\/uploads\/2024\/07\/SKKL_010_04-600x439.jpg 600w, https:\/\/schupp.ch\/wp-content\/uploads\/2024\/07\/SKKL_010_04-900x659.jpg 900w\" sizes=\"auto, (max-width: 879px) 100vw, 879px\" \/><\/p>\n<p><strong><a href=\"#Link99\"><img loading=\"lazy\" decoding=\"async\" class=\"alignnone wp-image-8183\" src=\"https:\/\/schupp.ch\/wp-content\/uploads\/2024\/09\/TopOfPage_01-300x300.jpg\" alt=\"\" width=\"30\" height=\"30\" srcset=\"https:\/\/schupp.ch\/wp-content\/uploads\/2024\/09\/TopOfPage_01-300x300.jpg 300w, https:\/\/schupp.ch\/wp-content\/uploads\/2024\/09\/TopOfPage_01-600x600.jpg 600w, https:\/\/schupp.ch\/wp-content\/uploads\/2024\/09\/TopOfPage_01-900x900.jpg 900w, https:\/\/schupp.ch\/wp-content\/uploads\/2024\/09\/TopOfPage_01-100x100.jpg 100w, https:\/\/schupp.ch\/wp-content\/uploads\/2024\/09\/TopOfPage_01-150x150.jpg 150w, https:\/\/schupp.ch\/wp-content\/uploads\/2024\/09\/TopOfPage_01-768x768.jpg 768w, https:\/\/schupp.ch\/wp-content\/uploads\/2024\/09\/TopOfPage_01-1024x1024.jpg 1024w\" sizes=\"auto, (max-width: 30px) 100vw, 30px\" \/><br \/>\n<\/a><\/strong><\/p>\n<p>&nbsp;<\/p>\n<h3 id=\"Link03\">Caract\u00e9ristiques des tores enroul\u00e9s, \u00e9paisseur de bande 0,05 mm<\/h3>\n<p>&nbsp;<\/p>\n<p><img loading=\"lazy\" decoding=\"async\" class=\"alignnone wp-image-4720\" src=\"https:\/\/schupp.ch\/wp-content\/uploads\/2024\/07\/SKKL_005_01-300x218.jpg\" alt=\"\" width=\"872\" height=\"634\" srcset=\"https:\/\/schupp.ch\/wp-content\/uploads\/2024\/07\/SKKL_005_01-300x218.jpg 300w, https:\/\/schupp.ch\/wp-content\/uploads\/2024\/07\/SKKL_005_01-600x435.jpg 600w, https:\/\/schupp.ch\/wp-content\/uploads\/2024\/07\/SKKL_005_01-900x653.jpg 900w, https:\/\/schupp.ch\/wp-content\/uploads\/2024\/07\/SKKL_005_01-768x557.jpg 768w\" sizes=\"auto, (max-width: 872px) 100vw, 872px\" \/><\/p>\n<p>&nbsp;<\/p>\n<p><img loading=\"lazy\" decoding=\"async\" class=\"alignnone wp-image-4723\" src=\"https:\/\/schupp.ch\/wp-content\/uploads\/2024\/07\/SKKL_005_02-300x221.jpg\" alt=\"\" width=\"875\" height=\"645\" srcset=\"https:\/\/schupp.ch\/wp-content\/uploads\/2024\/07\/SKKL_005_02-300x221.jpg 300w, https:\/\/schupp.ch\/wp-content\/uploads\/2024\/07\/SKKL_005_02-600x442.jpg 600w, https:\/\/schupp.ch\/wp-content\/uploads\/2024\/07\/SKKL_005_02-900x662.jpg 900w, https:\/\/schupp.ch\/wp-content\/uploads\/2024\/07\/SKKL_005_02-768x565.jpg 768w, https:\/\/schupp.ch\/wp-content\/uploads\/2024\/07\/SKKL_005_02.jpg 977w\" sizes=\"auto, (max-width: 875px) 100vw, 875px\" \/><\/p>\n<p>&nbsp;<\/p>\n<p><img loading=\"lazy\" decoding=\"async\" class=\"alignnone wp-image-4726\" src=\"https:\/\/schupp.ch\/wp-content\/uploads\/2024\/07\/SKKL_005_03-300x215.jpg\" alt=\"\" width=\"884\" height=\"634\" srcset=\"https:\/\/schupp.ch\/wp-content\/uploads\/2024\/07\/SKKL_005_03-300x215.jpg 300w, https:\/\/schupp.ch\/wp-content\/uploads\/2024\/07\/SKKL_005_03-600x429.jpg 600w, https:\/\/schupp.ch\/wp-content\/uploads\/2024\/07\/SKKL_005_03-900x644.jpg 900w, https:\/\/schupp.ch\/wp-content\/uploads\/2024\/07\/SKKL_005_03-768x550.jpg 768w, https:\/\/schupp.ch\/wp-content\/uploads\/2024\/07\/SKKL_005_03.jpg 964w\" sizes=\"auto, (max-width: 884px) 100vw, 884px\" \/><\/p>\n<p>&nbsp;<\/p>\n<p><img loading=\"lazy\" decoding=\"async\" class=\"alignnone wp-image-4729\" src=\"https:\/\/schupp.ch\/wp-content\/uploads\/2024\/07\/SKKL_005_04-300x218.jpg\" alt=\"\" width=\"886\" height=\"644\" srcset=\"https:\/\/schupp.ch\/wp-content\/uploads\/2024\/07\/SKKL_005_04-300x218.jpg 300w, https:\/\/schupp.ch\/wp-content\/uploads\/2024\/07\/SKKL_005_04-600x436.jpg 600w, https:\/\/schupp.ch\/wp-content\/uploads\/2024\/07\/SKKL_005_04-900x654.jpg 900w, https:\/\/schupp.ch\/wp-content\/uploads\/2024\/07\/SKKL_005_04-768x558.jpg 768w, https:\/\/schupp.ch\/wp-content\/uploads\/2024\/07\/SKKL_005_04.jpg 992w\" sizes=\"auto, (max-width: 886px) 100vw, 886px\" \/><\/p>\n<p><strong><a href=\"#Link99\"><img loading=\"lazy\" decoding=\"async\" class=\"alignnone wp-image-8183\" src=\"https:\/\/schupp.ch\/wp-content\/uploads\/2024\/09\/TopOfPage_01-300x300.jpg\" alt=\"\" width=\"30\" height=\"30\" srcset=\"https:\/\/schupp.ch\/wp-content\/uploads\/2024\/09\/TopOfPage_01-300x300.jpg 300w, https:\/\/schupp.ch\/wp-content\/uploads\/2024\/09\/TopOfPage_01-600x600.jpg 600w, https:\/\/schupp.ch\/wp-content\/uploads\/2024\/09\/TopOfPage_01-900x900.jpg 900w, https:\/\/schupp.ch\/wp-content\/uploads\/2024\/09\/TopOfPage_01-100x100.jpg 100w, https:\/\/schupp.ch\/wp-content\/uploads\/2024\/09\/TopOfPage_01-150x150.jpg 150w, https:\/\/schupp.ch\/wp-content\/uploads\/2024\/09\/TopOfPage_01-768x768.jpg 768w, https:\/\/schupp.ch\/wp-content\/uploads\/2024\/09\/TopOfPage_01-1024x1024.jpg 1024w\" sizes=\"auto, (max-width: 30px) 100vw, 30px\" \/><br \/>\n<\/a><\/strong><\/p>\n","protected":false},"excerpt":{"rendered":"<h3 id=\"Link99\"><\/h3>\n<p>&nbsp;<\/p>\n<h5>Caract\u00e9ristiques des tores enroul\u00e9s, \u00e9paisseur de bande 0,30 mm<\/h5>\n<h5><strong><a href=\"#Link01\">Details<\/a><\/strong><\/h5>\n<p>&nbsp;<\/p>\n<h5><\/h5>\n<h5>Caract\u00e9ristiques des tores enroul\u00e9s, \u00e9paisseur de bande 0,10 mm<\/h5>\n<h5><strong><a href=\"#Link02\">Details<\/a><\/strong><\/h5>\n<p>&nbsp;<\/p>\n<h5><\/h5>\n<h5>Caract\u00e9ristiques des tores enroul\u00e9s, \u00e9paisseur de bande 0,05 mm<\/h5>\n<h5><strong><a href=\"#Link03\">Details<\/a><\/strong><\/h5>\n<p>&nbsp;<\/p>\n","protected":false},"featured_media":4550,"template":"","meta":{"_acf_changed":false},"product_brand":[],"product_cat":[181,182],"product_tag":[],"class_list":{"0":"post-5623","1":"product","2":"type-product","3":"status-publish","4":"has-post-thumbnail","6":"product_cat-noyaux-de-bandes-coupees-noyaux-de-bandes-annulaires","7":"product_cat-courbes-caracteristiques","9":"first","10":"instock","11":"shipping-taxable","12":"purchasable","13":"product-type-simple"},"acf":[],"_links":{"self":[{"href":"https:\/\/schupp.ch\/fr\/wp-json\/wp\/v2\/product\/5623","targetHints":{"allow":["GET"]}}],"collection":[{"href":"https:\/\/schupp.ch\/fr\/wp-json\/wp\/v2\/product"}],"about":[{"href":"https:\/\/schupp.ch\/fr\/wp-json\/wp\/v2\/types\/product"}],"wp:featuredmedia":[{"embeddable":true,"href":"https:\/\/schupp.ch\/fr\/wp-json\/wp\/v2\/media\/4550"}],"wp:attachment":[{"href":"https:\/\/schupp.ch\/fr\/wp-json\/wp\/v2\/media?parent=5623"}],"wp:term":[{"taxonomy":"product_brand","embeddable":true,"href":"https:\/\/schupp.ch\/fr\/wp-json\/wp\/v2\/product_brand?post=5623"},{"taxonomy":"product_cat","embeddable":true,"href":"https:\/\/schupp.ch\/fr\/wp-json\/wp\/v2\/product_cat?post=5623"},{"taxonomy":"product_tag","embeddable":true,"href":"https:\/\/schupp.ch\/fr\/wp-json\/wp\/v2\/product_tag?post=5623"}],"curies":[{"name":"wp","href":"https:\/\/api.w.org\/{rel}","templated":true}]}}