{"id":5624,"date":"2024-09-06T11:21:43","date_gmt":"2024-09-06T09:21:43","guid":{"rendered":"https:\/\/schupp.ch\/p\/avantages-des-billes-ceramicspeed\/"},"modified":"2025-12-04T19:02:40","modified_gmt":"2025-12-04T18:02:40","slug":"avantages-des-billes-ceramicspeed","status":"publish","type":"product","link":"https:\/\/schupp.ch\/fr\/p\/avantages-des-billes-ceramicspeed\/","title":{"rendered":"Avantages des billes CeramicSpeed"},"content":{"rendered":"<h3 id=\"Link01\"><\/h3>\n<p><strong>Description<\/strong><\/p>\n<p>Les billes en nitrure de silicium se caract\u00e9risent par d&rsquo;excellentes propri\u00e9t\u00e9s de liss\u00e9 et de duret\u00e9 et sont beaucoup plus l\u00e9g\u00e8res (58 %) que les billes en acier en raison de leur densit\u00e9 plus faible. De ce fait, l&rsquo;\u00e9nergie n\u00e9cessaire \u00e0 l&rsquo;entra\u00eenement est moins importante.<\/p>\n<p>Mais c&rsquo;est surtout la l\u00e9g\u00e8ret\u00e9 qui permet d&rsquo;allonger la dur\u00e9e de vie du roulement et de r\u00e9duire les forces centrifuges exerc\u00e9es sur le chemin de roulement. L&rsquo;usure du mat\u00e9riau est \u00e9galement beaucoup plus faible, ce qui prolonge consid\u00e9rablement la dur\u00e9e de vie du roulement. Un autre avantage est la vitesse de rotation admissible beaucoup plus \u00e9lev\u00e9e, jusqu&rsquo;\u00e0 50 %, ce qui permet d&rsquo;utiliser des roulements \u00e0 longue dur\u00e9e de vie dans des applications exigeantes \u00e0 vitesse de rotation \u00e9lev\u00e9e, comme les broches de machines-outils ou les turbomachines.<\/p>\n<p>Un autre avantage des billes en c\u00e9ramique par rapport aux billes en acier est leur coefficient de frottement nettement plus faible, ce qui r\u00e9duit consid\u00e9rablement le besoin de lubrification. Moins de lubrification Une lubrification r\u00e9guli\u00e8re est essentielle pour la dur\u00e9e de vie d&rsquo;un roulement. Le contact direct entre la bille en acier et le chemin de roulement en acier peut entra\u00eener une d\u00e9t\u00e9rioration rapide du roulement. L&rsquo;acier sur l&rsquo;acier a un coefficient de frottement de 0,8, mais l&rsquo;acier sur la c\u00e9ramique a un coefficient de seulement 0,2, voire moins pour les chemins de roulement rev\u00eatus. L&rsquo;utilisation de billes en c\u00e9ramique r\u00e9sout donc le probl\u00e8me de l&rsquo;endommagement mutuel de deux mat\u00e9riaux identiques. Contrairement aux roulements en acier, la duret\u00e9 extr\u00eame et l&rsquo;\u00e9tat de surface des billes en c\u00e9ramique permettent d&rsquo;\u00e9viter d&rsquo;\u00e9ventuels dommages sur les chemins de roulement.<\/p>\n<p>&nbsp;<\/p>\n<table>\n<tbody>\n<tr>\n<td colspan=\"2\" width=\"604\">&nbsp;<\/p>\n<h4 style=\"text-align: center;\"><strong>La famille de produits CeramicSpeed<\/strong><\/h4>\n<p>&nbsp;<\/td>\n<\/tr>\n<tr>\n<td width=\"201\">\n<h5><strong>CeramicSpeed Insulate<\/strong><\/h5>\n<p><a href=\"https:\/\/schupp.ch\/fr\/p\/ceramicspeed-insulate\/\">D\u00e9tails<\/a><\/td>\n<td width=\"403\">&nbsp;<\/p>\n<h5><strong>Pour les moteurs \u00e9lectriques de derni\u00e8re g\u00e9n\u00e9ration<\/strong><\/h5>\n<p>&gt; Faible consommation d&rsquo;\u00e9nergie<br \/>\n&gt; Dur\u00e9e de vie plusieurs fois sup\u00e9rieure \u00e0 celle des roulements traditionnels<br \/>\n&gt; Les billes non conductrices offrent une protection contre les courants vagabonds<\/td>\n<\/tr>\n<tr>\n<td width=\"201\">\n<h5><strong>CeramicSpeed Corrotec<\/strong><\/h5>\n<p><a href=\"https:\/\/schupp.ch\/fr\/p\/ceramicspeed-corrotec\/\">D\u00e9tails<\/a><\/td>\n<td width=\"403\">&nbsp;<\/p>\n<h5><strong>Stockage agr\u00e9\u00e9 FDA\/EN-1935 pour l&rsquo;industrie alimentaire<\/strong><\/h5>\n<p>&gt; Dur\u00e9e de vie plusieurs fois sup\u00e9rieure \u00e0 celle des roulements traditionnels<br \/>\n&gt; Roulements avec lubrifiants approuv\u00e9s par la FDA<br \/>\n&gt; R\u00e9sistant \u00e0 la corrosion<\/td>\n<\/tr>\n<tr>\n<td width=\"201\">\n<h5><strong>CeramicSpeed Xtreme<\/strong><\/h5>\n<p><a href=\"https:\/\/schupp.ch\/fr\/p\/ceramicspeed-xtreme\/\">D\u00e9tails<\/a><\/td>\n<td width=\"403\">&nbsp;<\/p>\n<h5><strong>Roulements r\u00e9sistants pour les applications dans des environnements tr\u00e8s pollu\u00e9s <\/strong><strong>Environnement et temp\u00e9ratures \u00e9lev\u00e9es<\/strong><\/h5>\n<p>&gt; Billes hybrides \u00e0 r\u00e9sistance accrue<br \/>\n&gt; Roulements \u00e0 billes \u00e0 contact oblique pour pompes, compresseurs, etc.<br \/>\n&gt; Pas de courants vagabonds, pas de dommages dus au courant de palier<\/td>\n<\/tr>\n<tr>\n<td width=\"201\">\n<h5><strong>CeramicSpeed SLT<\/strong><\/h5>\n<p><a href=\"https:\/\/schupp.ch\/fr\/p\/ceramicspeed-slt\/\">D\u00e9tails<\/a><\/td>\n<td width=\"403\">&nbsp;<\/p>\n<h5><strong>Roulements \u00e0 longue dur\u00e9e de vie, m\u00eame dans les conditions les plus extr\u00eames<\/strong><\/h5>\n<p>&gt; Application en cas de forte contamination par des particules<br \/>\n&gt; Utilisation en milieu humide (\u00e9claboussures)<br \/>\n&gt; Sans lubrifiant liquide<\/td>\n<\/tr>\n<tr>\n<td width=\"201\">\n<h5><strong>CeramicSpeed SlipCoat<\/strong><\/h5>\n<p><a href=\"https:\/\/schupp.ch\/fr\/p\/ceramicspeed-slipcoat\/\">D\u00e9tails<\/a><\/td>\n<td width=\"403\">&nbsp;<\/p>\n<h5><strong>Roulements sans lubrification &#8211; Pour les applications exigeantes en mati\u00e8re d&rsquo;hygi\u00e8ne<\/strong><\/h5>\n<p>&gt; Mat\u00e9riau de rev\u00eatement approuv\u00e9 par la FDA et EN1935<br \/>\n&gt; Extr\u00eamement inerte chimiquement<br \/>\n&gt; Plage d&rsquo;utilisation jusqu&rsquo;\u00e0 260\u00b0C<\/td>\n<\/tr>\n<\/tbody>\n<\/table>\n<p>&nbsp;<\/p>\n","protected":false},"excerpt":{"rendered":"<p>&nbsp;<\/p>\n<h5>Les billes en c\u00e9ramique sont disponibles dans une grande vari\u00e9t\u00e9 de mat\u00e9riaux. Les billes CeramicSpeed sont de la plus haute qualit\u00e9 car elles sont fabriqu\u00e9es en nitrure de silicium (Si3N4), le mat\u00e9riau pr\u00e9sentant actuellement les meilleures qualit\u00e9s.<\/h5>\n<p>&nbsp;<\/p>\n","protected":false},"featured_media":4984,"template":"","meta":{"_acf_changed":false},"product_brand":[],"product_cat":[174],"product_tag":[],"class_list":{"0":"post-5624","1":"product","2":"type-product","3":"status-publish","4":"has-post-thumbnail","6":"product_cat-roulements-a-billes-ceramicspeed","8":"first","9":"instock","10":"shipping-taxable","11":"purchasable","12":"product-type-simple"},"acf":[],"_links":{"self":[{"href":"https:\/\/schupp.ch\/fr\/wp-json\/wp\/v2\/product\/5624","targetHints":{"allow":["GET"]}}],"collection":[{"href":"https:\/\/schupp.ch\/fr\/wp-json\/wp\/v2\/product"}],"about":[{"href":"https:\/\/schupp.ch\/fr\/wp-json\/wp\/v2\/types\/product"}],"wp:featuredmedia":[{"embeddable":true,"href":"https:\/\/schupp.ch\/fr\/wp-json\/wp\/v2\/media\/4984"}],"wp:attachment":[{"href":"https:\/\/schupp.ch\/fr\/wp-json\/wp\/v2\/media?parent=5624"}],"wp:term":[{"taxonomy":"product_brand","embeddable":true,"href":"https:\/\/schupp.ch\/fr\/wp-json\/wp\/v2\/product_brand?post=5624"},{"taxonomy":"product_cat","embeddable":true,"href":"https:\/\/schupp.ch\/fr\/wp-json\/wp\/v2\/product_cat?post=5624"},{"taxonomy":"product_tag","embeddable":true,"href":"https:\/\/schupp.ch\/fr\/wp-json\/wp\/v2\/product_tag?post=5624"}],"curies":[{"name":"wp","href":"https:\/\/api.w.org\/{rel}","templated":true}]}}