{"id":5627,"date":"2024-09-06T12:53:00","date_gmt":"2024-09-06T10:53:00","guid":{"rendered":"https:\/\/schupp.ch\/p\/ceramicspeed-slipcoat\/"},"modified":"2025-12-04T18:13:04","modified_gmt":"2025-12-04T17:13:04","slug":"ceramicspeed-slipcoat","status":"publish","type":"product","link":"https:\/\/schupp.ch\/fr\/p\/ceramicspeed-slipcoat\/","title":{"rendered":"CeramicSpeed SlipCoat"},"content":{"rendered":"<p>&nbsp;<\/p>\n<p><strong>Description<\/strong><\/p>\n<p>En principe, les roulements doivent \u00eatre lubrifi\u00e9s r\u00e9guli\u00e8rement. Cependant, il existe des applications o\u00f9 les exigences en mati\u00e8re d&rsquo;hygi\u00e8ne et de propret\u00e9 sont tr\u00e8s \u00e9lev\u00e9es. Le palier CeramicSpeed SlipCoat a \u00e9t\u00e9 d\u00e9velopp\u00e9 pour r\u00e9soudre ce probl\u00e8me. Il s&rsquo;agit d&rsquo;un roulement qui a \u00e9t\u00e9 trait\u00e9 avec un SlipCoat et qui remplace donc le lubrifiant.<\/p>\n<p>&nbsp;<\/p>\n<p><strong>Solution test\u00e9e<\/strong><\/p>\n<p>Taille du roulement 6202<\/p>\n<ul>\n<li>Bagues de roulement en acier inoxydable (AISI440C)<\/li>\n<li>\u00c9l\u00e9ments roulants en nitrure de silicium<\/li>\n<li>Traitement avec CeramicSpeed SlipCoat<\/li>\n<\/ul>\n<p>&nbsp;<\/p>\n<p><strong>Restrictions<\/strong><\/p>\n<p>Comme le rev\u00eatement reste souple, il y a un certain frottement dans le roulement. Cette solution n&rsquo;est donc pas recommand\u00e9e si l&rsquo;accent est mis sur un faible frottement ou une vitesse de rotation \u00e9lev\u00e9e.<\/p>\n<p>&nbsp;<\/p>\n<p><strong>Caract\u00e9ristiques techniques<\/strong><\/p>\n<ul>\n<li>Le mat\u00e9riau de rev\u00eatement est compatible avec les normes FDA et EN1935<\/li>\n<li>Fonctionne \u00e0 des temp\u00e9ratures comprises entre -20 et 260 \u00b0C<\/li>\n<li>Chimiquement tr\u00e8s inerte<\/li>\n<li>Transparent \/ incolore<\/li>\n<\/ul>\n<h6><\/h6>\n","protected":false},"excerpt":{"rendered":"<p>&nbsp;<\/p>\n<h5><strong>Un roulement de billes pour les applications o\u00f9 la propret\u00e9 absolue compte<\/strong><\/h5>\n<p>&nbsp;<\/p>\n","protected":false},"featured_media":4999,"template":"","meta":{"_acf_changed":false},"product_brand":[],"product_cat":[174],"product_tag":[],"class_list":{"0":"post-5627","1":"product","2":"type-product","3":"status-publish","4":"has-post-thumbnail","6":"product_cat-roulements-a-billes-ceramicspeed","8":"first","9":"instock","10":"shipping-taxable","11":"purchasable","12":"product-type-simple"},"acf":[],"_links":{"self":[{"href":"https:\/\/schupp.ch\/fr\/wp-json\/wp\/v2\/product\/5627","targetHints":{"allow":["GET"]}}],"collection":[{"href":"https:\/\/schupp.ch\/fr\/wp-json\/wp\/v2\/product"}],"about":[{"href":"https:\/\/schupp.ch\/fr\/wp-json\/wp\/v2\/types\/product"}],"wp:featuredmedia":[{"embeddable":true,"href":"https:\/\/schupp.ch\/fr\/wp-json\/wp\/v2\/media\/4999"}],"wp:attachment":[{"href":"https:\/\/schupp.ch\/fr\/wp-json\/wp\/v2\/media?parent=5627"}],"wp:term":[{"taxonomy":"product_brand","embeddable":true,"href":"https:\/\/schupp.ch\/fr\/wp-json\/wp\/v2\/product_brand?post=5627"},{"taxonomy":"product_cat","embeddable":true,"href":"https:\/\/schupp.ch\/fr\/wp-json\/wp\/v2\/product_cat?post=5627"},{"taxonomy":"product_tag","embeddable":true,"href":"https:\/\/schupp.ch\/fr\/wp-json\/wp\/v2\/product_tag?post=5627"}],"curies":[{"name":"wp","href":"https:\/\/api.w.org\/{rel}","templated":true}]}}