{"id":5629,"date":"2024-09-06T13:10:19","date_gmt":"2024-09-06T11:10:19","guid":{"rendered":"https:\/\/schupp.ch\/p\/ceramicspeed-slt\/"},"modified":"2025-12-04T18:25:45","modified_gmt":"2025-12-04T17:25:45","slug":"ceramicspeed-slt","status":"publish","type":"product","link":"https:\/\/schupp.ch\/fr\/p\/ceramicspeed-slt\/","title":{"rendered":"CeramicSpeed SLT"},"content":{"rendered":"<p>&nbsp;<\/p>\n<p><strong>Description<\/strong><\/p>\n<p>CeramicSpeed SLT, une technologie sp\u00e9cialement d\u00e9velopp\u00e9e, emp\u00eache la d\u00e9faillance pr\u00e9matur\u00e9e des roulements. La <em>technologie de lubrification solide<\/em> CeramicSpeed est une matrice polym\u00e8re satur\u00e9e d&rsquo;huile de lubrification qui maintient l&rsquo;huile sur les surfaces fonctionnelles du roulement, m\u00eame dans des conditions extr\u00eamement difficiles. Ce proc\u00e9d\u00e9 emp\u00eache \u00e9galement l&rsquo;humidit\u00e9 et les particules \u00e9trang\u00e8res de p\u00e9n\u00e9trer dans le roulement. CeramicSpeed SLT est de qualit\u00e9 alimentaire et peut \u00eatre associ\u00e9 \u00e0 la plupart des types de roulements \u00e9tanches. Associ\u00e9 aux bagues en acier inoxydable et aux billes en c\u00e9ramique de haute qualit\u00e9, il constitue une solution tr\u00e8s durable et sans entretien pour les applications exigeantes dans de nombreux secteurs.<\/p>\n<p>&nbsp;<\/p>\n<p><strong>Donn\u00e9es techniques<\/strong><\/p>\n<table>\n<tbody>\n<tr>\n<td width=\"403\">Viscosit\u00e9 de l&rsquo;huile de base \u00e0 40\u00b0 C<\/td>\n<td width=\"201\">220 cSt<\/td>\n<\/tr>\n<tr>\n<td width=\"403\">Approbation NSF H1 pour les produits alimentaires<\/td>\n<td width=\"201\">oui<\/td>\n<\/tr>\n<tr>\n<td width=\"403\">exempt de MOH\/MOSH\/MOAH<\/td>\n<td width=\"201\">oui<\/td>\n<\/tr>\n<tr>\n<td width=\"403\">Temp\u00e9rature de fonctionnement (\u00b0C), temp\u00e9rature maximale de fonctionnement continu<\/td>\n<td width=\"201\">85\u00b0 C<\/td>\n<\/tr>\n<tr>\n<td width=\"403\">Temp\u00e9rature minimale de d\u00e9marrage<\/td>\n<td width=\"201\">-25\u00b0 C<\/td>\n<\/tr>\n<tr>\n<td width=\"403\">Max. Temp\u00e9rature en cas de fonctionnement interrompu<\/td>\n<td width=\"201\">95\u00b0 C<\/td>\n<\/tr>\n<tr>\n<td width=\"403\">Sans relubrification<\/td>\n<td width=\"201\">oui<\/td>\n<\/tr>\n<tr>\n<td width=\"403\">Vitesse maximale recommand\u00e9e<\/td>\n<td width=\"201\">40&rsquo;000\/dm pour dm = 0.5 (d+D) mm<\/td>\n<\/tr>\n<\/tbody>\n<\/table>\n<h6><\/h6>\n<p>&nbsp;<\/p>\n","protected":false},"excerpt":{"rendered":"<p>&nbsp;<\/p>\n<h5><strong>Un roulement \u00e0 billes avec une longue dur\u00e9e de vie, m\u00eame dans les conditions les plus extr\u00eames<\/strong><\/h5>\n<p>&nbsp;<\/p>\n","protected":false},"featured_media":4984,"template":"","meta":{"_acf_changed":false},"product_brand":[],"product_cat":[174],"product_tag":[],"class_list":{"0":"post-5629","1":"product","2":"type-product","3":"status-publish","4":"has-post-thumbnail","6":"product_cat-roulements-a-billes-ceramicspeed","8":"first","9":"instock","10":"shipping-taxable","11":"purchasable","12":"product-type-simple"},"acf":[],"_links":{"self":[{"href":"https:\/\/schupp.ch\/fr\/wp-json\/wp\/v2\/product\/5629","targetHints":{"allow":["GET"]}}],"collection":[{"href":"https:\/\/schupp.ch\/fr\/wp-json\/wp\/v2\/product"}],"about":[{"href":"https:\/\/schupp.ch\/fr\/wp-json\/wp\/v2\/types\/product"}],"wp:featuredmedia":[{"embeddable":true,"href":"https:\/\/schupp.ch\/fr\/wp-json\/wp\/v2\/media\/4984"}],"wp:attachment":[{"href":"https:\/\/schupp.ch\/fr\/wp-json\/wp\/v2\/media?parent=5629"}],"wp:term":[{"taxonomy":"product_brand","embeddable":true,"href":"https:\/\/schupp.ch\/fr\/wp-json\/wp\/v2\/product_brand?post=5629"},{"taxonomy":"product_cat","embeddable":true,"href":"https:\/\/schupp.ch\/fr\/wp-json\/wp\/v2\/product_cat?post=5629"},{"taxonomy":"product_tag","embeddable":true,"href":"https:\/\/schupp.ch\/fr\/wp-json\/wp\/v2\/product_tag?post=5629"}],"curies":[{"name":"wp","href":"https:\/\/api.w.org\/{rel}","templated":true}]}}