{"id":5630,"date":"2024-07-19T13:04:01","date_gmt":"2024-07-19T11:04:01","guid":{"rendered":"https:\/\/schupp.ch\/p\/pierres-a-aiguiser-avec-manche-de-lime\/"},"modified":"2025-11-30T17:08:07","modified_gmt":"2025-11-30T16:08:07","slug":"pierres-a-aiguiser-avec-manche-de-lime","status":"publish","type":"product","link":"https:\/\/schupp.ch\/fr\/p\/pierres-a-aiguiser-avec-manche-de-lime\/","title":{"rendered":"Pierres \u00e0 rectifier avec poign\u00e9e de lime"},"content":{"rendered":"<p>&nbsp;<\/p>\n<p><strong>Dimensions<\/strong><\/p>\n<table width=\"651\">\n<tbody>\n<tr>\n<td colspan=\"2\" width=\"115\"><strong>Art. No.<\/strong><\/td>\n<td width=\"58\">Longueur L [mm]<\/td>\n<td width=\"58\">Largeur W [mm]<\/td>\n<td width=\"57\">Hauteur T [mm]<\/td>\n<td width=\"192\">Granulom\u00e9trie<\/td>\n<\/tr>\n<tr>\n<td width=\"95\"><strong>SP00-1133<\/strong><\/td>\n<td width=\"20\">*<\/td>\n<td width=\"58\">40<\/td>\n<td width=\"58\">25<\/td>\n<td width=\"57\">40<\/td>\n<td width=\"192\">grossier<\/td>\n<\/tr>\n<tr>\n<td width=\"95\"><strong>SP00-1134<\/strong><\/td>\n<td width=\"20\">*<\/td>\n<td width=\"58\">40<\/td>\n<td width=\"58\">25<\/td>\n<td width=\"57\">40<\/td>\n<td width=\"192\">moyen<\/td>\n<\/tr>\n<tr>\n<td width=\"95\"><strong>SP00-1135<\/strong><\/td>\n<td width=\"20\">*<\/td>\n<td width=\"58\">40<\/td>\n<td width=\"58\">25<\/td>\n<td width=\"57\">40<\/td>\n<td width=\"192\">fine<\/td>\n<\/tr>\n<tr>\n<td width=\"95\"><strong>SP00-1136<\/strong><\/td>\n<td width=\"20\">*<\/td>\n<td width=\"58\">40<\/td>\n<td width=\"58\">40<\/td>\n<td width=\"57\">40<\/td>\n<td width=\"192\">grossier<\/td>\n<\/tr>\n<tr>\n<td width=\"95\"><strong>SP00-1137<\/strong><\/td>\n<td width=\"20\">*<\/td>\n<td width=\"58\">40<\/td>\n<td width=\"58\">40<\/td>\n<td width=\"57\">40<\/td>\n<td width=\"192\">moyen<\/td>\n<\/tr>\n<tr>\n<td width=\"95\"><strong>SP00-1138<\/strong><\/td>\n<td width=\"20\">*<\/td>\n<td width=\"58\">40<\/td>\n<td width=\"58\">40<\/td>\n<td width=\"57\">40<\/td>\n<td width=\"192\">fine<\/td>\n<\/tr>\n<tr>\n<td width=\"95\"><strong>SP00-1139<\/strong><\/td>\n<td width=\"20\">*<\/td>\n<td width=\"58\">75<\/td>\n<td width=\"58\">50<\/td>\n<td width=\"57\">50<\/td>\n<td width=\"192\">grossier<\/td>\n<\/tr>\n<tr>\n<td width=\"95\"><strong>SP00-1140<\/strong><\/td>\n<td width=\"20\">*<\/td>\n<td width=\"58\">75<\/td>\n<td width=\"58\">50<\/td>\n<td width=\"57\">50<\/td>\n<td width=\"192\">moyen<\/td>\n<\/tr>\n<tr>\n<td width=\"95\"><strong>SP00-1141<\/strong><\/td>\n<td width=\"20\">*<\/td>\n<td width=\"58\">75<\/td>\n<td width=\"58\">50<\/td>\n<td width=\"57\">50<\/td>\n<td width=\"192\">fine<\/td>\n<\/tr>\n<tr>\n<td width=\"95\"><strong>SP00-1142<\/strong><\/td>\n<td width=\"20\">*<\/td>\n<td width=\"58\">75<\/td>\n<td width=\"58\">75<\/td>\n<td width=\"57\">50<\/td>\n<td width=\"192\">grossier<\/td>\n<\/tr>\n<tr>\n<td width=\"95\"><strong>SP00-1143<\/strong><\/td>\n<td width=\"20\">*<\/td>\n<td width=\"58\">75<\/td>\n<td width=\"58\">75<\/td>\n<td width=\"57\">50<\/td>\n<td width=\"192\">moyen<\/td>\n<\/tr>\n<tr>\n<td width=\"95\"><strong>SP00-1144<\/strong><\/td>\n<td width=\"20\">*<\/td>\n<td width=\"58\">75<\/td>\n<td width=\"58\">75<\/td>\n<td width=\"57\">50<\/td>\n<td width=\"192\">fine<\/td>\n<\/tr>\n<tr>\n<td width=\"95\"><strong>SP00-1145<\/strong><\/td>\n<td width=\"20\">*<\/td>\n<td width=\"58\">100<\/td>\n<td width=\"58\">50<\/td>\n<td width=\"57\">50<\/td>\n<td width=\"192\">grossier<\/td>\n<\/tr>\n<tr>\n<td width=\"95\"><strong>SP00-1146<\/strong><\/td>\n<td width=\"20\">*<\/td>\n<td width=\"58\">100<\/td>\n<td width=\"58\">50<\/td>\n<td width=\"57\">50<\/td>\n<td width=\"192\">moyen<\/td>\n<\/tr>\n<tr>\n<td width=\"95\"><strong>SP00-1147<\/strong><\/td>\n<td width=\"20\">*<\/td>\n<td width=\"58\">100<\/td>\n<td width=\"58\">50<\/td>\n<td width=\"57\">50<\/td>\n<td width=\"192\">fine<\/td>\n<\/tr>\n<tr>\n<td width=\"95\"><strong>SP00-1148<\/strong><\/td>\n<td width=\"20\">*<\/td>\n<td width=\"58\">100<\/td>\n<td width=\"58\">75<\/td>\n<td width=\"57\">50<\/td>\n<td width=\"192\">grossier<\/td>\n<\/tr>\n<tr>\n<td width=\"95\"><strong>SP00-1149<\/strong><\/td>\n<td width=\"20\">*<\/td>\n<td width=\"58\">100<\/td>\n<td width=\"58\">75<\/td>\n<td width=\"57\">50<\/td>\n<td width=\"192\">moyen<\/td>\n<\/tr>\n<tr>\n<td width=\"95\"><strong>SP00-1150<\/strong><\/td>\n<td width=\"20\">*<\/td>\n<td width=\"58\">100<\/td>\n<td width=\"58\">75<\/td>\n<td width=\"57\">50<\/td>\n<td width=\"192\">fine<\/td>\n<\/tr>\n<tr>\n<td width=\"95\"><strong>SP00-1151<\/strong><\/td>\n<td width=\"20\">*<\/td>\n<td width=\"58\">125<\/td>\n<td width=\"58\">75<\/td>\n<td width=\"57\">50<\/td>\n<td width=\"192\">grossier<\/td>\n<\/tr>\n<tr>\n<td width=\"95\"><strong>SP00-1152<\/strong><\/td>\n<td width=\"20\">*<\/td>\n<td width=\"58\">125<\/td>\n<td width=\"58\">75<\/td>\n<td width=\"57\">50<\/td>\n<td width=\"192\">moyen<\/td>\n<\/tr>\n<tr>\n<td width=\"95\"><strong>SP00-1153<\/strong><\/td>\n<td width=\"20\">*<\/td>\n<td width=\"58\">125<\/td>\n<td width=\"58\">75<\/td>\n<td width=\"57\">50<\/td>\n<td width=\"192\">fine<\/td>\n<\/tr>\n<\/tbody>\n<\/table>\n<p>*\u00a0pas d&rsquo;article de stock<\/p>\n<p>&nbsp;<\/p>\n<p>&nbsp;<\/p>\n<p><strong>Indications pour le choix de la dimension des pierres \u00e0 rectifier<\/strong><\/p>\n<p>Les dimensions des pierres \u00e0 rectifier sont toujours indiqu\u00e9es en longueur x largeur x hauteur ( l x b x h ). Pour chaque machine il faudrait toujours utiliser la plus grande surface de frottement possible ( longueur x largeur) La hauteur (h) de la pierre \u00e0 rectifier est d\u00e9termin\u00e9e par le rapport des diam\u00e8tres du collecteur et du bo\u00eetier.<\/p>\n<p>Pierre \u00e0 rectifier pour collecteur (n\u00b0 d\u2019article SP23-XXX) : Ces pierres \u00e0 rectifier doivent avoir une largeur (l) qui recouvre au moins \u00be de la longueur des lamelles, tant qu\u2019elles passe bien entre les culasses des brosses.<\/p>\n<p>Trois ou quatre diff\u00e9rentes grandeurs devraient suffir pour chacun des modes d\u2019exploitation normaux. Apr\u00e8s avoir d\u00e9termin\u00e9 les dimensions approximatives, on peut choisir le prochain n\u00b0 d\u2019article qui convient le mieux.<\/p>\n<p>&nbsp;<\/p>\n","protected":false},"excerpt":{"rendered":"<p>&nbsp;<\/p>\n<h5>Pierres \u00e0 rectifier pratiques en silicium avec manche en lime pour l&rsquo;entretien r\u00e9gulier des larges collecteurs en cuivre.<\/h5>\n<p>&nbsp;<\/p>\n","protected":false},"featured_media":4503,"template":"","meta":{"_acf_changed":false},"product_brand":[],"product_cat":[142,177],"product_tag":[],"class_list":{"0":"post-5630","1":"product","2":"type-product","3":"status-publish","4":"has-post-thumbnail","6":"product_cat-technique-de-bobinage","7":"product_cat-pierres-a-meuler-et-a-polir","9":"first","10":"instock","11":"shipping-taxable","12":"purchasable","13":"product-type-simple"},"acf":[],"_links":{"self":[{"href":"https:\/\/schupp.ch\/fr\/wp-json\/wp\/v2\/product\/5630","targetHints":{"allow":["GET"]}}],"collection":[{"href":"https:\/\/schupp.ch\/fr\/wp-json\/wp\/v2\/product"}],"about":[{"href":"https:\/\/schupp.ch\/fr\/wp-json\/wp\/v2\/types\/product"}],"wp:featuredmedia":[{"embeddable":true,"href":"https:\/\/schupp.ch\/fr\/wp-json\/wp\/v2\/media\/4503"}],"wp:attachment":[{"href":"https:\/\/schupp.ch\/fr\/wp-json\/wp\/v2\/media?parent=5630"}],"wp:term":[{"taxonomy":"product_brand","embeddable":true,"href":"https:\/\/schupp.ch\/fr\/wp-json\/wp\/v2\/product_brand?post=5630"},{"taxonomy":"product_cat","embeddable":true,"href":"https:\/\/schupp.ch\/fr\/wp-json\/wp\/v2\/product_cat?post=5630"},{"taxonomy":"product_tag","embeddable":true,"href":"https:\/\/schupp.ch\/fr\/wp-json\/wp\/v2\/product_tag?post=5630"}],"curies":[{"name":"wp","href":"https:\/\/api.w.org\/{rel}","templated":true}]}}