{"id":5633,"date":"2024-09-06T12:36:28","date_gmt":"2024-09-06T10:36:28","guid":{"rendered":"https:\/\/schupp.ch\/p\/ceramicspeed-corrotec\/"},"modified":"2025-12-04T17:20:12","modified_gmt":"2025-12-04T16:20:12","slug":"ceramicspeed-corrotec","status":"publish","type":"product","link":"https:\/\/schupp.ch\/fr\/p\/ceramicspeed-corrotec\/","title":{"rendered":"CeramicSpeed Corrotec"},"content":{"rendered":"<p>&nbsp;<\/p>\n<p><strong>Description<\/strong><\/p>\n<p>Dans l&rsquo;industrie alimentaire et des boissons, la disponibilit\u00e9 et la fiabilit\u00e9 des \u00e9quipements de production de qualit\u00e9 alimentaire sont d&rsquo;une importance capitale. Les roulements utilis\u00e9s \u00e0 cet effet doivent \u00eatre de la plus haute qualit\u00e9 et pouvoir r\u00e9sister \u00e0 de fortes variations de temp\u00e9rature ainsi qu&rsquo;\u00e0 des conditions de travail humides et sales, tout en ayant une dur\u00e9e de vie aussi longue que possible.<\/p>\n<p>Les roulements \u00e0 billes CeramicSpeed Corrotec sont approuv\u00e9s par la FDA et conviennent \u00e0 une utilisation dans l&rsquo;industrie alimentaire en raison de leur qualit\u00e9 sup\u00e9rieure. Les roulements sont fabriqu\u00e9s \u00e0 partir de bagues en acier inoxydable avec des billes en c\u00e9ramique et des lubrifiants approuv\u00e9s pour l&rsquo;industrie alimentaire.<\/p>\n<p>Roulements avec des lubrifiants approuv\u00e9s pour l&rsquo;industrie alimentaire<\/p>\n<p>Si des lubrifiants de qualit\u00e9 alimentaire sont utilis\u00e9s, les roulements doivent \u00eatre lubrifi\u00e9s en permanence pendant le processus de production. Il est toutefois possible d&rsquo;utiliser des roulements \u00e9tanches. Ceux-ci sont fournis avec des lubrifiants approuv\u00e9s par la FDA et con\u00e7us pour durer toute la vie du roulement.<\/p>\n<p>Une gamme compl\u00e8te de roulements certifi\u00e9s conformes \u00e0 la FDA est disponible. Cela signifie que ces roulements sont approuv\u00e9s pour une utilisation dans l&rsquo;industrie alimentaire et certifi\u00e9s pour un contact direct avec les aliments.<\/p>\n<p>&nbsp;<\/p>\n<p><strong>Avantages de CeramicSpeed Corrotec<\/strong><\/p>\n<ul>\n<li>Approuv\u00e9 par la FDA\/EN-1935<\/li>\n<li>Dur\u00e9e de vie 4 \u00e0 8 fois plus longue que les roulements traditionnels<\/li>\n<li>R\u00e9sistant \u00e0 la corrosion<\/li>\n<\/ul>\n<p>&nbsp;<\/p>\n<h6>Fiche technique CeramicSpeed Corrotec \u00e9tanche<\/h6>\n<table width=\"661\">\n<tbody>\n<tr>\n<td width=\"53\">d<\/td>\n<td width=\"71\">D (mm)<\/td>\n<td width=\"59\">B<\/td>\n<td width=\"73\">C (kN)<\/td>\n<td width=\"71\">C0 (kN)<\/td>\n<td width=\"152\">Vitesse limite (tr\/min)<\/td>\n<td width=\"183\">D\u00e9signation<\/td>\n<\/tr>\n<tr>\n<td width=\"53\">10<\/td>\n<td width=\"71\">26<\/td>\n<td width=\"59\">8<\/td>\n<td width=\"73\">3.97<\/td>\n<td width=\"71\">1.96<\/td>\n<td width=\"152\">19000<\/td>\n<td width=\"183\">Corrotec 010 6000-2RS\/CSB<\/td>\n<\/tr>\n<tr>\n<td width=\"53\">10<\/td>\n<td width=\"71\">30<\/td>\n<td width=\"59\">9<\/td>\n<td width=\"73\">4.36<\/td>\n<td width=\"71\">2.32<\/td>\n<td width=\"152\">16000<\/td>\n<td width=\"183\">Corrotec 010 6200-2RS\/CSB<\/td>\n<\/tr>\n<tr>\n<td width=\"53\">10<\/td>\n<td width=\"71\">35<\/td>\n<td width=\"59\">11<\/td>\n<td width=\"73\">7.02<\/td>\n<td width=\"71\">3.4<\/td>\n<td width=\"152\">15000<\/td>\n<td width=\"183\">Corrotec 010 6300-2RS\/CSB<\/td>\n<\/tr>\n<tr>\n<td width=\"53\">12<\/td>\n<td width=\"71\">28<\/td>\n<td width=\"59\">8<\/td>\n<td width=\"73\">4.42<\/td>\n<td width=\"71\">2.36<\/td>\n<td width=\"152\">16000<\/td>\n<td width=\"183\">Corrotec 012 6001-2RS\/CSB<\/td>\n<\/tr>\n<tr>\n<td width=\"53\">12<\/td>\n<td width=\"71\">32<\/td>\n<td width=\"59\">10<\/td>\n<td width=\"73\">5.72<\/td>\n<td width=\"71\">3<\/td>\n<td width=\"152\">15000<\/td>\n<td width=\"183\">Corrotec 012 6201-2RS\/CSB<\/td>\n<\/tr>\n<tr>\n<td width=\"53\">12<\/td>\n<td width=\"71\">37<\/td>\n<td width=\"59\">12<\/td>\n<td width=\"73\">9.75<\/td>\n<td width=\"71\">4.15<\/td>\n<td width=\"152\">14000<\/td>\n<td width=\"183\">Corrotec 012 6301-2RS\/CSB<\/td>\n<\/tr>\n<tr>\n<td width=\"53\">15<\/td>\n<td width=\"71\">32<\/td>\n<td width=\"59\">9<\/td>\n<td width=\"73\">4.88<\/td>\n<td width=\"71\">2.8<\/td>\n<td width=\"152\">14000<\/td>\n<td width=\"183\">Corrotec 015 6002-2RS\/CSB<\/td>\n<\/tr>\n<tr>\n<td width=\"53\">15<\/td>\n<td width=\"71\">35<\/td>\n<td width=\"59\">11<\/td>\n<td width=\"73\">6.37<\/td>\n<td width=\"71\">3.6<\/td>\n<td width=\"152\">13000<\/td>\n<td width=\"183\">Corrotec 015 6202-2RS\/CSB<\/td>\n<\/tr>\n<tr>\n<td width=\"53\">15<\/td>\n<td width=\"71\">42<\/td>\n<td width=\"59\">13<\/td>\n<td width=\"73\">9.94<\/td>\n<td width=\"71\">5.4<\/td>\n<td width=\"152\">11000<\/td>\n<td width=\"183\">Corrotec 015 6302-2RS\/CSB<\/td>\n<\/tr>\n<tr>\n<td width=\"53\">17<\/td>\n<td width=\"71\">35<\/td>\n<td width=\"59\">10<\/td>\n<td width=\"73\">4.94<\/td>\n<td width=\"71\">3.15<\/td>\n<td width=\"152\">13000<\/td>\n<td width=\"183\">Corrotec 017 6003-2RS\/CSB<\/td>\n<\/tr>\n<tr>\n<td width=\"53\">17<\/td>\n<td width=\"71\">40<\/td>\n<td width=\"59\">12<\/td>\n<td width=\"73\">8.06<\/td>\n<td width=\"71\">4.75<\/td>\n<td width=\"152\">12000<\/td>\n<td width=\"183\">Corrotec 017 6203-2RS\/CSB<\/td>\n<\/tr>\n<tr>\n<td width=\"53\">17<\/td>\n<td width=\"71\">47<\/td>\n<td width=\"59\">14<\/td>\n<td width=\"73\">11.7<\/td>\n<td width=\"71\">6.55<\/td>\n<td width=\"152\">10000<\/td>\n<td width=\"183\">Corrotec 017 6303-2RS\/CSB<\/td>\n<\/tr>\n<tr>\n<td width=\"53\">20<\/td>\n<td width=\"71\">42<\/td>\n<td width=\"59\">12<\/td>\n<td width=\"73\">9.36<\/td>\n<td width=\"71\">5.1<\/td>\n<td width=\"152\">11000<\/td>\n<td width=\"183\">Corrotec 020 6004-2RS\/CSB<\/td>\n<\/tr>\n<tr>\n<td width=\"53\">20<\/td>\n<td width=\"71\">47<\/td>\n<td width=\"59\">14<\/td>\n<td width=\"73\">12.5<\/td>\n<td width=\"71\">6.55<\/td>\n<td width=\"152\">10000<\/td>\n<td width=\"183\">Corrotec 020 6204-2RS\/CSB<\/td>\n<\/tr>\n<tr>\n<td width=\"53\">20<\/td>\n<td width=\"71\">52<\/td>\n<td width=\"59\">15<\/td>\n<td width=\"73\">13.8<\/td>\n<td width=\"71\">7.8<\/td>\n<td width=\"152\">9500<\/td>\n<td width=\"183\">Corrotec 020 6304-2RS\/CSB<\/td>\n<\/tr>\n<tr>\n<td width=\"53\">25<\/td>\n<td width=\"71\">47<\/td>\n<td width=\"59\">12<\/td>\n<td width=\"73\">10.1<\/td>\n<td width=\"71\">5.85<\/td>\n<td width=\"152\">9500<\/td>\n<td width=\"183\">Corrotec 025 6005-2RS\/CSB<\/td>\n<\/tr>\n<tr>\n<td width=\"53\">25<\/td>\n<td width=\"71\">52<\/td>\n<td width=\"59\">15<\/td>\n<td width=\"73\">13.8<\/td>\n<td width=\"71\">7.8<\/td>\n<td width=\"152\">8500<\/td>\n<td width=\"183\">Corrotec 025 6205-2RS\/CSB<\/td>\n<\/tr>\n<tr>\n<td width=\"53\">25<\/td>\n<td width=\"71\">62<\/td>\n<td width=\"59\">17<\/td>\n<td width=\"73\">20.8<\/td>\n<td width=\"71\">11.2<\/td>\n<td width=\"152\">7500<\/td>\n<td width=\"183\">Corrotec 025 6305-2RS\/CSB<\/td>\n<\/tr>\n<tr>\n<td width=\"53\">30<\/td>\n<td width=\"71\">55<\/td>\n<td width=\"59\">13<\/td>\n<td width=\"73\">13.3<\/td>\n<td width=\"71\">8.3<\/td>\n<td width=\"152\">8000<\/td>\n<td width=\"183\">Corrotec 030 6006-2RS\/CSB<\/td>\n<\/tr>\n<tr>\n<td width=\"53\">30<\/td>\n<td width=\"71\">62<\/td>\n<td width=\"59\">16<\/td>\n<td width=\"73\">19<\/td>\n<td width=\"71\">11.4<\/td>\n<td width=\"152\">7000<\/td>\n<td width=\"183\">Corrotec 030 6206-2RS\/CSB<\/td>\n<\/tr>\n<tr>\n<td width=\"53\">30<\/td>\n<td width=\"71\">72<\/td>\n<td width=\"59\">19<\/td>\n<td width=\"73\">22.9<\/td>\n<td width=\"71\">15<\/td>\n<td width=\"152\">6300<\/td>\n<td width=\"183\">Corrotec 030 6306-2RS\/CSB<\/td>\n<\/tr>\n<tr>\n<td width=\"53\">35<\/td>\n<td width=\"71\">62<\/td>\n<td width=\"59\">14<\/td>\n<td width=\"73\">13.8<\/td>\n<td width=\"71\">10.2<\/td>\n<td width=\"152\">6700<\/td>\n<td width=\"183\">Corrotec 035 6007-2RS\/CSB<\/td>\n<\/tr>\n<tr>\n<td width=\"53\">35<\/td>\n<td width=\"71\">72<\/td>\n<td width=\"59\">17<\/td>\n<td width=\"73\">22.1<\/td>\n<td width=\"71\">15.3<\/td>\n<td width=\"152\">6000<\/td>\n<td width=\"183\">Corrotec 035 6207-2RS\/CSB<\/td>\n<\/tr>\n<tr>\n<td width=\"53\">35<\/td>\n<td width=\"71\">80<\/td>\n<td width=\"59\">21<\/td>\n<td width=\"73\">28.6<\/td>\n<td width=\"71\">19<\/td>\n<td width=\"152\">5600<\/td>\n<td width=\"183\">Corrotec 035 6307-2RS\/CSB<\/td>\n<\/tr>\n<tr>\n<td width=\"53\">40<\/td>\n<td width=\"71\">68<\/td>\n<td width=\"59\">15<\/td>\n<td width=\"73\">14.6<\/td>\n<td width=\"71\">11.4<\/td>\n<td width=\"152\">6300<\/td>\n<td width=\"183\">Corrotec 040 6008-2RS\/CSB<\/td>\n<\/tr>\n<tr>\n<td width=\"53\">40<\/td>\n<td width=\"71\">80<\/td>\n<td width=\"59\">18<\/td>\n<td width=\"73\">25.1<\/td>\n<td width=\"71\">17.6<\/td>\n<td width=\"152\">5600<\/td>\n<td width=\"183\">Corrotec 040 6208-2RS\/CSB<\/td>\n<\/tr>\n<tr>\n<td width=\"53\">45<\/td>\n<td width=\"71\">75<\/td>\n<td width=\"59\">23<\/td>\n<td width=\"73\">18.2<\/td>\n<td width=\"71\">15<\/td>\n<td width=\"152\">5600<\/td>\n<td width=\"183\">Corrotec 045 6009-2RS\/CSB<\/td>\n<\/tr>\n<tr>\n<td width=\"53\">45<\/td>\n<td width=\"71\">85<\/td>\n<td width=\"59\">19<\/td>\n<td width=\"73\">28.1<\/td>\n<td width=\"71\">20.4<\/td>\n<td width=\"152\">5000<\/td>\n<td width=\"183\">Corrotec 045 6209-2RS\/CSB<\/td>\n<\/tr>\n<tr>\n<td width=\"53\">50<\/td>\n<td width=\"71\">80<\/td>\n<td width=\"59\">16<\/td>\n<td width=\"73\">19<\/td>\n<td width=\"71\">16.6<\/td>\n<td width=\"152\">5000<\/td>\n<td width=\"183\">Corrotec 050 6010-2RS\/CSB<\/td>\n<\/tr>\n<tr>\n<td width=\"53\">50<\/td>\n<td width=\"71\">90<\/td>\n<td width=\"59\">20<\/td>\n<td width=\"73\">30.2<\/td>\n<td width=\"71\">23.2<\/td>\n<td width=\"152\">4800<\/td>\n<td width=\"183\">Corrotec 050 6210-2RS\/CSB<\/td>\n<\/tr>\n<\/tbody>\n<\/table>\n<p>&nbsp;<\/p>\n<p>&nbsp;<\/p>\n<h6>Fiche technique CeramicSpeed Corrotec ouvert<\/h6>\n<table width=\"661\">\n<tbody>\n<tr>\n<td width=\"53\">d<\/td>\n<td width=\"71\">D (mm)<\/td>\n<td width=\"59\">B<\/td>\n<td width=\"73\">C (kN)<\/td>\n<td width=\"71\">C0 (kN)<\/td>\n<td width=\"152\">Vitesse limite (tr\/min)<\/td>\n<td width=\"183\">D\u00e9signation<\/td>\n<\/tr>\n<tr>\n<td width=\"53\">10<\/td>\n<td width=\"71\">26<\/td>\n<td width=\"59\">8<\/td>\n<td width=\"73\">3.97<\/td>\n<td width=\"71\">1.96<\/td>\n<td width=\"152\">40000<\/td>\n<td width=\"183\">Corrotec 010 6000\/CSB<\/td>\n<\/tr>\n<tr>\n<td width=\"53\">10<\/td>\n<td width=\"71\">30<\/td>\n<td width=\"59\">9<\/td>\n<td width=\"73\">4.36<\/td>\n<td width=\"71\">2.32<\/td>\n<td width=\"152\">36000<\/td>\n<td width=\"183\">Corrotec 010 6200\/CSB<\/td>\n<\/tr>\n<tr>\n<td width=\"53\">10<\/td>\n<td width=\"71\">35<\/td>\n<td width=\"59\">11<\/td>\n<td width=\"73\">7.02<\/td>\n<td width=\"71\">3.4<\/td>\n<td width=\"152\">34000<\/td>\n<td width=\"183\">Corrotec 010 6300\/CSB<\/td>\n<\/tr>\n<tr>\n<td width=\"53\">12<\/td>\n<td width=\"71\">28<\/td>\n<td width=\"59\">8<\/td>\n<td width=\"73\">4.42<\/td>\n<td width=\"71\">2.36<\/td>\n<td width=\"152\">36000<\/td>\n<td width=\"183\">Corrotec 012 6001\/CSB<\/td>\n<\/tr>\n<tr>\n<td width=\"53\">12<\/td>\n<td width=\"71\">32<\/td>\n<td width=\"59\">10<\/td>\n<td width=\"73\">5.72<\/td>\n<td width=\"71\">3<\/td>\n<td width=\"152\">34000<\/td>\n<td width=\"183\">Corrotec 012 6201\/CSB<\/td>\n<\/tr>\n<tr>\n<td width=\"53\">12<\/td>\n<td width=\"71\">37<\/td>\n<td width=\"59\">12<\/td>\n<td width=\"73\">9.75<\/td>\n<td width=\"71\">4.15<\/td>\n<td width=\"152\">30000<\/td>\n<td width=\"183\">Corrotec 012 6301\/CSB<\/td>\n<\/tr>\n<tr>\n<td width=\"53\">15<\/td>\n<td width=\"71\">32<\/td>\n<td width=\"59\">9<\/td>\n<td width=\"73\">4.88<\/td>\n<td width=\"71\">2.8<\/td>\n<td width=\"152\">32000<\/td>\n<td width=\"183\">Corrotec 015 6002\/CSB<\/td>\n<\/tr>\n<tr>\n<td width=\"53\">15<\/td>\n<td width=\"71\">35<\/td>\n<td width=\"59\">11<\/td>\n<td width=\"73\">6.37<\/td>\n<td width=\"71\">3.6<\/td>\n<td width=\"152\">30000<\/td>\n<td width=\"183\">Corrotec 015 6202\/CSB<\/td>\n<\/tr>\n<tr>\n<td width=\"53\">15<\/td>\n<td width=\"71\">42<\/td>\n<td width=\"59\">13<\/td>\n<td width=\"73\">9.94<\/td>\n<td width=\"71\">5.4<\/td>\n<td width=\"152\">26000<\/td>\n<td width=\"183\">Corrotec 015 6302\/CSB<\/td>\n<\/tr>\n<tr>\n<td width=\"53\">17<\/td>\n<td width=\"71\">35<\/td>\n<td width=\"59\">10<\/td>\n<td width=\"73\">4.94<\/td>\n<td width=\"71\">3.15<\/td>\n<td width=\"152\">28000<\/td>\n<td width=\"183\">Corrotec 017 6003\/CSB<\/td>\n<\/tr>\n<tr>\n<td width=\"53\">17<\/td>\n<td width=\"71\">40<\/td>\n<td width=\"59\">12<\/td>\n<td width=\"73\">8.06<\/td>\n<td width=\"71\">4.75<\/td>\n<td width=\"152\">26000<\/td>\n<td width=\"183\">Corrotec 017 6203\/CSB<\/td>\n<\/tr>\n<tr>\n<td width=\"53\">17<\/td>\n<td width=\"71\">47<\/td>\n<td width=\"59\">14<\/td>\n<td width=\"73\">11.7<\/td>\n<td width=\"71\">6.55<\/td>\n<td width=\"152\">22000<\/td>\n<td width=\"183\">Corrotec 017 6303\/CSB<\/td>\n<\/tr>\n<tr>\n<td width=\"53\">20<\/td>\n<td width=\"71\">42<\/td>\n<td width=\"59\">12<\/td>\n<td width=\"73\">9.36<\/td>\n<td width=\"71\">5.1<\/td>\n<td width=\"152\">24000<\/td>\n<td width=\"183\">Corrotec 020 6004\/CSB<\/td>\n<\/tr>\n<tr>\n<td width=\"53\">20<\/td>\n<td width=\"71\">47<\/td>\n<td width=\"59\">14<\/td>\n<td width=\"73\">12.5<\/td>\n<td width=\"71\">6.55<\/td>\n<td width=\"152\">22000<\/td>\n<td width=\"183\">Corrotec 020 6204\/CSB<\/td>\n<\/tr>\n<tr>\n<td width=\"53\">20<\/td>\n<td width=\"71\">52<\/td>\n<td width=\"59\">15<\/td>\n<td width=\"73\">13.8<\/td>\n<td width=\"71\">7.8<\/td>\n<td width=\"152\">20000<\/td>\n<td width=\"183\">Corrotec 020 6304\/CSB<\/td>\n<\/tr>\n<tr>\n<td width=\"53\">25<\/td>\n<td width=\"71\">47<\/td>\n<td width=\"59\">12<\/td>\n<td width=\"73\">10.1<\/td>\n<td width=\"71\">5.85<\/td>\n<td width=\"152\">20000<\/td>\n<td width=\"183\">Corrotec 025 6005\/CSB<\/td>\n<\/tr>\n<tr>\n<td width=\"53\">25<\/td>\n<td width=\"71\">52<\/td>\n<td width=\"59\">15<\/td>\n<td width=\"73\">13.8<\/td>\n<td width=\"71\">7.8<\/td>\n<td width=\"152\">19000<\/td>\n<td width=\"183\">Corrotec 025 6205\/CSB<\/td>\n<\/tr>\n<tr>\n<td width=\"53\">25<\/td>\n<td width=\"71\">62<\/td>\n<td width=\"59\">17<\/td>\n<td width=\"73\">20.8<\/td>\n<td width=\"71\">11.2<\/td>\n<td width=\"152\">17000<\/td>\n<td width=\"183\">Corrotec 025 6305\/CSB<\/td>\n<\/tr>\n<tr>\n<td width=\"53\">30<\/td>\n<td width=\"71\">55<\/td>\n<td width=\"59\">13<\/td>\n<td width=\"73\">13.3<\/td>\n<td width=\"71\">8.3<\/td>\n<td width=\"152\">17000<\/td>\n<td width=\"183\">Corrotec 030 6006\/CSB<\/td>\n<\/tr>\n<tr>\n<td width=\"53\">30<\/td>\n<td width=\"71\">62<\/td>\n<td width=\"59\">16<\/td>\n<td width=\"73\">19<\/td>\n<td width=\"71\">11.4<\/td>\n<td width=\"152\">16000<\/td>\n<td width=\"183\">Corrotec 030 6206\/CSB<\/td>\n<\/tr>\n<tr>\n<td width=\"53\">30<\/td>\n<td width=\"71\">72<\/td>\n<td width=\"59\">19<\/td>\n<td width=\"73\">22.9<\/td>\n<td width=\"71\">15<\/td>\n<td width=\"152\">14000<\/td>\n<td width=\"183\">Corrotec 030 6306\/CSB<\/td>\n<\/tr>\n<tr>\n<td width=\"53\">35<\/td>\n<td width=\"71\">62<\/td>\n<td width=\"59\">14<\/td>\n<td width=\"73\">13.8<\/td>\n<td width=\"71\">10.2<\/td>\n<td width=\"152\">15000<\/td>\n<td width=\"183\">Corrotec 035 6007\/CSB<\/td>\n<\/tr>\n<tr>\n<td width=\"53\">35<\/td>\n<td width=\"71\">72<\/td>\n<td width=\"59\">17<\/td>\n<td width=\"73\">22.1<\/td>\n<td width=\"71\">15.3<\/td>\n<td width=\"152\">14000<\/td>\n<td width=\"183\">Corrotec 035 6207\/CSB<\/td>\n<\/tr>\n<tr>\n<td width=\"53\">35<\/td>\n<td width=\"71\">80<\/td>\n<td width=\"59\">21<\/td>\n<td width=\"73\">28.6<\/td>\n<td width=\"71\">19<\/td>\n<td width=\"152\">13000<\/td>\n<td width=\"183\">Corrotec 035 6307\/CSB<\/td>\n<\/tr>\n<tr>\n<td width=\"53\">40<\/td>\n<td width=\"71\">68<\/td>\n<td width=\"59\">15<\/td>\n<td width=\"73\">14.6<\/td>\n<td width=\"71\">11.4<\/td>\n<td width=\"152\">14000<\/td>\n<td width=\"183\">Corrotec 040 6008\/CSB<\/td>\n<\/tr>\n<tr>\n<td width=\"53\">40<\/td>\n<td width=\"71\">80<\/td>\n<td width=\"59\">18<\/td>\n<td width=\"73\">25.1<\/td>\n<td width=\"71\">17.6<\/td>\n<td width=\"152\">12000<\/td>\n<td width=\"183\">Corrotec 040 6208\/CSB<\/td>\n<\/tr>\n<tr>\n<td width=\"53\">45<\/td>\n<td width=\"71\">75<\/td>\n<td width=\"59\">23<\/td>\n<td width=\"73\">18.2<\/td>\n<td width=\"71\">15<\/td>\n<td width=\"152\">12000<\/td>\n<td width=\"183\">Corrotec 045 6009\/CSB<\/td>\n<\/tr>\n<tr>\n<td width=\"53\">45<\/td>\n<td width=\"71\">85<\/td>\n<td width=\"59\">19<\/td>\n<td width=\"73\">28.1<\/td>\n<td width=\"71\">20.4<\/td>\n<td width=\"152\">11000<\/td>\n<td width=\"183\">Corrotec 045 6209\/CSB<\/td>\n<\/tr>\n<tr>\n<td width=\"53\">50<\/td>\n<td width=\"71\">80<\/td>\n<td width=\"59\">16<\/td>\n<td width=\"73\">19<\/td>\n<td width=\"71\">16.6<\/td>\n<td width=\"152\">11000<\/td>\n<td width=\"183\">Corrotec 050 6010\/CSB<\/td>\n<\/tr>\n<tr>\n<td width=\"53\">50<\/td>\n<td width=\"71\">90<\/td>\n<td width=\"59\">20<\/td>\n<td width=\"73\">30.2<\/td>\n<td width=\"71\">23.2<\/td>\n<td width=\"152\">10000<\/td>\n<td width=\"183\">Corrotec 050 6210\/CSB<\/td>\n<\/tr>\n<\/tbody>\n<\/table>\n","protected":false},"excerpt":{"rendered":"<h5><\/h5>\n<h5>Ces roulements \u00e0 billes sont utilis\u00e9s dans l&rsquo;industrie agroalimentaire et sont conformes \u00e0 la norme FDA\/EN-1935.<\/h5>\n<p>&nbsp;<\/p>\n","protected":false},"featured_media":4984,"template":"","meta":{"_acf_changed":false},"product_brand":[],"product_cat":[174],"product_tag":[],"class_list":{"0":"post-5633","1":"product","2":"type-product","3":"status-publish","4":"has-post-thumbnail","6":"product_cat-roulements-a-billes-ceramicspeed","8":"first","9":"instock","10":"shipping-taxable","11":"purchasable","12":"product-type-simple"},"acf":[],"_links":{"self":[{"href":"https:\/\/schupp.ch\/fr\/wp-json\/wp\/v2\/product\/5633","targetHints":{"allow":["GET"]}}],"collection":[{"href":"https:\/\/schupp.ch\/fr\/wp-json\/wp\/v2\/product"}],"about":[{"href":"https:\/\/schupp.ch\/fr\/wp-json\/wp\/v2\/types\/product"}],"wp:featuredmedia":[{"embeddable":true,"href":"https:\/\/schupp.ch\/fr\/wp-json\/wp\/v2\/media\/4984"}],"wp:attachment":[{"href":"https:\/\/schupp.ch\/fr\/wp-json\/wp\/v2\/media?parent=5633"}],"wp:term":[{"taxonomy":"product_brand","embeddable":true,"href":"https:\/\/schupp.ch\/fr\/wp-json\/wp\/v2\/product_brand?post=5633"},{"taxonomy":"product_cat","embeddable":true,"href":"https:\/\/schupp.ch\/fr\/wp-json\/wp\/v2\/product_cat?post=5633"},{"taxonomy":"product_tag","embeddable":true,"href":"https:\/\/schupp.ch\/fr\/wp-json\/wp\/v2\/product_tag?post=5633"}],"curies":[{"name":"wp","href":"https:\/\/api.w.org\/{rel}","templated":true}]}}