{"id":5634,"date":"2024-07-21T14:30:10","date_gmt":"2024-07-21T12:30:10","guid":{"rendered":"https:\/\/schupp.ch\/p\/noyaux-de-bande-de-coupe-remarques-generales\/"},"modified":"2025-12-02T20:29:45","modified_gmt":"2025-12-02T19:29:45","slug":"noyaux-de-bande-de-coupe-remarques-generales","status":"publish","type":"product","link":"https:\/\/schupp.ch\/fr\/p\/noyaux-de-bande-de-coupe-remarques-generales\/","title":{"rendered":"Informations g\u00e9n\u00e9rales"},"content":{"rendered":"<h5><\/h5>\n<h5><strong>Emballage des tores fendus enroul\u00e9s<\/strong><\/h5>\n<p>Les tores fendus enroul\u00e9s sont pos\u00e9s dans des coquilles plastiques, sans que les demi-tores puissent se toucher. Un carton comprend plusieurs coquilles plastiques.<\/p>\n<p>&nbsp;<\/p>\n<h5><strong>Tores fendus enroul\u00e9s sp\u00e9ciaux<\/strong><\/h5>\n<p>Des tores fendus enroul\u00e9s peuvent \u00eatre fabriqu\u00e9s d\u2019apr\u00e8s les sp\u00e9cifications du client, qui ne correspondraient pas aux s\u00e9ries normalis\u00e9es HWR, SE, SU, HWE et S3U. Il est aussi possible de r\u00e9aliser des tores avec plusieurs fentes.<\/p>\n<p>&nbsp;<\/p>\n<h5><strong>Tores enroul\u00e9s<\/strong><\/h5>\n<p>Les tores enroul\u00e9s peuvent \u00eatre livr\u00e9s brutes ou recouverts d\u2019une couche de protection en r\u00e9sine \u00e9poxyde. Un rev\u00eatement en r\u00e9sine \u00e9poxyde permet un bobinage direct du tore, sans montage de capuchons de protection.<\/p>\n<p>&nbsp;<\/p>\n<h5><strong>D\u00e9signation d\u2019article<\/strong><\/h5>\n<p>Exemple :\u00a0\u00a0\u00a0\u00a0\u00a0\u00a0\u00a0\u00a0\u00a0\u00a0\u00a0\u00a0 SKHWR030\/20-C<\/p>\n<p>SK = tore fendu enroul\u00e9<br \/>\nHWR = s\u00e9rie HWR<br \/>\n030\/20 = type 30\/20<br \/>\n-C = qualit\u00e9 de coupe\/coupe C<\/p>\n<p>&nbsp;<\/p>\n<p><img loading=\"lazy\" decoding=\"async\" class=\"alignnone wp-image-4548\" src=\"https:\/\/schupp.ch\/wp-content\/uploads\/2024\/07\/SK_Allgemein.jpg\" alt=\"\" width=\"664\" height=\"436\" \/><\/p>\n<p>&nbsp;<\/p>\n<p>Les noyaux sont r\u00e9alis\u00e9s en t\u00f4les magn\u00e9tiques \u00e0 grains orient\u00e9s, enroul\u00e9s dans le sens de l\u2019orientation du grain, ce qui permet les plus faibles pertes sp\u00e9cifiques (pour diff\u00e9rents types inf\u00e9rieurs \u00e0 1 W\/kg \u00e0 1,5 Tesla) avec la meilleure perm\u00e9abilit\u00e9, que ce soit pour des inductions faibles ou \u00e9lev\u00e9es. Les propri\u00e9t\u00e9s mentionn\u00e9es autorisent ainsi la fabrication d\u2019appareils avec de hautes performances, des encombrements les plus r\u00e9duits et des temps de montage les plus courts, ce qui r\u00e9duit les co\u00fbts. Par l\u2019impr\u00e9gnation sp\u00e9ciale avec de la r\u00e9sine \u00e9poxyde, les tores fendus enroul\u00e9s sont compacts de tous c\u00f4t\u00e9s et r\u00e9sistant \u00e0 la flexion, et r\u00e9sistent ainsi aux vibrations m\u00e9caniques malgr\u00e9 des inductions magn\u00e9tiques \u00e9lev\u00e9es (jusqu\u2018 \u00e0 1,7 Tesla) et des temp\u00e9ratures de service allant jusqu\u2018 \u00e0 120\u00b0C.<\/p>\n<p>Les tores fendus enroul\u00e9s peuvent \u00eatre utilis\u00e9s pour tous les types de transformateurs et bobines de choc (dans l\u2019air et l\u2019huile en ex\u00e9cution ouverte), transducteurs, amplificateurs magn\u00e9tiques pour l\u2019industrie \u00e9lectrom\u00e9canique, pour la t\u00e9l\u00e9phonie, l\u2019\u00e9lectronique, la radiodiffusion et la t\u00e9l\u00e9vision.<\/p>\n<p>Par rapport aux t\u00f4les traditionnels, ils apportent, lorsqu\u2019ils sont de bonne qualit\u00e9, les avantages fonctionnels et \u00e9conomiques suivants :<\/p>\n<ul>\n<li>diminution des pertes globales en Watts\/kg d\u2019environ 40%<\/li>\n<li>augmentation de l\u2019induction de puissance B (Wb\/m2) d\u2019env. 30%<\/li>\n<li>diminution du courant magn\u00e9tisant Io 70 \u00e0 75%<\/li>\n<li>diminution du volume et du poids des transformateurs d\u2018env. 30%<\/li>\n<\/ul>\n<p>&nbsp;<\/p>\n<h5><strong>Puissance magn\u00e9tique<\/strong><\/h5>\n<p><strong>\u00a0<\/strong>Pour garantir les performances de nos tores fendus enroul\u00e9s d\u2019apr\u00e8s les normes anglaises OS-111 et OS 110, tous les tores fendus enroul\u00e9s sont v\u00e9rifi\u00e9s avec une induction max. Bmax correspondant \u00e0 17.000 Gauss (1,7 Wb\/m2) et une fr\u00e9quence de 50 Hz.<\/p>\n<p>&nbsp;<\/p>\n<h5><strong>Garantie N110<\/strong><\/h5>\n<p><strong>\u00a0<\/strong>pertes globale inf\u00e9rieures \u00e0 2 Watt\/kg.<\/p>\n<ul>\n<li>puissance de magn\u00e9tisation \u00e0 vide inf\u00e9rieure \u00e0<\/li>\n<\/ul>\n<p>&nbsp;<\/p>\n<p><img loading=\"lazy\" decoding=\"async\" class=\"alignnone size-full wp-image-4551\" src=\"https:\/\/schupp.ch\/wp-content\/uploads\/2024\/07\/SK_Norm_110.jpg\" alt=\"\" width=\"189\" height=\"98\" \/><\/p>\n<p>&nbsp;<\/p>\n<h5><strong>Garantie N111<\/strong><\/h5>\n<p>Les tores fendus enroul\u00e9 en cette ex\u00e9cution conviennent particuli\u00e8rement pour les transformateurs de grande puissance.<\/p>\n<ul>\n<li>pertes globales inf\u00e9rieures \u00e0 1,8 Watt\/kg<\/li>\n<li>puissance de magn\u00e9tisation \u00e0 vide inf\u00e9rieure \u00e0<\/li>\n<\/ul>\n<p>&nbsp;<\/p>\n<p><img loading=\"lazy\" decoding=\"async\" class=\"alignnone size-full wp-image-4554\" src=\"https:\/\/schupp.ch\/wp-content\/uploads\/2024\/07\/SK_Norm_111.jpg\" alt=\"\" width=\"199\" height=\"91\" \/><\/p>\n<p>&nbsp;<\/p>\n<p>Le tableau ci-dessous pr\u00e9sente les valeurs de puissance max. pour les diff\u00e9rents types de tores, dans des conditions d\u2019utilisation id\u00e9ales, c.-\u00e0-d. pour la construction de transformateurs ou bobines de choc avec 2 enroulements (1 primaire et 1 secondaire ou tout du moins \u00e9gal). Pour les plus hautes tensions (plusieurs milliers de volts), il faut bien \u00e9videmment observer les conditions d\u2019isolation entre les enroulements et le tore, qui diminuent l\u2019espace disponible pour les bobines.<\/p>\n<p>&nbsp;<\/p>\n<h5><strong>Aper\u00e7u g\u00e9n\u00e9ral de la qualit\u00e9<\/strong><\/h5>\n<p>&nbsp;<\/p>\n<table>\n<tbody>\n<tr>\n<td rowspan=\"2\" width=\"59\">Qualit\u00e9 de coupe<\/td>\n<td rowspan=\"2\" width=\"82\">Num\u00e9ro de garantie<\/td>\n<td width=\"59\">\u00c9paisseur de la t\u00f4le<\/td>\n<td width=\"68\">Fr\u00e9quence<\/td>\n<td width=\"60\">Induction max.<\/td>\n<td width=\"54\">max. pertes :<\/td>\n<td colspan=\"6\" width=\"249\">Puissance magn\u00e9t. max en VA\/kg, selon Lm de<\/td>\n<\/tr>\n<tr>\n<td width=\"59\">[mm]<\/td>\n<td width=\"68\">[Hz]<\/td>\n<td width=\"60\">[Gauss]<\/td>\n<td width=\"54\">[W\/kg]<\/td>\n<td width=\"42\">2,5 cm<\/td>\n<td width=\"40\">5 cm<\/td>\n<td width=\"45\">10 cm<\/td>\n<td width=\"42\">20 cm<\/td>\n<td width=\"39\">40 cm<\/td>\n<td width=\"40\">80 cm<\/td>\n<\/tr>\n<tr>\n<td width=\"59\">A<\/td>\n<td width=\"82\">C5-110<\/td>\n<td width=\"59\">0,30<\/td>\n<td width=\"68\">50<\/td>\n<td width=\"60\">15.000<\/td>\n<td width=\"54\">1,7<\/td>\n<td width=\"42\">&#8211;<\/td>\n<td width=\"40\">&#8211;<\/td>\n<td width=\"45\">15<\/td>\n<td width=\"42\">10<\/td>\n<td width=\"39\">7<\/td>\n<td width=\"40\">5,5<\/td>\n<\/tr>\n<tr>\n<td width=\"59\">C<\/td>\n<td width=\"82\">C5-111<\/td>\n<td width=\"59\">0,30<\/td>\n<td width=\"68\">50<\/td>\n<td width=\"60\">15.000<\/td>\n<td width=\"54\">1,7<\/td>\n<td width=\"42\">&#8211;<\/td>\n<td width=\"40\"><\/td>\n<td width=\"45\">6,1<\/td>\n<td width=\"42\">5,2<\/td>\n<td width=\"39\">4,8<\/td>\n<td width=\"40\">4,5<\/td>\n<\/tr>\n<tr>\n<td width=\"59\">A<\/td>\n<td width=\"82\">C5-110<\/td>\n<td width=\"59\">0,30<\/td>\n<td width=\"68\">50<\/td>\n<td width=\"60\">17.000<\/td>\n<td width=\"54\">2,0<\/td>\n<td width=\"42\">&#8211;<\/td>\n<td width=\"40\">&#8211;<\/td>\n<td width=\"45\">17,5<\/td>\n<td width=\"42\">12,8<\/td>\n<td width=\"39\">10,9<\/td>\n<td width=\"40\">9,5<\/td>\n<\/tr>\n<tr>\n<td width=\"59\">C<\/td>\n<td width=\"82\">C5-111<\/td>\n<td width=\"59\">0,30<\/td>\n<td width=\"68\">50<\/td>\n<td width=\"60\">17.000<\/td>\n<td width=\"54\">1,8<\/td>\n<td width=\"42\">&#8211;<\/td>\n<td width=\"40\">&#8211;<\/td>\n<td width=\"45\">10,2<\/td>\n<td width=\"42\">8<\/td>\n<td width=\"39\">6,5<\/td>\n<td width=\"40\">6<\/td>\n<\/tr>\n<tr>\n<td width=\"59\">B<\/td>\n<td width=\"82\">C5-210<\/td>\n<td width=\"59\">0,30<\/td>\n<td width=\"68\">50<\/td>\n<td width=\"60\">17.000<\/td>\n<td width=\"54\">2,2<\/td>\n<td width=\"42\">&#8211;<\/td>\n<td width=\"40\">&#8211;<\/td>\n<td width=\"45\">23<\/td>\n<td width=\"42\">19<\/td>\n<td width=\"39\">16,8<\/td>\n<td width=\"40\">15,1<\/td>\n<\/tr>\n<tr>\n<td colspan=\"12\" width=\"631\">max. Champ correspondant \u00e0 Lm (Aeff\/cm)<\/td>\n<\/tr>\n<tr>\n<td width=\"59\">A<\/td>\n<td width=\"82\">OS-120<\/td>\n<td width=\"59\">0,30<\/td>\n<td width=\"68\">50<\/td>\n<td width=\"60\">19.000<\/td>\n<td width=\"54\">4<\/td>\n<td width=\"42\"><\/td>\n<td width=\"40\"><\/td>\n<td width=\"45\">10 cm<\/td>\n<td width=\"42\">20 cm 8<\/td>\n<td width=\"39\">40 cm 6<\/td>\n<td width=\"40\"><\/td>\n<\/tr>\n<\/tbody>\n<\/table>\n<p>&nbsp;<\/p>\n<p>&nbsp;<\/p>\n<p><strong><a href=\"#Link99\"><img loading=\"lazy\" decoding=\"async\" class=\"alignnone wp-image-8183\" src=\"https:\/\/schupp.ch\/wp-content\/uploads\/2024\/09\/TopOfPage_01-300x300.jpg\" alt=\"\" width=\"30\" height=\"30\" srcset=\"https:\/\/schupp.ch\/wp-content\/uploads\/2024\/09\/TopOfPage_01-300x300.jpg 300w, https:\/\/schupp.ch\/wp-content\/uploads\/2024\/09\/TopOfPage_01-600x600.jpg 600w, https:\/\/schupp.ch\/wp-content\/uploads\/2024\/09\/TopOfPage_01-900x900.jpg 900w, https:\/\/schupp.ch\/wp-content\/uploads\/2024\/09\/TopOfPage_01-100x100.jpg 100w, https:\/\/schupp.ch\/wp-content\/uploads\/2024\/09\/TopOfPage_01-150x150.jpg 150w, https:\/\/schupp.ch\/wp-content\/uploads\/2024\/09\/TopOfPage_01-768x768.jpg 768w, https:\/\/schupp.ch\/wp-content\/uploads\/2024\/09\/TopOfPage_01-1024x1024.jpg 1024w\" sizes=\"auto, (max-width: 30px) 100vw, 30px\" \/><br \/>\n<\/a><\/strong><\/p>\n<p>&nbsp;<\/p>\n","protected":false},"excerpt":{"rendered":"<h3 id=\"Link99\"><\/h3>\n<p>&nbsp;<\/p>\n<h5><strong>Vernis de protection, num\u00e9rotation des tores fendus enroul\u00e9s<\/strong><\/h5>\n<p>&nbsp;<\/p>\n<h5>Les tores fendus enroul\u00e9s que nous livrons sont tous prot\u00e9g\u00e9s par un vernis de couleur noir. Pour \u00e9viter de confondre les tores, ainsi qu\u2019un montage incorrect de chaque demi-tore, les demi-tores pr\u00e9sentent une num\u00e9rotation continue, par paire.<\/h5>\n<p>&nbsp;<\/p>\n","protected":false},"featured_media":4547,"template":"","meta":{"_acf_changed":false},"product_brand":[],"product_cat":[181,183],"product_tag":[],"class_list":{"0":"post-5634","1":"product","2":"type-product","3":"status-publish","4":"has-post-thumbnail","6":"product_cat-noyaux-de-bandes-coupees-noyaux-de-bandes-annulaires","7":"product_cat-generalites","9":"first","10":"instock","11":"shipping-taxable","12":"purchasable","13":"product-type-simple"},"acf":[],"_links":{"self":[{"href":"https:\/\/schupp.ch\/fr\/wp-json\/wp\/v2\/product\/5634","targetHints":{"allow":["GET"]}}],"collection":[{"href":"https:\/\/schupp.ch\/fr\/wp-json\/wp\/v2\/product"}],"about":[{"href":"https:\/\/schupp.ch\/fr\/wp-json\/wp\/v2\/types\/product"}],"wp:featuredmedia":[{"embeddable":true,"href":"https:\/\/schupp.ch\/fr\/wp-json\/wp\/v2\/media\/4547"}],"wp:attachment":[{"href":"https:\/\/schupp.ch\/fr\/wp-json\/wp\/v2\/media?parent=5634"}],"wp:term":[{"taxonomy":"product_brand","embeddable":true,"href":"https:\/\/schupp.ch\/fr\/wp-json\/wp\/v2\/product_brand?post=5634"},{"taxonomy":"product_cat","embeddable":true,"href":"https:\/\/schupp.ch\/fr\/wp-json\/wp\/v2\/product_cat?post=5634"},{"taxonomy":"product_tag","embeddable":true,"href":"https:\/\/schupp.ch\/fr\/wp-json\/wp\/v2\/product_tag?post=5634"}],"curies":[{"name":"wp","href":"https:\/\/api.w.org\/{rel}","templated":true}]}}