{"id":5643,"date":"2024-02-13T14:49:10","date_gmt":"2024-02-13T13:49:10","guid":{"rendered":"https:\/\/schupp.ch\/p\/ailettes-de-ventilateur-a-profil-bas-serie-va-en-plastique\/"},"modified":"2025-11-29T16:16:53","modified_gmt":"2025-11-29T15:16:53","slug":"ailettes-de-ventilateur-a-profil-bas-serie-va-en-plastique","status":"publish","type":"product","link":"https:\/\/schupp.ch\/fr\/p\/ailettes-de-ventilateur-a-profil-bas-serie-va-en-plastique\/","title":{"rendered":"Ailettes de ventilateur \u00e0 profil bas s\u00e9rie VA en mati\u00e8re synth\u00e9tique"},"content":{"rendered":"<p>&nbsp;<\/p>\n<p><strong>Mat\u00e9riau:<br \/>\n<\/strong>Polyamide, r\u00e9sistant \u00e0 la temp\u00e9rature jusqu\u2019 \u00e0 120\u00b0C<\/p>\n<p><img loading=\"lazy\" decoding=\"async\" class=\"alignnone wp-image-4442\" src=\"https:\/\/schupp.ch\/wp-content\/uploads\/2024\/02\/Luefterfluegel_VA_Masszeichnung-300x137.jpg\" alt=\"\" width=\"582\" height=\"266\" srcset=\"https:\/\/schupp.ch\/wp-content\/uploads\/2024\/02\/Luefterfluegel_VA_Masszeichnung-300x137.jpg 300w, https:\/\/schupp.ch\/wp-content\/uploads\/2024\/02\/Luefterfluegel_VA_Masszeichnung.jpg 523w\" sizes=\"auto, (max-width: 582px) 100vw, 582px\" \/><\/p>\n<p>&nbsp;<\/p>\n<p><strong>Types et dimensions<\/strong><\/p>\n<table>\n<tbody>\n<tr>\n<td colspan=\"2\" width=\"125\"><strong>N\u00b0 d&rsquo;art.<\/strong><\/td>\n<td width=\"62\">\u2205 C<\/td>\n<td width=\"62\">\u2205 A<\/td>\n<td width=\"62\">\u2205 B<\/td>\n<td width=\"62\">D<\/td>\n<\/tr>\n<tr>\n<td width=\"95\"><strong>LFVA063<\/strong><\/td>\n<td width=\"29\"><span style=\"color: #00ff00;\">\u2666<\/span><\/td>\n<td width=\"62\">14<\/td>\n<td width=\"62\">95<\/td>\n<td width=\"62\">23<\/td>\n<td width=\"62\">14<\/td>\n<\/tr>\n<tr>\n<td width=\"95\"><strong>LFVA071<\/strong><\/td>\n<td width=\"29\"><span style=\"color: #00ff00;\">\u2666<\/span><\/td>\n<td width=\"62\">14<\/td>\n<td width=\"62\">126<\/td>\n<td width=\"62\">23<\/td>\n<td width=\"62\">20<\/td>\n<\/tr>\n<tr>\n<td width=\"95\"><strong>LFVA080<\/strong><\/td>\n<td width=\"29\"><span style=\"color: #00ff00;\">\u2666<\/span><\/td>\n<td width=\"62\">19<\/td>\n<td width=\"62\">142<\/td>\n<td width=\"62\">24<\/td>\n<td width=\"62\">25<\/td>\n<\/tr>\n<tr>\n<td width=\"95\"><strong>LFVA090<\/strong><\/td>\n<td width=\"29\"><span style=\"color: #00ff00;\">\u2666<\/span><\/td>\n<td width=\"62\">24<\/td>\n<td width=\"62\">160<\/td>\n<td width=\"62\">30<\/td>\n<td width=\"62\">28<\/td>\n<\/tr>\n<tr>\n<td width=\"95\"><strong>LFVA100<\/strong><\/td>\n<td width=\"29\"><span style=\"color: #00ff00;\">\u2666<\/span><\/td>\n<td width=\"62\">28<\/td>\n<td width=\"62\">173<\/td>\n<td width=\"62\">36<\/td>\n<td width=\"62\">30<\/td>\n<\/tr>\n<tr>\n<td width=\"95\"><strong>LFVA112<\/strong><\/td>\n<td width=\"29\"><span style=\"color: #00ff00;\">\u2666<\/span><\/td>\n<td width=\"62\">28<\/td>\n<td width=\"62\">194<\/td>\n<td width=\"62\">37<\/td>\n<td width=\"62\">33<\/td>\n<\/tr>\n<tr>\n<td width=\"95\"><strong>LFVA132\/38<\/strong><\/td>\n<td width=\"29\"><span style=\"color: #00ff00;\">\u2666<\/span><\/td>\n<td width=\"62\">38<\/td>\n<td width=\"62\">230<\/td>\n<td width=\"62\">47<\/td>\n<td width=\"62\">39<\/td>\n<\/tr>\n<tr>\n<td width=\"95\"><strong>LFVA132\/40<\/strong><\/td>\n<td width=\"29\"><span style=\"color: #00ff00;\">\u2666<\/span><\/td>\n<td width=\"62\">40<\/td>\n<td width=\"62\">230<\/td>\n<td width=\"62\">47<\/td>\n<td width=\"62\">39<\/td>\n<\/tr>\n<\/tbody>\n<\/table>\n<p><span style=\"color: #00ff00;\">\u2666<\/span> en stock ou en magasin d&rsquo;usine<\/p>\n<p>&nbsp;<\/p>\n","protected":false},"excerpt":{"rendered":"<p>&nbsp;<\/p>\n<h5>Pour la production et r\u00e9paration de moteurs \u00e9lectriques, nous proposons une gamme compl\u00e8te d&rsquo;ailettes de ventilateur synth\u00e9tique et en aluminium. Les dimensions standard sont disponibles de stock pour livraison imm\u00e9diate.<\/h5>\n<p>&nbsp;<\/p>\n","protected":false},"featured_media":2601,"template":"","meta":{"_acf_changed":false},"product_brand":[],"product_cat":[142,144],"product_tag":[],"class_list":{"0":"post-5643","1":"product","2":"type-product","3":"status-publish","4":"has-post-thumbnail","6":"product_cat-technique-de-bobinage","7":"product_cat-pales-de-ventilateur-capots-et-flasques","9":"first","10":"instock","11":"shipping-taxable","12":"purchasable","13":"product-type-simple"},"acf":[],"_links":{"self":[{"href":"https:\/\/schupp.ch\/fr\/wp-json\/wp\/v2\/product\/5643","targetHints":{"allow":["GET"]}}],"collection":[{"href":"https:\/\/schupp.ch\/fr\/wp-json\/wp\/v2\/product"}],"about":[{"href":"https:\/\/schupp.ch\/fr\/wp-json\/wp\/v2\/types\/product"}],"wp:featuredmedia":[{"embeddable":true,"href":"https:\/\/schupp.ch\/fr\/wp-json\/wp\/v2\/media\/2601"}],"wp:attachment":[{"href":"https:\/\/schupp.ch\/fr\/wp-json\/wp\/v2\/media?parent=5643"}],"wp:term":[{"taxonomy":"product_brand","embeddable":true,"href":"https:\/\/schupp.ch\/fr\/wp-json\/wp\/v2\/product_brand?post=5643"},{"taxonomy":"product_cat","embeddable":true,"href":"https:\/\/schupp.ch\/fr\/wp-json\/wp\/v2\/product_cat?post=5643"},{"taxonomy":"product_tag","embeddable":true,"href":"https:\/\/schupp.ch\/fr\/wp-json\/wp\/v2\/product_tag?post=5643"}],"curies":[{"name":"wp","href":"https:\/\/api.w.org\/{rel}","templated":true}]}}