{"id":5644,"date":"2024-02-13T14:43:41","date_gmt":"2024-02-13T13:43:41","guid":{"rendered":"https:\/\/schupp.ch\/p\/aile-de-ventilateur-a-pince-mec-serie-kk-en-plastique-2\/"},"modified":"2024-10-15T09:39:49","modified_gmt":"2024-10-15T07:39:49","slug":"aile-de-ventilateur-a-pince-mec-serie-kk-en-plastique-2","status":"publish","type":"product","link":"https:\/\/schupp.ch\/fr\/p\/aile-de-ventilateur-a-pince-mec-serie-kk-en-plastique-2\/","title":{"rendered":"Aile de ventilateur \u00e0 pince MEC s\u00e9rie KK en plastique"},"content":{"rendered":"<table style=\"height: 312px;\" width=\"1010\">\n<tbody>\n<tr>\n<td width=\"302\"><img loading=\"lazy\" decoding=\"async\" class=\" wp-image-3938 aligncenter\" src=\"https:\/\/schupp.ch\/wp-content\/uploads\/2024\/02\/KK_Foto_01-300x223.jpg\" alt=\"\" width=\"367\" height=\"273\" srcset=\"https:\/\/schupp.ch\/wp-content\/uploads\/2024\/02\/KK_Foto_01-300x223.jpg 300w, https:\/\/schupp.ch\/wp-content\/uploads\/2024\/02\/KK_Foto_01.jpg 438w\" sizes=\"auto, (max-width: 367px) 100vw, 367px\" \/><\/td>\n<td width=\"302\"><img loading=\"lazy\" decoding=\"async\" class=\"wp-image-3941 aligncenter\" src=\"https:\/\/schupp.ch\/wp-content\/uploads\/2024\/02\/KK_Zeichnung_01-300x147.jpg\" alt=\"\" width=\"463\" height=\"227\" srcset=\"https:\/\/schupp.ch\/wp-content\/uploads\/2024\/02\/KK_Zeichnung_01-300x147.jpg 300w, https:\/\/schupp.ch\/wp-content\/uploads\/2024\/02\/KK_Zeichnung_01-600x294.jpg 600w, https:\/\/schupp.ch\/wp-content\/uploads\/2024\/02\/KK_Zeichnung_01-768x377.jpg 768w, https:\/\/schupp.ch\/wp-content\/uploads\/2024\/02\/KK_Zeichnung_01.jpg 801w\" sizes=\"auto, (max-width: 463px) 100vw, 463px\" \/><\/td>\n<\/tr>\n<\/tbody>\n<\/table>\n<p>&nbsp;<\/p>\n<table>\n<tbody>\n<tr>\n<td colspan=\"2\" width=\"109\"><strong>Art. No.<\/strong><\/td>\n<td width=\"58\">Image<\/td>\n<td width=\"50\">\u2205 D<\/td>\n<td width=\"60\">\u2205 A<\/td>\n<td width=\"51\">H<\/td>\n<td width=\"63\">E<\/td>\n<td width=\"54\">\u2205 F<\/td>\n<td width=\"54\">G<\/td>\n<td width=\"64\">S<\/td>\n<td width=\"66\">R<\/td>\n<\/tr>\n<tr>\n<td width=\"90\"><strong>LFKK063\/15<\/strong><\/td>\n<td width=\"19\"><span style=\"color: #00ff00;\">\u2666<\/span><\/td>\n<td width=\"58\">A<\/td>\n<td width=\"50\">15<\/td>\n<td width=\"60\">105<\/td>\n<td width=\"51\">24<\/td>\n<td width=\"63\">19<\/td>\n<td width=\"54\">90<\/td>\n<td width=\"54\">5<\/td>\n<td width=\"64\">18<\/td>\n<td width=\"66\">14<\/td>\n<\/tr>\n<tr>\n<td width=\"90\"><strong>LFKK071\/14<\/strong><\/td>\n<td width=\"19\"><span style=\"color: #00ff00;\">\u2666<\/span><\/td>\n<td width=\"58\">A<\/td>\n<td width=\"50\">14<\/td>\n<td width=\"60\">125<\/td>\n<td width=\"51\">30<\/td>\n<td width=\"63\">22<\/td>\n<td width=\"54\">105<\/td>\n<td width=\"54\">8<\/td>\n<td width=\"64\">20<\/td>\n<td width=\"66\">15<\/td>\n<\/tr>\n<tr>\n<td width=\"90\"><strong>LFKK071\/17<\/strong><\/td>\n<td width=\"19\"><span style=\"color: #00ff00;\">\u2666<\/span><\/td>\n<td width=\"58\">A<\/td>\n<td width=\"50\">17<\/td>\n<td width=\"60\">125<\/td>\n<td width=\"51\">30<\/td>\n<td width=\"63\">22<\/td>\n<td width=\"54\">105<\/td>\n<td width=\"54\">8<\/td>\n<td width=\"64\">20<\/td>\n<td width=\"66\">15<\/td>\n<\/tr>\n<tr>\n<td width=\"90\"><strong>LFKK080\/20<\/strong><\/td>\n<td width=\"19\"><span style=\"color: #00ff00;\">\u2666<\/span><\/td>\n<td width=\"58\">A<\/td>\n<td width=\"50\">20<\/td>\n<td width=\"60\">135<\/td>\n<td width=\"51\">32<\/td>\n<td width=\"63\">25<\/td>\n<td width=\"54\">115<\/td>\n<td width=\"54\">7<\/td>\n<td width=\"64\">25<\/td>\n<td width=\"66\">20<\/td>\n<\/tr>\n<tr>\n<td width=\"90\"><strong>LFKK090\/25<\/strong><\/td>\n<td width=\"19\"><span style=\"color: #00ff00;\">\u2666<\/span><\/td>\n<td width=\"58\">A<\/td>\n<td width=\"50\">25<\/td>\n<td width=\"60\">160<\/td>\n<td width=\"51\">37<\/td>\n<td width=\"63\">31<\/td>\n<td width=\"54\">135<\/td>\n<td width=\"54\">12<\/td>\n<td width=\"64\">25<\/td>\n<td width=\"66\">32<\/td>\n<\/tr>\n<tr>\n<td width=\"90\"><strong>LFKK100\/30<\/strong><\/td>\n<td width=\"19\"><span style=\"color: #00ff00;\">\u2666<\/span><\/td>\n<td width=\"58\">A<\/td>\n<td width=\"50\">30<\/td>\n<td width=\"60\">180<\/td>\n<td width=\"51\">42<\/td>\n<td width=\"63\">36<\/td>\n<td width=\"54\">153<\/td>\n<td width=\"54\">12<\/td>\n<td width=\"64\">28<\/td>\n<td width=\"66\">30<\/td>\n<\/tr>\n<tr>\n<td width=\"90\"><strong>LFKK112\/30<\/strong><\/td>\n<td width=\"19\"><span style=\"color: #00ff00;\">\u2666<\/span><\/td>\n<td width=\"58\">A<\/td>\n<td width=\"50\">30<\/td>\n<td width=\"60\">194<\/td>\n<td width=\"51\">43<\/td>\n<td width=\"63\">36<\/td>\n<td width=\"54\">150<\/td>\n<td width=\"54\">12<\/td>\n<td width=\"64\">31<\/td>\n<td width=\"66\">27<\/td>\n<\/tr>\n<tr>\n<td width=\"90\"><strong>LFKK132\/40<\/strong><\/td>\n<td width=\"19\"><span style=\"color: #00ff00;\">\u2666<\/span><\/td>\n<td width=\"58\">A<\/td>\n<td width=\"50\">40<\/td>\n<td width=\"60\">229<\/td>\n<td width=\"51\">44<\/td>\n<td width=\"63\">45<\/td>\n<td width=\"54\">160<\/td>\n<td width=\"54\">12<\/td>\n<td width=\"64\">32<\/td>\n<td width=\"66\">40<\/td>\n<\/tr>\n<tr>\n<td width=\"90\"><strong>LFKK160\/45<\/strong><\/td>\n<td width=\"19\"><span style=\"color: #00ff00;\">\u2666<\/span><\/td>\n<td width=\"58\">A<\/td>\n<td width=\"50\">45<\/td>\n<td width=\"60\">290<\/td>\n<td width=\"51\">52<\/td>\n<td width=\"63\">53<\/td>\n<td width=\"54\">220<\/td>\n<td width=\"54\">12<\/td>\n<td width=\"64\">32<\/td>\n<td width=\"66\">50<\/td>\n<\/tr>\n<\/tbody>\n<\/table>\n<p><span style=\"color: #00ff00;\">\u2666<\/span> en stock ou en magasin d&rsquo;usine<\/p>\n<p>&nbsp;<\/p>\n<table style=\"height: 339px;\" width=\"901\">\n<tbody>\n<tr>\n<td width=\"302\"><img loading=\"lazy\" decoding=\"async\" class=\"wp-image-2579 aligncenter\" src=\"https:\/\/schupp.ch\/wp-content\/uploads\/2024\/02\/wfewefwefg.jpg\" alt=\"\" width=\"407\" height=\"307\"><\/td>\n<td width=\"302\"><img loading=\"lazy\" decoding=\"async\" class=\"wp-image-2582 aligncenter\" src=\"https:\/\/schupp.ch\/wp-content\/uploads\/2024\/02\/wefegreg.png\" alt=\"\" width=\"386\" height=\"320\"><\/td>\n<\/tr>\n<\/tbody>\n<\/table>\n<p>Mat\u00e9riau : plastique, r\u00e9sistant \u00e0 des temp\u00e9ratures allant jusqu&rsquo;\u00e0 180\u00b0 C<\/p>\n<table>\n<tbody>\n<tr>\n<td colspan=\"2\" width=\"124\"><strong>Art. No.<\/strong><\/td>\n<td width=\"59\">Image<\/td>\n<td width=\"44\">\u2205 D<\/td>\n<td width=\"45\">\u2205 A<\/td>\n<td width=\"47\">\u2205 B<\/td>\n<td width=\"43\">\u2205 C<\/td>\n<td width=\"44\">E<\/td>\n<td width=\"47\">G<\/td>\n<td width=\"42\">H<\/td>\n<td width=\"42\">T<\/td>\n<td width=\"38\">Fz<\/td>\n<td width=\"54\">.. polig <\/td>\n<\/tr>\n<tr>\n<td width=\"93\"><strong>LFKK225\/65<\/strong><\/td>\n<td width=\"32\"><span style=\"color: #00ff00;\">\u2666<\/span><\/td>\n<td width=\"59\">B<\/td>\n<td width=\"44\">57<\/td>\n<td width=\"45\">410<\/td>\n<td width=\"47\">310<\/td>\n<td width=\"43\">86<\/td>\n<td width=\"44\">65<\/td>\n<td width=\"47\">24<\/td>\n<td width=\"42\">40<\/td>\n<td width=\"42\">104<\/td>\n<td width=\"38\">9<\/td>\n<td width=\"54\">4 &#8211; 6<\/td>\n<\/tr>\n<tr>\n<td width=\"93\"><strong>LFKK250\/70<\/strong><\/td>\n<td width=\"32\"><span style=\"color: #00ff00;\">\u2666<\/span><\/td>\n<td width=\"59\">B<\/td>\n<td width=\"44\">70<\/td>\n<td width=\"45\">452<\/td>\n<td width=\"47\">341<\/td>\n<td width=\"43\">94<\/td>\n<td width=\"44\">65<\/td>\n<td width=\"47\">20<\/td>\n<td width=\"42\">45<\/td>\n<td width=\"42\">110<\/td>\n<td width=\"38\">9<\/td>\n<td width=\"54\">4 &#8211; 6<\/td>\n<\/tr>\n<tr>\n<td width=\"93\"><strong>LFKK280\/75<\/strong><\/td>\n<td width=\"32\"><span style=\"color: #00ff00;\">\u2666<\/span><\/td>\n<td width=\"59\">B<\/td>\n<td width=\"44\">75<\/td>\n<td width=\"45\">515<\/td>\n<td width=\"47\">371<\/td>\n<td width=\"43\">100<\/td>\n<td width=\"44\">71<\/td>\n<td width=\"47\">29<\/td>\n<td width=\"42\">45<\/td>\n<td width=\"42\">116<\/td>\n<td width=\"38\">9<\/td>\n<td width=\"54\">4 &#8211; 6<\/td>\n<\/tr>\n<\/tbody>\n<\/table>\n<p>&nbsp;<\/p>\n<p><span style=\"color: #00ff00;\">\u2666<\/span> en stock ou en magasin d&rsquo;usine<\/p>\n","protected":false},"excerpt":{"rendered":"<p><strong>Mat\u00e9riau : <\/strong>plastique, r\u00e9sistant \u00e0 des temp\u00e9ratures allant jusqu&rsquo;\u00e0 +180\u00b0 C<\/p>\n","protected":false},"featured_media":2581,"template":"","meta":{"_acf_changed":false},"product_brand":[],"product_cat":[142],"product_tag":[],"class_list":{"0":"post-5644","1":"product","2":"type-product","3":"status-publish","4":"has-post-thumbnail","6":"product_cat-technique-de-bobinage","8":"first","9":"instock","10":"shipping-taxable","11":"purchasable","12":"product-type-simple"},"acf":[],"_links":{"self":[{"href":"https:\/\/schupp.ch\/fr\/wp-json\/wp\/v2\/product\/5644","targetHints":{"allow":["GET"]}}],"collection":[{"href":"https:\/\/schupp.ch\/fr\/wp-json\/wp\/v2\/product"}],"about":[{"href":"https:\/\/schupp.ch\/fr\/wp-json\/wp\/v2\/types\/product"}],"wp:featuredmedia":[{"embeddable":true,"href":"https:\/\/schupp.ch\/fr\/wp-json\/wp\/v2\/media\/2581"}],"wp:attachment":[{"href":"https:\/\/schupp.ch\/fr\/wp-json\/wp\/v2\/media?parent=5644"}],"wp:term":[{"taxonomy":"product_brand","embeddable":true,"href":"https:\/\/schupp.ch\/fr\/wp-json\/wp\/v2\/product_brand?post=5644"},{"taxonomy":"product_cat","embeddable":true,"href":"https:\/\/schupp.ch\/fr\/wp-json\/wp\/v2\/product_cat?post=5644"},{"taxonomy":"product_tag","embeddable":true,"href":"https:\/\/schupp.ch\/fr\/wp-json\/wp\/v2\/product_tag?post=5644"}],"curies":[{"name":"wp","href":"https:\/\/api.w.org\/{rel}","templated":true}]}}