{"id":5645,"date":"2024-02-13T14:53:38","date_gmt":"2024-02-13T13:53:38","guid":{"rendered":"https:\/\/schupp.ch\/p\/pales-de-ventilateur-serie-vt-en-plastique\/"},"modified":"2025-11-29T15:31:30","modified_gmt":"2025-11-29T14:31:30","slug":"pales-de-ventilateur-serie-vt-en-plastique","status":"publish","type":"product","link":"https:\/\/schupp.ch\/fr\/p\/pales-de-ventilateur-serie-vt-en-plastique\/","title":{"rendered":"Ailettes de ventilateur s\u00e9ries VT en mati\u00e8re synth\u00e9tique avec anneau de bloquage\/collier"},"content":{"rendered":"<p>&nbsp;<\/p>\n<p><strong>Mat\u00e9riau:<br \/>\n<\/strong>Ultramide (30% renforcement de vibre de verre), r\u00e9sistant \u00e0 la temp\u00e9rature de -30 jusqu\u2019 \u00e0 +170\u00b0C<\/p>\n<p>&nbsp;<\/p>\n<table style=\"height: 277px;\" width=\"922\">\n<tbody>\n<tr>\n<td width=\"201\"><img loading=\"lazy\" decoding=\"async\" class=\"alignnone wp-image-2609 aligncenter\" src=\"https:\/\/schupp.ch\/wp-content\/uploads\/2024\/02\/rgtehh.png\" alt=\"\" width=\"272\" height=\"149\" \/><\/td>\n<td style=\"text-align: center;\" width=\"201\">Figure A<\/p>\n<p><img loading=\"lazy\" decoding=\"async\" class=\"alignnone wp-image-2612\" src=\"https:\/\/schupp.ch\/wp-content\/uploads\/2024\/02\/egrwtbhwh.png\" alt=\"\" width=\"248\" height=\"205\" \/><\/td>\n<td width=\"201\">\n<p style=\"text-align: center;\">Figure B<\/p>\n<p><img loading=\"lazy\" decoding=\"async\" class=\"alignnone wp-image-2609 aligncenter\" src=\"https:\/\/schupp.ch\/wp-content\/uploads\/2024\/02\/rgtehh.png\" alt=\"\" width=\"285\" height=\"156\" \/><\/td>\n<\/tr>\n<\/tbody>\n<\/table>\n<p>&nbsp;<\/p>\n<p><strong>Types et dimensions<\/strong><\/p>\n<table width=\"643\">\n<tbody>\n<tr>\n<td colspan=\"2\" width=\"89\"><strong>N\u00b0 d\u2018art.<\/strong><\/td>\n<td width=\"51\">Figure<\/td>\n<td width=\"62\">\u2205 A<\/td>\n<td width=\"62\">\u2205 B<\/td>\n<td width=\"62\">\u2205 D<\/td>\n<td width=\"61\">C<\/td>\n<\/tr>\n<tr>\n<td width=\"66\"><strong>LFVT056<\/strong><\/td>\n<td width=\"23\">*<\/td>\n<td width=\"51\">A<\/td>\n<td width=\"62\">11<\/td>\n<td width=\"62\">100<\/td>\n<td width=\"62\">64<\/td>\n<td width=\"61\">20<\/td>\n<\/tr>\n<tr>\n<td width=\"66\"><strong>LFVT063<\/strong><\/td>\n<td width=\"23\">*<\/td>\n<td width=\"51\">A<\/td>\n<td width=\"62\">14<\/td>\n<td width=\"62\">117<\/td>\n<td width=\"62\">78<\/td>\n<td width=\"61\">23<\/td>\n<\/tr>\n<tr>\n<td width=\"66\"><strong>LFVT071<\/strong><\/td>\n<td width=\"23\">*<\/td>\n<td width=\"51\">A<\/td>\n<td width=\"62\">14<\/td>\n<td width=\"62\">132<\/td>\n<td width=\"62\">90<\/td>\n<td width=\"61\">29<\/td>\n<\/tr>\n<tr>\n<td width=\"66\"><strong>LFVT080<\/strong><\/td>\n<td width=\"23\">*<\/td>\n<td width=\"51\">A<\/td>\n<td width=\"62\">19<\/td>\n<td width=\"62\">150<\/td>\n<td width=\"62\">100<\/td>\n<td width=\"61\">29<\/td>\n<\/tr>\n<tr>\n<td width=\"66\"><strong>LFVT090<\/strong><\/td>\n<td width=\"23\">*<\/td>\n<td width=\"51\">A<\/td>\n<td width=\"62\">24<\/td>\n<td width=\"62\">167<\/td>\n<td width=\"62\">118<\/td>\n<td width=\"61\">32<\/td>\n<\/tr>\n<tr>\n<td width=\"66\"><strong>LFVT100<\/strong><\/td>\n<td width=\"23\">*<\/td>\n<td width=\"51\">B<\/td>\n<td width=\"62\">28<\/td>\n<td width=\"62\">183<\/td>\n<td width=\"62\">128<\/td>\n<td width=\"61\">34<\/td>\n<\/tr>\n<tr>\n<td width=\"66\"><strong>LFVT112<\/strong><\/td>\n<td width=\"23\">*<\/td>\n<td width=\"51\">B<\/td>\n<td width=\"62\">28<\/td>\n<td width=\"62\">205<\/td>\n<td width=\"62\">137<\/td>\n<td width=\"61\">37<\/td>\n<\/tr>\n<tr>\n<td width=\"66\"><strong>LFVT132<\/strong><\/td>\n<td width=\"23\">*<\/td>\n<td width=\"51\">B<\/td>\n<td width=\"62\">40<\/td>\n<td width=\"62\">239<\/td>\n<td width=\"62\">179<\/td>\n<td width=\"61\">49<\/td>\n<\/tr>\n<\/tbody>\n<\/table>\n<p>* sur demande<\/p>\n<p>&nbsp;<\/p>\n","protected":false},"excerpt":{"rendered":"<p>&nbsp;<\/p>\n<h5>Pour la production et r\u00e9paration de moteurs \u00e9lectriques, nous proposons une gamme compl\u00e8te d&rsquo;ailettes de ventilateur synth\u00e9tique et en aluminium. Les dimensions standard sont disponibles de stock pour livraison imm\u00e9diate.<\/h5>\n<p>&nbsp;<\/p>\n","protected":false},"featured_media":2608,"template":"","meta":{"_acf_changed":false},"product_brand":[],"product_cat":[142,144],"product_tag":[],"class_list":{"0":"post-5645","1":"product","2":"type-product","3":"status-publish","4":"has-post-thumbnail","6":"product_cat-technique-de-bobinage","7":"product_cat-pales-de-ventilateur-capots-et-flasques","9":"first","10":"instock","11":"shipping-taxable","12":"purchasable","13":"product-type-simple"},"acf":[],"_links":{"self":[{"href":"https:\/\/schupp.ch\/fr\/wp-json\/wp\/v2\/product\/5645","targetHints":{"allow":["GET"]}}],"collection":[{"href":"https:\/\/schupp.ch\/fr\/wp-json\/wp\/v2\/product"}],"about":[{"href":"https:\/\/schupp.ch\/fr\/wp-json\/wp\/v2\/types\/product"}],"wp:featuredmedia":[{"embeddable":true,"href":"https:\/\/schupp.ch\/fr\/wp-json\/wp\/v2\/media\/2608"}],"wp:attachment":[{"href":"https:\/\/schupp.ch\/fr\/wp-json\/wp\/v2\/media?parent=5645"}],"wp:term":[{"taxonomy":"product_brand","embeddable":true,"href":"https:\/\/schupp.ch\/fr\/wp-json\/wp\/v2\/product_brand?post=5645"},{"taxonomy":"product_cat","embeddable":true,"href":"https:\/\/schupp.ch\/fr\/wp-json\/wp\/v2\/product_cat?post=5645"},{"taxonomy":"product_tag","embeddable":true,"href":"https:\/\/schupp.ch\/fr\/wp-json\/wp\/v2\/product_tag?post=5645"}],"curies":[{"name":"wp","href":"https:\/\/api.w.org\/{rel}","templated":true}]}}