{"id":5646,"date":"2024-02-13T14:46:36","date_gmt":"2024-02-13T13:46:36","guid":{"rendered":"https:\/\/schupp.ch\/p\/pales-de-ventilateur-serie-dm-en-plastique-avec-bride-de-serrage\/"},"modified":"2025-11-29T15:19:59","modified_gmt":"2025-11-29T14:19:59","slug":"pales-de-ventilateur-serie-dm-en-plastique-avec-bride-de-serrage","status":"publish","type":"product","link":"https:\/\/schupp.ch\/fr\/p\/pales-de-ventilateur-serie-dm-en-plastique-avec-bride-de-serrage\/","title":{"rendered":"Ailettes de ventilateur s\u00e9rie DM en mati\u00e8re synth\u00e9tique avec collier\/anneau"},"content":{"rendered":"<p>&nbsp;<\/p>\n<p><strong>Mat\u00e9riau:<br \/>\n<\/strong>Polyamide, r\u00e9sistant \u00e0 la temp\u00e9rature jusqu\u2019 \u00e0 120\u00b0C<\/p>\n<p>&nbsp;<\/p>\n<table style=\"height: 286px;\" width=\"970\">\n<tbody>\n<tr>\n<td width=\"604\"><img loading=\"lazy\" decoding=\"async\" class=\"alignnone wp-image-2588 aligncenter\" src=\"https:\/\/schupp.ch\/wp-content\/uploads\/2024\/02\/evebrtba.png\" alt=\"\" width=\"546\" height=\"242\" \/><\/td>\n<\/tr>\n<\/tbody>\n<\/table>\n<p>&nbsp;<\/p>\n<p><strong>Types et dimensions<\/strong><\/p>\n<table>\n<tbody>\n<tr>\n<td colspan=\"2\" width=\"130\"><strong>Art. No.<\/strong><\/td>\n<td width=\"62\">\u2205 C<\/td>\n<td width=\"62\">\u2205 A<\/td>\n<td width=\"62\">\u2205 B<\/td>\n<td width=\"62\">D<\/td>\n<td width=\"119\"><\/td>\n<\/tr>\n<tr>\n<td width=\"98\"><strong>LFDM052<\/strong><\/td>\n<td width=\"32\"><span style=\"color: #00ff00;\">\u2666<\/span><\/td>\n<td width=\"62\">8<\/td>\n<td width=\"62\">87<\/td>\n<td width=\"62\">16<\/td>\n<td width=\"62\">20<\/td>\n<td width=\"119\">sans collier de blocage<\/td>\n<\/tr>\n<tr>\n<td width=\"98\"><strong>LFDM056<\/strong><\/td>\n<td width=\"32\"><span style=\"color: #00ff00;\">\u2666<\/span><\/td>\n<td width=\"62\">11<\/td>\n<td width=\"62\">100<\/td>\n<td width=\"62\">16<\/td>\n<td width=\"62\">20<\/td>\n<td width=\"119\">sans collier de blocage<\/td>\n<\/tr>\n<tr>\n<td width=\"98\"><strong>LFDM071<\/strong><\/td>\n<td width=\"32\"><span style=\"color: #00ff00;\">\u2666<\/span><\/td>\n<td width=\"62\">14<\/td>\n<td width=\"62\">134<\/td>\n<td width=\"62\">22<\/td>\n<td width=\"62\">29<\/td>\n<td width=\"119\">avec collier de blocage<\/td>\n<\/tr>\n<tr>\n<td width=\"98\"><strong>LFDM080<\/strong><\/td>\n<td width=\"32\"><span style=\"color: #00ff00;\">\u2666<\/span><\/td>\n<td width=\"62\">19<\/td>\n<td width=\"62\">144<\/td>\n<td width=\"62\">24<\/td>\n<td width=\"62\">29<\/td>\n<td width=\"119\">avec collier de blocage<\/td>\n<\/tr>\n<tr>\n<td width=\"98\"><strong>LFDM090<\/strong><\/td>\n<td width=\"32\"><span style=\"color: #00ff00;\">\u2666<\/span><\/td>\n<td width=\"62\">24<\/td>\n<td width=\"62\">167<\/td>\n<td width=\"62\">31<\/td>\n<td width=\"62\">32<\/td>\n<td width=\"119\">avec collier de blocage<\/td>\n<\/tr>\n<tr>\n<td width=\"98\"><strong>LFDM100<\/strong><\/td>\n<td width=\"32\"><span style=\"color: #00ff00;\">\u2666<\/span><\/td>\n<td width=\"62\">28<\/td>\n<td width=\"62\">183<\/td>\n<td width=\"62\">36<\/td>\n<td width=\"62\">34<\/td>\n<td width=\"119\">avec collier de blocage<\/td>\n<\/tr>\n<tr>\n<td width=\"98\"><strong>LFDM112<\/strong><\/td>\n<td width=\"32\"><span style=\"color: #00ff00;\">\u2666<\/span><\/td>\n<td width=\"62\">28<\/td>\n<td width=\"62\">205<\/td>\n<td width=\"62\">36<\/td>\n<td width=\"62\">37<\/td>\n<td width=\"119\">avec bride de serrage<\/td>\n<\/tr>\n<tr>\n<td width=\"98\"><strong>LFDM132\/38<\/strong><\/td>\n<td width=\"32\"><span style=\"color: #00ff00;\">\u2666<\/span><\/td>\n<td width=\"62\">38<\/td>\n<td width=\"62\">239<\/td>\n<td width=\"62\">45<\/td>\n<td width=\"62\">49<\/td>\n<td width=\"119\">avec collier de blocage<\/td>\n<\/tr>\n<tr>\n<td width=\"98\"><strong>LFDM132\/40<\/strong><\/td>\n<td width=\"32\"><span style=\"color: #00ff00;\">\u2666<\/span><\/td>\n<td width=\"62\">40<\/td>\n<td width=\"62\">239<\/td>\n<td width=\"62\">45<\/td>\n<td width=\"62\">49<\/td>\n<td width=\"119\">avec collier de blocage<\/td>\n<\/tr>\n<tr>\n<td width=\"98\"><strong>LFDM160<\/strong><\/td>\n<td width=\"32\"><span style=\"color: #00ff00;\">\u2666<\/span><\/td>\n<td width=\"62\">45<\/td>\n<td width=\"62\">294<\/td>\n<td width=\"62\">52<\/td>\n<td width=\"62\">54<\/td>\n<td width=\"119\">avec collier de blocage<\/td>\n<\/tr>\n<tr>\n<td width=\"98\"><strong>LFDM180<\/strong><\/td>\n<td width=\"32\"><span style=\"color: #00ff00;\">\u2666<\/span><\/td>\n<td width=\"62\">50<\/td>\n<td width=\"62\">339<\/td>\n<td width=\"62\">59<\/td>\n<td width=\"62\">60<\/td>\n<td width=\"119\">avec collier de blocage<\/td>\n<\/tr>\n<\/tbody>\n<\/table>\n<p><span style=\"color: #00ff00;\">\u2666<\/span> en stock ou en magasin d&rsquo;usine<\/p>\n<p>&nbsp;<\/p>\n","protected":false},"excerpt":{"rendered":"<p>&nbsp;<\/p>\n<h5>Pour la production et r\u00e9paration de moteurs \u00e9lectriques, nous proposons une gamme compl\u00e8te d&rsquo;ailettes de ventilateur synth\u00e9tique et en aluminium. Les dimensions standard sont disponibles de stock pour livraison imm\u00e9diate.<\/h5>\n<p>&nbsp;<\/p>\n","protected":false},"featured_media":2594,"template":"","meta":{"_acf_changed":false},"product_brand":[],"product_cat":[142,144],"product_tag":[],"class_list":{"0":"post-5646","1":"product","2":"type-product","3":"status-publish","4":"has-post-thumbnail","6":"product_cat-technique-de-bobinage","7":"product_cat-pales-de-ventilateur-capots-et-flasques","9":"first","10":"instock","11":"shipping-taxable","12":"purchasable","13":"product-type-simple"},"acf":[],"_links":{"self":[{"href":"https:\/\/schupp.ch\/fr\/wp-json\/wp\/v2\/product\/5646","targetHints":{"allow":["GET"]}}],"collection":[{"href":"https:\/\/schupp.ch\/fr\/wp-json\/wp\/v2\/product"}],"about":[{"href":"https:\/\/schupp.ch\/fr\/wp-json\/wp\/v2\/types\/product"}],"wp:featuredmedia":[{"embeddable":true,"href":"https:\/\/schupp.ch\/fr\/wp-json\/wp\/v2\/media\/2594"}],"wp:attachment":[{"href":"https:\/\/schupp.ch\/fr\/wp-json\/wp\/v2\/media?parent=5646"}],"wp:term":[{"taxonomy":"product_brand","embeddable":true,"href":"https:\/\/schupp.ch\/fr\/wp-json\/wp\/v2\/product_brand?post=5646"},{"taxonomy":"product_cat","embeddable":true,"href":"https:\/\/schupp.ch\/fr\/wp-json\/wp\/v2\/product_cat?post=5646"},{"taxonomy":"product_tag","embeddable":true,"href":"https:\/\/schupp.ch\/fr\/wp-json\/wp\/v2\/product_tag?post=5646"}],"curies":[{"name":"wp","href":"https:\/\/api.w.org\/{rel}","templated":true}]}}