{"id":5647,"date":"2024-02-13T14:56:54","date_gmt":"2024-02-13T13:56:54","guid":{"rendered":"https:\/\/schupp.ch\/p\/pales-de-ventilateur-serie-cc-pour-moteurs-a-courant-continu-avec-bague-de-serrage\/"},"modified":"2025-11-29T14:52:49","modified_gmt":"2025-11-29T13:52:49","slug":"pales-de-ventilateur-serie-cc-pour-moteurs-a-courant-continu-avec-bague-de-serrage","status":"publish","type":"product","link":"https:\/\/schupp.ch\/fr\/p\/pales-de-ventilateur-serie-cc-pour-moteurs-a-courant-continu-avec-bague-de-serrage\/","title":{"rendered":"Ailettes de ventilateur s\u00e9rie CC pour moteurs \u00e0 courant continu avec collier de bloquage"},"content":{"rendered":"<p>&nbsp;<\/p>\n<p><strong>Mat\u00e9riau:<br \/>\n<\/strong>Ultramide (30% renforcement de vibre de verre), r\u00e9sistant \u00e0 la temp\u00e9rature de -30 jusqu\u2019 \u00e0 +170\u00b0C<\/p>\n<p>&nbsp;<\/p>\n<table style=\"height: 411px;\" width=\"947\">\n<tbody>\n<tr>\n<td width=\"302\"><img loading=\"lazy\" decoding=\"async\" class=\"wp-image-2619 aligncenter\" src=\"https:\/\/schupp.ch\/wp-content\/uploads\/2024\/02\/wdvebeb.jpg\" alt=\"\" width=\"475\" height=\"361\" \/><\/td>\n<td width=\"302\"><img loading=\"lazy\" decoding=\"async\" class=\"wp-image-2625 aligncenter\" src=\"https:\/\/schupp.ch\/wp-content\/uploads\/2024\/02\/sdvebrb.png\" alt=\"\" width=\"319\" height=\"266\" \/> <img loading=\"lazy\" decoding=\"async\" class=\"wp-image-2622 aligncenter\" src=\"https:\/\/schupp.ch\/wp-content\/uploads\/2024\/02\/bverveb.png\" alt=\"\" width=\"305\" height=\"351\" \/><\/td>\n<\/tr>\n<\/tbody>\n<\/table>\n<p>&nbsp;<\/p>\n<p>&nbsp;<\/p>\n<table>\n<tbody>\n<tr>\n<td colspan=\"2\" width=\"98\"><strong>Art. No.<\/strong><\/td>\n<td width=\"62\">\u2205 B<\/td>\n<td width=\"62\">\u2205 A<\/td>\n<td width=\"62\">\u2205 E<\/td>\n<td width=\"62\">C<\/td>\n<td width=\"62\">D<\/td>\n<td width=\"62\">F<\/td>\n<\/tr>\n<tr>\n<td width=\"71\"><strong>LFCC071<\/strong><\/td>\n<td width=\"27\">*<\/td>\n<td width=\"62\">24<\/td>\n<td width=\"62\">119<\/td>\n<td width=\"62\">89<\/td>\n<td width=\"62\">19<\/td>\n<td width=\"62\">4<\/td>\n<td width=\"62\">16<\/td>\n<\/tr>\n<tr>\n<td width=\"71\"><strong>LFCC090<\/strong><\/td>\n<td width=\"27\">*<\/td>\n<td width=\"62\">34<\/td>\n<td width=\"62\">149<\/td>\n<td width=\"62\">120<\/td>\n<td width=\"62\">30<\/td>\n<td width=\"62\">13<\/td>\n<td width=\"62\">40<\/td>\n<\/tr>\n<\/tbody>\n<\/table>\n<p>* sur demande<\/p>\n<p>&nbsp;<\/p>\n","protected":false},"excerpt":{"rendered":"<p>&nbsp;<\/p>\n<h5>Pour la production et r\u00e9paration de moteurs \u00e9lectriques, nous proposons une gamme compl\u00e8te d&rsquo;ailettes de ventilateur synth\u00e9tique et en aluminium. Les dimensions standard sont disponibles de stock pour livraison imm\u00e9diate.<\/h5>\n<p>&nbsp;<\/p>\n<p>&nbsp;<\/p>\n","protected":false},"featured_media":2621,"template":"","meta":{"_acf_changed":false},"product_brand":[],"product_cat":[142,144],"product_tag":[],"class_list":{"0":"post-5647","1":"product","2":"type-product","3":"status-publish","4":"has-post-thumbnail","6":"product_cat-technique-de-bobinage","7":"product_cat-pales-de-ventilateur-capots-et-flasques","9":"first","10":"instock","11":"shipping-taxable","12":"purchasable","13":"product-type-simple"},"acf":[],"_links":{"self":[{"href":"https:\/\/schupp.ch\/fr\/wp-json\/wp\/v2\/product\/5647","targetHints":{"allow":["GET"]}}],"collection":[{"href":"https:\/\/schupp.ch\/fr\/wp-json\/wp\/v2\/product"}],"about":[{"href":"https:\/\/schupp.ch\/fr\/wp-json\/wp\/v2\/types\/product"}],"wp:featuredmedia":[{"embeddable":true,"href":"https:\/\/schupp.ch\/fr\/wp-json\/wp\/v2\/media\/2621"}],"wp:attachment":[{"href":"https:\/\/schupp.ch\/fr\/wp-json\/wp\/v2\/media?parent=5647"}],"wp:term":[{"taxonomy":"product_brand","embeddable":true,"href":"https:\/\/schupp.ch\/fr\/wp-json\/wp\/v2\/product_brand?post=5647"},{"taxonomy":"product_cat","embeddable":true,"href":"https:\/\/schupp.ch\/fr\/wp-json\/wp\/v2\/product_cat?post=5647"},{"taxonomy":"product_tag","embeddable":true,"href":"https:\/\/schupp.ch\/fr\/wp-json\/wp\/v2\/product_tag?post=5647"}],"curies":[{"name":"wp","href":"https:\/\/api.w.org\/{rel}","templated":true}]}}