{"id":5648,"date":"2024-02-13T15:19:10","date_gmt":"2024-02-13T14:19:10","guid":{"rendered":"https:\/\/schupp.ch\/p\/capots-de-ventilateur-iec-en-metal\/"},"modified":"2025-11-29T16:05:25","modified_gmt":"2025-11-29T15:05:25","slug":"capots-de-ventilateur-iec-en-metal","status":"publish","type":"product","link":"https:\/\/schupp.ch\/fr\/p\/capots-de-ventilateur-iec-en-metal\/","title":{"rendered":"Couvercles de ventilateurs IEC en acier"},"content":{"rendered":"<p><strong>Mat\u00e9riau<\/strong><br \/>\nCouvercles de ventilateur en t\u00f4le emboutie, vernie, avec trous de fixation<\/p>\n<p><img loading=\"lazy\" decoding=\"async\" class=\"alignnone wp-image-8035\" src=\"https:\/\/schupp.ch\/wp-content\/uploads\/2024\/02\/Luefterhauben_neu-300x300.jpg\" alt=\"\" width=\"785\" height=\"785\" srcset=\"https:\/\/schupp.ch\/wp-content\/uploads\/2024\/02\/Luefterhauben_neu-300x300.jpg 300w, https:\/\/schupp.ch\/wp-content\/uploads\/2024\/02\/Luefterhauben_neu-600x600.jpg 600w, https:\/\/schupp.ch\/wp-content\/uploads\/2024\/02\/Luefterhauben_neu-900x900.jpg 900w, https:\/\/schupp.ch\/wp-content\/uploads\/2024\/02\/Luefterhauben_neu-100x100.jpg 100w, https:\/\/schupp.ch\/wp-content\/uploads\/2024\/02\/Luefterhauben_neu-150x150.jpg 150w, https:\/\/schupp.ch\/wp-content\/uploads\/2024\/02\/Luefterhauben_neu-768x768.jpg 768w, https:\/\/schupp.ch\/wp-content\/uploads\/2024\/02\/Luefterhauben_neu-1024x1024.jpg 1024w\" sizes=\"auto, (max-width: 785px) 100vw, 785px\" \/><\/p>\n<p>Pour les moteurs avec un deuxi\u00e8me axe, le centre avec \u00d8 \u00abe\u00bb peut-\u00eatre rompu.<br \/>\nMat\u00e9riau: t\u00f4le emboutie, vernie, avec trous de fixation<\/p>\n<p>&nbsp;<\/p>\n<p><strong>Types et dimensions<\/strong><\/p>\n<table>\n<tbody>\n<tr>\n<td colspan=\"2\" width=\"104\"><strong>Art. No.<\/strong><\/td>\n<td width=\"77\">pour type de moteur<\/td>\n<td width=\"57\">\u2205 a<\/td>\n<td width=\"57\">b<\/td>\n<td width=\"57\">\u2205 c<\/td>\n<td width=\"57\">\u2205 d<\/td>\n<td width=\"57\">\u2205 e<\/td>\n<td width=\"57\">g<\/td>\n<td width=\"57\">k<\/td>\n<td width=\"53\">L<\/td>\n<\/tr>\n<tr>\n<td width=\"76\"><strong>LHM056<\/strong><\/td>\n<td width=\"28\">*<\/td>\n<td width=\"77\">56<\/td>\n<td width=\"57\">108,5<\/td>\n<td width=\"57\">53,5<\/td>\n<td width=\"57\">1,0<\/td>\n<td width=\"57\">78<\/td>\n<td width=\"57\">14<\/td>\n<td width=\"57\">10<\/td>\n<td width=\"57\">29<\/td>\n<td width=\"53\">28<\/td>\n<\/tr>\n<tr>\n<td width=\"76\"><strong>LHM063<\/strong><\/td>\n<td width=\"28\">*<\/td>\n<td width=\"77\">63<\/td>\n<td width=\"57\">121<\/td>\n<td width=\"57\">61<\/td>\n<td width=\"57\">1,0<\/td>\n<td width=\"57\">85<\/td>\n<td width=\"57\">17<\/td>\n<td width=\"57\">14<\/td>\n<td width=\"57\">32<\/td>\n<td width=\"53\">31<\/td>\n<\/tr>\n<tr>\n<td width=\"76\"><strong>LHM071<\/strong><\/td>\n<td width=\"28\">*<\/td>\n<td width=\"77\">71<\/td>\n<td width=\"57\">136<\/td>\n<td width=\"57\">70,5<\/td>\n<td width=\"57\">1,0<\/td>\n<td width=\"57\">95<\/td>\n<td width=\"57\">18<\/td>\n<td width=\"57\">10<\/td>\n<td width=\"57\">35,5<\/td>\n<td width=\"53\">35<\/td>\n<\/tr>\n<tr>\n<td width=\"76\"><strong>LHM080<\/strong><\/td>\n<td width=\"28\">*<\/td>\n<td width=\"77\">80<\/td>\n<td width=\"57\">154<\/td>\n<td width=\"57\">75<\/td>\n<td width=\"57\">1,0<\/td>\n<td width=\"57\">112<\/td>\n<td width=\"57\">25<\/td>\n<td width=\"57\">14<\/td>\n<td width=\"57\">39,5<\/td>\n<td width=\"53\">40<\/td>\n<\/tr>\n<tr>\n<td width=\"76\"><strong>LHM090<\/strong><\/td>\n<td width=\"28\">*<\/td>\n<td width=\"77\">90<\/td>\n<td width=\"57\">174<\/td>\n<td width=\"57\">86<\/td>\n<td width=\"57\">1,0<\/td>\n<td width=\"57\">125<\/td>\n<td width=\"57\">30<\/td>\n<td width=\"57\">16<\/td>\n<td width=\"57\">45<\/td>\n<td width=\"53\">46,5<\/td>\n<\/tr>\n<tr>\n<td width=\"76\"><strong>LHM100<\/strong><\/td>\n<td width=\"28\">*<\/td>\n<td width=\"77\">100<\/td>\n<td width=\"57\">192<\/td>\n<td width=\"57\">95<\/td>\n<td width=\"57\">1,0<\/td>\n<td width=\"57\">133<\/td>\n<td width=\"57\">34<\/td>\n<td width=\"57\">18<\/td>\n<td width=\"57\">49,3<\/td>\n<td width=\"53\">47,7<\/td>\n<\/tr>\n<tr>\n<td width=\"76\"><strong>LHM112<\/strong><\/td>\n<td width=\"28\">*<\/td>\n<td width=\"77\">112<\/td>\n<td width=\"57\">216<\/td>\n<td width=\"57\">99<\/td>\n<td width=\"57\">1,0<\/td>\n<td width=\"57\">152<\/td>\n<td width=\"57\">34<\/td>\n<td width=\"57\">16<\/td>\n<td width=\"57\">54<\/td>\n<td width=\"53\">55<\/td>\n<\/tr>\n<tr>\n<td width=\"76\"><strong>LHM132<\/strong><\/td>\n<td width=\"28\">*<\/td>\n<td width=\"77\">132<\/td>\n<td width=\"57\">255<\/td>\n<td width=\"57\">117<\/td>\n<td width=\"57\">1,5<\/td>\n<td width=\"57\">173<\/td>\n<td width=\"57\">42<\/td>\n<td width=\"57\">23<\/td>\n<td width=\"57\">64<\/td>\n<td width=\"53\">64<\/td>\n<\/tr>\n<tr>\n<td width=\"76\"><strong>LHM160<\/strong><\/td>\n<td width=\"28\">*<\/td>\n<td width=\"77\">160<\/td>\n<td width=\"57\">307<\/td>\n<td width=\"57\">136<\/td>\n<td width=\"57\">1,5<\/td>\n<td width=\"57\">205<\/td>\n<td width=\"57\">46<\/td>\n<td width=\"57\">25<\/td>\n<td width=\"57\">69,5<\/td>\n<td width=\"53\">65<\/td>\n<\/tr>\n<tr>\n<td width=\"76\"><strong>LHM180<\/strong><\/td>\n<td width=\"28\">*<\/td>\n<td width=\"77\">180<\/td>\n<td width=\"57\">345<\/td>\n<td width=\"57\">155<\/td>\n<td width=\"57\">1,5<\/td>\n<td width=\"57\">218<\/td>\n<td width=\"57\">52<\/td>\n<td width=\"57\">35<\/td>\n<td width=\"57\">71<\/td>\n<td width=\"53\">65<\/td>\n<\/tr>\n<tr>\n<td width=\"76\"><strong>LHM200<\/strong><\/td>\n<td width=\"28\">*<\/td>\n<td width=\"77\">200<\/td>\n<td width=\"57\">382<\/td>\n<td width=\"57\">178<\/td>\n<td width=\"57\">1,5<\/td>\n<td width=\"57\">250<\/td>\n<td width=\"57\">69<\/td>\n<td width=\"57\">38<\/td>\n<td width=\"57\">72<\/td>\n<td width=\"53\">66<\/td>\n<\/tr>\n<tr>\n<td width=\"76\"><strong>LHM225<\/strong><\/td>\n<td width=\"28\">*<\/td>\n<td width=\"77\">225<\/td>\n<td width=\"57\">430<\/td>\n<td width=\"57\">192<\/td>\n<td width=\"57\">1,5<\/td>\n<td width=\"57\">263<\/td>\n<td width=\"57\">69<\/td>\n<td width=\"57\">42<\/td>\n<td width=\"57\">96<\/td>\n<td width=\"53\">90<\/td>\n<\/tr>\n<tr>\n<td width=\"76\"><strong>LHM250<\/strong><\/td>\n<td width=\"28\">*<\/td>\n<td width=\"77\">250<\/td>\n<td width=\"57\">477<\/td>\n<td width=\"57\">220<\/td>\n<td width=\"57\">1,5<\/td>\n<td width=\"57\">297<\/td>\n<td width=\"57\">85<\/td>\n<td width=\"57\">46<\/td>\n<td width=\"57\">95<\/td>\n<td width=\"53\">190<\/td>\n<\/tr>\n<tr>\n<td width=\"76\"><strong>LHM280<\/strong><\/td>\n<td width=\"28\">*<\/td>\n<td width=\"77\">280<\/td>\n<td width=\"57\">533<\/td>\n<td width=\"57\">239<\/td>\n<td width=\"57\">1,5<\/td>\n<td width=\"57\">320<\/td>\n<td width=\"57\">95<\/td>\n<td width=\"57\">50<\/td>\n<td width=\"57\">113<\/td>\n<td width=\"53\">108<\/td>\n<\/tr>\n<tr>\n<td width=\"76\"><strong>LHM315<\/strong><\/td>\n<td width=\"28\">*<\/td>\n<td width=\"77\">315<\/td>\n<td width=\"57\">597<\/td>\n<td width=\"57\">257<\/td>\n<td width=\"57\">1,5<\/td>\n<td width=\"57\">340<\/td>\n<td width=\"57\">100<\/td>\n<td width=\"57\">50<\/td>\n<td width=\"57\">135<\/td>\n<td width=\"53\">130<\/td>\n<\/tr>\n<tr>\n<td width=\"76\"><strong>LHM355 (1)<\/strong><\/td>\n<td width=\"28\">*<\/td>\n<td width=\"77\">355<\/td>\n<td width=\"57\">692<\/td>\n<td width=\"57\">240<\/td>\n<td width=\"57\">1,75<\/td>\n<td width=\"57\">400<\/td>\n<td width=\"57\">125<\/td>\n<td width=\"57\">&#8211;<\/td>\n<td width=\"57\">128<\/td>\n<td width=\"53\">128<\/td>\n<\/tr>\n<\/tbody>\n<\/table>\n<p>* sur demande<\/p>\n<p>1) en t\u00f4le emboutie, vernie, sans trous de fixation.<\/p>\n<p>&nbsp;<\/p>\n","protected":false},"excerpt":{"rendered":"<p>&nbsp;<\/p>\n<h5>Adapt\u00e9s \u00e0 notre gamme de ventilateur, nous fournissons des couvercles de ventilateur en t\u00f4le emboutie dans les tailles IEC 56 \u00e0 355.<\/h5>\n<p>&nbsp;<\/p>\n","protected":false},"featured_media":2654,"template":"","meta":{"_acf_changed":false},"product_brand":[],"product_cat":[142,144],"product_tag":[],"class_list":{"0":"post-5648","1":"product","2":"type-product","3":"status-publish","4":"has-post-thumbnail","6":"product_cat-technique-de-bobinage","7":"product_cat-pales-de-ventilateur-capots-et-flasques","9":"first","10":"instock","11":"shipping-taxable","12":"purchasable","13":"product-type-simple"},"acf":[],"_links":{"self":[{"href":"https:\/\/schupp.ch\/fr\/wp-json\/wp\/v2\/product\/5648","targetHints":{"allow":["GET"]}}],"collection":[{"href":"https:\/\/schupp.ch\/fr\/wp-json\/wp\/v2\/product"}],"about":[{"href":"https:\/\/schupp.ch\/fr\/wp-json\/wp\/v2\/types\/product"}],"wp:featuredmedia":[{"embeddable":true,"href":"https:\/\/schupp.ch\/fr\/wp-json\/wp\/v2\/media\/2654"}],"wp:attachment":[{"href":"https:\/\/schupp.ch\/fr\/wp-json\/wp\/v2\/media?parent=5648"}],"wp:term":[{"taxonomy":"product_brand","embeddable":true,"href":"https:\/\/schupp.ch\/fr\/wp-json\/wp\/v2\/product_brand?post=5648"},{"taxonomy":"product_cat","embeddable":true,"href":"https:\/\/schupp.ch\/fr\/wp-json\/wp\/v2\/product_cat?post=5648"},{"taxonomy":"product_tag","embeddable":true,"href":"https:\/\/schupp.ch\/fr\/wp-json\/wp\/v2\/product_tag?post=5648"}],"curies":[{"name":"wp","href":"https:\/\/api.w.org\/{rel}","templated":true}]}}