{"id":5649,"date":"2024-02-13T15:03:39","date_gmt":"2024-02-13T14:03:39","guid":{"rendered":"https:\/\/schupp.ch\/p\/ailes-de-ventilateurs-a-pinces-series-vr-et-ve-en-aluminium\/"},"modified":"2025-11-29T14:38:20","modified_gmt":"2025-11-29T13:38:20","slug":"ailes-de-ventilateurs-a-pinces-series-vr-et-ve-en-aluminium","status":"publish","type":"product","link":"https:\/\/schupp.ch\/fr\/p\/ailes-de-ventilateurs-a-pinces-series-vr-et-ve-en-aluminium\/","title":{"rendered":"Ailettes de ventilateur \u00e0 serrage s\u00e9rie VR et VE en aluminium"},"content":{"rendered":"<p>&nbsp;<\/p>\n<table style=\"height: 411px;\" width=\"935\">\n<tbody>\n<tr>\n<td width=\"302\"><img loading=\"lazy\" decoding=\"async\" class=\"alignnone wp-image-2631 aligncenter\" src=\"https:\/\/schupp.ch\/wp-content\/uploads\/2024\/02\/evbeabeb-300x246.png\" alt=\"\" width=\"375\" height=\"307\" srcset=\"https:\/\/schupp.ch\/wp-content\/uploads\/2024\/02\/evbeabeb-300x246.png 300w, https:\/\/schupp.ch\/wp-content\/uploads\/2024\/02\/evbeabeb.png 320w\" sizes=\"auto, (max-width: 375px) 100vw, 375px\" \/><\/td>\n<td width=\"302\">\n<p style=\"text-align: center;\">Figure A<\/p>\n<p><img loading=\"lazy\" decoding=\"async\" class=\"wp-image-2628 alignleft\" src=\"https:\/\/schupp.ch\/wp-content\/uploads\/2024\/02\/erebreb.jpg\" alt=\"\" width=\"311\" height=\"234\" \/> <img loading=\"lazy\" decoding=\"async\" class=\"wp-image-2641 alignnone\" src=\"https:\/\/schupp.ch\/wp-content\/uploads\/2024\/02\/gernrheg.jpg\" alt=\"\" width=\"118\" height=\"105\" \/><\/td>\n<\/tr>\n<\/tbody>\n<\/table>\n<p>&nbsp;<\/p>\n<table>\n<tbody>\n<tr>\n<td colspan=\"2\" width=\"99\"><strong>Art. No.<\/strong><\/td>\n<td width=\"57\">Figure<\/td>\n<td width=\"57\">\u2205 C<\/td>\n<td width=\"57\">\u2205 A<\/td>\n<td width=\"57\">\u2205 B<\/td>\n<td width=\"57\">\u2205 D<\/td>\n<td width=\"57\">E<\/td>\n<td width=\"57\">F<\/td>\n<td width=\"57\">G<\/td>\n<\/tr>\n<tr>\n<td width=\"74\"><strong>LFVR063<\/strong><\/td>\n<td width=\"25\">*<\/td>\n<td width=\"57\">A<\/td>\n<td width=\"57\">14,1<\/td>\n<td width=\"57\">108<\/td>\n<td width=\"57\">78<\/td>\n<td width=\"57\">18<\/td>\n<td width=\"57\">4<\/td>\n<td width=\"57\">18<\/td>\n<td width=\"57\">20<\/td>\n<\/tr>\n<tr>\n<td width=\"74\"><strong>LFVR071<\/strong><\/td>\n<td width=\"25\">*<\/td>\n<td width=\"57\">A<\/td>\n<td width=\"57\">14,1<\/td>\n<td width=\"57\">128<\/td>\n<td width=\"57\">86<\/td>\n<td width=\"57\">18<\/td>\n<td width=\"57\">4<\/td>\n<td width=\"57\">18<\/td>\n<td width=\"57\">23<\/td>\n<\/tr>\n<tr>\n<td width=\"74\"><strong>LFVR080<\/strong><\/td>\n<td width=\"25\">*<\/td>\n<td width=\"57\">A<\/td>\n<td width=\"57\">19,1<\/td>\n<td width=\"57\">142<\/td>\n<td width=\"57\">98<\/td>\n<td width=\"57\">23<\/td>\n<td width=\"57\">4<\/td>\n<td width=\"57\">24<\/td>\n<td width=\"57\">29<\/td>\n<\/tr>\n<tr>\n<td width=\"74\"><strong>LFVR090<\/strong><\/td>\n<td width=\"25\">*<\/td>\n<td width=\"57\">A<\/td>\n<td width=\"57\">24,1<\/td>\n<td width=\"57\">162<\/td>\n<td width=\"57\">116<\/td>\n<td width=\"57\">29,5<\/td>\n<td width=\"57\">4<\/td>\n<td width=\"57\">24<\/td>\n<td width=\"57\">30<\/td>\n<\/tr>\n<tr>\n<td width=\"74\"><strong>LFVR100<\/strong><\/td>\n<td width=\"25\">*<\/td>\n<td width=\"57\">A<\/td>\n<td width=\"57\">28,1<\/td>\n<td width=\"57\">178<\/td>\n<td width=\"57\">123<\/td>\n<td width=\"57\">33<\/td>\n<td width=\"57\">4<\/td>\n<td width=\"57\">27<\/td>\n<td width=\"57\">33<\/td>\n<\/tr>\n<tr>\n<td width=\"74\"><strong>LFVR112<\/strong><\/td>\n<td width=\"25\">*<\/td>\n<td width=\"57\">A<\/td>\n<td width=\"57\">28,1<\/td>\n<td width=\"57\">202<\/td>\n<td width=\"57\">135<\/td>\n<td width=\"57\">33<\/td>\n<td width=\"57\">7<\/td>\n<td width=\"57\">32<\/td>\n<td width=\"57\">36<\/td>\n<\/tr>\n<tr>\n<td width=\"74\"><strong>LFVR132<\/strong><\/td>\n<td width=\"25\">*<\/td>\n<td width=\"57\">A<\/td>\n<td width=\"57\">38,1<\/td>\n<td width=\"57\">238<\/td>\n<td width=\"57\">176<\/td>\n<td width=\"57\">43<\/td>\n<td width=\"57\">11<\/td>\n<td width=\"57\">36<\/td>\n<td width=\"57\">48<\/td>\n<\/tr>\n<tr>\n<td width=\"74\"><strong>LFVR160<\/strong><\/td>\n<td width=\"25\">*<\/td>\n<td width=\"57\">A<\/td>\n<td width=\"57\">44,1<\/td>\n<td width=\"57\">292<\/td>\n<td width=\"57\">215<\/td>\n<td width=\"57\">49,5<\/td>\n<td width=\"57\">13<\/td>\n<td width=\"57\">46<\/td>\n<td width=\"57\">53,5<\/td>\n<\/tr>\n<\/tbody>\n<\/table>\n<p>* sur demande<\/p>\n<p>&nbsp;<\/p>\n<table style=\"height: 353px;\" width=\"938\">\n<tbody>\n<tr>\n<td width=\"302\"><img loading=\"lazy\" decoding=\"async\" class=\" wp-image-2638 aligncenter\" src=\"https:\/\/schupp.ch\/wp-content\/uploads\/2024\/02\/gnsrynt-300x165.png\" alt=\"\" width=\"420\" height=\"231\" srcset=\"https:\/\/schupp.ch\/wp-content\/uploads\/2024\/02\/gnsrynt-300x165.png 300w, https:\/\/schupp.ch\/wp-content\/uploads\/2024\/02\/gnsrynt.png 374w\" sizes=\"auto, (max-width: 420px) 100vw, 420px\" \/><\/td>\n<td width=\"302\">\n<p style=\"text-align: center;\">Figure B<\/p>\n<p><img loading=\"lazy\" decoding=\"async\" class=\" wp-image-2635 aligncenter\" src=\"https:\/\/schupp.ch\/wp-content\/uploads\/2024\/02\/efwefwef.jpg\" alt=\"\" width=\"312\" height=\"235\" \/><\/td>\n<\/tr>\n<\/tbody>\n<\/table>\n<p>&nbsp;<\/p>\n<table>\n<tbody>\n<tr>\n<td colspan=\"2\" width=\"134\"><strong>Art. No.<\/strong><\/td>\n<td width=\"48\">Figure<\/td>\n<td width=\"47\">\u2205 D<\/td>\n<td width=\"51\">\u2205 A<\/td>\n<td width=\"50\">\u2205 B<\/td>\n<td width=\"52\">\u2205 C<\/td>\n<td width=\"50\">E<\/td>\n<td width=\"53\">F<\/td>\n<td width=\"45\">G<\/td>\n<td width=\"44\">H<\/td>\n<td width=\"58\">p\u00f4les<\/td>\n<\/tr>\n<tr>\n<td width=\"108\"><strong>LFVE132-2\/35<\/strong><\/td>\n<td width=\"26\">*<\/td>\n<td width=\"48\">B<\/td>\n<td width=\"47\">35<\/td>\n<td width=\"51\">140<\/td>\n<td width=\"50\">160<\/td>\n<td width=\"52\">48<\/td>\n<td width=\"50\">33<\/td>\n<td width=\"53\">3,5<\/td>\n<td width=\"45\">8<\/td>\n<td width=\"44\">24<\/td>\n<td width=\"58\">2<\/td>\n<\/tr>\n<tr>\n<td width=\"108\"><strong>LFVE132-2\/40<\/strong><\/td>\n<td width=\"26\">*<\/td>\n<td width=\"48\">B<\/td>\n<td width=\"47\">40<\/td>\n<td width=\"51\">145<\/td>\n<td width=\"50\">145<\/td>\n<td width=\"52\">55<\/td>\n<td width=\"50\">38<\/td>\n<td width=\"53\">4<\/td>\n<td width=\"45\">9<\/td>\n<td width=\"44\">28<\/td>\n<td width=\"58\">2<\/td>\n<\/tr>\n<tr>\n<td width=\"108\"><strong>LFVE132-4\/35<\/strong><\/td>\n<td width=\"26\">*<\/td>\n<td width=\"48\">B<\/td>\n<td width=\"47\">35<\/td>\n<td width=\"51\">140<\/td>\n<td width=\"50\">195<\/td>\n<td width=\"52\">48<\/td>\n<td width=\"50\">42<\/td>\n<td width=\"53\">4<\/td>\n<td width=\"45\">9<\/td>\n<td width=\"44\">25<\/td>\n<td width=\"58\">4<\/td>\n<\/tr>\n<tr>\n<td width=\"108\"><strong>LFVE132-4\/40<\/strong><\/td>\n<td width=\"26\">*<\/td>\n<td width=\"48\">B<\/td>\n<td width=\"47\">40<\/td>\n<td width=\"51\">170<\/td>\n<td width=\"50\">210<\/td>\n<td width=\"52\">55<\/td>\n<td width=\"50\">42<\/td>\n<td width=\"53\">4<\/td>\n<td width=\"45\">11<\/td>\n<td width=\"44\">29<\/td>\n<td width=\"58\">4<\/td>\n<\/tr>\n<tr>\n<td width=\"108\"><strong>LFVE160-4\/45<\/strong><\/td>\n<td width=\"26\">*<\/td>\n<td width=\"48\">B<\/td>\n<td width=\"47\">45<\/td>\n<td width=\"51\">165<\/td>\n<td width=\"50\">185<\/td>\n<td width=\"52\">60<\/td>\n<td width=\"50\">55<\/td>\n<td width=\"53\">5<\/td>\n<td width=\"45\">14<\/td>\n<td width=\"44\">35<\/td>\n<td width=\"58\">4<\/td>\n<\/tr>\n<tr>\n<td width=\"108\"><strong>LFVE180\/200-2<\/strong><\/td>\n<td width=\"26\">*<\/td>\n<td width=\"48\">B<\/td>\n<td width=\"47\">50<\/td>\n<td width=\"51\">180<\/td>\n<td width=\"50\">180<\/td>\n<td width=\"52\">70<\/td>\n<td width=\"50\">62<\/td>\n<td width=\"53\">5<\/td>\n<td width=\"45\">18,5<\/td>\n<td width=\"44\">38<\/td>\n<td width=\"58\">2<\/td>\n<\/tr>\n<tr>\n<td width=\"108\"><strong>LFVE200\/225-2<\/strong><\/td>\n<td width=\"26\">*<\/td>\n<td width=\"48\">B<\/td>\n<td width=\"47\">60<\/td>\n<td width=\"51\">190<\/td>\n<td width=\"50\">190<\/td>\n<td width=\"52\">80<\/td>\n<td width=\"50\">62<\/td>\n<td width=\"53\">5<\/td>\n<td width=\"45\">3,5<\/td>\n<td width=\"44\">50<\/td>\n<td width=\"58\">2<\/td>\n<\/tr>\n<tr>\n<td width=\"108\"><strong>LFVE200-4<\/strong><\/td>\n<td width=\"26\">*<\/td>\n<td width=\"48\">B<\/td>\n<td width=\"47\">60<\/td>\n<td width=\"51\">230<\/td>\n<td width=\"50\">250<\/td>\n<td width=\"52\">80<\/td>\n<td width=\"50\">62<\/td>\n<td width=\"53\">5<\/td>\n<td width=\"45\">15<\/td>\n<td width=\"44\">42<\/td>\n<td width=\"58\">4<\/td>\n<\/tr>\n<tr>\n<td width=\"108\"><strong>LFVE225-4<\/strong><\/td>\n<td width=\"26\">*<\/td>\n<td width=\"48\">B<\/td>\n<td width=\"47\">65<\/td>\n<td width=\"51\">240<\/td>\n<td width=\"50\">260<\/td>\n<td width=\"52\">86<\/td>\n<td width=\"50\">97<\/td>\n<td width=\"53\">5<\/td>\n<td width=\"45\">15<\/td>\n<td width=\"44\">61<\/td>\n<td width=\"58\">4<\/td>\n<\/tr>\n<tr>\n<td width=\"108\"><strong>LFVE250-2<\/strong><\/td>\n<td width=\"26\">*<\/td>\n<td width=\"48\">B<\/td>\n<td width=\"47\">65<\/td>\n<td width=\"51\">200<\/td>\n<td width=\"50\">200<\/td>\n<td width=\"52\">86<\/td>\n<td width=\"50\">75<\/td>\n<td width=\"53\">5<\/td>\n<td width=\"45\">2<\/td>\n<td width=\"44\">61<\/td>\n<td width=\"58\">2<\/td>\n<\/tr>\n<\/tbody>\n<\/table>\n<p>* sur demande<\/p>\n<p>&nbsp;<\/p>\n","protected":false},"excerpt":{"rendered":"<p>&nbsp;<\/p>\n<h5>Pour la production et r\u00e9paration de moteurs \u00e9lectriques, nous proposons une gamme compl\u00e8te d&rsquo;ailettes de ventilateur synth\u00e9tique et en aluminium. Les dimensions standard sont disponibles de stock pour livraison imm\u00e9diate.<\/h5>\n<p>&nbsp;<\/p>\n","protected":false},"featured_media":2630,"template":"","meta":{"_acf_changed":false},"product_brand":[],"product_cat":[142,144],"product_tag":[],"class_list":{"0":"post-5649","1":"product","2":"type-product","3":"status-publish","4":"has-post-thumbnail","6":"product_cat-technique-de-bobinage","7":"product_cat-pales-de-ventilateur-capots-et-flasques","9":"first","10":"instock","11":"shipping-taxable","12":"purchasable","13":"product-type-simple"},"acf":[],"_links":{"self":[{"href":"https:\/\/schupp.ch\/fr\/wp-json\/wp\/v2\/product\/5649","targetHints":{"allow":["GET"]}}],"collection":[{"href":"https:\/\/schupp.ch\/fr\/wp-json\/wp\/v2\/product"}],"about":[{"href":"https:\/\/schupp.ch\/fr\/wp-json\/wp\/v2\/types\/product"}],"wp:featuredmedia":[{"embeddable":true,"href":"https:\/\/schupp.ch\/fr\/wp-json\/wp\/v2\/media\/2630"}],"wp:attachment":[{"href":"https:\/\/schupp.ch\/fr\/wp-json\/wp\/v2\/media?parent=5649"}],"wp:term":[{"taxonomy":"product_brand","embeddable":true,"href":"https:\/\/schupp.ch\/fr\/wp-json\/wp\/v2\/product_brand?post=5649"},{"taxonomy":"product_cat","embeddable":true,"href":"https:\/\/schupp.ch\/fr\/wp-json\/wp\/v2\/product_cat?post=5649"},{"taxonomy":"product_tag","embeddable":true,"href":"https:\/\/schupp.ch\/fr\/wp-json\/wp\/v2\/product_tag?post=5649"}],"curies":[{"name":"wp","href":"https:\/\/api.w.org\/{rel}","templated":true}]}}