{"id":5650,"date":"2024-02-13T15:41:14","date_gmt":"2024-02-13T14:41:14","guid":{"rendered":"https:\/\/schupp.ch\/p\/bandes-de-blindage-et-de-cuivre-a-haute-intensite\/"},"modified":"2025-11-15T17:10:21","modified_gmt":"2025-11-15T16:10:21","slug":"bandes-de-blindage-et-de-cuivre-a-haute-intensite","status":"publish","type":"product","link":"https:\/\/schupp.ch\/fr\/p\/bandes-de-blindage-et-de-cuivre-a-haute-intensite\/","title":{"rendered":"Rubans d&rsquo;\u00e9cran et conducteurs de courant haut en cuivre"},"content":{"rendered":"<p>&nbsp;<\/p>\n<h3 id=\"Link01\">Rubans d&rsquo;\u00e9cran en cuivre \/ Informations g\u00e9n\u00e9rales<\/h3>\n<p>&nbsp;<\/p>\n<p>Rubans de cuivre isol\u00e9es pour le blindage ou comme conducteurs de courant \u00e0 haute intensit\u00e9 pour les transformateurs<br \/>\nRubans de cuivre isol\u00e9es pour le blindage ou comme conducteurs de courant dans les transformateurs et les bobines, en particulier aussi pour l&rsquo;\u00e9nergie solaire et la technique d&rsquo;entra\u00eenement hybride (transformateurs de tension).<\/p>\n<p>&nbsp;<\/p>\n<p><strong>Avantages des c\u00e2bles plats en cuivre (feuilles de blindage en cuivre)<\/strong><\/p>\n<ul>\n<li>Effet de peau consid\u00e9rablement r\u00e9duit en dessous de 100 kHz, capacit\u00e9 de transport de courant \u00e9lev\u00e9e<\/li>\n<li>Les conducteurs en cuivre plat peuvent \u00eatre enroul\u00e9s de mani\u00e8re tr\u00e8s dense avec des forces de traction \u00e9lev\u00e9es. Cela permet d&rsquo;\u00e9viter efficacement les vibrations de la bobine (par ex. ronflement \u00e0 50 Hz) et de dissiper la chaleur perdue qui en r\u00e9sulte.<\/li>\n<li>Faible r\u00e9actance inductive de 5 Hz \u00e0 50 kHz gr\u00e2ce \u00e0 la bonne conductivit\u00e9 et au faible effet de peau, tr\u00e8s bon rapport (perte) chaleur\/puissance. Densit\u00e9 de puissance nettement sup\u00e9rieure \u00e0 celle des bobines \u00e0 fil enroul\u00e9.<\/li>\n<li>R\u00e9alisation tr\u00e8s rapide d&rsquo;un blindage entre les enroulements d&rsquo;entr\u00e9e et de sortie, car un seul enroulement est n\u00e9cessaire (DIN EN 61558 ; IEC 60950 S\u00e9curit\u00e9 des appareils de la technique d&rsquo;information)<\/li>\n<li>Part capacitive plus faible que pour les enroulements de fils ronds et excellente qualit\u00e9 (applications audio)<\/li>\n<\/ul>\n<p><img loading=\"lazy\" decoding=\"async\" class=\"alignnone wp-image-5222\" src=\"https:\/\/schupp.ch\/wp-content\/uploads\/2024\/02\/KA_000-300x300.jpg\" alt=\"\" width=\"482\" height=\"482\" srcset=\"https:\/\/schupp.ch\/wp-content\/uploads\/2024\/02\/KA_000-300x300.jpg 300w, https:\/\/schupp.ch\/wp-content\/uploads\/2024\/02\/KA_000-600x600.jpg 600w, https:\/\/schupp.ch\/wp-content\/uploads\/2024\/02\/KA_000-900x900.jpg 900w, https:\/\/schupp.ch\/wp-content\/uploads\/2024\/02\/KA_000-100x100.jpg 100w, https:\/\/schupp.ch\/wp-content\/uploads\/2024\/02\/KA_000-150x150.jpg 150w, https:\/\/schupp.ch\/wp-content\/uploads\/2024\/02\/KA_000-768x768.jpg 768w, https:\/\/schupp.ch\/wp-content\/uploads\/2024\/02\/KA_000-1024x1024.jpg 1024w\" sizes=\"auto, (max-width: 482px) 100vw, 482px\" \/><\/p>\n<ul>\n<li>En tant que blindage inter-couches, il emp\u00eache les courts-circuits entre les enroulements primaire et secondaire.<\/li>\n<li>Pour la fabrication de boucles d&rsquo;induction (lignes en boucle, installations de boucle magn\u00e9tique) pour les installations d&rsquo;appareils auditifs<\/li>\n<li>Le fil plat de cuivre isol\u00e9 peut \u00e9galement \u00eatre utilis\u00e9 pour les barres omnibus<\/li>\n<\/ul>\n<p>&nbsp;<\/p>\n<p><strong>Plus d&rsquo;informations <\/strong><\/p>\n<ul>\n<li>Plage d&rsquo;\u00e9paisseurs de la feuille de cuivre : 35 &#8211; 300 \u00b5m (autres \u00e9paisseurs sur demande)<\/li>\n<li>Sections de conducteur d&rsquo;environ 0,1 mm\u00b2 \u00e0 environ 45 mm\u00b2 possibles<\/li>\n<li>Le cuivre utilis\u00e9 est du cuivre \u00e9lectrolytique E-Cu 58, doux, avec une r\u00e9sistance sp\u00e9cifique de 0,017 ohm x mm\u00b2 \/m. En gros, on peut compter 2-2,5 A par mm\u00b2 de surface de capacit\u00e9 de courant (avec un auto-\u00e9chauffement mod\u00e9r\u00e9).<\/li>\n<li>Disponible sur demande avec une feuille de cuivre de 10\u00b5m &#8211; version super plate !<\/li>\n<li>Sur demande, nous fournissons \u00e9galement des feuilles de cuivre nu, coup\u00e9es \u00e0 la largeur requise.<\/li>\n<li>Alternative sur demande : aluminium<\/li>\n<li>Forme de livraison : rouleau, largeur de 5 \u00e0 300 mm (selon l&rsquo;\u00e9paisseur du cuivre et le mod\u00e8le)<\/li>\n<li>Application : Protection CEM, isolation selon DIN VDE 551, EN60742, comme enroulement de courant dans les transformateurs de puissance.<\/li>\n<li>\u00e9galement possible avec une double ou triple isolation<\/li>\n<li>pour la classe F, \u00e9galement disponible avec un film PEN<\/li>\n<li>pour une meilleure dissipation de la chaleur avec l&rsquo;isolation Kapton\u00ae MT<\/li>\n<li>\u00e9galement avec deux conducteurs en parall\u00e8le pour des conceptions d&rsquo;enroulement plus complexes<\/li>\n<li>\u00e9galement disponible avec une isolation triple couche (trois couches s\u00e9parables ; si n\u00e9cessaire, avec un ruban adh\u00e9sif isolant qui a pass\u00e9 le test de mandrin de la norme EN 61558)<\/li>\n<li>d&rsquo;autres constructions souhait\u00e9es ? Demandez !<\/li>\n<\/ul>\n<p>&nbsp;<\/p>\n<p>&nbsp;<\/p>\n<h3 id=\"Link02\">Rubans d&rsquo;\u00e9cran en cuivre \/ Formes de livraison<\/h3>\n<p>&nbsp;<\/p>\n<table width=\"643\">\n<tbody>\n<tr>\n<td rowspan=\"3\" width=\"124\">Sch\u00e9ma<\/td>\n<td rowspan=\"3\" width=\"105\">Construction<\/td>\n<td colspan=\"4\" width=\"348\"><strong>Num\u00e9ro principal<\/strong><\/td>\n<td rowspan=\"3\" width=\"66\"><\/td>\n<\/tr>\n<tr>\n<td colspan=\"4\" width=\"348\"><em>Mat\u00e9riau<\/em><\/td>\n<\/tr>\n<tr>\n<td width=\"82\"><em>Polyester<\/em><\/td>\n<td width=\"83\"><em>Nomex\u00ae<\/em><\/td>\n<td width=\"84\"><em>Kapton\u00ae<\/em><\/td>\n<td width=\"99\"><em>PEN<\/em><\/td>\n<\/tr>\n<tr>\n<td width=\"124\"><img decoding=\"async\" src=\"https:\/\/schupp.ch\/wp-content\/uploads\/2024\/02\/vdfbfsdb.jpg\" \/><\/td>\n<td width=\"105\">isol\u00e9 d&rsquo;un c\u00f4t\u00e9, avec d\u00e9passement<\/td>\n<td width=\"82\"><strong>KA38181<\/strong><\/td>\n<td width=\"83\"><strong>KA38281<\/strong><\/td>\n<td width=\"84\"><strong>KA38381<\/strong><\/td>\n<td width=\"99\"><strong>KA38481<\/strong><\/td>\n<td width=\"66\">isolation simple<\/td>\n<\/tr>\n<tr>\n<td width=\"124\"><img decoding=\"async\" src=\"https:\/\/schupp.ch\/wp-content\/uploads\/2024\/02\/sdvsbsfb.jpg\" \/><\/td>\n<td width=\"105\">isol\u00e9s des deux c\u00f4t\u00e9s avec d\u00e9passement et avec fente de soudure<\/td>\n<td width=\"82\"><strong>KA38191<\/strong><\/td>\n<td width=\"83\"><strong>KA38291<\/strong><\/td>\n<td width=\"84\"><strong>KA38391<\/strong><\/td>\n<td width=\"99\"><strong>KA38491<\/strong><\/td>\n<td width=\"66\">isolation simple<\/td>\n<\/tr>\n<tr>\n<td width=\"124\"><img decoding=\"async\" src=\"https:\/\/schupp.ch\/wp-content\/uploads\/2024\/02\/fhmhmm.jpg\" \/><\/td>\n<td width=\"105\">isol\u00e9 des deux c\u00f4t\u00e9s, avec d\u00e9passement<\/td>\n<td width=\"82\"><strong>KA38182<\/strong><\/td>\n<td width=\"83\"><strong>KA38282<\/strong><\/td>\n<td width=\"84\"><strong>KA38382<\/strong><\/td>\n<td width=\"99\"><strong>KA38482<\/strong><\/td>\n<td width=\"66\">isolation simple<\/td>\n<\/tr>\n<tr>\n<td width=\"124\"><img decoding=\"async\" src=\"https:\/\/schupp.ch\/wp-content\/uploads\/2024\/02\/gegethh.jpg\" \/><\/td>\n<td width=\"105\">isol\u00e9s des deux c\u00f4t\u00e9s, avec fente de soudure<\/td>\n<td width=\"82\"><strong>KA38190<\/strong><\/td>\n<td width=\"83\"><strong>KA38290<\/strong><\/td>\n<td width=\"84\"><strong>KA38390<\/strong><\/td>\n<td width=\"99\"><strong>KA38490<\/strong><\/td>\n<td width=\"66\">isolation simple<\/td>\n<\/tr>\n<tr>\n<td width=\"124\"><img decoding=\"async\" src=\"https:\/\/schupp.ch\/wp-content\/uploads\/2024\/02\/thethrjz.jpg\" \/><\/td>\n<td width=\"105\">double isolation des deux c\u00f4t\u00e9s, avec fente de soudage<\/td>\n<td width=\"82\"><strong>KA38193<\/strong><\/td>\n<td width=\"83\"><strong>KA38293<\/strong><\/td>\n<td width=\"84\"><strong>KA38393<\/strong><\/td>\n<td width=\"99\"><strong>KA38493<\/strong><\/td>\n<td width=\"66\">double isolation<\/td>\n<\/tr>\n<tr>\n<td width=\"124\"><img decoding=\"async\" src=\"https:\/\/schupp.ch\/wp-content\/uploads\/2024\/02\/ferbrnn.jpg\" \/><\/td>\n<td width=\"105\">isol\u00e9s des deux c\u00f4t\u00e9s sans d\u00e9passement et sans espace de soudure<\/td>\n<td width=\"82\"><strong>KA38192<\/strong><\/td>\n<td width=\"83\"><strong>KA38292<\/strong><\/td>\n<td width=\"84\"><strong>KA38392<\/strong><\/td>\n<td width=\"99\"><strong>KA38492<\/strong><\/td>\n<td width=\"66\">isolation simple<\/td>\n<\/tr>\n<tr>\n<td width=\"124\"><img decoding=\"async\" src=\"https:\/\/schupp.ch\/wp-content\/uploads\/2024\/02\/wefgehh.jpg\" \/><\/td>\n<td width=\"105\"><\/td>\n<td width=\"82\"><strong>KA38194<\/strong><\/td>\n<td width=\"83\"><strong>KA38294<\/strong><\/td>\n<td width=\"84\"><strong>KA38394<\/strong><\/td>\n<td width=\"99\"><strong>KA38494<\/strong><\/td>\n<td width=\"66\">double isolation<\/td>\n<\/tr>\n<tr>\n<td width=\"124\"><img decoding=\"async\" src=\"https:\/\/schupp.ch\/wp-content\/uploads\/2024\/02\/thrtrjhh.jpg\" \/><\/td>\n<td width=\"105\">Composition :<br \/>\nespace de soudure,<br \/>\ncuivre, isolation<\/td>\n<td colspan=\"5\" width=\"414\">&nbsp;<\/p>\n<p>Les fiches techniques sont disponibles sur demande.<\/p>\n<p><a href=\"https:\/\/www.cmc.de\/en\/verarbeitungshinweise\" target=\"_blank\" rel=\"noopener\">Instructions de mise en \u0153uvre<\/a><\/td>\n<\/tr>\n<\/tbody>\n<\/table>\n<p>&nbsp;<\/p>\n<table style=\"height: 526px;\" width=\"626\">\n<tbody>\n<tr>\n<td width=\"302\">&nbsp;<\/p>\n<p><strong>\u00c9paisseurs de cuivre<\/strong><\/p>\n<p>35\/50\/100\/150\/200\/250 et 300 \u00b5m, autres \u00e9paisseurs<br \/>\nsur demande<\/p>\n<p><strong>Films d&rsquo;isolation<\/strong><\/p>\n<p>Polyester 25\/36\/50\/75\/100\/190 \u00b5m<br \/>\nNomex\u00ae\u00e0 partir de 50 \u00b5m, Kapton\u00ae25\/50\/75 \u00b5m<\/p>\n<p><strong>Largeur<\/strong><\/p>\n<p>\u00c0 partir de 6 mm jusqu&rsquo;\u00e0 environ 250 mm<\/p>\n<p><strong>Forme de livraison<\/strong><\/p>\n<p>En rouleaux, longueur standard 100 m<\/p>\n<p>&nbsp;<\/td>\n<td width=\"302\">&nbsp;<\/p>\n<p><strong>Num\u00e9ro d&rsquo;article<\/strong><\/p>\n<p>Exemple :<br \/>\nKA38181\/150\/050\/010.0<br \/>\nKA38181 0 Num\u00e9ro principal<br \/>\n150 = \u00e9paisseur du cuivre en \u00b5m<br \/>\n50 = \u00e9paisseur du film en \u00b5m<br \/>\n010.0 = largeur en mmAutres<\/p>\n<p>&nbsp;<\/p>\n<p><strong>Remarques pour une commande<\/strong><\/p>\n<p>Eventuellement largeur de l&rsquo;isolation (en cas de d\u00e9passement)<br \/>\nEventuellement largeur de la fente de brasage, \u00e9ventuellement pinnules<\/p>\n<p>&nbsp;<\/td>\n<\/tr>\n<\/tbody>\n<\/table>\n<p>&nbsp;<\/p>\n<p>&nbsp;<\/p>\n<p><strong>Autres possibilit\u00e9s de construction du ruban d&rsquo;\u00e9cran en cuivre<\/strong><\/p>\n<p>C\u00e2bles \u00e9lectriques parall\u00e8les, isol\u00e9s individuellement, sur un support adh\u00e9sif double face. Par exemple, pour la pose simultan\u00e9e de c\u00e2bles d&rsquo;alimentation en courant continu dans des meubles avec \u00e9clairage LED. Montage tr\u00e8s simple gr\u00e2ce \u00e0 l&rsquo;\u00e9quipement autocollant des lignes d&rsquo;alimentation, hauteur de construction extr\u00eamement faible.<\/p>\n<p><img loading=\"lazy\" decoding=\"async\" class=\"alignnone wp-image-5225\" src=\"https:\/\/schupp.ch\/wp-content\/uploads\/2024\/02\/KA_001-300x300.jpg\" alt=\"\" width=\"475\" height=\"475\" srcset=\"https:\/\/schupp.ch\/wp-content\/uploads\/2024\/02\/KA_001-300x300.jpg 300w, https:\/\/schupp.ch\/wp-content\/uploads\/2024\/02\/KA_001-600x600.jpg 600w, https:\/\/schupp.ch\/wp-content\/uploads\/2024\/02\/KA_001-900x900.jpg 900w, https:\/\/schupp.ch\/wp-content\/uploads\/2024\/02\/KA_001-100x100.jpg 100w, https:\/\/schupp.ch\/wp-content\/uploads\/2024\/02\/KA_001-150x150.jpg 150w, https:\/\/schupp.ch\/wp-content\/uploads\/2024\/02\/KA_001-768x768.jpg 768w, https:\/\/schupp.ch\/wp-content\/uploads\/2024\/02\/KA_001-1024x1024.jpg 1024w\" sizes=\"auto, (max-width: 475px) 100vw, 475px\" \/><\/p>\n<p>&nbsp;<\/p>\n<h3 id=\"Link03\">Rubans d&rsquo;\u00e9cran en cuivre isol\u00e9es s\u00e9rie CMC 38xxx comme enroulement de blindage<\/h3>\n<p>&nbsp;<\/p>\n<p>Outre le couplage inductif souhait\u00e9, il peut \u00e9galement y avoir une transmission capacitive (ind\u00e9sirable) de signaux parasites de plus haute fr\u00e9quence dans les transformateurs et les bobines. Pour \u00e9viter cela, il est possible d&rsquo;ins\u00e9rer un blindage en feuille de cuivre entre les enroulements d&rsquo;un transformateur. Cet enroulement de blindage agit comme une cage de Faraday pour le champ \u00e9lectrique, mais n&rsquo;influence gu\u00e8re le transfert d&rsquo;\u00e9nergie magn\u00e9tique. De cette mani\u00e8re, le couplage capacitif peut \u00eatre r\u00e9duit de mani\u00e8re drastique. L&rsquo;utilisation de feuilles de cuivre isol\u00e9es comme enroulement de blindage sur les transformateurs toro\u00efdaux est particuli\u00e8rement connue (blindage CEM). L&rsquo;enroulement de blindage n&rsquo;est g\u00e9n\u00e9ralement connect\u00e9 qu&rsquo;\u00e0 une seule extr\u00e9mit\u00e9 et est reli\u00e9 \u00e0 la masse. Une autre utilisation des feuilles de cuivre isol\u00e9es est l&rsquo;enroulement de blindage, qui est utilis\u00e9 comme protection d&rsquo;isolation suppl\u00e9mentaire. En cas de d\u00e9faut d&rsquo;isolation, il n&rsquo;y a pas de claquage du c\u00f4t\u00e9 primaire au c\u00f4t\u00e9 secondaire du transformateur. Au contraire, le d\u00e9faut d&rsquo;isolation est absorb\u00e9 par l&rsquo;enroulement de blindage situ\u00e9 entre les deux. Un \u00e9l\u00e9ment de s\u00e9curit\u00e9 connect\u00e9 au blindage peut alors d\u00e9clencher un fusible en cas de d\u00e9faut d&rsquo;isolation, par exemple. Les lamin\u00e9s de feuilles de cuivre (feuilles d&rsquo;aluminium) et de feuilles isolantes sont \u00e9galement utilis\u00e9s comme conducteurs de courant dans les transformateurs (conducteurs de cuivre plats isol\u00e9s). L&rsquo;avantage principal est la grande surface du cuivre profil\u00e9 par rapport \u00e0 la surface de la section. En cas de courants et de fr\u00e9quences \u00e9lev\u00e9s, c&rsquo;est surtout la surface du conducteur qui est responsable de la conduction \u00e9lectrique (effet de peau) en raison du d\u00e9placement des porteurs de charge. En outre, les bandes de cuivre peuvent \u00eatre enroul\u00e9es de mani\u00e8re dense sur le support d&rsquo;enroulement avec des forces de traction \u00e9lev\u00e9es. Cela \u00e9vite les vibrations et augmente la densit\u00e9 de puissance. De plus, la dissipation de la chaleur est am\u00e9lior\u00e9e par le contact \u00e9troit, ce qui peut encore \u00eatre renforc\u00e9 par des isolants thermoconducteurs.<\/p>\n<p>&nbsp;<\/p>\n<h3 id=\"Link04\">Avantages des rubans d&rsquo;\u00e9cran en cuivre isol\u00e9es<\/h3>\n<p>&nbsp;<\/p>\n<ul>\n<li>Emp\u00eachent les couplages capacitifs<\/li>\n<li>Augmentent la s\u00e9curit\u00e9 en tant que blindage entre l&rsquo;enroulement primaire et secondaire<\/li>\n<li>Ont une grande surface (remplacement du toron)<\/li>\n<li>Peuvent \u00eatre utilis\u00e9s jusqu&rsquo;\u00e0 la classe H (polyester, PEN, Kapton\u00ae)<\/li>\n<li>R\u00e9sistance aux courants \u00e9lev\u00e9s, capacit\u00e9 de transport de courant \u00e9lev\u00e9e (par ex. soudage TIG)<\/li>\n<li>Respect des distances d&rsquo;isolement dans l&rsquo;air et des lignes de fuite gr\u00e2ce \u00e0 l&rsquo;isolation<\/li>\n<li>Connexion facile des fils par soudure gr\u00e2ce \u00e0 l&rsquo;espace de soudure<\/li>\n<li>Isol\u00e9 sur une ou deux faces, \u00e9galement isolation multicouche<\/li>\n<li>Disponible dans de tr\u00e8s nombreuses largeurs et \u00e9paisseurs de mat\u00e9riau<\/li>\n<\/ul>\n<p>&nbsp;<\/p>\n<p>&nbsp;<\/p>\n<h3 id=\"Link05\">Utilisation correcte des rubans d&rsquo;\u00e9cran en cuivre CMC 38xxx dans l&rsquo;application<\/h3>\n<p>&nbsp;<\/p>\n<p>L&rsquo;un des aspects les plus importants de la manipulation des rouleaux est la protection des bords sensibles. Avec des versions comme le CMC 38190, l&rsquo;isolation assez fine mais r\u00e9sistante \u00e0 la tension peut facilement \u00eatre endommag\u00e9e par des erreurs de d\u00e9p\u00f4t. En cons\u00e9quence, seule une rigidit\u00e9 di\u00e9lectrique insuffisante est obtenue.<\/p>\n<p>&nbsp;<\/p>\n<p><strong>Pour les transmetteurs de puissance : jusqu&rsquo;\u00e0 1000\u00b5m de feuille de cuivre<\/strong><\/p>\n<p><img loading=\"lazy\" decoding=\"async\" class=\"alignnone wp-image-5228\" src=\"https:\/\/schupp.ch\/wp-content\/uploads\/2024\/02\/KA_002-300x300.jpg\" alt=\"\" width=\"466\" height=\"466\" srcset=\"https:\/\/schupp.ch\/wp-content\/uploads\/2024\/02\/KA_002-300x300.jpg 300w, https:\/\/schupp.ch\/wp-content\/uploads\/2024\/02\/KA_002-600x600.jpg 600w, https:\/\/schupp.ch\/wp-content\/uploads\/2024\/02\/KA_002-900x900.jpg 900w, https:\/\/schupp.ch\/wp-content\/uploads\/2024\/02\/KA_002-100x100.jpg 100w, https:\/\/schupp.ch\/wp-content\/uploads\/2024\/02\/KA_002-150x150.jpg 150w, https:\/\/schupp.ch\/wp-content\/uploads\/2024\/02\/KA_002-768x768.jpg 768w, https:\/\/schupp.ch\/wp-content\/uploads\/2024\/02\/KA_002-1024x1024.jpg 1024w\" sizes=\"auto, (max-width: 466px) 100vw, 466px\" \/><\/p>\n<p>&nbsp;<\/p>\n<p>Conducteurs plats en cuivre jusqu&rsquo;\u00e0 1.500\u00b5m C&rsquo;est pr\u00e9cis\u00e9ment dans la technologie solaire (convertisseurs pour l&rsquo;\u00e9lectricit\u00e9 solaire) et pour la charge des v\u00e9hicules \u00e9lectriques que de tr\u00e8s grands courants sont convertis en hautes tensions ou inversement. Les conducteurs en cuivre massif n\u00e9cessaires pour le c\u00f4t\u00e9 courant sont aujourd&rsquo;hui principalement fabriqu\u00e9s avec des fils sous forme de bandes de cuivre plat isol\u00e9es. Lors de l&rsquo;utilisation de tels rubans isol\u00e9s, il convient de noter que la rigidit\u00e9 di\u00e9lectrique varie consid\u00e9rablement en fonction de la temp\u00e9rature et surtout de la fr\u00e9quence. Les flancs puls\u00e9s en particulier, avec un temps de mont\u00e9e de quelques nanosecondes, sollicitent le mat\u00e9riau isolant. Les d\u00e9charges partielles doivent \u00eatre \u00e9vit\u00e9es. CMC Klebetechnik propose &#8211; sur mesure &#8211; des bandes de cuivre isol\u00e9es en cuivre doux \u00e9lectrolytique jusqu&rsquo;\u00e0 1000 \u00b5m d&rsquo;\u00e9paisseur de cuivre. Les informations ci-dessus ainsi que nos conseils techniques d&rsquo;application, qu&rsquo;ils soient verbaux, \u00e9crits ou exp\u00e9rimentaux, sont donn\u00e9s en toute bonne foi, mais ne constituent que des indications sans engagement. Ces conseils ne vous dispensent pas de v\u00e9rifier par vous-m\u00eame nos conseils actuels, en particulier nos fiches techniques et nos informations techniques, ainsi que l&rsquo;ad\u00e9quation de nos produits avec les proc\u00e9d\u00e9s et les objectifs envisag\u00e9s.<\/p>\n<p>&nbsp;<\/p>\n<p><strong>Lignes multiples au m\u00e8tre<\/strong><\/p>\n<p><img loading=\"lazy\" decoding=\"async\" class=\"alignnone wp-image-5231\" src=\"https:\/\/schupp.ch\/wp-content\/uploads\/2024\/02\/KA_003-300x300.jpg\" alt=\"\" width=\"466\" height=\"466\" srcset=\"https:\/\/schupp.ch\/wp-content\/uploads\/2024\/02\/KA_003-300x300.jpg 300w, https:\/\/schupp.ch\/wp-content\/uploads\/2024\/02\/KA_003-600x600.jpg 600w, https:\/\/schupp.ch\/wp-content\/uploads\/2024\/02\/KA_003-900x900.jpg 900w, https:\/\/schupp.ch\/wp-content\/uploads\/2024\/02\/KA_003-100x100.jpg 100w, https:\/\/schupp.ch\/wp-content\/uploads\/2024\/02\/KA_003-150x150.jpg 150w, https:\/\/schupp.ch\/wp-content\/uploads\/2024\/02\/KA_003-768x768.jpg 768w, https:\/\/schupp.ch\/wp-content\/uploads\/2024\/02\/KA_003-1024x1024.jpg 1024w\" sizes=\"auto, (max-width: 466px) 100vw, 466px\" \/><\/p>\n<p>&nbsp;<\/p>\n<p>Pour certaines constructions ou alimentations \u00e9lectriques, il est avantageux d&rsquo;avoir plusieurs c\u00e2bles plats en cuivre isol\u00e9s les uns \u00e0 c\u00f4t\u00e9 des autres sur une feuille de support. La feuille de support \u00ab\u00a0regroupe\u00a0\u00bb les conducteurs individuels en un seul c\u00e2ble. Pour les alimentations en courant continu &#8211; par exemple pour les \u00e9clairages LED &#8211; il existe une combinaison d&rsquo;un conducteur en cuivre et d&rsquo;un conducteur en cuivre \u00e9tam\u00e9. Les inversions de polarit\u00e9 appartiennent ainsi au pass\u00e9 (voir photo).<\/p>\n<p>&nbsp;<\/p>\n<p><img loading=\"lazy\" decoding=\"async\" class=\"alignnone wp-image-5234\" src=\"https:\/\/schupp.ch\/wp-content\/uploads\/2024\/02\/KA_004-300x300.jpg\" alt=\"\" width=\"476\" height=\"476\" srcset=\"https:\/\/schupp.ch\/wp-content\/uploads\/2024\/02\/KA_004-300x300.jpg 300w, https:\/\/schupp.ch\/wp-content\/uploads\/2024\/02\/KA_004-600x600.jpg 600w, https:\/\/schupp.ch\/wp-content\/uploads\/2024\/02\/KA_004-900x900.jpg 900w, https:\/\/schupp.ch\/wp-content\/uploads\/2024\/02\/KA_004-100x100.jpg 100w, https:\/\/schupp.ch\/wp-content\/uploads\/2024\/02\/KA_004-150x150.jpg 150w, https:\/\/schupp.ch\/wp-content\/uploads\/2024\/02\/KA_004-768x768.jpg 768w, https:\/\/schupp.ch\/wp-content\/uploads\/2024\/02\/KA_004-1024x1024.jpg 1024w\" sizes=\"auto, (max-width: 476px) 100vw, 476px\" \/><\/p>\n<p>C\u00e2ble d&rsquo;alimentation en courant continu avec \u00ab\u00a0Protection contre l&rsquo;inversion de polarit\u00e9\u00a0\u00bb.\u00a0 Vous pouvez obtenir jusqu&rsquo;\u00e0 trois c\u00e2bles isol\u00e9s en cuivre plat c\u00f4te \u00e0 c\u00f4te. Veuillez nous contacter en cas de besoin concret !<\/p>\n<p>&nbsp;<\/p>\n<p><strong>Courant admissible des conducteurs individuels<\/strong><\/p>\n<p>&nbsp;<\/p>\n<p><strong>Temp\u00e9rature ambiante de 30\u00b0C (auto-\u00e9chauffement d&rsquo;environ 30\u00b0C)<\/strong><\/p>\n<table>\n<tbody>\n<tr>\n<td>Diam\u00e8tre du conducteur<\/td>\n<td>0,75mm\u00b2<\/td>\n<td>1,00mm\u00b2<\/td>\n<td>1,5mm\u00b2<\/td>\n<\/tr>\n<tr>\n<td>Courant admissible en continu max.<\/td>\n<td>6A<\/td>\n<td>10A<\/td>\n<td>13A<\/td>\n<\/tr>\n<\/tbody>\n<\/table>\n<p>&nbsp;<\/p>\n<p><strong>Temp\u00e9rature ambiante de 40\u00b0C (auto-\u00e9chauffement d&rsquo;environ 30\u00b0C)<\/strong><\/p>\n<table>\n<tbody>\n<tr>\n<td>Diam\u00e8tre du conducteur<\/td>\n<td>0,75mm\u00b2<\/td>\n<td>1,00mm\u00b2<\/td>\n<td>1,5mm\u00b2<\/td>\n<\/tr>\n<tr>\n<td>Courant admissible en continu max.<\/td>\n<td>4,9A<\/td>\n<td>8,2A<\/td>\n<td>10,7A<\/td>\n<\/tr>\n<\/tbody>\n<\/table>\n<p>&nbsp;<\/p>\n<p><strong>Temp\u00e9rature ambiante de 50\u00b0C (auto-\u00e9chauffement d&rsquo;environ 30\u00b0C)<\/strong><\/p>\n<table>\n<tbody>\n<tr>\n<td>Diam\u00e8tre du conducteur<\/td>\n<td>0,75mm\u00b2<\/td>\n<td>1,00mm\u00b2<\/td>\n<td>1,5mm\u00b2<\/td>\n<\/tr>\n<tr>\n<td>Courant admissible en continu max.<\/td>\n<td>3,5A<\/td>\n<td>5,8A<\/td>\n<td>7,5A<\/td>\n<\/tr>\n<\/tbody>\n<\/table>\n<p>&nbsp;<\/p>\n<p>&nbsp;<\/p>\n<p>&nbsp;<\/p>\n","protected":false},"excerpt":{"rendered":"<p>&nbsp;<\/p>\n<h5><strong>Le grand nombre de variations possibles (film isolant d\u00e9pendant de la classe de temp\u00e9rature, largeur et \u00e9paisseur du cuivre par rapport \u00e0 la capacit\u00e9 de transport de courant et structure constructive permettant de respecter les distances d&rsquo;isolement dans l&rsquo;air et les lignes de fuite) permet de r\u00e9pondre aux exigences techniques et normatives dans presque toutes les situations.<br \/>\nToutes les variantes sont reconnues par UL (E93622)<\/strong><\/h5>\n<p>&nbsp;<\/p>\n<p>&nbsp;<\/p>\n<p>&nbsp;<\/p>\n<h5>Rubans d&rsquo;\u00e9cran en cuivre \/ Informations g\u00e9n\u00e9rales<\/h5>\n<p><strong><a href=\"#Link01\">D\u00e9tails<\/a><\/strong><\/p>\n<p>&nbsp;<\/p>\n<h5>Rubans d&rsquo;\u00e9cran en cuivre \/ Formes de livraison<\/h5>\n<p><strong><a href=\"#Link02\">D\u00e9tails<\/a><\/strong><\/p>\n<p>&nbsp;<\/p>\n<h5>Rubans de cuivre isol\u00e9es s\u00e9rie CMC 38xxx comme enroulement de blindage<\/h5>\n<p><strong><a href=\"#Link03\">D\u00e9tails<\/a><\/strong><\/p>\n<p>&nbsp;<\/p>\n<h5>Avantages des rubans de cuivre isol\u00e9es<\/h5>\n<p><strong><a href=\"#Link04\">D\u00e9tails<\/a><\/strong><\/p>\n<p>&nbsp;<\/p>\n<h5>Utilisation correcte des rubans d&rsquo;\u00e9cran en cuivre CMC 38xxx dans l&rsquo;application<\/h5>\n<p><strong><a href=\"#Link05\">D\u00e9tails<\/a><\/strong><\/p>\n<p>&nbsp;<\/p>\n<p>&nbsp;<\/p>\n<p>&nbsp;<\/p>\n","protected":false},"featured_media":2668,"template":"","meta":{"_acf_changed":false},"product_brand":[],"product_cat":[165,166],"product_tag":[],"class_list":{"0":"post-5650","1":"product","2":"type-product","3":"status-publish","4":"has-post-thumbnail","6":"product_cat-bandes-techniques","7":"product_cat-bandes-de-blindage-et-de-cuivre-a-haute-intensite-pieces-decoupees","9":"first","10":"instock","11":"shipping-taxable","12":"purchasable","13":"product-type-simple"},"acf":[],"_links":{"self":[{"href":"https:\/\/schupp.ch\/fr\/wp-json\/wp\/v2\/product\/5650","targetHints":{"allow":["GET"]}}],"collection":[{"href":"https:\/\/schupp.ch\/fr\/wp-json\/wp\/v2\/product"}],"about":[{"href":"https:\/\/schupp.ch\/fr\/wp-json\/wp\/v2\/types\/product"}],"wp:featuredmedia":[{"embeddable":true,"href":"https:\/\/schupp.ch\/fr\/wp-json\/wp\/v2\/media\/2668"}],"wp:attachment":[{"href":"https:\/\/schupp.ch\/fr\/wp-json\/wp\/v2\/media?parent=5650"}],"wp:term":[{"taxonomy":"product_brand","embeddable":true,"href":"https:\/\/schupp.ch\/fr\/wp-json\/wp\/v2\/product_brand?post=5650"},{"taxonomy":"product_cat","embeddable":true,"href":"https:\/\/schupp.ch\/fr\/wp-json\/wp\/v2\/product_cat?post=5650"},{"taxonomy":"product_tag","embeddable":true,"href":"https:\/\/schupp.ch\/fr\/wp-json\/wp\/v2\/product_tag?post=5650"}],"curies":[{"name":"wp","href":"https:\/\/api.w.org\/{rel}","templated":true}]}}