{"id":5651,"date":"2024-02-13T15:17:25","date_gmt":"2024-02-13T14:17:25","guid":{"rendered":"https:\/\/schupp.ch\/p\/pales-de-ventilateur-mec-serie-ma-en-aluminium\/"},"modified":"2025-11-29T14:45:11","modified_gmt":"2025-11-29T13:45:11","slug":"pales-de-ventilateur-mec-serie-ma-en-aluminium","status":"publish","type":"product","link":"https:\/\/schupp.ch\/fr\/p\/pales-de-ventilateur-mec-serie-ma-en-aluminium\/","title":{"rendered":"Ailettes de ventilateur MEC s\u00e9rie MA en aluminium"},"content":{"rendered":"<p>&nbsp;<\/p>\n<p><img loading=\"lazy\" decoding=\"async\" class=\"alignnone wp-image-4445\" src=\"https:\/\/schupp.ch\/wp-content\/uploads\/2024\/02\/Luefterfluegel_MA_Masszeichnung-300x221.jpg\" alt=\"\" width=\"567\" height=\"417\" srcset=\"https:\/\/schupp.ch\/wp-content\/uploads\/2024\/02\/Luefterfluegel_MA_Masszeichnung-300x221.jpg 300w, https:\/\/schupp.ch\/wp-content\/uploads\/2024\/02\/Luefterfluegel_MA_Masszeichnung.jpg 480w\" sizes=\"auto, (max-width: 567px) 100vw, 567px\" \/><\/p>\n<p>&nbsp;<\/p>\n<table>\n<tbody>\n<tr>\n<td colspan=\"2\" width=\"104\"><strong>Art. No.<\/strong><\/td>\n<td width=\"54\">\u2205 D*)<\/td>\n<td width=\"52\">\u2205 D1<\/td>\n<td width=\"53\">\u2205 A<\/td>\n<td width=\"50\">\u2205 B<\/td>\n<td width=\"48\">\u2205 C<\/td>\n<td width=\"53\">E<\/td>\n<td width=\"52\">G<\/td>\n<td width=\"47\">H<\/td>\n<td width=\"42\">N**)<\/td>\n<td width=\"76\">T**)<\/td>\n<\/tr>\n<tr>\n<td width=\"81\"><strong>LFMA080<\/strong><\/td>\n<td width=\"23\">*<\/td>\n<td width=\"54\">19<\/td>\n<td width=\"52\">10,0<\/td>\n<td width=\"53\">143<\/td>\n<td width=\"50\">118<\/td>\n<td width=\"48\">30<\/td>\n<td width=\"53\">36<\/td>\n<td width=\"52\">8<\/td>\n<td width=\"47\">22<\/td>\n<td width=\"42\">6<\/td>\n<td width=\"76\">21,7<\/td>\n<\/tr>\n<tr>\n<td width=\"81\"><strong>LFMA090<\/strong><\/td>\n<td width=\"23\"><span style=\"color: #00ff00;\">\u2666<\/span><\/td>\n<td width=\"54\">25<\/td>\n<td width=\"52\">24<\/td>\n<td width=\"53\">149<\/td>\n<td width=\"50\">119<\/td>\n<td width=\"48\">34<\/td>\n<td width=\"53\">42<\/td>\n<td width=\"52\">11,5<\/td>\n<td width=\"47\">26<\/td>\n<td width=\"42\">6<\/td>\n<td width=\"76\">21,7<\/td>\n<\/tr>\n<tr>\n<td width=\"81\"><strong>LFMA100<\/strong><\/td>\n<td width=\"23\"><span style=\"color: #00ff00;\">\u2666<\/span><\/td>\n<td width=\"54\">30<\/td>\n<td width=\"52\">10<\/td>\n<td width=\"53\">185<\/td>\n<td width=\"50\">152<\/td>\n<td width=\"48\">50<\/td>\n<td width=\"53\">43<\/td>\n<td width=\"52\">16<\/td>\n<td width=\"47\">25<\/td>\n<td width=\"42\">6<\/td>\n<td width=\"76\">32,7<\/td>\n<\/tr>\n<tr>\n<td width=\"81\"><strong>LFMA112<\/strong><\/td>\n<td width=\"23\"><span style=\"color: #00ff00;\">\u2666<\/span><\/td>\n<td width=\"54\">28\/30<\/td>\n<td width=\"52\">10<\/td>\n<td width=\"53\">209<\/td>\n<td width=\"50\">170<\/td>\n<td width=\"48\">40<\/td>\n<td width=\"53\">52<\/td>\n<td width=\"52\">16<\/td>\n<td width=\"47\">28<\/td>\n<td width=\"42\">6<\/td>\n<td width=\"76\">31,7<\/td>\n<\/tr>\n<tr>\n<td width=\"81\"><strong>LFMA132<\/strong><\/td>\n<td width=\"23\"><span style=\"color: #00ff00;\">\u2666<\/span><\/td>\n<td width=\"54\">40<\/td>\n<td width=\"52\">10<\/td>\n<td width=\"53\">245<\/td>\n<td width=\"50\">200<\/td>\n<td width=\"48\">52<\/td>\n<td width=\"53\">55<\/td>\n<td width=\"52\">18<\/td>\n<td width=\"47\">32<\/td>\n<td width=\"42\">6<\/td>\n<td width=\"76\">42,9<\/td>\n<\/tr>\n<tr>\n<td width=\"81\"><strong>LFMA160<\/strong><\/td>\n<td width=\"23\"><span style=\"color: #00ff00;\">\u2666<\/span><\/td>\n<td width=\"54\">45<\/td>\n<td width=\"52\">10<\/td>\n<td width=\"53\">295<\/td>\n<td width=\"50\">240<\/td>\n<td width=\"48\">60<\/td>\n<td width=\"53\">58<\/td>\n<td width=\"52\">17,5<\/td>\n<td width=\"47\">34<\/td>\n<td width=\"42\">8<\/td>\n<td width=\"76\">48,5<\/td>\n<\/tr>\n<tr>\n<td width=\"81\"><strong>LFMA180<\/strong><\/td>\n<td width=\"23\"><span style=\"color: #00ff00;\">\u2666<\/span><\/td>\n<td width=\"54\">50<\/td>\n<td width=\"52\">48<\/td>\n<td width=\"53\">334<\/td>\n<td width=\"50\">282<\/td>\n<td width=\"48\">70<\/td>\n<td width=\"53\">67<\/td>\n<td width=\"52\">20<\/td>\n<td width=\"47\">38<\/td>\n<td width=\"42\">10<\/td>\n<td width=\"76\">53,5<\/td>\n<\/tr>\n<tr>\n<td width=\"81\"><strong>LFMA200<\/strong><\/td>\n<td width=\"23\"><span style=\"color: #00ff00;\">\u2666<\/span><\/td>\n<td width=\"54\">60\/65<\/td>\n<td width=\"52\">40<\/td>\n<td width=\"53\">372<\/td>\n<td width=\"50\">310<\/td>\n<td width=\"48\">90<\/td>\n<td width=\"53\">75<\/td>\n<td width=\"52\">22<\/td>\n<td width=\"47\">47<\/td>\n<td width=\"42\">10<\/td>\n<td width=\"76\">63,5\/68,5<\/td>\n<\/tr>\n<tr>\n<td width=\"81\"><strong>LFMA225<\/strong><\/td>\n<td width=\"23\"><span style=\"color: #00ff00;\">\u2666<\/span><\/td>\n<td width=\"54\">60\/65<\/td>\n<td width=\"52\">55<\/td>\n<td width=\"53\">411<\/td>\n<td width=\"50\">349<\/td>\n<td width=\"48\">90<\/td>\n<td width=\"53\">78<\/td>\n<td width=\"52\">32<\/td>\n<td width=\"47\">47<\/td>\n<td width=\"42\">18<\/td>\n<td width=\"76\">64,6\/69,2<\/td>\n<\/tr>\n<tr>\n<td width=\"81\"><strong>LFMA250<\/strong><\/td>\n<td width=\"23\">*<\/td>\n<td width=\"54\">70<\/td>\n<td width=\"52\">54<\/td>\n<td width=\"53\">460<\/td>\n<td width=\"50\">390<\/td>\n<td width=\"48\">95<\/td>\n<td width=\"53\">85<\/td>\n<td width=\"52\">27<\/td>\n<td width=\"47\">52<\/td>\n<td width=\"42\">18<\/td>\n<td width=\"76\">74,1<\/td>\n<\/tr>\n<tr>\n<td width=\"81\"><strong>LFMA280<\/strong><\/td>\n<td width=\"23\">*<\/td>\n<td width=\"54\">80\/85<\/td>\n<td width=\"52\">50<\/td>\n<td width=\"53\">514<\/td>\n<td width=\"50\">443<\/td>\n<td width=\"48\">120<\/td>\n<td width=\"53\">104<\/td>\n<td width=\"52\">25<\/td>\n<td width=\"47\">58<\/td>\n<td width=\"42\">12<\/td>\n<td width=\"76\">83,2\/88,2<\/td>\n<\/tr>\n<tr>\n<td width=\"81\"><strong>LFMA315<\/strong><\/td>\n<td width=\"23\">*<\/td>\n<td width=\"54\">90<\/td>\n<td width=\"52\">55<\/td>\n<td width=\"53\">550<\/td>\n<td width=\"50\">516<\/td>\n<td width=\"48\">114<\/td>\n<td width=\"53\">118<\/td>\n<td width=\"52\">55<\/td>\n<td width=\"47\">60<\/td>\n<td width=\"42\">12<\/td>\n<td width=\"76\">93,5<\/td>\n<\/tr>\n<tr>\n<td width=\"81\"><strong>LFMA355<\/strong><\/td>\n<td width=\"23\">*<\/td>\n<td width=\"54\">&#8211;<\/td>\n<td width=\"52\">70<\/td>\n<td width=\"53\">660<\/td>\n<td width=\"50\">580<\/td>\n<td width=\"48\">160<\/td>\n<td width=\"53\">120<\/td>\n<td width=\"52\">53<\/td>\n<td width=\"47\">65<\/td>\n<td width=\"42\">&#8211;<\/td>\n<td width=\"76\">&#8211;<\/td>\n<\/tr>\n<\/tbody>\n<\/table>\n<p>&nbsp;<\/p>\n<p>* sur demande<\/p>\n<p><span style=\"color: #00ff00;\">\u2666<\/span> en stock<\/p>\n<p>*) La dimension D (H7) est la dimension finale.<\/p>\n<p>La dimension D1 est la dimension en \u00e9tat de livraison.<\/p>\n<p>**) version usin\u00e9e \u00e0 la dimension finale.<\/p>\n<p>&nbsp;<\/p>\n","protected":false},"excerpt":{"rendered":"<p>&nbsp;<\/p>\n<h5>Pour la production et r\u00e9paration de moteurs \u00e9lectriques, nous proposons une gamme compl\u00e8te d&rsquo;ailettes de ventilateur synth\u00e9tique et en aluminium. Les dimensions standard sont disponibles de stock pour livraison imm\u00e9diate.<\/h5>\n<p>&nbsp;<\/p>\n","protected":false},"featured_media":2647,"template":"","meta":{"_acf_changed":false},"product_brand":[],"product_cat":[142,144],"product_tag":[],"class_list":{"0":"post-5651","1":"product","2":"type-product","3":"status-publish","4":"has-post-thumbnail","6":"product_cat-technique-de-bobinage","7":"product_cat-pales-de-ventilateur-capots-et-flasques","9":"first","10":"instock","11":"shipping-taxable","12":"purchasable","13":"product-type-simple"},"acf":[],"_links":{"self":[{"href":"https:\/\/schupp.ch\/fr\/wp-json\/wp\/v2\/product\/5651","targetHints":{"allow":["GET"]}}],"collection":[{"href":"https:\/\/schupp.ch\/fr\/wp-json\/wp\/v2\/product"}],"about":[{"href":"https:\/\/schupp.ch\/fr\/wp-json\/wp\/v2\/types\/product"}],"wp:featuredmedia":[{"embeddable":true,"href":"https:\/\/schupp.ch\/fr\/wp-json\/wp\/v2\/media\/2647"}],"wp:attachment":[{"href":"https:\/\/schupp.ch\/fr\/wp-json\/wp\/v2\/media?parent=5651"}],"wp:term":[{"taxonomy":"product_brand","embeddable":true,"href":"https:\/\/schupp.ch\/fr\/wp-json\/wp\/v2\/product_brand?post=5651"},{"taxonomy":"product_cat","embeddable":true,"href":"https:\/\/schupp.ch\/fr\/wp-json\/wp\/v2\/product_cat?post=5651"},{"taxonomy":"product_tag","embeddable":true,"href":"https:\/\/schupp.ch\/fr\/wp-json\/wp\/v2\/product_tag?post=5651"}],"curies":[{"name":"wp","href":"https:\/\/api.w.org\/{rel}","templated":true}]}}