{"id":5652,"date":"2024-02-13T15:43:20","date_gmt":"2024-02-13T14:43:20","guid":{"rendered":"https:\/\/schupp.ch\/p\/blindages-decoupes-a-lemporte-piece-blindages-adhesifs\/"},"modified":"2026-02-24T15:56:56","modified_gmt":"2026-02-24T14:56:56","slug":"blindages-decoupes-a-lemporte-piece-blindages-adhesifs","status":"publish","type":"product","link":"https:\/\/schupp.ch\/fr\/p\/blindages-decoupes-a-lemporte-piece-blindages-adhesifs\/","title":{"rendered":"Blindages adh\u00e9sifs m\u00e9talliques, estamp\u00e9s"},"content":{"rendered":"<p>&nbsp;<\/p>\n<h5>Blindage CEM (EMC)<\/h5>\n<p>&nbsp;<\/p>\n<p>Nous proposons des produits \u00e0 haut capacit\u00e9 de blindage \u00e0 base de feuilles m\u00e9talliques et de tissus m\u00e9tallis\u00e9s. Une att\u00e9nuation sup\u00e9rieure \u00e0 80 dB est obtenue dans la gamme de fr\u00e9quences allant de plusieurs dizaines de kHz \u00e0 plusieurs GHz. Le mat\u00e9riau peut \u00eatre auto-adh\u00e9sif. L&rsquo;utilisation de non-tiss\u00e9 m\u00e9tallis\u00e9, par exemple, permet un blindage efficace, l\u00e9ger et respirant sur de grandes surfaces. Dans les bo\u00eetiers, des pi\u00e8ces estamp\u00e9es en feuille de cuivre, par exemple, peuvent \u00eatre utilis\u00e9es pour le blindage \u00e9lectromagn\u00e9tique, que nous laminons souvent avec une feuille de polyester pour l&rsquo;isolation.<\/p>\n<p>Nous d\u00e9veloppons avec nos clients des solutions sur mesure pour leurs applications.<\/p>\n<p>N&rsquo;h\u00e9sitez pas \u00e0 nous <a href=\"https:\/\/schupp.ch\/fr\/contact\/\">contacter<\/a>.<\/p>\n<p>&nbsp;<\/p>\n","protected":false},"excerpt":{"rendered":"<p>&nbsp;<\/p>\n<h5>Nous fabriquons des pi\u00e8ces adh\u00e9sives isol\u00e9es sur un ou deux c\u00f4t\u00e9s et estamp\u00e9es selon vos besoins. Pour prot\u00e9ger les pi\u00e8ces du bo\u00eetier, nous avons la possibilit\u00e9 d&rsquo;appliquer des feuilles m\u00e9talliques (cuivre ou aluminium) avec un adh\u00e9sif selon vos besoins.<\/h5>\n<p>&nbsp;<\/p>\n","protected":false},"featured_media":2696,"template":"","meta":{"_acf_changed":false},"product_brand":[],"product_cat":[165,167,166],"product_tag":[],"class_list":{"0":"post-5652","1":"product","2":"type-product","3":"status-publish","4":"has-post-thumbnail","6":"product_cat-bandes-techniques","7":"product_cat-rubans-adhesifs-pour-metal","8":"product_cat-bandes-de-blindage-et-de-cuivre-a-haute-intensite-pieces-decoupees","10":"first","11":"instock","12":"shipping-taxable","13":"purchasable","14":"product-type-simple"},"acf":[],"_links":{"self":[{"href":"https:\/\/schupp.ch\/fr\/wp-json\/wp\/v2\/product\/5652","targetHints":{"allow":["GET"]}}],"collection":[{"href":"https:\/\/schupp.ch\/fr\/wp-json\/wp\/v2\/product"}],"about":[{"href":"https:\/\/schupp.ch\/fr\/wp-json\/wp\/v2\/types\/product"}],"wp:featuredmedia":[{"embeddable":true,"href":"https:\/\/schupp.ch\/fr\/wp-json\/wp\/v2\/media\/2696"}],"wp:attachment":[{"href":"https:\/\/schupp.ch\/fr\/wp-json\/wp\/v2\/media?parent=5652"}],"wp:term":[{"taxonomy":"product_brand","embeddable":true,"href":"https:\/\/schupp.ch\/fr\/wp-json\/wp\/v2\/product_brand?post=5652"},{"taxonomy":"product_cat","embeddable":true,"href":"https:\/\/schupp.ch\/fr\/wp-json\/wp\/v2\/product_cat?post=5652"},{"taxonomy":"product_tag","embeddable":true,"href":"https:\/\/schupp.ch\/fr\/wp-json\/wp\/v2\/product_tag?post=5652"}],"curies":[{"name":"wp","href":"https:\/\/api.w.org\/{rel}","templated":true}]}}