{"id":5654,"date":"2024-07-16T16:07:50","date_gmt":"2024-07-16T14:07:50","guid":{"rendered":"https:\/\/schupp.ch\/p\/limiteur-de-temperature-135-a-42-a\/"},"modified":"2025-11-27T15:40:16","modified_gmt":"2025-11-27T14:40:16","slug":"limiteur-de-temperature-135-a-42-a","status":"publish","type":"product","link":"https:\/\/schupp.ch\/fr\/p\/limiteur-de-temperature-135-a-42-a\/","title":{"rendered":"Limiteur de Temp\u00e9rature 13,5 A &#8211; 42 A"},"content":{"rendered":"<table>\n<tbody>\n<tr>\n<td width=\"179\">CH6<\/td>\n<td width=\"179\">SH6<\/td>\n<td width=\"179\">CRH<\/td>\n<td width=\"179\">SRH<\/td>\n<\/tr>\n<tr>\n<td width=\"179\"><img loading=\"lazy\" decoding=\"async\" class=\"size-full wp-image-4324 aligncenter\" src=\"https:\/\/schupp.ch\/wp-content\/uploads\/2024\/07\/CH6.jpg\" alt=\"\" width=\"185\" height=\"267\" \/><\/td>\n<td width=\"179\"><img loading=\"lazy\" decoding=\"async\" class=\"size-full wp-image-4327 aligncenter\" src=\"https:\/\/schupp.ch\/wp-content\/uploads\/2024\/07\/SH6.jpg\" alt=\"\" width=\"131\" height=\"276\" \/><\/td>\n<td width=\"179\"><img loading=\"lazy\" decoding=\"async\" class=\"size-full wp-image-4333 aligncenter\" src=\"https:\/\/schupp.ch\/wp-content\/uploads\/2024\/07\/CRH-1.jpg\" alt=\"\" width=\"180\" height=\"278\" \/><\/td>\n<td width=\"179\"><img loading=\"lazy\" decoding=\"async\" class=\"size-full wp-image-4336 aligncenter\" src=\"https:\/\/schupp.ch\/wp-content\/uploads\/2024\/07\/SRH.jpg\" alt=\"\" width=\"132\" height=\"258\" \/><\/td>\n<\/tr>\n<\/tbody>\n<\/table>\n<p>&nbsp;<\/p>\n<table>\n<tbody>\n<tr>\n<td width=\"276\"><strong>Type de commutation<\/strong><\/td>\n<td width=\"89\"><strong>Contact \u00e0 ouverture CH6<br \/>\n\u00e0 r\u00e9armement<\/strong><\/td>\n<td width=\"89\"><strong>Contact \u00e0 ouverture SH6<br \/>\n\u00e0 r\u00e9armement<\/strong><\/td>\n<td width=\"89\"><strong>Contact \u00e0 ouverture CRH<br \/>\n\u00e0 r\u00e9armement<\/strong><\/td>\n<td width=\"89\"><strong>Contact \u00e0 ouverture SRH6<br \/>\n\u00e0 r\u00e9armement<\/strong><\/td>\n<\/tr>\n<tr>\n<td width=\"276\">Isol\u00e9 : Capuchon isolant<\/td>\n<td width=\"89\">Non<\/td>\n<td width=\"89\">Oui<\/td>\n<td width=\"89\">Non<\/td>\n<td width=\"89\">oui<\/td>\n<\/tr>\n<tr>\n<td colspan=\"5\" width=\"633\"><strong>Temp\u00e9rature<\/strong><\/td>\n<\/tr>\n<tr>\n<td width=\"276\">Temp\u00e9rature de commutation nominale (NST) par incr\u00e9ments de 5 K \u00b0C<\/td>\n<td colspan=\"2\" width=\"179\">60 &#8211; 200<\/td>\n<td colspan=\"2\" width=\"179\">60 &#8211; 180<\/td>\n<\/tr>\n<tr>\n<td width=\"276\">Plage de tol\u00e9rance NST <u>&lt; 140 \u00b0C Tol (K)<\/u><\/td>\n<td colspan=\"2\" width=\"179\"><u>+ 5<\/u><\/td>\n<td colspan=\"2\" width=\"179\"><\/td>\n<\/tr>\n<tr>\n<td width=\"276\">Plage de tol\u00e9rance NST <u>&gt;140 \u00b0C Tol (K)<\/u><\/td>\n<td colspan=\"2\" width=\"179\"><u>+ 10<\/u><\/td>\n<td colspan=\"2\" width=\"179\"><\/td>\n<\/tr>\n<tr>\n<td width=\"276\">Commutateur inverse de temperature\u00a0(RST inf\u00e9rieure \u00e0 NST) UL<br \/>\n(RST d\u00e9finie possible sur demande) VDE<\/td>\n<td colspan=\"2\" width=\"179\"><u>\u2265 <\/u>35<br \/>\n<u><br \/>\n\u2265 <\/u>35<u> <\/u><\/td>\n<td colspan=\"2\" width=\"179\"><\/td>\n<\/tr>\n<tr>\n<td colspan=\"5\" width=\"633\"><strong>Tension<\/strong><\/td>\n<\/tr>\n<tr>\n<td width=\"276\">max. Plage de tension de fonctionnement jusqu&rsquo;\u00e0 &#8230;<\/td>\n<td colspan=\"2\" width=\"179\">500 VAC \/ 28 V DC<\/td>\n<td colspan=\"2\" width=\"179\">250 VAC<\/td>\n<\/tr>\n<tr>\n<td width=\"276\">Tension nominale Un 50\/60 Hz<\/td>\n<td colspan=\"2\" width=\"179\">250 ( VDE ), 277 ( UL )<\/td>\n<td colspan=\"2\" width=\"179\">120 \/ 230 ( VDE), 250 (UL)<\/td>\n<\/tr>\n<tr>\n<td colspan=\"5\" width=\"633\"><strong>Courant \/ Cycles de commutation<\/strong><\/td>\n<\/tr>\n<tr>\n<td width=\"276\">Courant assign\u00e9 &#8211; cos \u03c6 = 1,0 [A] \/ [n]<\/td>\n<td colspan=\"2\" width=\"179\">13,5\/ 10&rsquo;000<\/td>\n<td colspan=\"2\" width=\"179\">13,5 \/ 300<\/td>\n<\/tr>\n<tr>\n<td width=\"276\">Courant assign\u00e9 &#8211; cos \u03c6 = 0,6 [A] \/ [n]<\/td>\n<td colspan=\"2\" width=\"179\">9,0 \/ 10&rsquo;000<\/td>\n<td colspan=\"2\" width=\"179\">9,0 \/ 300<\/td>\n<\/tr>\n<tr>\n<td width=\"276\">Courant assign\u00e9 &#8211; cos \u03c6= 1,0 [A] \/ [n]<\/td>\n<td colspan=\"2\" width=\"179\">35,0 *\/ 2&rsquo;000<\/td>\n<td colspan=\"2\" width=\"179\">42,0 \/ 300<\/td>\n<\/tr>\n<tr>\n<td width=\"276\">Tension assign\u00e9e DC [A] \/ [n<\/td>\n<td colspan=\"2\" width=\"179\">24<\/td>\n<td colspan=\"2\" width=\"179\"><\/td>\n<\/tr>\n<tr>\n<td width=\"276\">Max. Courant de commutation DC [A] \/ [n]<\/td>\n<td colspan=\"2\" width=\"179\">60 \/ 10&rsquo;000<\/td>\n<td colspan=\"2\" width=\"179\"><\/td>\n<\/tr>\n<tr>\n<td colspan=\"5\" width=\"633\"><strong>Sp\u00e9cifications suppl\u00e9mentaires<\/strong><\/td>\n<\/tr>\n<tr>\n<td width=\"276\">R\u00e9sistance \u00e0 la haute tension (kV)<\/td>\n<td width=\"89\">&#8212;<\/td>\n<td width=\"89\">2<\/td>\n<td width=\"89\">&#8212;<\/td>\n<td width=\"89\">2<\/td>\n<\/tr>\n<tr>\n<td width=\"276\">Temps de rebond total (ms)<\/td>\n<td colspan=\"2\" width=\"179\">&lt; 1<\/td>\n<td colspan=\"2\" width=\"179\"><\/td>\n<\/tr>\n<tr>\n<td width=\"276\">R\u00e9sistance de contact (selon MIL-STD R5757) (m\u03a9)<\/td>\n<td colspan=\"2\" width=\"179\"><u>&lt; <\/u>50<\/td>\n<td colspan=\"2\" width=\"179\"><\/td>\n<\/tr>\n<tr>\n<td width=\"276\">R\u00e9sistance aux vibrations 10 &#8230; 60 Hz (m\/s2)<\/td>\n<td colspan=\"2\" width=\"179\">100<\/td>\n<td colspan=\"2\" width=\"179\"><\/td>\n<\/tr>\n<tr>\n<td width=\"276\">R\u00e9sistance \u00e0 la pression du bo\u00eetier de commande (N)<\/td>\n<td colspan=\"2\" width=\"179\">600<\/td>\n<td colspan=\"2\" width=\"179\"><\/td>\n<\/tr>\n<tr>\n<td width=\"276\">Convient pour l&rsquo;installation dans la classe de protection<\/td>\n<td width=\"89\">I<\/td>\n<td width=\"89\">I + II<\/td>\n<td width=\"89\">I<\/td>\n<td width=\"89\">I + II<\/td>\n<\/tr>\n<tr>\n<td width=\"276\">R\u00e9sistance \u00e0 l&rsquo;impr\u00e9gnation<\/td>\n<td colspan=\"4\" width=\"357\"><\/td>\n<\/tr>\n<tr>\n<td colspan=\"5\" width=\"633\"><strong>Licences et approbations disponibles<\/strong><\/td>\n<\/tr>\n<tr>\n<td width=\"276\">veuillez pr\u00e9ciser<\/td>\n<td colspan=\"2\" width=\"179\">IEC, VDE, UL, CQC, CMJ<\/td>\n<td colspan=\"2\" width=\"179\">IEC, ENEC, VDE, UL, CSA<\/td>\n<\/tr>\n<tr>\n<td colspan=\"5\" width=\"633\"><strong>Dimensions (standard)<\/strong><\/td>\n<\/tr>\n<tr>\n<td width=\"276\">Diam\u00e8tre \u00d8 d (mm)<\/td>\n<td width=\"89\">9,0<\/td>\n<td width=\"89\">9,4<\/td>\n<td width=\"89\">9,0<\/td>\n<td width=\"89\">9,4<\/td>\n<\/tr>\n<tr>\n<td width=\"276\">Hauteur h (mm)<\/td>\n<td width=\"89\">\u00e0 partir de 6,8<\/td>\n<td width=\"89\">\u00e0 partir de 7,2<\/td>\n<td width=\"89\">\u00e0 partir de 6,6<\/td>\n<td width=\"89\">\u00e0 partir de 7,0<\/td>\n<\/tr>\n<tr>\n<td width=\"276\">Longueur du capuchon d&rsquo;isolation (mm)<\/td>\n<td width=\"89\">&#8212;<\/td>\n<td width=\"89\">17,0<\/td>\n<td width=\"89\">&#8212;<\/td>\n<td width=\"89\">17,0<\/td>\n<\/tr>\n<tr>\n<td width=\"276\">* Connexion standard<\/td>\n<td colspan=\"4\" width=\"357\">Toron : 1,00 mm2\/AWG 18<\/td>\n<\/tr>\n<tr>\n<td colspan=\"5\" width=\"633\"><strong>Charact\u00e9ristique de la d\u00e9pendance au courant<\/strong><\/td>\n<\/tr>\n<tr>\n<td width=\"276\"><img loading=\"lazy\" decoding=\"async\" class=\"alignnone wp-image-4318\" src=\"https:\/\/schupp.ch\/wp-content\/uploads\/2024\/07\/CH6_Z5-300x123.jpg\" alt=\"\" width=\"405\" height=\"166\" srcset=\"https:\/\/schupp.ch\/wp-content\/uploads\/2024\/07\/CH6_Z5-300x123.jpg 300w, https:\/\/schupp.ch\/wp-content\/uploads\/2024\/07\/CH6_Z5.jpg 513w\" sizes=\"auto, (max-width: 405px) 100vw, 405px\" \/><\/td>\n<td colspan=\"2\" width=\"179\">&nbsp;<\/p>\n<p>D\u00e9pend de&#8230;<\/p>\n<p>&#8211; Couplage thermique<\/p>\n<p>&#8211; Domaine d&rsquo;application<\/p>\n<p>&#8211; Conditions de montage<\/p>\n<p>&#8211; Influence de l&rsquo;ext\u00e9rieur<\/p>\n<p>&#8211; Longueur du c\u00e2ble<\/p>\n<p>&#8211; Section du c\u00e2ble<\/p>\n<p>&nbsp;<\/td>\n<td colspan=\"2\" width=\"179\"><img loading=\"lazy\" decoding=\"async\" class=\"alignnone wp-image-4321\" src=\"https:\/\/schupp.ch\/wp-content\/uploads\/2024\/07\/CH6_Z6.jpg\" alt=\"\" width=\"386\" height=\"268\" \/><\/td>\n<\/tr>\n<\/tbody>\n<\/table>\n<p>&nbsp;<\/p>\n<table>\n<tbody>\n<tr>\n<td width=\"151\"><strong>CH6<\/strong><\/td>\n<td width=\"151\"><strong>SH6<\/strong><\/td>\n<td width=\"151\"><strong>CRH<\/strong><\/td>\n<td width=\"151\"><strong>SRH<\/strong><\/td>\n<\/tr>\n<tr>\n<td width=\"151\"><img loading=\"lazy\" decoding=\"async\" class=\"alignnone size-medium wp-image-8667\" src=\"https:\/\/schupp.ch\/wp-content\/uploads\/2024\/07\/TW_CH6-300x300.jpg\" alt=\"\" width=\"300\" height=\"300\" srcset=\"https:\/\/schupp.ch\/wp-content\/uploads\/2024\/07\/TW_CH6-300x300.jpg 300w, https:\/\/schupp.ch\/wp-content\/uploads\/2024\/07\/TW_CH6-600x600.jpg 600w, https:\/\/schupp.ch\/wp-content\/uploads\/2024\/07\/TW_CH6-900x900.jpg 900w, https:\/\/schupp.ch\/wp-content\/uploads\/2024\/07\/TW_CH6-100x100.jpg 100w, https:\/\/schupp.ch\/wp-content\/uploads\/2024\/07\/TW_CH6-150x150.jpg 150w, https:\/\/schupp.ch\/wp-content\/uploads\/2024\/07\/TW_CH6-768x768.jpg 768w, https:\/\/schupp.ch\/wp-content\/uploads\/2024\/07\/TW_CH6-1024x1024.jpg 1024w\" sizes=\"auto, (max-width: 300px) 100vw, 300px\" \/><\/td>\n<td width=\"151\"><img loading=\"lazy\" decoding=\"async\" class=\"alignnone size-medium wp-image-8670\" src=\"https:\/\/schupp.ch\/wp-content\/uploads\/2024\/07\/TW_SH6-300x300.jpg\" alt=\"\" width=\"300\" height=\"300\" srcset=\"https:\/\/schupp.ch\/wp-content\/uploads\/2024\/07\/TW_SH6-300x300.jpg 300w, https:\/\/schupp.ch\/wp-content\/uploads\/2024\/07\/TW_SH6-600x600.jpg 600w, https:\/\/schupp.ch\/wp-content\/uploads\/2024\/07\/TW_SH6-900x900.jpg 900w, https:\/\/schupp.ch\/wp-content\/uploads\/2024\/07\/TW_SH6-100x100.jpg 100w, https:\/\/schupp.ch\/wp-content\/uploads\/2024\/07\/TW_SH6-150x150.jpg 150w, https:\/\/schupp.ch\/wp-content\/uploads\/2024\/07\/TW_SH6-768x768.jpg 768w, https:\/\/schupp.ch\/wp-content\/uploads\/2024\/07\/TW_SH6-1024x1024.jpg 1024w\" sizes=\"auto, (max-width: 300px) 100vw, 300px\" \/><\/td>\n<td width=\"151\"><img loading=\"lazy\" decoding=\"async\" class=\"alignnone size-medium wp-image-8673\" src=\"https:\/\/schupp.ch\/wp-content\/uploads\/2024\/07\/TW_CRH-300x300.jpg\" alt=\"\" width=\"300\" height=\"300\" srcset=\"https:\/\/schupp.ch\/wp-content\/uploads\/2024\/07\/TW_CRH-300x300.jpg 300w, https:\/\/schupp.ch\/wp-content\/uploads\/2024\/07\/TW_CRH-600x600.jpg 600w, https:\/\/schupp.ch\/wp-content\/uploads\/2024\/07\/TW_CRH-900x900.jpg 900w, https:\/\/schupp.ch\/wp-content\/uploads\/2024\/07\/TW_CRH-100x100.jpg 100w, https:\/\/schupp.ch\/wp-content\/uploads\/2024\/07\/TW_CRH-150x150.jpg 150w, https:\/\/schupp.ch\/wp-content\/uploads\/2024\/07\/TW_CRH-768x768.jpg 768w, https:\/\/schupp.ch\/wp-content\/uploads\/2024\/07\/TW_CRH-1024x1024.jpg 1024w\" sizes=\"auto, (max-width: 300px) 100vw, 300px\" \/><\/td>\n<td width=\"151\"><img loading=\"lazy\" decoding=\"async\" class=\"alignnone size-medium wp-image-8676\" src=\"https:\/\/schupp.ch\/wp-content\/uploads\/2024\/07\/TW_SRH-300x300.jpg\" alt=\"\" width=\"300\" height=\"300\" srcset=\"https:\/\/schupp.ch\/wp-content\/uploads\/2024\/07\/TW_SRH-300x300.jpg 300w, https:\/\/schupp.ch\/wp-content\/uploads\/2024\/07\/TW_SRH-600x600.jpg 600w, https:\/\/schupp.ch\/wp-content\/uploads\/2024\/07\/TW_SRH-900x900.jpg 900w, https:\/\/schupp.ch\/wp-content\/uploads\/2024\/07\/TW_SRH-100x100.jpg 100w, https:\/\/schupp.ch\/wp-content\/uploads\/2024\/07\/TW_SRH-150x150.jpg 150w, https:\/\/schupp.ch\/wp-content\/uploads\/2024\/07\/TW_SRH-768x768.jpg 768w, https:\/\/schupp.ch\/wp-content\/uploads\/2024\/07\/TW_SRH-1024x1024.jpg 1024w\" sizes=\"auto, (max-width: 300px) 100vw, 300px\" \/><\/td>\n<\/tr>\n<\/tbody>\n<\/table>\n<p>&nbsp;<\/p>\n<p><strong>Note<\/strong><\/p>\n<p>Les donn\u00e9es et informations indiqu\u00e9es sont bas\u00e9es sur des tests et des s\u00e9ries d&rsquo;essais. Elles ont un caract\u00e8re indicatif, c&rsquo;est pourquoi il peut y avoir des diff\u00e9rences pour certaines applications et utilisations. L&rsquo;utilisateur doit v\u00e9rifier au cas par cas si le produit convient \u00e0 une application concr\u00e8te.<\/p>\n<p>&nbsp;<\/p>\n","protected":false},"excerpt":{"rendered":"<p>&nbsp;<\/p>\n<h5>Les types CH6, SH6 sont des interrupteurs avec c\u00e2bles de raccordement, \u00e0 r\u00e9armement automatique, avec Expoxy<\/h5>\n<p>&nbsp;<\/p>\n<h5><\/h5>\n<h5>Les types CRH, SRH sont auto-maintenu avec tension. Une fois le contact ouvert, la c\u00e9ramique r\u00e9sistive connect\u00e9e en parall\u00e8le s&rsquo;\u00e9chauffe et maintient le contact ouvert jusqu&rsquo;\u00e0 la disparition de la tension.<\/h5>\n<p>&nbsp;<\/p>\n<h5><\/h5>\n<h5>Les types SH6, SRH sont enti\u00e8rement isol\u00e9s avec un Mylar\u00ae-Nomex\u00ae-capuchon<\/h5>\n<p>&nbsp;<\/p>\n","protected":false},"featured_media":2380,"template":"","meta":{"_acf_changed":false},"product_brand":[],"product_cat":[189,191],"product_tag":[],"class_list":{"0":"post-5654","1":"product","2":"type-product","3":"status-publish","4":"has-post-thumbnail","6":"product_cat-surveillance-de-la-temperature","7":"product_cat-limiteur-de-temperature-13-5-42-a","9":"first","10":"instock","11":"shipping-taxable","12":"purchasable","13":"product-type-simple"},"acf":[],"_links":{"self":[{"href":"https:\/\/schupp.ch\/fr\/wp-json\/wp\/v2\/product\/5654","targetHints":{"allow":["GET"]}}],"collection":[{"href":"https:\/\/schupp.ch\/fr\/wp-json\/wp\/v2\/product"}],"about":[{"href":"https:\/\/schupp.ch\/fr\/wp-json\/wp\/v2\/types\/product"}],"wp:featuredmedia":[{"embeddable":true,"href":"https:\/\/schupp.ch\/fr\/wp-json\/wp\/v2\/media\/2380"}],"wp:attachment":[{"href":"https:\/\/schupp.ch\/fr\/wp-json\/wp\/v2\/media?parent=5654"}],"wp:term":[{"taxonomy":"product_brand","embeddable":true,"href":"https:\/\/schupp.ch\/fr\/wp-json\/wp\/v2\/product_brand?post=5654"},{"taxonomy":"product_cat","embeddable":true,"href":"https:\/\/schupp.ch\/fr\/wp-json\/wp\/v2\/product_cat?post=5654"},{"taxonomy":"product_tag","embeddable":true,"href":"https:\/\/schupp.ch\/fr\/wp-json\/wp\/v2\/product_tag?post=5654"}],"curies":[{"name":"wp","href":"https:\/\/api.w.org\/{rel}","templated":true}]}}