{"id":5655,"date":"2024-04-18T13:23:16","date_gmt":"2024-04-18T11:23:16","guid":{"rendered":"https:\/\/schupp.ch\/p\/condensateurs-de-service-400v\/"},"modified":"2025-11-29T18:07:24","modified_gmt":"2025-11-29T17:07:24","slug":"condensateurs-de-service-400v","status":"publish","type":"product","link":"https:\/\/schupp.ch\/fr\/p\/condensateurs-de-service-400v\/","title":{"rendered":"Condensateurs de travail pour moteurs \u00e9lectriques 400V"},"content":{"rendered":"<p>&nbsp;<\/p>\n<h5><strong>Caracteristiques<\/strong><\/h5>\n<p>&nbsp;<\/p>\n<ul>\n<li><strong>Film en polypropyl\u00e8ne<br \/>\n<\/strong>M\u00e9tallis\u00e9 au vide<\/li>\n<li><strong>Construction s\u00e8che<br \/>\n<\/strong>Et par cons\u00e9quent intrins\u00e8quement s\u00fbrs: il n\u2018y a pas de risque de fuite de liquides ou de produits<\/li>\n<li><strong>Auto-r\u00e9g\u00e9n\u00e9rant:<br \/>\n<\/strong>En cas de rupture di\u00e9lectrique, la couche m\u00e9tallique s&rsquo;\u00e9vapore \u00e0 l&rsquo;endroit de la perforation et rend ainsi celle-ci inefficace.<\/li>\n<li><strong>Propri\u00e9t\u00e9 auto-r\u00e9g\u00e9n\u00e9ratrice<\/strong><br \/>\nVaporise la plaque m\u00e9tallique autour du point de rupture et permet au condensateur de continuer \u00e0 fonctionner<\/li>\n<li><strong>Pertes r\u00e9duites<br \/>\n<\/strong>Inf\u00e9rieures \u00e0 0,05%.<\/li>\n<li><strong>Large gamme<br \/>\n<\/strong>De mod\u00e8les, capacit\u00e9s, tensions, et variantes constructives<strong>.<\/strong><\/li>\n<li><strong>Haute r\u00e9sistance aux vibrations<br \/>\n<\/strong>Gr\u00e2ce \u00e0 l\u2018immobilit\u00e9<\/li>\n<li><strong>Totale de la bobine<\/strong><br \/>\nMoyennant une r\u00e9sine sp\u00e9ciale \u00e0 hautes caract\u00e9ristiques \u00e9lectriques et m\u00e9caniques.<\/li>\n<\/ul>\n<p>&nbsp;<\/p>\n<table>\n<tbody>\n<tr>\n<td colspan=\"2\" width=\"376\"><strong>Caract\u00e9ristiques techniques<\/strong><\/td>\n<\/tr>\n<tr>\n<td width=\"168\">Tension nominale :<\/td>\n<td width=\"208\">400 volts (250 volts sur demande)<\/td>\n<\/tr>\n<tr>\n<td width=\"168\">Fr\u00e9quence :<\/td>\n<td width=\"208\">50\/60 Hz<\/td>\n<\/tr>\n<tr>\n<td width=\"168\">Tol\u00e9rance de capacit\u00e9 :<\/td>\n<td width=\"208\">5% (\u00b1 10% pour C \u2264 4 mF)<\/td>\n<\/tr>\n<tr>\n<td width=\"168\">R\u00e9sistance de l&rsquo;isolation<\/td>\n<td width=\"208\">&gt;10&rsquo;000 M W\/mF<\/td>\n<\/tr>\n<tr>\n<td width=\"168\">Normes :<\/td>\n<td width=\"208\">VDE 560-8\/CEI 252\/EN 60252<\/td>\n<\/tr>\n<tr>\n<td width=\"168\">Temp\u00e9rature de service<\/td>\n<td width=\"208\">25 &#8211; \u00e0 +85 \u00b0C<\/td>\n<\/tr>\n<\/tbody>\n<\/table>\n<p>&nbsp;<\/p>\n<table width=\"100%\">\n<tbody>\n<tr>\n<td colspan=\"4\" rowspan=\"2\" width=\"45%\">&nbsp;<\/p>\n<p><img loading=\"lazy\" decoding=\"async\" class=\"alignnone size-full wp-image-3024 aligncenter\" src=\"https:\/\/schupp.ch\/wp-content\/uploads\/2024\/04\/dnrmnfdbnrnt.png\" alt=\"\" width=\"262\" height=\"258\" \/><\/p>\n<p>Fig.1\u00a0 \u00a0 \u00a0 \u00a0 \u00a0 \u00a0 \u00a0 \u00a0 \u00a0 \u00a0 \u00a0 \u00a0 \u00a0Fig.2<\/td>\n<td width=\"3%\">Fig.1<\/td>\n<td colspan=\"4\" width=\"50%\">Bo\u00eetier en mati\u00e8re synth\u00e9tique avec double connexion Faston 2 x 6,3 mm (simple connexion pour \u00d8 &lt; 30mm)<br \/>\n(Cet article n&rsquo;est pas un article de stock)<\/td>\n<\/tr>\n<tr>\n<td width=\"3%\">Fig.2<\/td>\n<td colspan=\"4\" width=\"50%\">Bo\u00eetier en mati\u00e8re synth\u00e9tique avec sortie c\u00e2ble 2 x 0,75 mm2 d\u2018une longueur<br \/>\nde 250 mm<br \/>\nTous les types sont \u00e9quip\u00e9s d&rsquo;un filetage de fixation, d&rsquo;un \u00e9crou et d&rsquo;une rondelle.<\/td>\n<\/tr>\n<tr>\n<td width=\"8%\">Capacit\u00e9<\/td>\n<td colspan=\"3\" width=\"36%\">Figure 2 : Bo\u00eetier plastique\u00a0400 volts<\/td>\n<td width=\"3%\"><\/td>\n<td width=\"8%\">Capacit\u00e9<\/td>\n<td colspan=\"3\" width=\"40%\">Figure 2 : Bo\u00eetier plastique\u00a0400 volts<\/td>\n<\/tr>\n<tr>\n<td width=\"8%\">\u00b5F<\/td>\n<td colspan=\"2\" width=\"19%\"><strong>Art. No.<\/strong><\/td>\n<td width=\"16%\">Dimensions<br \/>\nD x L (mm)\/M<\/td>\n<td width=\"3%\"><\/td>\n<td width=\"8%\">\u00b5F<\/td>\n<td colspan=\"2\" width=\"20%\"><strong>Art. No.<\/strong><\/td>\n<td width=\"19%\">Dimensions<br \/>\nD x L (mm)\/M<\/td>\n<\/tr>\n<tr>\n<td width=\"8%\">1<\/td>\n<td width=\"15%\"><strong>MK400PK010<\/strong><\/td>\n<td width=\"2%\">\u2666<\/td>\n<td width=\"16%\">30&#215;56,5 M8<\/td>\n<td width=\"3%\"><\/td>\n<td width=\"8%\">16<\/td>\n<td width=\"16%\"><strong>MK400PK160<\/strong><\/td>\n<td width=\"3%\">\u2666<\/td>\n<td width=\"19%\">35&#215;93,5 M8<\/td>\n<\/tr>\n<tr>\n<td width=\"8%\">1,5<\/td>\n<td width=\"15%\"><strong>MK400PK015<\/strong><\/td>\n<td width=\"2%\">\u2666<\/td>\n<td width=\"16%\">30&#215;56,5 M8<\/td>\n<td width=\"3%\"><\/td>\n<td width=\"8%\">18<\/td>\n<td width=\"16%\"><strong>MK400PK180<\/strong><\/td>\n<td width=\"3%\">\u2666<\/td>\n<td width=\"19%\">35&#215;93,5 M8<\/td>\n<\/tr>\n<tr>\n<td width=\"8%\">2<\/td>\n<td width=\"15%\"><strong>MK400PK020<\/strong><\/td>\n<td width=\"2%\">\u2666<\/td>\n<td width=\"16%\">30&#215;56,5 M8<\/td>\n<td width=\"3%\"><\/td>\n<td width=\"8%\">20<\/td>\n<td width=\"16%\"><strong>MK400PK200<\/strong><\/td>\n<td width=\"3%\">\u2666<\/td>\n<td width=\"19%\">35&#215;93,5 M8<\/td>\n<\/tr>\n<tr>\n<td width=\"8%\">2,5<\/td>\n<td width=\"15%\"><strong>MK400PK025<\/strong><\/td>\n<td width=\"2%\">\u2666<\/td>\n<td width=\"16%\">30&#215;56,5 M8<\/td>\n<td width=\"3%\"><\/td>\n<td width=\"8%\">25<\/td>\n<td width=\"16%\"><strong>MK400PK250<\/strong><\/td>\n<td width=\"3%\">\u2666<\/td>\n<td width=\"19%\">40&#215;93,5 M8<\/td>\n<\/tr>\n<tr>\n<td width=\"8%\">3<\/td>\n<td width=\"15%\"><strong>MK400PK030<\/strong><\/td>\n<td width=\"2%\">\u2666<\/td>\n<td width=\"16%\">30&#215;56,5 M8<\/td>\n<td width=\"3%\"><\/td>\n<td width=\"8%\">30<\/td>\n<td width=\"16%\"><strong>MK400PK300<\/strong><\/td>\n<td width=\"3%\">\u2666<\/td>\n<td width=\"19%\">40&#215;93,5 M8<\/td>\n<\/tr>\n<tr>\n<td width=\"8%\">4<\/td>\n<td width=\"15%\"><strong>MK400PK040<\/strong><\/td>\n<td width=\"2%\">\u2666<\/td>\n<td width=\"16%\">30&#215;56,5 M8<\/td>\n<td width=\"3%\"><\/td>\n<td width=\"8%\">40<\/td>\n<td width=\"16%\"><strong>MK400PK400<\/strong><\/td>\n<td width=\"3%\">\u2666<\/td>\n<td width=\"19%\">45&#215;93,5 M8<\/td>\n<\/tr>\n<tr>\n<td width=\"8%\">5<\/td>\n<td width=\"15%\"><strong>MK400PK050<\/strong><\/td>\n<td width=\"2%\">\u2666<\/td>\n<td width=\"16%\">30&#215;56,5 M8<\/td>\n<td width=\"3%\"><\/td>\n<td width=\"8%\">45<\/td>\n<td width=\"16%\"><strong>MK400PK450<\/strong><\/td>\n<td width=\"3%\">\u2666<\/td>\n<td width=\"19%\">50&#215;93,5 M8<\/td>\n<\/tr>\n<tr>\n<td width=\"8%\">6<\/td>\n<td width=\"15%\"><strong>MK400PK060<\/strong><\/td>\n<td width=\"2%\">\u2666<\/td>\n<td width=\"16%\">30&#215;56,5 M8<\/td>\n<td width=\"3%\"><\/td>\n<td width=\"8%\">50<\/td>\n<td width=\"16%\"><strong>MK400PK500<\/strong><\/td>\n<td width=\"3%\">\u2666<\/td>\n<td width=\"19%\">50&#215;118,5 M8<\/td>\n<\/tr>\n<tr>\n<td width=\"8%\">7<\/td>\n<td width=\"15%\"><strong>MK400PK070<\/strong><\/td>\n<td width=\"2%\">\u2666<\/td>\n<td width=\"16%\">30&#215;56,5 M8<\/td>\n<td width=\"3%\"><\/td>\n<td width=\"8%\">55<\/td>\n<td width=\"16%\"><strong>MK400PK550<\/strong><\/td>\n<td width=\"3%\">\u2666<\/td>\n<td width=\"19%\">50&#215;118,5 M8<\/td>\n<\/tr>\n<tr>\n<td width=\"8%\">8<\/td>\n<td width=\"15%\"><strong>MK400PK080<\/strong><\/td>\n<td width=\"2%\">\u2666<\/td>\n<td width=\"16%\">30&#215;69,5 M8<\/td>\n<td width=\"3%\"><\/td>\n<td width=\"8%\">60<\/td>\n<td width=\"16%\"><strong>MK400PK600<\/strong><\/td>\n<td width=\"3%\">\u2666<\/td>\n<td width=\"19%\">55&#215;118,5 M8<\/td>\n<\/tr>\n<tr>\n<td width=\"8%\">10<\/td>\n<td width=\"15%\"><strong>MK400PK100<\/strong><\/td>\n<td width=\"2%\">\u2666<\/td>\n<td width=\"16%\">30&#215;69,5 M8<\/td>\n<td width=\"3%\"><\/td>\n<td width=\"8%\">65<\/td>\n<td width=\"16%\"><strong>MK400PK650<\/strong><\/td>\n<td width=\"3%\">\u2666<\/td>\n<td width=\"19%\">55&#215;118,5 M8<\/td>\n<\/tr>\n<tr>\n<td width=\"8%\">12<\/td>\n<td width=\"15%\"><strong>MK400PK120<\/strong><\/td>\n<td width=\"2%\">\u2666<\/td>\n<td width=\"16%\">35&#215;69,5 M8<\/td>\n<td width=\"3%\"><\/td>\n<td width=\"8%\">70<\/td>\n<td width=\"16%\"><strong>MK400PK700<\/strong><\/td>\n<td width=\"3%\">\u2666<\/td>\n<td width=\"19%\">55&#215;118,5 M8<\/td>\n<\/tr>\n<tr>\n<td width=\"8%\">14<\/td>\n<td width=\"15%\"><strong>MK400PK140<\/strong><\/td>\n<td width=\"2%\">\u2666<\/td>\n<td width=\"16%\">35&#215;69,5 M8<\/td>\n<td width=\"3%\"><\/td>\n<td width=\"8%\">80<\/td>\n<td width=\"16%\"><strong>MK400PK800<\/strong><\/td>\n<td width=\"3%\">\u2666<\/td>\n<td width=\"19%\">60&#215;118,5 M8<\/td>\n<\/tr>\n<\/tbody>\n<\/table>\n<p>\u2666\u00a0 en stock<\/p>\n<p>&nbsp;<\/p>\n","protected":false},"excerpt":{"rendered":"<p>&nbsp;<\/p>\n<h5>Condensateurs de travail dans un bo\u00eetier en plastique avec c\u00e2ble \u00e0 deux fils, boulon de fixation M8, \u00e9crou et rondelle.<\/h5>\n<p>&nbsp;<\/p>\n","protected":false},"featured_media":3023,"template":"","meta":{"_acf_changed":false},"product_brand":[],"product_cat":[192,142],"product_tag":[],"class_list":{"0":"post-5655","1":"product","2":"type-product","3":"status-publish","4":"has-post-thumbnail","6":"product_cat-condensateurs-du-moteur","7":"product_cat-technique-de-bobinage","9":"first","10":"instock","11":"shipping-taxable","12":"purchasable","13":"product-type-simple"},"acf":[],"_links":{"self":[{"href":"https:\/\/schupp.ch\/fr\/wp-json\/wp\/v2\/product\/5655","targetHints":{"allow":["GET"]}}],"collection":[{"href":"https:\/\/schupp.ch\/fr\/wp-json\/wp\/v2\/product"}],"about":[{"href":"https:\/\/schupp.ch\/fr\/wp-json\/wp\/v2\/types\/product"}],"wp:featuredmedia":[{"embeddable":true,"href":"https:\/\/schupp.ch\/fr\/wp-json\/wp\/v2\/media\/3023"}],"wp:attachment":[{"href":"https:\/\/schupp.ch\/fr\/wp-json\/wp\/v2\/media?parent=5655"}],"wp:term":[{"taxonomy":"product_brand","embeddable":true,"href":"https:\/\/schupp.ch\/fr\/wp-json\/wp\/v2\/product_brand?post=5655"},{"taxonomy":"product_cat","embeddable":true,"href":"https:\/\/schupp.ch\/fr\/wp-json\/wp\/v2\/product_cat?post=5655"},{"taxonomy":"product_tag","embeddable":true,"href":"https:\/\/schupp.ch\/fr\/wp-json\/wp\/v2\/product_tag?post=5655"}],"curies":[{"name":"wp","href":"https:\/\/api.w.org\/{rel}","templated":true}]}}