{"id":5658,"date":"2024-07-16T17:10:31","date_gmt":"2024-07-16T15:10:31","guid":{"rendered":"https:\/\/schupp.ch\/p\/sonde-a-resistance-pt100\/"},"modified":"2025-11-27T17:22:31","modified_gmt":"2025-11-27T16:22:31","slug":"sonde-a-resistance-pt100","status":"publish","type":"product","link":"https:\/\/schupp.ch\/fr\/p\/sonde-a-resistance-pt100\/","title":{"rendered":"Thermom\u00e8tre \u00e0 r\u00e9sistance \u00e9lectrique Pt100"},"content":{"rendered":"<p>&nbsp;<\/p>\n<p><strong>Prop\u00e9rit\u00e9s<\/strong><\/p>\n<p>Les senseurs de base sont le plus souvent des r\u00e9sistances de pr\u00e9cision Pt100, selon IEC60751.\u00a0D\u2019autres valeurs nominales (500, 1000 ohms) ou mat\u00e9riaux de r\u00e9sistance (p.ex. Ni, Cu) sont disponibles sur demande.<\/p>\n<p>Nous proposons une large palette de thermom\u00e8tres \u00e0 r\u00e9sistance \u00e0 c\u00e2ble. Les domaines d\u2019application sont entre autres :<\/p>\n<ul>\n<li>Surveillance de la temp\u00e9rature de bobinage ou d\u2019encoche d\u2019induit de machines \u00e9lectriques.<\/li>\n<li>Mesures en laboratoire ou des installations d\u2019essais.<\/li>\n<li>Mesure de la temp\u00e9rature de l\u2019air, l\u2019eau et corps solides<\/li>\n<li>Mesure de temp\u00e9rature dans des zones<\/li>\n<\/ul>\n<p>Les exigences pour ces senseurs sont extr\u00eamement vari\u00e9es. Ainsi, il existe pour les domaines d\u2019application mentionn\u00e9es pr\u00e9c\u00e9demment, p.ex. aussi des thermom\u00e8tres \u00e9tanches pour l\u2019application dans des liquides ainsi que des senseurs de t\u00eate de bobinage haute tension (jusqu\u2019\u00e0 8 kV) pour l\u2019application directe dans des machines de haute tension.<\/p>\n<p>&nbsp;<\/p>\n<p><img loading=\"lazy\" decoding=\"async\" class=\" wp-image-4339 aligncenter\" src=\"https:\/\/schupp.ch\/wp-content\/uploads\/2024\/01\/Wid_01-300x85.jpg\" alt=\"\" width=\"526\" height=\"149\" srcset=\"https:\/\/schupp.ch\/wp-content\/uploads\/2024\/01\/Wid_01-300x85.jpg 300w, https:\/\/schupp.ch\/wp-content\/uploads\/2024\/01\/Wid_01.jpg 600w\" sizes=\"auto, (max-width: 526px) 100vw, 526px\" \/><\/p>\n<p>&nbsp;<\/p>\n<p>&nbsp;<\/p>\n<p><strong>Donn\u00e9es type de palier M-OK\/DSH (Pt 100)<\/strong><\/p>\n<p>Le type palier M-OK\/DSH est un thermom\u00e8tre \u00e0 c\u00e2ble dans lequel une r\u00e9sistance de mesure de base est r\u00e9alis\u00e9e avec fil de raccordement et tube r\u00e9tractable. Ces senseurs sont principalement utilis\u00e9s comme senseur de t\u00eate de bobinage pour la protection thermique des moteurs. Mais ils pr\u00e9sentent surtout une solution \u00e9conomique pour des mesures de temp\u00e9ratures de toutes sortes.<\/p>\n<p><strong>Ex\u00e9cution<\/strong><\/p>\n<p>R\u00e9sistance de mesure, double couche, isol\u00e9 \u00e0 l\u2019aide d\u2019un tube r\u00e9tractable, avec fil de raccordement fixe.<\/p>\n<p><strong>Plage de mesure<\/strong><\/p>\n<p>De -60\u00b0 C jusqu&rsquo; \u00e0 +250\u00b0 C<\/p>\n<p><strong>Sonde de temp\u00e9rature<\/strong><\/p>\n<ul>\n<li>1 r\u00e9sistance de mesure passive,<br \/>\n2 mat\u00e9riau de la r\u00e9sistance : platine<\/li>\n<li>R\u00e9sistance nominale 100 \u2126\/0\u00b0 C<\/li>\n<li>Classe de tol\u00e9rance A B selon EN60751 Type de connexion : \u00e0 2 fils<\/li>\n<\/ul>\n<p><strong>Isolation \u00e0 tube r\u00e9tractable<\/strong><\/p>\n<p>DSH : isol\u00e9 PTFE double couche Dimensions : \u00f8 3 mm, longueur 40 mm.<\/p>\n<p><strong>Fil de connexion<\/strong><\/p>\n<p>Fil simple PTFE AWG 24\/7<\/p>\n<p>Longueur de c\u00e2ble 1500 mm Extr\u00e9mit\u00e9s de c\u00e2ble 15 mm isol\u00e9s Code couleur rouge\/blanc<\/p>\n<p><strong>Tension de contr\u00f4le<\/strong><\/p>\n<p>2,5 kV\/1 min senseur et conducteur<\/p>\n<p>Num\u00e9ro d\u2019article:\u00a0\u00a0\u00a0\u00a0\u00a0\u00a0\u00a0\u00a0\u00a0\u00a0\u00a0 <strong>WTMOKDSH2LS1500<\/strong><\/p>\n<p>Fabrications sp\u00e9ciales (pas de types palier)<\/p>\n<ul>\n<li>Ex\u00e9cution avec 3 et 4 conducteurs<\/li>\n<li>Ex\u00e9cution \u00e9tanche (IP66)<\/li>\n<li>Ex\u00e9cution EEX selon ATEX<\/li>\n<li>Autre longueur du fil de connexion<\/li>\n<\/ul>\n<p>&nbsp;<\/p>\n<p>Image : Ex\u00e9cution selon ATEX (avec label ATEX)<\/p>\n<p><img loading=\"lazy\" decoding=\"async\" class=\"alignnone size-medium wp-image-4343\" src=\"https:\/\/schupp.ch\/wp-content\/uploads\/2024\/01\/Wid_02-300x126.jpg\" alt=\"\" width=\"300\" height=\"126\" srcset=\"https:\/\/schupp.ch\/wp-content\/uploads\/2024\/01\/Wid_02-300x126.jpg 300w, https:\/\/schupp.ch\/wp-content\/uploads\/2024\/01\/Wid_02-600x252.jpg 600w, https:\/\/schupp.ch\/wp-content\/uploads\/2024\/01\/Wid_02.jpg 656w\" sizes=\"auto, (max-width: 300px) 100vw, 300px\" \/><\/p>\n<p>&nbsp;<\/p>\n<p><strong>Note<\/strong><\/p>\n<p>Les donn\u00e9es et informations indiqu\u00e9es sont bas\u00e9es sur des tests et des s\u00e9ries d&rsquo;essais. Elles ont un caract\u00e8re indicatif, c&rsquo;est pourquoi il peut y avoir des diff\u00e9rences pour certaines applications et utilisations. L&rsquo;utilisateur doit v\u00e9rifier au cas par cas si le produit est adapt\u00e9 \u00e0 une application concr\u00e8te. Nous sommes bien entendu \u00e0 votre disposition pour vous conseiller.<\/p>\n<p>&nbsp;<\/p>\n","protected":false},"excerpt":{"rendered":"<p>&nbsp;<\/p>\n<h5>Les thermom\u00e8tres \u00e0 r\u00e9sistance \u00e9lectrique \u00e0 c\u00e2ble sont souvent utilis\u00e9s, et relativement bon-march\u00e9, pour effectuer diverses mesures de temp\u00e9rature. Ils sont fr\u00e9quemment utilis\u00e9s dans les plages de temp\u00e9rature basses \u00e0 moyennes (-40\u2026+260\u00b0 C). Mais il existe aussi des versions sp\u00e9ciales pour des temp\u00e9ratures allant jusqu\u2019\u00e0\u00a0400\u00b0 C.<\/h5>\n<p>&nbsp;<\/p>\n","protected":false},"featured_media":1643,"template":"","meta":{"_acf_changed":false},"product_brand":[],"product_cat":[189,196],"product_tag":[],"class_list":{"0":"post-5658","1":"product","2":"type-product","3":"status-publish","4":"has-post-thumbnail","6":"product_cat-surveillance-de-la-temperature","7":"product_cat-sonde-a-resistance-pt100","9":"first","10":"instock","11":"shipping-taxable","12":"purchasable","13":"product-type-simple"},"acf":[],"_links":{"self":[{"href":"https:\/\/schupp.ch\/fr\/wp-json\/wp\/v2\/product\/5658","targetHints":{"allow":["GET"]}}],"collection":[{"href":"https:\/\/schupp.ch\/fr\/wp-json\/wp\/v2\/product"}],"about":[{"href":"https:\/\/schupp.ch\/fr\/wp-json\/wp\/v2\/types\/product"}],"wp:featuredmedia":[{"embeddable":true,"href":"https:\/\/schupp.ch\/fr\/wp-json\/wp\/v2\/media\/1643"}],"wp:attachment":[{"href":"https:\/\/schupp.ch\/fr\/wp-json\/wp\/v2\/media?parent=5658"}],"wp:term":[{"taxonomy":"product_brand","embeddable":true,"href":"https:\/\/schupp.ch\/fr\/wp-json\/wp\/v2\/product_brand?post=5658"},{"taxonomy":"product_cat","embeddable":true,"href":"https:\/\/schupp.ch\/fr\/wp-json\/wp\/v2\/product_cat?post=5658"},{"taxonomy":"product_tag","embeddable":true,"href":"https:\/\/schupp.ch\/fr\/wp-json\/wp\/v2\/product_tag?post=5658"}],"curies":[{"name":"wp","href":"https:\/\/api.w.org\/{rel}","templated":true}]}}