{"id":5659,"date":"2024-06-11T17:48:27","date_gmt":"2024-06-11T15:48:27","guid":{"rendered":"https:\/\/schupp.ch\/p\/thermistance-sonde-ptc-de-protection-du-moteur\/"},"modified":"2026-02-18T14:21:24","modified_gmt":"2026-02-18T13:21:24","slug":"thermistance-sonde-ptc-de-protection-du-moteur","status":"publish","type":"product","link":"https:\/\/schupp.ch\/fr\/p\/thermistance-sonde-ptc-de-protection-du-moteur\/","title":{"rendered":"Thermistors CTP senseurs de protection de moteurs PTC"},"content":{"rendered":"<h5><\/h5>\n<p><strong>Les senseurs de protection de moteurs sont fabriqu\u00e9s de s\u00e9rie avec une isolation de protection de la base. Gr\u00e2ce \u00e0 leur excellente qualit\u00e9, nos senseurs de protection de moteurs r\u00e9pondent aux plus hautes exigences de s\u00e9curit\u00e9 et de fiabilit\u00e9.<\/strong><\/p>\n<p>&nbsp;<\/p>\n<p><strong>Petite taille et flexible en application<\/strong><\/p>\n<ul>\n<li>Id\u00e9al pour espaces r\u00e9duits.<\/li>\n<li>Convient particuli\u00e8rement bien pour le montage sur et dans les<\/li>\n<li>Un grand assortiment de fils est \u00e0<\/li>\n<li>Des c\u00e2blages multiples avec jusqu\u2019\u00e0 6 senseurs en s\u00e9rie sont<\/li>\n<\/ul>\n<p>&nbsp;<\/p>\n<p><strong>S\u00e9curit\u00e9<\/strong><\/p>\n<ul>\n<li>Fabriqu\u00e9s selon DIN 44 081 (senseur simple) et DIN 44 082 (senseur triple).<\/li>\n<\/ul>\n<p>&nbsp;<\/p>\n<p><strong>Fiable<\/strong><\/p>\n<ul>\n<li>Tr\u00e8s haute sensibilit\u00e9 \u00e0 la temp\u00e9rature en raison de la masse r\u00e9duite.<\/li>\n<li>Dans la plage de temp\u00e9rature nominale de d\u00e9clenchement TREF , la r\u00e9sistance R augmente<\/li>\n<\/ul>\n<p>Tr\u00e8s longue dur\u00e9e de vie<\/p>\n<p>Pas de br\u00fblure, pas de fatigue des mat\u00e9riaux, temp\u00e9rature nominale de d\u00e9clenchement constante (pendant des ann\u00e9es).<\/p>\n<p>&nbsp;<\/p>\n<p><strong>Tension d\u2019alimentation \u2013 tension continue [V, VDC]<\/strong><\/p>\n<p>Dans l\u2019id\u00e9al, les senseurs de protection de moteurs PTC devraient fonctionner presque sans courant. Il est conseill\u00e9 d\u2019appliquer une tension d\u2019env. 2,5 V DC jusqu\u2019\u00e0 7,5 V DC, pr\u00e9f\u00e9rablement puls\u00e9e. De cette fa\u00e7on, l\u2019int\u00e9grale de puissance est minimis\u00e9e et le courant traversant le senseur de protection de moteur PTC est presque z\u00e9ro =&gt; pas ou tr\u00e8s peu d\u2019\u00e9chauffement propre ! Un courant plus important peut provoquer l\u2019\u00e9chauffement propre du senseur et donc le d\u00e9clenchement en dessous de la temp\u00e9rature nominale de d\u00e9clenchement TREF.<\/p>\n<p>Connexions multiples :<\/p>\n<p>Dans les connexions multiples, la r\u00e9sistance totale est la somme de toutes les r\u00e9sistances individuelles. Les senseurs sont toujours mont\u00e9s en s\u00e9rie !<\/p>\n<p>Exemple : R\u00e9sistance d\u2019un senseur triple \u00e0 temp\u00e9rature ambiante : 3 * (&lt; 250) = &lt; 750 ohms (standard).<\/p>\n<p>&nbsp;<\/p>\n<p><strong>Lors de l\u2019installation, la thermistance\/senseur de protection de moteur PTC devrait<\/strong><\/p>\n<ul>\n<li>\u00eatre le plus proche possible de la source de<\/li>\n<li>mont\u00e9 parall\u00e8lement au<\/li>\n<li>\u00eatre mont\u00e9 si possible dans tous les bobinages des moteurs multi-phases.<\/li>\n<\/ul>\n<p>&nbsp;<\/p>\n<p><strong>Application<\/strong><\/p>\n<ul>\n<li>Dans et sur les bobinages de moteurs \u00e9lectriques, transformateurs et dispositifs de<\/li>\n<li>Comme sonde de temp\u00e9rature dans des appareils (p.ex. dans le domaine \u00e9lectrom\u00e9nager, automobile, des composants \u00e9lectroniques sur corps de refroidissement ou platines).<\/li>\n<\/ul>\n<p>&nbsp;<\/p>\n<p>&nbsp;<\/p>\n<p><strong>Note<\/strong><\/p>\n<p>Les donn\u00e9es et informations indiqu\u00e9es sont bas\u00e9es sur des tests et des s\u00e9ries d&rsquo;essais. Elles ont un caract\u00e8re indicatif, c&rsquo;est pourquoi il peut y avoir des diff\u00e9rences pour certaines applications et utilisations. L&rsquo;utilisateur doit v\u00e9rifier au cas par cas si le produit est adapt\u00e9 \u00e0 une application concr\u00e8te. Nous sommes bien entendu \u00e0 votre disposition pour vous conseiller.<\/p>\n<p>&nbsp;<\/p>\n<h3><strong>Types<\/strong><\/h3>\n<p>&nbsp;<\/p>\n<table style=\"height: 469px;\" width=\"774\">\n<tbody>\n<tr>\n<td width=\"151\">\n<p style=\"text-align: center;\"><strong>SNM <\/strong>(type de roulement)<\/p>\n<p style=\"text-align: center;\">avec capuchon de protection isolant en Mylar\u00ae-Nomex<\/p>\n<\/td>\n<td style=\"text-align: center;\" width=\"151\"><strong>SKM<\/strong><\/p>\n<p>avec gaine de protection en Kynar\u00ae (PVDF)<\/td>\n<td style=\"text-align: center;\" width=\"151\"><strong>STM<\/strong><\/p>\n<p>avec gaine isolante en Teflon\u00ae (PTFE)<\/td>\n<td width=\"151\">\n<p style=\"text-align: center;\"><strong>LTM <\/strong>(bo\u00eetier isol\u00e9)<\/p>\n<p style=\"text-align: center;\">avec bo\u00eetier \u00e0 visser en aluminium M4x5, couple max. 2 Nm<\/p>\n<\/td>\n<\/tr>\n<tr>\n<td width=\"151\"><img loading=\"lazy\" decoding=\"async\" class=\"aligncenter\" src=\"https:\/\/schupp.ch\/wp-content\/uploads\/2024\/06\/w3hrw5znan.jpg\" width=\"134\" height=\"236\" \/><\/td>\n<td style=\"text-align: center;\" width=\"151\"><img loading=\"lazy\" decoding=\"async\" class=\"\" src=\"https:\/\/schupp.ch\/wp-content\/uploads\/2024\/06\/tjqergeh.jpg\" width=\"193\" height=\"240\" \/><\/td>\n<td style=\"text-align: center;\" width=\"151\"><img loading=\"lazy\" decoding=\"async\" class=\"\" src=\"https:\/\/schupp.ch\/wp-content\/uploads\/2024\/06\/tjqergeh.jpg\" width=\"186\" height=\"233\" \/><\/td>\n<td style=\"text-align: center;\" width=\"151\"><img loading=\"lazy\" decoding=\"async\" class=\"\" src=\"https:\/\/schupp.ch\/wp-content\/uploads\/2024\/06\/umzwtzjraz.jpg\" width=\"161\" height=\"234\" \/><\/td>\n<\/tr>\n<\/tbody>\n<\/table>\n<p>&nbsp;<\/p>\n<p><strong>Caract\u00e9ristique temp\u00e9rature-r\u00e9sistance <\/strong><\/p>\n<p>selon DIN 44081 (simple), DIN 44082 Drilling)<\/p>\n<p>&nbsp;<\/p>\n<p><strong>Caract\u00e9ristiques g\u00e9n\u00e9rales<\/strong><\/p>\n<table>\n<tbody>\n<tr>\n<td rowspan=\"8\" width=\"242\"><img loading=\"lazy\" decoding=\"async\" class=\"alignnone size-medium wp-image-9888\" src=\"https:\/\/schupp.ch\/wp-content\/uploads\/2024\/06\/Kaltleiter_01_EN-300x300.jpg\" alt=\"\" width=\"300\" height=\"300\" srcset=\"https:\/\/schupp.ch\/wp-content\/uploads\/2024\/06\/Kaltleiter_01_EN-300x300.jpg 300w, https:\/\/schupp.ch\/wp-content\/uploads\/2024\/06\/Kaltleiter_01_EN-600x600.jpg 600w, https:\/\/schupp.ch\/wp-content\/uploads\/2024\/06\/Kaltleiter_01_EN-900x900.jpg 900w, https:\/\/schupp.ch\/wp-content\/uploads\/2024\/06\/Kaltleiter_01_EN-100x100.jpg 100w, https:\/\/schupp.ch\/wp-content\/uploads\/2024\/06\/Kaltleiter_01_EN-150x150.jpg 150w, https:\/\/schupp.ch\/wp-content\/uploads\/2024\/06\/Kaltleiter_01_EN-768x768.jpg 768w, https:\/\/schupp.ch\/wp-content\/uploads\/2024\/06\/Kaltleiter_01_EN-1024x1024.jpg 1024w\" sizes=\"auto, (max-width: 300px) 100vw, 300px\" \/><\/td>\n<td colspan=\"3\" width=\"363\"><strong>Caract\u00e9ristiques g\u00e9n\u00e9rales<\/strong><\/td>\n<\/tr>\n<tr>\n<td colspan=\"3\" width=\"363\">TREF = Temp\u00e9rature nominal de d\u00e9clenchement<\/p>\n<p>TREF = 90 \u02daC jusqu\u2018 \u00e0 160 \u02daC par pas de 10K ainsi que 5K<\/td>\n<\/tr>\n<tr>\n<td style=\"text-align: center;\" width=\"121\">Temp\u00e9rature T[\u00b0C]<\/td>\n<td style=\"text-align: center;\" width=\"121\">R\u00e9sistance <strong>R <\/strong>suiv. DIN 44081 (par senseur)<\/td>\n<td style=\"text-align: center;\" width=\"121\">Tension de mesure [VDC]<\/td>\n<\/tr>\n<tr>\n<td style=\"text-align: center;\" width=\"121\">&#8211; 20\u02daC Jusqu&rsquo;\u00e0 TREF &#8211; 20K<\/td>\n<td style=\"text-align: center;\" width=\"121\">20 W \u00e0 250 W<\/p>\n<p>&#8211; Standard &#8211;<\/td>\n<td style=\"text-align: center;\" width=\"121\"><u>&lt; <\/u><span style=\"font-family: inherit; font-size: inherit;\">2,5 V<\/span><\/td>\n<\/tr>\n<tr>\n<td style=\"text-align: center;\" width=\"121\">TREF &#8211; 5K<\/td>\n<td width=\"121\">\n<p style=\"text-align: center;\"><u>&lt; <\/u><span style=\"font-family: inherit; font-size: inherit;\">550 W<\/span><\/p>\n<\/td>\n<td style=\"text-align: center;\" width=\"121\"><u>&lt; <\/u> 2,5 V<\/td>\n<\/tr>\n<tr>\n<td style=\"text-align: center;\" width=\"121\">TREF + 5K<\/td>\n<td style=\"text-align: center;\" width=\"121\"><u>&lt; <\/u>1330 W<\/td>\n<td style=\"text-align: center;\" width=\"121\"><u>&lt; <\/u> 2,5 V<\/td>\n<\/tr>\n<tr>\n<td style=\"text-align: center;\" width=\"121\">TREF + 15K<\/td>\n<td style=\"text-align: center;\" width=\"121\"><u>&gt; <\/u><span style=\"font-family: inherit; font-size: inherit;\">4&rsquo;000 W<\/span><\/td>\n<td width=\"121\">\n<p style=\"text-align: center;\"><u>&lt; <\/u> 7,5 V<\/p>\n<p style=\"text-align: center;\">puls\u00e9<\/p>\n<\/td>\n<\/tr>\n<tr>\n<td colspan=\"3\" width=\"363\">Tension de service max. admissible:\u00a0\u00a0\u00a0\u00a0\u00a0\u00a0\u00a0\u00a0\u00a0\u00a0 Umax = 30 V- Tension max. recommand\u00e9e pour senseur: Umes = 7,5 V- Rigidit\u00e9 di\u00e9lectrique de l\u2018 isolation:\u00a0\u00a0\u00a0\u00a0\u00a0\u00a0\u00a0\u00a0\u00a0\u00a0\u00a0\u00a0\u00a0 Ueff = 2,5 kV<\/p>\n<p><img loading=\"lazy\" decoding=\"async\" class=\"aligncenter\" src=\"https:\/\/schupp.ch\/wp-content\/uploads\/2024\/06\/rzjtumtu.png\" width=\"275\" height=\"80\" \/><\/td>\n<\/tr>\n<\/tbody>\n<\/table>\n<p>Caract\u00e9ristques T-R pour d\u2018 autres TREF (Temp\u00e9rature nominal de d\u00e9clenchement) &#8211; sur demande-<\/p>\n<p>&nbsp;<\/p>\n<p><strong>Temp\u00e9rature nominal de d\u00e9clenchement et codes couleurs des fils<\/strong><\/p>\n<p>Fils de connexion ext\u00e9rieur) \/ fils de raccordement (int\u00e9rieur),<\/p>\n<p><em>(les valeurs italique ne correspond pas \u00e0 DIN 44081\/DIN 44082)<\/em><\/p>\n<p>En cas de configuration multiples les fils de raccordement son jaunes (version standard). D\u2018 autres couleurs de fil sont disponibles sur demande (version sp\u00e9cifique).<\/p>\n<p>&nbsp;<\/p>\n<p><img loading=\"lazy\" decoding=\"async\" class=\"alignnone wp-image-9884 size-full\" src=\"https:\/\/schupp.ch\/wp-content\/uploads\/2024\/06\/PTC_Farbskala_EN-1.jpg\" alt=\"\" width=\"1227\" height=\"251\" \/><\/p>\n<p>&nbsp;<\/p>\n<p><strong>Configurations<\/strong><\/p>\n<p>&nbsp;<\/p>\n<table>\n<tbody>\n<tr>\n<td style=\"text-align: center;\" width=\"151\"><span style=\"color: #000000;\"><u>Configuration simple SNM<\/u><\/span><\/td>\n<td style=\"text-align: center;\" width=\"151\">Configuration simple SKM\/STM<\/td>\n<td style=\"text-align: center;\" width=\"151\"><u>Configuration simple LTM<\/u><\/td>\n<td width=\"151\"><\/td>\n<\/tr>\n<tr>\n<td width=\"151\"><img loading=\"lazy\" decoding=\"async\" class=\"alignnone size-full wp-image-3855\" src=\"https:\/\/schupp.ch\/wp-content\/uploads\/2024\/06\/SNM_Einzelverschaltung.jpg\" alt=\"\" width=\"187\" height=\"281\" \/><\/td>\n<td width=\"151\"><img loading=\"lazy\" decoding=\"async\" class=\"alignnone size-full wp-image-3858\" src=\"https:\/\/schupp.ch\/wp-content\/uploads\/2024\/06\/SKM_STM_Eintelverschaltung_Einzelverschaltung.jpg\" alt=\"\" width=\"170\" height=\"277\" srcset=\"https:\/\/schupp.ch\/wp-content\/uploads\/2024\/06\/SKM_STM_Eintelverschaltung_Einzelverschaltung.jpg 170w, https:\/\/schupp.ch\/wp-content\/uploads\/2024\/06\/SKM_STM_Eintelverschaltung_Einzelverschaltung-50x80.jpg 50w\" sizes=\"auto, (max-width: 170px) 100vw, 170px\" \/><\/td>\n<td width=\"151\"><img loading=\"lazy\" decoding=\"async\" class=\"alignnone size-full wp-image-3861\" src=\"https:\/\/schupp.ch\/wp-content\/uploads\/2024\/06\/LTM_Einzelverschaltung.jpg\" alt=\"\" width=\"208\" height=\"282\" \/><\/td>\n<td width=\"151\"><\/td>\n<\/tr>\n<tr>\n<td style=\"text-align: center;\" width=\"151\">Configuration double<\/td>\n<td style=\"text-align: center;\" width=\"151\">Configuration triple<\/td>\n<td style=\"text-align: center;\" width=\"151\">Configuration<\/p>\n<p>quadruple<\/td>\n<td style=\"text-align: center;\" width=\"151\"><u>Configurations hexagonale<\/u><\/td>\n<\/tr>\n<tr>\n<td width=\"151\"><img loading=\"lazy\" decoding=\"async\" class=\"alignnone size-full wp-image-3864\" src=\"https:\/\/schupp.ch\/wp-content\/uploads\/2024\/06\/Zwillingsverschaltung.jpg\" alt=\"\" width=\"163\" height=\"206\" \/><\/td>\n<td width=\"151\"><img loading=\"lazy\" decoding=\"async\" class=\"alignnone size-full wp-image-3867\" src=\"https:\/\/schupp.ch\/wp-content\/uploads\/2024\/06\/Drillingsverschaltung.jpg\" alt=\"\" width=\"173\" height=\"207\" \/><\/td>\n<td width=\"151\"><img loading=\"lazy\" decoding=\"async\" class=\"alignnone size-full wp-image-3870\" src=\"https:\/\/schupp.ch\/wp-content\/uploads\/2024\/06\/Vierlingsverschaltung.jpg\" alt=\"\" width=\"202\" height=\"210\" \/><\/td>\n<td width=\"151\"><img loading=\"lazy\" decoding=\"async\" class=\"alignnone size-full wp-image-3873\" src=\"https:\/\/schupp.ch\/wp-content\/uploads\/2024\/06\/Sechslingsverschaltung.jpg\" alt=\"\" width=\"251\" height=\"208\" \/><\/td>\n<\/tr>\n<\/tbody>\n<\/table>\n<p>Dimensions manquantes voir connexions individuelles. Livrable en ex\u00e9cution SNM, SKM, STM<\/p>\n<p>&nbsp;<\/p>\n<table>\n<tbody>\n<tr>\n<td colspan=\"5\" width=\"285\">R\u00e9sistance CTP simple STM<\/td>\n<td colspan=\"4\" width=\"337\">R\u00e9sistance CTP triple SNM<\/td>\n<\/tr>\n<tr>\n<td colspan=\"4\" width=\"210\">Longueurs des c\u00e2bles<\/td>\n<td width=\"75\">520 mm<\/td>\n<td colspan=\"3\" width=\"170\">Longueurs des c\u00e2bles<\/td>\n<td width=\"167\">520\/185\/185\/520mm<\/td>\n<\/tr>\n<tr>\n<td colspan=\"4\" width=\"210\">Section normale<\/td>\n<td width=\"75\">0,25 mm2<\/td>\n<td colspan=\"3\" width=\"170\">Section normale<\/td>\n<td width=\"167\">0,25 mm2<\/td>\n<\/tr>\n<tr>\n<td width=\"93\"><strong>Art. No.<\/strong><\/td>\n<td width=\"20\"><\/td>\n<td width=\"59\">TREF \u00b0C<\/td>\n<td colspan=\"2\" width=\"113\">Codes couleurs de norme<\/td>\n<td width=\"96\"><strong>Art. No.<\/strong><\/td>\n<td width=\"17\"><\/td>\n<td width=\"57\">TREF\u00b0C<\/td>\n<td width=\"167\">Codes couleurs de norme<\/td>\n<\/tr>\n<tr>\n<td width=\"93\"><strong>KLSNMES060<\/strong><\/td>\n<td width=\"20\"><span style=\"color: #00ff00;\">\u2666<\/span><\/td>\n<td width=\"59\">60\u00b15<\/td>\n<td colspan=\"2\" width=\"113\">blanc-gris<\/td>\n<td width=\"96\"><strong>KLSNMDS060<\/strong><\/td>\n<td width=\"17\"><\/td>\n<td width=\"57\">60\u00b15<\/td>\n<td width=\"167\">blanc-jaune-jaune-gris<\/td>\n<\/tr>\n<tr>\n<td width=\"93\"><strong>KLSNMES090<\/strong><\/td>\n<td width=\"20\"><span style=\"color: #00ff00;\">\u2666<\/span><\/td>\n<td width=\"59\">90\u00b15<\/td>\n<td colspan=\"2\" width=\"113\">vert-vert<\/td>\n<td width=\"96\"><strong>KLSNMDS090<\/strong><\/td>\n<td width=\"17\"><\/td>\n<td width=\"57\">90\u00b15<\/td>\n<td width=\"167\">vert-jaune-jaune-vert<\/td>\n<\/tr>\n<tr>\n<td width=\"93\"><strong>KLSNMES100<\/strong><\/td>\n<td width=\"20\"><span style=\"color: #00ff00;\">\u2666<\/span><\/td>\n<td width=\"59\">100\u00b15<\/td>\n<td colspan=\"2\" width=\"113\">rouge-rouge<\/td>\n<td width=\"96\"><strong>KLSNMDS100<\/strong><\/td>\n<td width=\"17\"><\/td>\n<td width=\"57\">100\u00b15<\/td>\n<td width=\"167\">rouge-jaune-jaune-rouge<\/td>\n<\/tr>\n<tr>\n<td width=\"93\"><strong>KLSNMES105<\/strong><\/td>\n<td width=\"20\"><\/td>\n<td width=\"59\">105\u00b15<\/td>\n<td colspan=\"2\" width=\"113\">bleu-gris<\/td>\n<td width=\"96\"><strong>KLSNMDS105<\/strong><\/td>\n<td width=\"17\"><\/td>\n<td width=\"57\">105\u00b15<\/td>\n<td width=\"167\">bleu-jaune-jaune-gris<\/td>\n<\/tr>\n<tr>\n<td width=\"93\"><strong>KLSNMES110<\/strong><\/td>\n<td width=\"20\"><span style=\"color: #00ff00;\">\u2666<\/span><\/td>\n<td width=\"59\">110\u00b15<\/td>\n<td colspan=\"2\" width=\"113\">brun-marron<\/td>\n<td width=\"96\"><strong>KLSNMDS110<\/strong><\/td>\n<td width=\"17\"><span style=\"color: #00ff00;\">\u2666<\/span><\/td>\n<td width=\"57\">110\u00b15<\/td>\n<td width=\"167\">marron-jaune-jaune-marron<\/td>\n<\/tr>\n<tr>\n<td width=\"93\"><strong>KLSNMES115<\/strong><\/td>\n<td width=\"20\"><\/td>\n<td width=\"59\">115\u00b15<\/td>\n<td colspan=\"2\" width=\"113\">bleu-vert<\/td>\n<td width=\"96\"><strong>KLSNMDS115<\/strong><\/td>\n<td width=\"17\"><\/td>\n<td width=\"57\">115\u00b15<\/td>\n<td width=\"167\">bleu-jaune-jaune-vert<\/td>\n<\/tr>\n<tr>\n<td width=\"93\"><strong>KLSNMES120<\/strong><\/td>\n<td width=\"20\"><span style=\"color: #00ff00;\">\u2666<\/span><\/td>\n<td width=\"59\">120\u00b15<\/td>\n<td colspan=\"2\" width=\"113\">gris-gris<\/td>\n<td width=\"96\"><strong>KLSNMDS120<\/strong><\/td>\n<td width=\"17\"><span style=\"color: #00ff00;\">\u2666<\/span><\/td>\n<td width=\"57\">120\u00b15<\/td>\n<td width=\"167\">gris-jaune-jaune-gris<\/td>\n<\/tr>\n<tr>\n<td width=\"93\"><strong>KLSNMES125<\/strong><\/td>\n<td width=\"20\"><\/td>\n<td width=\"59\">125\u00b15<\/td>\n<td colspan=\"2\" width=\"113\">rouge-vert<\/td>\n<td width=\"96\"><strong>KLSNMDS125<\/strong><\/td>\n<td width=\"17\"><\/td>\n<td width=\"57\">125\u00b15<\/td>\n<td width=\"167\">rouge-jaune-jaune-vert<\/td>\n<\/tr>\n<tr>\n<td width=\"93\"><strong>KLSNMES130<\/strong><\/td>\n<td width=\"20\"><span style=\"color: #00ff00;\">\u2666<\/span><\/td>\n<td width=\"59\">130\u00b15<\/td>\n<td colspan=\"2\" width=\"113\">bleu-bleu<\/td>\n<td width=\"96\"><strong>KLSNMDS130<\/strong><\/td>\n<td width=\"17\"><span style=\"color: #00ff00;\">\u2666<\/span><\/td>\n<td width=\"57\">130\u00b15<\/td>\n<td width=\"167\">bleu-jaune-jaune-bleu<\/td>\n<\/tr>\n<tr>\n<td width=\"93\"><strong>KLSNMES135<\/strong><\/td>\n<td width=\"20\"><\/td>\n<td width=\"59\">135\u00b15<\/td>\n<td colspan=\"2\" width=\"113\">rouge-brun<\/td>\n<td width=\"96\"><strong>KLSNMDS135<\/strong><\/td>\n<td width=\"17\"><\/td>\n<td width=\"57\">135\u00b15<\/td>\n<td width=\"167\">rouge-jaune-jaune-marron<\/td>\n<\/tr>\n<tr>\n<td width=\"93\"><strong>KLSNMES140<\/strong><\/td>\n<td width=\"20\"><span style=\"color: #00ff00;\">\u2666<\/span><\/td>\n<td width=\"59\">140\u00b15<\/td>\n<td colspan=\"2\" width=\"113\">blanc-bleu<\/td>\n<td width=\"96\"><strong>KLSNMDS140<\/strong><\/td>\n<td width=\"17\"><span style=\"color: #00ff00;\">\u2666<\/span><\/td>\n<td width=\"57\">140\u00b15<\/td>\n<td width=\"167\">blanc-jaune-jaune-bleu<\/td>\n<\/tr>\n<tr>\n<td width=\"93\"><strong>KLSNMES145<\/strong><\/td>\n<td width=\"20\"><\/td>\n<td width=\"59\">145\u00b15<\/td>\n<td colspan=\"2\" width=\"113\">blanc-noir<\/td>\n<td width=\"96\"><strong>KLSNMDS145<\/strong><\/td>\n<td width=\"17\"><\/td>\n<td width=\"57\">145\u00b15<\/td>\n<td width=\"167\">blanc-jaune-jaune-noir<\/td>\n<\/tr>\n<tr>\n<td width=\"93\"><strong>KLSNMES150<\/strong><\/td>\n<td width=\"20\"><span style=\"color: #00ff00;\">\u2666<\/span><\/td>\n<td width=\"59\">150\u00b15<\/td>\n<td colspan=\"2\" width=\"113\">noir-noir<\/td>\n<td width=\"96\"><strong>KLSNMDS150<\/strong><\/td>\n<td width=\"17\"><span style=\"color: #00ff00;\">\u2666<\/span><\/td>\n<td width=\"57\">150\u00b15<\/td>\n<td width=\"167\">noir-jaune-jaune- noir<\/td>\n<\/tr>\n<tr>\n<td width=\"93\"><strong>KLSNMES155<\/strong><\/td>\n<td width=\"20\"><span style=\"color: #00ff00;\">\u2666<\/span><\/td>\n<td width=\"59\">155\u00b15<\/td>\n<td colspan=\"2\" width=\"113\">bleu-noir<\/td>\n<td width=\"96\"><strong>KLSNMDS155<\/strong><\/td>\n<td width=\"17\"><span style=\"color: #00ff00;\">\u2666<\/span><\/td>\n<td width=\"57\">155\u00b15<\/td>\n<td width=\"167\">bleu-jaune-jaune-noir<\/td>\n<\/tr>\n<tr>\n<td width=\"93\"><strong>KLSNMES160<\/strong><\/td>\n<td width=\"20\"><span style=\"color: #00ff00;\">\u2666<\/span><\/td>\n<td width=\"59\">160\u00b15<\/td>\n<td colspan=\"2\" width=\"113\">bleu-rouge<\/td>\n<td width=\"96\"><strong>KLSNMDS160<\/strong><\/td>\n<td width=\"17\"><\/td>\n<td width=\"57\">160\u00b15<\/td>\n<td width=\"167\">bleu-jaune-jaune-rouge<\/td>\n<\/tr>\n<tr>\n<td width=\"93\"><strong>KLSNMES165<\/strong><\/td>\n<td width=\"20\"><\/td>\n<td width=\"59\">165\u00b15<\/td>\n<td colspan=\"2\" width=\"113\">bleu-marron<\/td>\n<td width=\"96\"><strong>KLSNMDS165<\/strong><\/td>\n<td width=\"17\"><\/td>\n<td width=\"57\">165\u00b15<\/td>\n<td width=\"167\">bleu-jaune-jaune-marron<\/td>\n<\/tr>\n<tr>\n<td width=\"93\"><strong>KLSNMES170<\/strong><\/td>\n<td width=\"20\"><span style=\"color: #00ff00;\">\u2666<\/span><\/td>\n<td width=\"59\">170\u00b15<\/td>\n<td colspan=\"2\" width=\"113\">blanc-vert<\/td>\n<td width=\"96\"><strong>KLSNMDS170<\/strong><\/td>\n<td width=\"17\"><span style=\"color: #00ff00;\">\u2666<\/span><\/td>\n<td width=\"57\">170\u00b15<\/td>\n<td width=\"167\">blanc-jaune-jaune-vert<\/td>\n<\/tr>\n<tr>\n<td width=\"93\"><strong>KLSNMES180<\/strong><\/td>\n<td width=\"20\"><span style=\"color: #00ff00;\">\u2666<\/span><\/td>\n<td width=\"59\">180\u00b15<\/td>\n<td colspan=\"2\" width=\"113\">blanc-rouge<\/td>\n<td width=\"96\"><strong>KLSNMDS180<\/strong><\/td>\n<td width=\"17\"><span style=\"color: #00ff00;\">\u2666<\/span><\/td>\n<td width=\"57\">180\u00b15<\/td>\n<td width=\"167\">blanc-jaune-jaune-rouge<\/td>\n<\/tr>\n<tr>\n<td width=\"93\"><strong>KLSNMES190<\/strong><\/td>\n<td width=\"20\"><\/td>\n<td width=\"59\">190\u00b15<\/td>\n<td colspan=\"2\" width=\"113\">noir-marron<\/td>\n<td width=\"96\"><strong>KLSNMDS190<\/strong><\/td>\n<td width=\"17\"><\/td>\n<td width=\"57\">190\u00b15<\/td>\n<td width=\"167\">noir-jaune-jaune-marron<\/td>\n<\/tr>\n<tr>\n<td width=\"93\"><\/td>\n<td width=\"20\"><\/td>\n<td width=\"59\"><\/td>\n<td width=\"38\"><\/td>\n<td width=\"75\"><\/td>\n<td width=\"96\"><\/td>\n<td width=\"17\"><\/td>\n<td width=\"57\"><\/td>\n<td width=\"167\"><\/td>\n<\/tr>\n<\/tbody>\n<\/table>\n<p><span style=\"color: #00ff00;\">\u2666<\/span>\u00a0 Types livrable du stock<\/p>\n<p>&nbsp;<\/p>\n<p><strong>Remarque :<\/strong><\/p>\n<p>Les commandes sans indication de la longueur des c\u00e2bles sont ex\u00e9cut\u00e9es conform\u00e9ment aux sp\u00e9cifications DIN 44081 et DIN 44082.<\/p>\n<ul>\n<li>C\u00e2bles ext\u00e9rieures -&gt; 520 mm<\/li>\n<li>C\u00e2bles connexion internes-&gt; 185 mm (par exemple, tripl\u00e9s)<\/li>\n<\/ul>\n<p>&nbsp;<\/p>\n<p><img loading=\"lazy\" decoding=\"async\" class=\"alignnone wp-image-9882 size-full\" src=\"https:\/\/schupp.ch\/wp-content\/uploads\/2024\/06\/PTC_Tabelle_EN.jpg\" alt=\"\" width=\"1032\" height=\"525\" \/><\/p>\n<p>&nbsp;<\/p>\n<table>\n<tbody>\n<tr>\n<td colspan=\"2\" width=\"604\">\n<p style=\"text-align: center;\"><u><strong><br \/>\nExemples :<\/strong><\/u><\/p>\n<\/td>\n<\/tr>\n<tr>\n<td width=\"302\">&nbsp;<\/p>\n<p><strong><br \/>\nKLSTM.120.DS<br \/>\n<\/strong>C\u00e2blage triple : capuchon en PTFE (Teflon\u00ae) Standard : Standard : TREF = 120\u00b0C<\/p>\n<p><strong>KLSKM.110.ZS.0300.0200.0400<br \/>\n<\/strong>C\u00e2blage jumel\u00e9 : Capuchon Kynar\u00ae Standard : TREF = 110\u00b0C<br \/>\nL1 = 300 mm, L2 = 200mm L3 = 400 mm<\/p>\n<p>&nbsp;<\/p>\n<p>&nbsp;<\/td>\n<td width=\"302\">&nbsp;<\/p>\n<p><strong>KLSKM.110.ZS.0300.0200.0400<br \/>\n<\/strong>C\u00e2blage jumel\u00e9 : Capuchon Kynar\u00ae Standard : TREF = 110\u00b0C L1 = 300 mm, L2 = 200mm L3 = 400 mm<\/p>\n<p><strong>KLLTM.090.ES.0400.0400<br \/>\n<\/strong>C\u00e2blage individuel : bo\u00eetier \u00e0 visser en aluminium Standard : TREF = 90\u00b0C Conduites ext\u00e9rieures de 520 mm (L1+L4) &#8211; conduites int\u00e9rieures de 185 mm (L2+L3) des deux c\u00f4t\u00e9s.<\/td>\n<\/tr>\n<\/tbody>\n<\/table>\n<p>&nbsp;<\/p>\n<p>&nbsp;<\/p>\n<p><strong>Fabrication K (selon sp\u00e9cifications client) \u2013 sur demande<\/strong><\/p>\n<p>&nbsp;<\/p>\n<p><strong>Possibles d\u00e9viations<\/strong><\/p>\n<ul>\n<li>Code couleur<\/li>\n<li>Mat\u00e9riau d\u2019isolation des c\u00e2bles ou section des c\u00e2bles<\/li>\n<li>R\u00e9sistance de l\u2019isolation au claquage<\/li>\n<li>(Convient p.ex. pour le montage dans des applications avec classe de protection II).<\/li>\n<li>Extr\u00e9mit\u00e9s des c\u00e2bles<\/li>\n<li>Technique de raccordement<\/li>\n<li>Composants utilis\u00e9s avec listing UL<\/li>\n<\/ul>\n<p>&nbsp;<\/p>\n","protected":false},"excerpt":{"rendered":"<p>&nbsp;<\/p>\n<h5>Les senseurs de protection de moteurs <strong>PTC (Positive Temp\u00e9rature Coefficient)<\/strong> sont des r\u00e9sistances sensibles \u00e0 la temp\u00e9rature, fabriqu\u00e9s en c\u00e9ramiques semi-conductrices (autres appellations :\u00a0 thermistances).<\/h5>\n<h5><\/h5>\n<p>&nbsp;<\/p>\n<h5>Le changement reproductible de la r\u00e9sistance est utilis\u00e9 comme grandeur physique pour activer p. ex. des dispositifs de protection. Un contr\u00f4le parfaitement d\u00e9fini de la temp\u00e9rature est ainsi obtenu pour diverses fonctions de s\u00e9curit\u00e9 sur des appareils \u00e9lectriques, p.ex. la coupure du courant sous charge, l\u2019enclenchement de dispositifs d\u2019alarme etc.<\/h5>\n<p>&nbsp;<\/p>\n","protected":false},"featured_media":3788,"template":"","meta":{"_acf_changed":false},"product_brand":[],"product_cat":[189,197],"product_tag":[],"class_list":{"0":"post-5659","1":"product","2":"type-product","3":"status-publish","4":"has-post-thumbnail","6":"product_cat-surveillance-de-la-temperature","7":"product_cat-thermistance-sonde-de-protection-moteur-ptc","9":"first","10":"instock","11":"shipping-taxable","12":"purchasable","13":"product-type-simple"},"acf":[],"_links":{"self":[{"href":"https:\/\/schupp.ch\/fr\/wp-json\/wp\/v2\/product\/5659","targetHints":{"allow":["GET"]}}],"collection":[{"href":"https:\/\/schupp.ch\/fr\/wp-json\/wp\/v2\/product"}],"about":[{"href":"https:\/\/schupp.ch\/fr\/wp-json\/wp\/v2\/types\/product"}],"wp:featuredmedia":[{"embeddable":true,"href":"https:\/\/schupp.ch\/fr\/wp-json\/wp\/v2\/media\/3788"}],"wp:attachment":[{"href":"https:\/\/schupp.ch\/fr\/wp-json\/wp\/v2\/media?parent=5659"}],"wp:term":[{"taxonomy":"product_brand","embeddable":true,"href":"https:\/\/schupp.ch\/fr\/wp-json\/wp\/v2\/product_brand?post=5659"},{"taxonomy":"product_cat","embeddable":true,"href":"https:\/\/schupp.ch\/fr\/wp-json\/wp\/v2\/product_cat?post=5659"},{"taxonomy":"product_tag","embeddable":true,"href":"https:\/\/schupp.ch\/fr\/wp-json\/wp\/v2\/product_tag?post=5659"}],"curies":[{"name":"wp","href":"https:\/\/api.w.org\/{rel}","templated":true}]}}