{"id":5662,"date":"2024-07-16T18:13:08","date_gmt":"2024-07-16T16:13:08","guid":{"rendered":"https:\/\/schupp.ch\/p\/bande-de-silicone-auto-soudante-levelwrap-profil-triangulaire\/"},"modified":"2025-11-17T16:13:27","modified_gmt":"2025-11-17T15:13:27","slug":"bande-de-silicone-auto-soudante-levelwrap-profil-triangulaire","status":"publish","type":"product","link":"https:\/\/schupp.ch\/fr\/p\/bande-de-silicone-auto-soudante-levelwrap-profil-triangulaire\/","title":{"rendered":"Ruban de silicone auto-soudante LevelWrap\u00ae (profil triangulaire)"},"content":{"rendered":"<p>&nbsp;<\/p>\n<table>\n<tbody>\n<tr>\n<td width=\"239\"><img loading=\"lazy\" decoding=\"async\" class=\"alignnone size-medium wp-image-4356\" src=\"https:\/\/schupp.ch\/wp-content\/uploads\/2024\/07\/Arlon_01-300x273.jpg\" alt=\"\" width=\"300\" height=\"273\" srcset=\"https:\/\/schupp.ch\/wp-content\/uploads\/2024\/07\/Arlon_01-300x273.jpg 300w, https:\/\/schupp.ch\/wp-content\/uploads\/2024\/07\/Arlon_01.jpg 382w\" sizes=\"auto, (max-width: 300px) 100vw, 300px\" \/><\/td>\n<td width=\"239\"><img loading=\"lazy\" decoding=\"async\" class=\"alignnone  wp-image-4359\" src=\"https:\/\/schupp.ch\/wp-content\/uploads\/2024\/07\/Arlon_02-300x300.jpg\" alt=\"\" width=\"228\" height=\"228\" srcset=\"https:\/\/schupp.ch\/wp-content\/uploads\/2024\/07\/Arlon_02-300x300.jpg 300w, https:\/\/schupp.ch\/wp-content\/uploads\/2024\/07\/Arlon_02-100x100.jpg 100w, https:\/\/schupp.ch\/wp-content\/uploads\/2024\/07\/Arlon_02-150x150.jpg 150w, https:\/\/schupp.ch\/wp-content\/uploads\/2024\/07\/Arlon_02.jpg 352w\" sizes=\"auto, (max-width: 228px) 100vw, 228px\" \/><\/td>\n<td width=\"239\"><img loading=\"lazy\" decoding=\"async\" class=\"alignnone size-medium wp-image-4362\" src=\"https:\/\/schupp.ch\/wp-content\/uploads\/2024\/07\/Arlon_03-300x272.jpg\" alt=\"\" width=\"300\" height=\"272\" srcset=\"https:\/\/schupp.ch\/wp-content\/uploads\/2024\/07\/Arlon_03-300x272.jpg 300w, https:\/\/schupp.ch\/wp-content\/uploads\/2024\/07\/Arlon_03.jpg 367w\" sizes=\"auto, (max-width: 300px) 100vw, 300px\" \/><\/td>\n<\/tr>\n<\/tbody>\n<\/table>\n<p>&nbsp;<\/p>\n<table width=\"643\">\n<tbody>\n<tr>\n<td colspan=\"3\" width=\"501\"><strong>Description<\/strong><\/td>\n<td width=\"141\">Arlon s\u00e9rie LW. MOX s\u00e9rie T20..<\/td>\n<\/tr>\n<tr>\n<td colspan=\"2\" width=\"417\">Cette bande de silicone autosoudable est un profil triangulaire qui permet aux couches jointes de former une surface lisse apr\u00e8s le soudage. Le sommet du triangle est color\u00e9, ce qui permet de voir facilement si une couche se raccorde pr\u00e9cis\u00e9ment \u00e0 la couche pr\u00e9c\u00e9dente.<\/td>\n<td colspan=\"2\" width=\"226\">&nbsp;<\/p>\n<p><strong><em> <img loading=\"lazy\" decoding=\"async\" class=\"alignnone size-medium wp-image-4353\" src=\"https:\/\/schupp.ch\/wp-content\/uploads\/2024\/07\/Arlon_04-300x124.jpg\" alt=\"\" width=\"300\" height=\"124\" srcset=\"https:\/\/schupp.ch\/wp-content\/uploads\/2024\/07\/Arlon_04-300x124.jpg 300w, https:\/\/schupp.ch\/wp-content\/uploads\/2024\/07\/Arlon_04.jpg 357w\" sizes=\"auto, (max-width: 300px) 100vw, 300px\" \/><\/em><\/strong><\/p>\n<p>couches contigu\u00ebs<\/td>\n<\/tr>\n<tr>\n<td colspan=\"4\" width=\"643\"><strong>Structure<\/strong><\/td>\n<\/tr>\n<tr>\n<td width=\"293\">Mat\u00e9riau<\/td>\n<td colspan=\"3\" width=\"350\">caoutchouc de silicone vulcanis\u00e9 et auto-soudant<\/td>\n<\/tr>\n<tr>\n<td colspan=\"4\" width=\"643\"><strong>Dimensions<\/strong><\/td>\n<\/tr>\n<tr>\n<td width=\"293\">Largeur standard<\/td>\n<td colspan=\"3\" width=\"350\">25,4 mm ( autres largeurs sur demande )<\/td>\n<\/tr>\n<tr>\n<td width=\"293\">\u00c9paisseur standard<\/td>\n<td colspan=\"3\" width=\"350\">0,51 mm = 20 mils ( autres \u00e9paisseurs sur demande )<\/td>\n<\/tr>\n<tr>\n<td width=\"293\">Longueur standard<\/td>\n<td colspan=\"3\" width=\"350\">11 m = 12 yards<\/td>\n<\/tr>\n<tr>\n<td width=\"293\">Film de s\u00e9paration<\/td>\n<td colspan=\"3\" width=\"350\">Poly\u00e9thyl\u00e8ne de 0,08 mm<\/td>\n<\/tr>\n<tr>\n<td width=\"293\">Couleur standard<\/td>\n<td colspan=\"3\" width=\"350\">rouge-brun ( autre couleur sur demande )<\/td>\n<\/tr>\n<tr>\n<td width=\"293\"><strong>Propri\u00e9t\u00e9s physiques du mat\u00e9riel\u00a0 de silicone<\/strong><\/td>\n<td width=\"124\">Unit\u00e9<\/td>\n<td width=\"84\">Valeur<\/td>\n<td width=\"141\">M\u00e9thode d&rsquo;essai<\/td>\n<\/tr>\n<tr>\n<td width=\"293\">\u00c9paisseur de la bande<\/td>\n<td width=\"124\"><\/td>\n<td width=\"84\">20<\/td>\n<td width=\"141\">Arlon SQA-TMS-003<\/td>\n<\/tr>\n<tr>\n<td width=\"293\">R\u00e9sistance \u00e0 la traction<\/td>\n<td width=\"124\">N\/mm2<\/td>\n<td width=\"84\">79<\/td>\n<td width=\"141\">ASTM D 412<\/td>\n<\/tr>\n<tr>\n<td width=\"293\">Extensibilit\u00e9<\/td>\n<td width=\"124\">%<\/td>\n<td width=\"84\">400<\/td>\n<td width=\"141\">ASTM D 412<\/td>\n<\/tr>\n<tr>\n<td width=\"293\">Duret\u00e9<\/td>\n<td width=\"124\">Shore A<\/td>\n<td width=\"84\">55<\/td>\n<td width=\"141\">ASTM D 2240<\/td>\n<\/tr>\n<tr>\n<td width=\"293\">Densit\u00e9<\/td>\n<td width=\"124\">&#8212;<\/td>\n<td width=\"84\">1,5<\/td>\n<td width=\"141\">Arlon SQA-TMS-024<\/td>\n<\/tr>\n<tr>\n<td width=\"293\"><strong>Propri\u00e9t\u00e9s physiques du produit<\/strong><\/td>\n<td width=\"124\"><\/td>\n<td width=\"84\"><\/td>\n<td width=\"141\"><\/td>\n<\/tr>\n<tr>\n<td width=\"293\">Plage de temp\u00e9rature<\/td>\n<td width=\"124\">\u00b0C<\/td>\n<td width=\"84\">-54 \u00e0 +260<\/td>\n<td width=\"141\"><\/td>\n<\/tr>\n<tr>\n<td width=\"293\">R\u00e9sistance au claquage \u00e9lectrique<\/td>\n<td width=\"124\">kV\/mm<\/td>\n<td width=\"84\">&gt; 20<\/td>\n<td width=\"141\">ASTM D 149<\/td>\n<\/tr>\n<tr>\n<td width=\"293\">Absorption d&rsquo;eau<\/td>\n<td width=\"124\">%<\/td>\n<td width=\"84\">2.0<\/td>\n<td width=\"141\">MIL-I-46852C<\/td>\n<\/tr>\n<tr>\n<td width=\"293\">Dur\u00e9e de stockage<\/td>\n<td colspan=\"3\" width=\"350\">12 mois \u00e0 partir de la date de fabrication \u00e0 24\u00b0 C<\/td>\n<\/tr>\n<tr>\n<td colspan=\"4\" width=\"643\"><strong>Note<\/strong><\/td>\n<\/tr>\n<tr>\n<td colspan=\"4\" width=\"643\"><em>Les donn\u00e9es mentionn\u00e9es sont indicatives et ne peuvent pas \u00eatre utilis\u00e9es comme sp\u00e9cification, ni garantir que le produit est adapt\u00e9 \u00e0 toutes les applications.<\/em><\/td>\n<\/tr>\n<\/tbody>\n<\/table>\n<p>Pas d&rsquo;article en stock<\/p>\n<p>&nbsp;<\/p>\n<p><strong>Quantit\u00e9 minimale de commande :<br \/>\n<\/strong>200 rouleaux pour Arlon-Tape s\u00e9rie LW (2 rouleaux pour MOX-Tape s\u00e9rie T20)<\/p>\n<p>&nbsp;<\/p>\n<p><strong>R\u00e9f\u00e9rence<\/strong>:<br \/>\nSBADddbbllxx ou SBAMddbbllxx<\/p>\n<p>Exemple : SBAD502511RT SBAD= Num\u00e9ro de base pour ruban Arlon triangulaire<br \/>\nSBAM = Num\u00e9ro de base pour ruban MOX triangulaire<br \/>\nDd = \u00c9paisseur 0,51 mm<br \/>\nBb = Largeur 25,4 mm<br \/>\nLl = Longueur 11 m<br \/>\nXx = Couleur rouge<\/p>\n<p>&nbsp;<\/p>\n","protected":false},"excerpt":{"rendered":"<p>&nbsp;<\/p>\n<h5>Ces rubans auto-soudants sont fabriqu\u00e9s \u00e0 partir d&rsquo;un caoutchouc de silicone sp\u00e9cialement formul\u00e9. Elles se soudent d&rsquo;elles-m\u00eames de mani\u00e8re indissociable et cr\u00e9ent une barri\u00e8re d&rsquo;isolation qui r\u00e9siste \u00e0 l&rsquo;humidit\u00e9, \u00e0 l&rsquo;oxyg\u00e8ne, \u00e0 l&rsquo;ozone et \u00e0 l&rsquo;effet Corona sur une large plage de temp\u00e9ratures (-54\u00b0C \u00e0 +260\u00b0C). Ils pr\u00e9sentent une excellente r\u00e9sistance \u00e0 l&rsquo;isolation \u00e9lectrique, avec une rigidit\u00e9 di\u00e9lectrique d&rsquo;au moins 12 kV\/mm \u00e0 180\u00b0C.<\/h5>\n<p>&nbsp;<\/p>\n","protected":false},"featured_media":1992,"template":"","meta":{"_acf_changed":false},"product_brand":[],"product_cat":[165,200],"product_tag":[],"class_list":{"0":"post-5662","1":"product","2":"type-product","3":"status-publish","4":"has-post-thumbnail","6":"product_cat-bandes-techniques","7":"product_cat-rubans-de-silicone-arlon-mox","9":"first","10":"instock","11":"shipping-taxable","12":"purchasable","13":"product-type-simple"},"acf":[],"_links":{"self":[{"href":"https:\/\/schupp.ch\/fr\/wp-json\/wp\/v2\/product\/5662","targetHints":{"allow":["GET"]}}],"collection":[{"href":"https:\/\/schupp.ch\/fr\/wp-json\/wp\/v2\/product"}],"about":[{"href":"https:\/\/schupp.ch\/fr\/wp-json\/wp\/v2\/types\/product"}],"wp:featuredmedia":[{"embeddable":true,"href":"https:\/\/schupp.ch\/fr\/wp-json\/wp\/v2\/media\/1992"}],"wp:attachment":[{"href":"https:\/\/schupp.ch\/fr\/wp-json\/wp\/v2\/media?parent=5662"}],"wp:term":[{"taxonomy":"product_brand","embeddable":true,"href":"https:\/\/schupp.ch\/fr\/wp-json\/wp\/v2\/product_brand?post=5662"},{"taxonomy":"product_cat","embeddable":true,"href":"https:\/\/schupp.ch\/fr\/wp-json\/wp\/v2\/product_cat?post=5662"},{"taxonomy":"product_tag","embeddable":true,"href":"https:\/\/schupp.ch\/fr\/wp-json\/wp\/v2\/product_tag?post=5662"}],"curies":[{"name":"wp","href":"https:\/\/api.w.org\/{rel}","templated":true}]}}