{"id":5666,"date":"2024-07-16T20:09:46","date_gmt":"2024-07-16T18:09:46","guid":{"rendered":"https:\/\/schupp.ch\/p\/apercu-des-donnees-pour-les-noyaux-danneaux-preferentiels\/"},"modified":"2025-12-03T17:24:30","modified_gmt":"2025-12-03T16:24:30","slug":"apercu-des-donnees-pour-les-noyaux-danneaux-preferentiels","status":"publish","type":"product","link":"https:\/\/schupp.ch\/fr\/p\/apercu-des-donnees-pour-les-noyaux-danneaux-preferentiels\/","title":{"rendered":"Tableau des valeurs pour circuits toro\u00efdaux standard"},"content":{"rendered":"<p>&nbsp;<\/p>\n<p><strong>Propri\u00e9t\u00e9s<\/strong><\/p>\n<p>&nbsp;<\/p>\n<p>Recouverts avec poudre \u00e9poxydique pour transformateurs d&rsquo;alimentation<\/p>\n<p>T\u00f4le type M150-30S (M097-30N) B = 17000 Gauss, f = 50 Hz<\/p>\n<p>&nbsp;<\/p>\n<table width=\"643\">\n<tbody>\n<tr>\n<td rowspan=\"2\" width=\"106\"><strong>N\u00b0 d\u2018art.<\/strong><\/td>\n<td width=\"34\"><strong>D<\/strong><\/td>\n<td width=\"36\"><\/td>\n<td width=\"35\"><strong>H<\/strong><\/td>\n<td width=\"49\"><strong>Poids<\/strong><\/td>\n<td width=\"80\"><strong>Section g\u00e9ometr. S(*)<\/strong><\/td>\n<td width=\"89\"><strong>Longueur circuit magn\u00e9tique moyenne Lm<\/strong><\/td>\n<td rowspan=\"2\" width=\"62\"><strong>Nombres de spires par Volt<\/strong><\/td>\n<td width=\"67\"><strong>Densit\u00e9 de courant<\/strong><\/td>\n<td width=\"85\"><strong>Puissance transmise<\/strong><\/td>\n<\/tr>\n<tr>\n<td width=\"34\"><strong>[mm]<\/strong><\/td>\n<td width=\"36\"><strong>[mm]<\/strong><\/td>\n<td width=\"35\"><strong>[mm]<\/strong><\/td>\n<td width=\"49\"><strong>[kg]<\/strong><\/td>\n<td width=\"80\"><strong>[cm2]<\/strong><\/td>\n<td width=\"89\"><strong>[cm]<\/strong><\/td>\n<td width=\"67\"><strong>[A\/mm2]<\/strong><\/td>\n<td width=\"85\"><strong>[W]<\/strong><\/td>\n<\/tr>\n<tr>\n<td width=\"106\"><strong>RK035\/022\/015<\/strong><\/td>\n<td width=\"34\">35<\/td>\n<td width=\"36\">22<\/td>\n<td width=\"35\">15<\/td>\n<td width=\"49\">0,063<\/td>\n<td width=\"80\">0,97<\/td>\n<td width=\"89\">8,95<\/td>\n<td width=\"62\">28,8<\/td>\n<td width=\"67\">5<\/td>\n<td width=\"85\">7<\/td>\n<\/tr>\n<tr>\n<td width=\"106\"><strong>RK050\/030\/020<\/strong><\/td>\n<td width=\"34\">50<\/td>\n<td width=\"36\">30<\/td>\n<td width=\"35\">20<\/td>\n<td width=\"49\">0,182<\/td>\n<td width=\"80\">2<\/td>\n<td width=\"89\">12,56<\/td>\n<td width=\"62\">13,94<\/td>\n<td width=\"67\">4<\/td>\n<td width=\"85\">20<\/td>\n<\/tr>\n<tr>\n<td width=\"106\"><strong>RK063\/038\/020<\/strong><\/td>\n<td width=\"34\">63<\/td>\n<td width=\"36\">38<\/td>\n<td width=\"35\">20<\/td>\n<td width=\"49\">0,290<\/td>\n<td width=\"80\">2,5<\/td>\n<td width=\"89\">15,85<\/td>\n<td width=\"62\">11,18<\/td>\n<td width=\"67\">3,8<\/td>\n<td width=\"85\">32<\/td>\n<\/tr>\n<tr>\n<td width=\"106\"><strong>RK063\/038\/025<\/strong><\/td>\n<td width=\"34\">63<\/td>\n<td width=\"36\">38<\/td>\n<td width=\"35\">25<\/td>\n<td width=\"49\">0,360<\/td>\n<td width=\"80\">3,12<\/td>\n<td width=\"89\">15,85<\/td>\n<td width=\"62\">8,95<\/td>\n<td width=\"67\">3,4<\/td>\n<td width=\"85\">40<\/td>\n<\/tr>\n<tr>\n<td width=\"106\"><strong>RK070\/040\/\/020<\/strong><\/td>\n<td width=\"34\">70<\/td>\n<td width=\"36\">40<\/td>\n<td width=\"35\">20<\/td>\n<td width=\"49\">0,380<\/td>\n<td width=\"80\">3<\/td>\n<td width=\"89\">17,27<\/td>\n<td width=\"62\">9,29<\/td>\n<td width=\"67\">3,6<\/td>\n<td width=\"85\">50<\/td>\n<\/tr>\n<tr>\n<td width=\"106\"><strong>RK070\/040\/\/025<\/strong><\/td>\n<td width=\"34\">70<\/td>\n<td width=\"36\">40<\/td>\n<td width=\"35\">25<\/td>\n<td width=\"49\">0,474<\/td>\n<td width=\"80\">3,75<\/td>\n<td width=\"89\">17,27<\/td>\n<td width=\"62\">7,44<\/td>\n<td width=\"67\">3,4<\/td>\n<td width=\"85\">62<\/td>\n<\/tr>\n<tr>\n<td width=\"106\"><strong>RK070\/040\/\/032<\/strong><\/td>\n<td width=\"34\">70<\/td>\n<td width=\"36\">40<\/td>\n<td width=\"35\">32<\/td>\n<td width=\"49\">0,606<\/td>\n<td width=\"80\">4,8<\/td>\n<td width=\"89\">17,27<\/td>\n<td width=\"62\">5,8<\/td>\n<td width=\"67\">3<\/td>\n<td width=\"85\">80<\/td>\n<\/tr>\n<tr>\n<td width=\"106\"><strong>RK080\/050\/025<\/strong><\/td>\n<td width=\"34\">80<\/td>\n<td width=\"36\">50<\/td>\n<td width=\"35\">25<\/td>\n<td width=\"49\">0,560<\/td>\n<td width=\"80\">3,75<\/td>\n<td width=\"89\">20,41<\/td>\n<td width=\"62\">7,44<\/td>\n<td width=\"67\">3,2<\/td>\n<td width=\"85\">100<\/td>\n<\/tr>\n<tr>\n<td width=\"106\"><strong>RK080\/050\/032<\/strong><\/td>\n<td width=\"34\">80<\/td>\n<td width=\"36\">50<\/td>\n<td width=\"35\">32<\/td>\n<td width=\"49\">0,716<\/td>\n<td width=\"80\">4,8<\/td>\n<td width=\"89\">20,41<\/td>\n<td width=\"62\">5,8<\/td>\n<td width=\"67\">3<\/td>\n<td width=\"85\">120<\/td>\n<\/tr>\n<tr>\n<td width=\"106\"><strong>RK080\/050\/040<\/strong><\/td>\n<td width=\"34\">80<\/td>\n<td width=\"36\">50<\/td>\n<td width=\"35\">40<\/td>\n<td width=\"49\">0,896<\/td>\n<td width=\"80\">6<\/td>\n<td width=\"89\">20,41<\/td>\n<td width=\"62\">4,64<\/td>\n<td width=\"67\">2,8<\/td>\n<td width=\"85\">180<\/td>\n<\/tr>\n<tr>\n<td width=\"106\"><strong>RK100\/050\/032<\/strong><\/td>\n<td width=\"34\">100<\/td>\n<td width=\"36\">50<\/td>\n<td width=\"35\">32<\/td>\n<td width=\"49\">1,377<\/td>\n<td width=\"80\">8<\/td>\n<td width=\"89\">23,55<\/td>\n<td width=\"62\">3,48<\/td>\n<td width=\"67\">2,6<\/td>\n<td width=\"85\">220<\/td>\n<\/tr>\n<tr>\n<td width=\"106\"><strong>RK100\/050\/040<\/strong><\/td>\n<td width=\"34\">100<\/td>\n<td width=\"36\">50<\/td>\n<td width=\"35\">40<\/td>\n<td width=\"49\">1,722<\/td>\n<td width=\"80\">10<\/td>\n<td width=\"89\">23,55<\/td>\n<td width=\"62\">2,78<\/td>\n<td width=\"67\">2,4<\/td>\n<td width=\"85\">300<\/td>\n<\/tr>\n<tr>\n<td width=\"106\"><strong>RK100\/060\/032<\/strong><\/td>\n<td width=\"34\">100<\/td>\n<td width=\"36\">60<\/td>\n<td width=\"35\">32<\/td>\n<td width=\"49\">1,176<\/td>\n<td width=\"80\">6,4<\/td>\n<td width=\"89\">25,12<\/td>\n<td width=\"62\">4,35<\/td>\n<td width=\"67\">3<\/td>\n<td width=\"85\">260<\/td>\n<\/tr>\n<tr>\n<td width=\"106\"><strong>RK100\/060\/040<\/strong><\/td>\n<td width=\"34\">100<\/td>\n<td width=\"36\">60<\/td>\n<td width=\"35\">40<\/td>\n<td width=\"49\">1,470<\/td>\n<td width=\"80\">8<\/td>\n<td width=\"89\">25,12<\/td>\n<td width=\"62\">3,48<\/td>\n<td width=\"67\">2,7<\/td>\n<td width=\"85\">340<\/td>\n<\/tr>\n<tr>\n<td width=\"106\"><strong>RK120\/060\/032<\/strong><\/td>\n<td width=\"34\">120<\/td>\n<td width=\"36\">60<\/td>\n<td width=\"35\">32<\/td>\n<td width=\"49\">1,97<\/td>\n<td width=\"80\">9,6<\/td>\n<td width=\"89\">28,26<\/td>\n<td width=\"62\">2,9<\/td>\n<td width=\"67\">2,6<\/td>\n<td width=\"85\">380<\/td>\n<\/tr>\n<tr>\n<td width=\"106\"><strong>RK120\/060\/040<\/strong><\/td>\n<td width=\"34\">120<\/td>\n<td width=\"36\">60<\/td>\n<td width=\"35\">40<\/td>\n<td width=\"49\">2,5<\/td>\n<td width=\"80\">12<\/td>\n<td width=\"89\">28,26<\/td>\n<td width=\"62\">2,32<\/td>\n<td width=\"67\">2,5<\/td>\n<td width=\"85\">500<\/td>\n<\/tr>\n<tr>\n<td width=\"106\"><strong>RK120\/060\/050<\/strong><\/td>\n<td width=\"34\">120<\/td>\n<td width=\"36\">60<\/td>\n<td width=\"35\">50<\/td>\n<td width=\"49\">3,08<\/td>\n<td width=\"80\">15<\/td>\n<td width=\"89\">28,26<\/td>\n<td width=\"62\">1,85<\/td>\n<td width=\"67\">2,4<\/td>\n<td width=\"85\">630<\/td>\n<\/tr>\n<tr>\n<td width=\"106\"><strong>RK140\/060\/050<\/strong><\/td>\n<td width=\"34\">140<\/td>\n<td width=\"36\">60<\/td>\n<td width=\"35\">50<\/td>\n<td width=\"49\">4,56<\/td>\n<td width=\"80\">20<\/td>\n<td width=\"89\">31,4<\/td>\n<td width=\"62\">1,39<\/td>\n<td width=\"67\">2,3<\/td>\n<td width=\"85\">850<\/td>\n<\/tr>\n<tr>\n<td width=\"106\"><strong>RK160\/050\/050<\/strong><\/td>\n<td width=\"34\">160<\/td>\n<td width=\"36\">80<\/td>\n<td width=\"35\">50<\/td>\n<td width=\"49\">5,5<\/td>\n<td width=\"80\">20<\/td>\n<td width=\"89\">37,68<\/td>\n<td width=\"62\">1,39<\/td>\n<td width=\"67\">2,2<\/td>\n<td width=\"85\">1000<\/td>\n<\/tr>\n<\/tbody>\n<\/table>\n<p>(*) Pour obtenir la section nette du fer, appliquer le coefficient de foisonnement K = 0,95.<\/p>\n<p>&nbsp;<\/p>\n<p><strong>Tores enroul\u00e9s Fer-Nickel (Fe-Ni)<\/strong><\/p>\n<p>Nous sommes aussi en condition de fournir les tores enroul\u00e9s fabriqu\u00e9s avec l&rsquo;alliage Fer-Nickel \u00e9paisseur 0,10 et 0,20 mm. Les caract\u00e9ristiques de haute perm\u00e9abilit\u00e9 initiale, rendent particuli\u00e8rement favorable l&rsquo;utilisation des alliages Fer-Nickel, surtout dans la fabrication des transformateurs de mesure, transformateurs diff\u00e9rentiels, amplificateurs magn\u00e9tiques, filtres et pour des \u00e9crans contre les champs magn\u00e9tiques errants. L\u2018application des instrumentations \u00e9lectroniques les plus modernes avec un contr\u00f4le continue pendant la production garantit tout les caract\u00e9ristiques magn\u00e9tiques exig\u00e9es de ces produits.<\/p>\n<p>&nbsp;<\/p>\n<p><strong>Tableau des qualit\u00e9s de t\u00f4le<\/strong><\/p>\n<table>\n<tbody>\n<tr>\n<td rowspan=\"2\" width=\"93\">Mat\u00e9riaux<\/td>\n<td rowspan=\"2\" width=\"68\">Qualit\u00e9<\/td>\n<td rowspan=\"2\" width=\"113\">\u00c9paisseur de bande<br \/>\n[mm]<\/td>\n<td rowspan=\"2\" width=\"66\">Fr\u00e9quence [Hz]<\/td>\n<td rowspan=\"2\" width=\"94\">Perm\u00e9abilit\u00e9<\/p>\n<p>m4<\/td>\n<td colspan=\"2\" width=\"196\">Induction B \u00e0 Heff<\/td>\n<\/tr>\n<tr>\n<td width=\"97\">0,02 [As\/cm] T<\/td>\n<td width=\"99\">0,05 [As\/cm] T<\/td>\n<\/tr>\n<tr>\n<td rowspan=\"2\" width=\"93\">MUMETAL<\/p>\n<p>Fe-Ni 78-80%<\/td>\n<td width=\"68\">A &#8211; 03<\/td>\n<td width=\"113\">0,2<\/td>\n<td width=\"66\">50<\/td>\n<td width=\"94\">30000<\/td>\n<td width=\"97\">0,27<\/td>\n<td width=\"99\">0,51<\/td>\n<\/tr>\n<tr>\n<td width=\"68\">A &#8211; 06<\/td>\n<td width=\"113\">0,2<\/td>\n<td width=\"66\">50<\/td>\n<td width=\"94\">40000<\/td>\n<td width=\"97\">0,33<\/td>\n<td width=\"99\">0,51<\/td>\n<\/tr>\n<tr>\n<td width=\"93\">MUMETAL<\/p>\n<p>Fe-Ni 78-80%<\/td>\n<td width=\"68\">A &#8211; 01<\/td>\n<td width=\"113\">0,1<\/td>\n<td width=\"66\">50<\/td>\n<td width=\"94\">60000<\/td>\n<td width=\"97\">0,40<\/td>\n<td width=\"99\">0,55<\/td>\n<\/tr>\n<\/tbody>\n<\/table>\n<p>&nbsp;<\/p>\n","protected":false},"excerpt":{"rendered":"<p>&nbsp;<\/p>\n<h5>Les noyaux sont bobin\u00e9s \u00e0 partir d&rsquo;une bande de t\u00f4le magn\u00e9tique \u00e0 grains orient\u00e9s dans le sens de l&rsquo;orientation des grains, ce qui permet d&rsquo;obtenir les pertes sp\u00e9cifiques les plus faibles avec la meilleure perm\u00e9abilit\u00e9, que ce soit \u00e0 faible ou \u00e0 forte induction.<\/h5>\n<h5>Nous livrons tous les circuits toro\u00efdaux avec un vernis de protection noir en standard.<\/h5>\n<p>&nbsp;<\/p>\n","protected":false},"featured_media":3456,"template":"","meta":{"_acf_changed":false},"product_brand":[],"product_cat":[181,204],"product_tag":[],"class_list":{"0":"post-5666","1":"product","2":"type-product","3":"status-publish","4":"has-post-thumbnail","6":"product_cat-noyaux-de-bandes-coupees-noyaux-de-bandes-annulaires","7":"product_cat-noyaux-en-anneau","9":"first","10":"instock","11":"shipping-taxable","12":"purchasable","13":"product-type-simple"},"acf":[],"_links":{"self":[{"href":"https:\/\/schupp.ch\/fr\/wp-json\/wp\/v2\/product\/5666","targetHints":{"allow":["GET"]}}],"collection":[{"href":"https:\/\/schupp.ch\/fr\/wp-json\/wp\/v2\/product"}],"about":[{"href":"https:\/\/schupp.ch\/fr\/wp-json\/wp\/v2\/types\/product"}],"wp:featuredmedia":[{"embeddable":true,"href":"https:\/\/schupp.ch\/fr\/wp-json\/wp\/v2\/media\/3456"}],"wp:attachment":[{"href":"https:\/\/schupp.ch\/fr\/wp-json\/wp\/v2\/media?parent=5666"}],"wp:term":[{"taxonomy":"product_brand","embeddable":true,"href":"https:\/\/schupp.ch\/fr\/wp-json\/wp\/v2\/product_brand?post=5666"},{"taxonomy":"product_cat","embeddable":true,"href":"https:\/\/schupp.ch\/fr\/wp-json\/wp\/v2\/product_cat?post=5666"},{"taxonomy":"product_tag","embeddable":true,"href":"https:\/\/schupp.ch\/fr\/wp-json\/wp\/v2\/product_tag?post=5666"}],"curies":[{"name":"wp","href":"https:\/\/api.w.org\/{rel}","templated":true}]}}