{"id":5668,"date":"2024-07-17T15:07:41","date_gmt":"2024-07-17T13:07:41","guid":{"rendered":"https:\/\/schupp.ch\/p\/haute-temperature-conduites-remarques-generales\/"},"modified":"2025-12-17T15:48:10","modified_gmt":"2025-12-17T14:48:10","slug":"haute-temperature-conduites-remarques-generales","status":"publish","type":"product","link":"https:\/\/schupp.ch\/fr\/p\/haute-temperature-conduites-remarques-generales\/","title":{"rendered":"C\u00e2bles de Haute temp\u00e9rature \/ Remarques g\u00e9n\u00e9rales"},"content":{"rendered":"<p>&nbsp;<\/p>\n<h5><strong>Propri\u00e9t\u00e9s<\/strong><\/h5>\n<p>&nbsp;<\/p>\n<p>Les caract\u00e9ristiques particuli\u00e8res des c\u00e2bles haute temp\u00e9rature sont, outre leur r\u00e9sistance aux temp\u00e9ratures \u00e9lev\u00e9es, une bonne r\u00e9sistance m\u00e9canique et une grande r\u00e9sistance au vieillissement en cas d&rsquo;utilisation dans un environnement sec. Dans le domaine des c\u00e2bles haute temp\u00e9rature, on distingue deux groupes de produits.<\/p>\n<ol>\n<li>Pour les c\u00e2bles en soie de verre standard, la temp\u00e9rature d&rsquo;utilisation est comprise entre -50 \u00b0C et + 350 \u00b0C. Avec l&rsquo;utilisation d&rsquo;une soie de verre sp\u00e9ciale, r\u00e9sistante aux hautes temp\u00e9ratures, et l&rsquo;utilisation du mat\u00e9riau conducteur correspondant, la plage d&rsquo;utilisation s&rsquo;\u00e9tend \u00e0 + 550\u00b0C.<\/li>\n<li>En outre, nous pouvons proposer des mat\u00e9riaux d&rsquo;isolation et de gaine sp\u00e9ciaux \u00e0 base de c\u00e9ramique. Ces mat\u00e9riaux permettent de r\u00e9sister \u00e0 des temp\u00e9ratures continues de + 800 \u00b0C ou \u00e0 des temp\u00e9ratures de pointe de + 1550 \u00b0C, m\u00eame dans des conditions extr\u00eames, comme par exemple lors de l&rsquo;utilisation dans les domaines du verre, de l&rsquo;acier et de la m\u00e9tallurgie.<\/li>\n<\/ol>\n<p>Pour \u00e9largir les domaines d&rsquo;application, la soie de verre fait \u00e9galement ses preuves en combinaison avec d&rsquo;autres mat\u00e9riaux \u00e0 haute r\u00e9sistance thermique et m\u00e9canique, comme le PTFE, le FEP, le Kapton\u00ae, le silicone ou le mica.<\/p>\n<p>Ces combinaisons permettent \u00e9galement une utilisation en milieu humide avec une tr\u00e8s bonne rigidit\u00e9 di\u00e9lectrique. Les domaines d&rsquo;application des c\u00e2bles haute temp\u00e9rature sont notamment le chauffage \u00e9lectrique, les appareils m\u00e9nagers (cuisini\u00e8res, plaques chauffantes, fours), les installations d&rsquo;extrusion et de s\u00e9chage, les fours industriels, la sid\u00e9rurgie et la m\u00e9tallurgie, la fabrication de verre et de c\u00e9ramique, etc.<\/p>\n<p>&nbsp;<\/p>\n","protected":false},"excerpt":{"rendered":"<p>&nbsp;<\/p>\n<h5>Les c\u00e2bles haute temp\u00e9rature* font partie de notre vaste gamme de c\u00e2bles r\u00e9sistants \u00e0 la chaleur, qui sont utilis\u00e9s dans des domaines d&rsquo;application exigeants. Notre gamme comprend des c\u00e2bles en soie de verre pour des temp\u00e9ratures d&rsquo;utilisation allant jusqu&rsquo;\u00e0 550 \u00b0C, ainsi que des c\u00e2bles sp\u00e9ciaux extr\u00eamement r\u00e9sistants \u00e0 la chaleur pour des temp\u00e9ratures continues allant jusqu&rsquo;\u00e0 800 \u00b0C ou des temp\u00e9ratures maximales allant jusqu&rsquo;\u00e0 1550 \u00b0C.<\/h5>\n<p>&nbsp;<\/p>\n<p>*) Fabriqu\u00e9s selon les sp\u00e9cifications du client<\/p>\n","protected":false},"featured_media":3034,"template":"","meta":{"_acf_changed":false},"product_brand":[],"product_cat":[146,206],"product_tag":[],"class_list":{"0":"post-5668","1":"product","2":"type-product","3":"status-publish","4":"has-post-thumbnail","6":"product_cat-cables-electriques","7":"product_cat-conduites-a-haute-temperature","9":"first","10":"instock","11":"shipping-taxable","12":"purchasable","13":"product-type-simple"},"acf":[],"_links":{"self":[{"href":"https:\/\/schupp.ch\/fr\/wp-json\/wp\/v2\/product\/5668","targetHints":{"allow":["GET"]}}],"collection":[{"href":"https:\/\/schupp.ch\/fr\/wp-json\/wp\/v2\/product"}],"about":[{"href":"https:\/\/schupp.ch\/fr\/wp-json\/wp\/v2\/types\/product"}],"wp:featuredmedia":[{"embeddable":true,"href":"https:\/\/schupp.ch\/fr\/wp-json\/wp\/v2\/media\/3034"}],"wp:attachment":[{"href":"https:\/\/schupp.ch\/fr\/wp-json\/wp\/v2\/media?parent=5668"}],"wp:term":[{"taxonomy":"product_brand","embeddable":true,"href":"https:\/\/schupp.ch\/fr\/wp-json\/wp\/v2\/product_brand?post=5668"},{"taxonomy":"product_cat","embeddable":true,"href":"https:\/\/schupp.ch\/fr\/wp-json\/wp\/v2\/product_cat?post=5668"},{"taxonomy":"product_tag","embeddable":true,"href":"https:\/\/schupp.ch\/fr\/wp-json\/wp\/v2\/product_tag?post=5668"}],"curies":[{"name":"wp","href":"https:\/\/api.w.org\/{rel}","templated":true}]}}