{"id":5676,"date":"2024-01-30T16:54:28","date_gmt":"2024-01-30T15:54:28","guid":{"rendered":"https:\/\/schupp.ch\/p\/pince-pneumatique-pour-fermer-les-noyaux-des-bandes-de-coupe\/"},"modified":"2025-12-04T16:23:21","modified_gmt":"2025-12-04T15:23:21","slug":"pince-pneumatique-pour-fermer-les-noyaux-des-bandes-de-coupe","status":"publish","type":"product","link":"https:\/\/schupp.ch\/fr\/p\/pince-pneumatique-pour-fermer-les-noyaux-des-bandes-de-coupe\/","title":{"rendered":"Pince pneumatique pour fermer les tores fendus enroul\u00e9s"},"content":{"rendered":"<p>&nbsp;<\/p>\n<p><strong>Description<\/strong><\/p>\n<p>Les tores fendus enroul\u00e9s peuvent \u00eatre maintenus avec une bande d\u2019acier galvanis\u00e9 et bloqu\u00e9s par une soudure par points. Ce blocage doit s\u2019effectuer avec une certaine force, en fonction de la section du tore fendu enroul\u00e9.\u00a0On utilise pour ce faire une pince de fermeture, dont la force est r\u00e9glable de 0 \u00e0 125 kg. La pince est raccord\u00e9e \u00e0 une source d\u2018air comprim\u00e9. Pour la tension maximale de 80 kg on a besoin d\u2019une pression d\u2019env. 8 bars.\u00a0Ensemble avec cette pince pneumatique nous pouvons livrer des bobines de bandes \u00e0 corder en acier galvanis\u00e9, soudables, avec les agraffes correspondantes.<\/p>\n<p>&nbsp;<\/p>\n<p><strong>N\u00b0 d\u2019article.: SKDZ<\/strong><\/p>\n<p>&nbsp;<\/p>\n","protected":false},"excerpt":{"rendered":"<p>&nbsp;<\/p>\n<h5>La pince pneumatique DZ est l&rsquo;outil id\u00e9al pour le cerclage professionnel de tores fondus enroul\u00e9s avec coup\u00e9s \u00ab C \u00bb, car elle garantit le maintien d&rsquo;une tension proportionnelle et continue de la bande par rapport \u00e0 la taille du noyeau pendant le processus de cerclage.<\/h5>\n<p>&nbsp;<\/p>\n","protected":false},"featured_media":2209,"template":"","meta":{"_acf_changed":false},"product_brand":[],"product_cat":[181,185],"product_tag":[],"class_list":{"0":"post-5676","1":"product","2":"type-product","3":"status-publish","4":"has-post-thumbnail","6":"product_cat-noyaux-de-bandes-coupees-noyaux-de-bandes-annulaires","7":"product_cat-accessoires-pour-les-noyaux-de-coupe-et-les-noyaux-de-cerclage","9":"first","10":"instock","11":"shipping-taxable","12":"purchasable","13":"product-type-simple"},"acf":[],"_links":{"self":[{"href":"https:\/\/schupp.ch\/fr\/wp-json\/wp\/v2\/product\/5676","targetHints":{"allow":["GET"]}}],"collection":[{"href":"https:\/\/schupp.ch\/fr\/wp-json\/wp\/v2\/product"}],"about":[{"href":"https:\/\/schupp.ch\/fr\/wp-json\/wp\/v2\/types\/product"}],"wp:featuredmedia":[{"embeddable":true,"href":"https:\/\/schupp.ch\/fr\/wp-json\/wp\/v2\/media\/2209"}],"wp:attachment":[{"href":"https:\/\/schupp.ch\/fr\/wp-json\/wp\/v2\/media?parent=5676"}],"wp:term":[{"taxonomy":"product_brand","embeddable":true,"href":"https:\/\/schupp.ch\/fr\/wp-json\/wp\/v2\/product_brand?post=5676"},{"taxonomy":"product_cat","embeddable":true,"href":"https:\/\/schupp.ch\/fr\/wp-json\/wp\/v2\/product_cat?post=5676"},{"taxonomy":"product_tag","embeddable":true,"href":"https:\/\/schupp.ch\/fr\/wp-json\/wp\/v2\/product_tag?post=5676"}],"curies":[{"name":"wp","href":"https:\/\/api.w.org\/{rel}","templated":true}]}}