{"id":5678,"date":"2024-02-01T09:01:11","date_gmt":"2024-02-01T08:01:11","guid":{"rendered":"https:\/\/schupp.ch\/p\/limiteur-de-temperature-gamme-de-roulements\/"},"modified":"2026-02-19T17:52:23","modified_gmt":"2026-02-19T16:52:23","slug":"limiteur-de-temperature-gamme-de-roulements","status":"publish","type":"product","link":"https:\/\/schupp.ch\/fr\/p\/limiteur-de-temperature-gamme-de-roulements\/","title":{"rendered":"Limiteur de temp\u00e9rature \/ Assortiment de stock"},"content":{"rendered":"<p>&nbsp;<\/p>\n<p><strong>Gamme standard<\/strong><\/p>\n<p>&nbsp;<\/p>\n<table width=\"702\">\n<tbody>\n<tr>\n<td rowspan=\"2\" width=\"122\"><strong>Num\u00e9ro d&rsquo;article<\/strong><\/td>\n<td width=\"18\"><\/td>\n<td width=\"98\">Temp\u00e9rature de d\u00e9clenchement nominal<\/td>\n<td width=\"78\">Courant nominal<\/p>\n<p>&nbsp;<\/td>\n<td rowspan=\"2\" width=\"126\"><strong>Num\u00e9ro d&rsquo;article<\/strong><\/td>\n<td width=\"26\">&nbsp;<\/p>\n<p>&nbsp;<\/td>\n<td width=\"103\">Temp\u00e9rature de d\u00e9clenchement nominal<\/p>\n<p>&nbsp;<\/td>\n<td width=\"114\">Courant nominal<\/p>\n<p>&nbsp;<\/td>\n<\/tr>\n<tr>\n<td width=\"18\"><\/td>\n<td width=\"98\">[\u02daC]<\/td>\n<td width=\"78\">[A]<\/td>\n<td width=\"26\"><\/td>\n<td width=\"103\">[\u02daC]<\/td>\n<td width=\"114\">[A]<\/td>\n<\/tr>\n<tr>\n<td width=\"122\"><em>Contact d&rsquo;ouverture<\/em><\/td>\n<td width=\"18\"><\/td>\n<td width=\"98\"><\/td>\n<td width=\"78\"><\/td>\n<td width=\"126\"><em>Contact d&rsquo;ouverture<\/em><\/td>\n<td width=\"26\"><\/td>\n<td width=\"103\"><\/td>\n<td width=\"114\"><\/td>\n<\/tr>\n<tr>\n<td width=\"122\"><strong>TWS01.080.0300<\/strong><\/td>\n<td width=\"18\">\u2666<\/td>\n<td width=\"98\">80\u00b0C<\/td>\n<td width=\"78\">2,5<\/td>\n<td width=\"126\"><strong>TWS06.090.0300<\/strong><\/td>\n<td width=\"26\">\u2666<\/td>\n<td width=\"103\">90\u00b0C<\/td>\n<td width=\"114\">10<\/td>\n<\/tr>\n<tr>\n<td width=\"122\"><strong>TWS01.090.0300<\/strong><\/td>\n<td width=\"18\">\u2666<\/td>\n<td width=\"98\">90\u00b0C<\/td>\n<td width=\"78\">2,5<\/td>\n<td width=\"126\"><strong>TWS06.100.0300<\/strong><\/td>\n<td width=\"26\">\u2666<\/td>\n<td width=\"103\">100\u00b0C<\/td>\n<td width=\"114\">10<\/td>\n<\/tr>\n<tr>\n<td width=\"122\"><strong>TWS01.100.0300<\/strong><\/td>\n<td width=\"18\">\u2666<\/td>\n<td width=\"98\">100\u00b0C<\/td>\n<td width=\"78\">2,5<\/td>\n<td width=\"126\"><strong>TWS06.110.0300<\/strong><\/td>\n<td width=\"26\">\u2666<\/td>\n<td width=\"103\">110\u00b0C<\/td>\n<td width=\"114\">10<\/td>\n<\/tr>\n<tr>\n<td width=\"122\"><strong>TWS01.110.0300<\/strong><\/td>\n<td width=\"18\">\u2666<\/td>\n<td width=\"98\">110\u00b0C<\/td>\n<td width=\"78\">2,5<\/td>\n<td width=\"126\"><strong>TWS06.120.0300<\/strong><\/td>\n<td width=\"26\">\u2666<\/td>\n<td width=\"103\">120\u00b0C<\/td>\n<td width=\"114\">10<\/td>\n<\/tr>\n<tr>\n<td width=\"122\"><strong>TWS01.120.0300<\/strong><\/td>\n<td width=\"18\">\u2666<\/td>\n<td width=\"98\">120\u00b0C<\/td>\n<td width=\"78\">2,5<\/td>\n<td width=\"126\"><strong>TWS06.130.0300<\/strong><\/td>\n<td width=\"26\">\u2666<\/td>\n<td width=\"103\">130\u00b0C<\/td>\n<td width=\"114\">10<\/td>\n<\/tr>\n<tr>\n<td width=\"122\"><strong>TWS01.130.0300<\/strong><\/td>\n<td width=\"18\">\u2666<\/td>\n<td width=\"98\">130\u00b0C<\/td>\n<td width=\"78\">2,5<\/td>\n<td width=\"126\"><strong>TWS06.140.0300<\/strong><\/td>\n<td width=\"26\">\u2666<\/td>\n<td width=\"103\">140\u00b0C<\/td>\n<td width=\"114\">10<\/td>\n<\/tr>\n<tr>\n<td width=\"122\"><strong>TWS01.140.0300<\/strong><\/td>\n<td width=\"18\">\u2666<\/td>\n<td width=\"98\">140\u00b0C<\/td>\n<td width=\"78\">2,5<\/td>\n<td width=\"126\"><strong>TWS06.150.0300<\/strong><\/td>\n<td width=\"26\">\u2666<\/td>\n<td width=\"103\">150\u00b0C<\/td>\n<td width=\"114\">10<\/td>\n<\/tr>\n<tr>\n<td width=\"122\"><strong>TWS01.150.0300<\/strong><\/td>\n<td width=\"18\">\u2666<\/td>\n<td width=\"98\">150\u00b0C<\/td>\n<td width=\"78\">2,5<\/td>\n<td width=\"126\"><strong>TWS06.160.0300<\/strong><\/td>\n<td width=\"26\">\u2666<\/td>\n<td width=\"103\">160\u00b0C<\/td>\n<td width=\"114\">10<\/td>\n<\/tr>\n<tr>\n<td width=\"122\"><strong>TWS01.155.0300<\/strong><\/td>\n<td width=\"18\">\u2666<\/td>\n<td width=\"98\">155\u00b0C<\/td>\n<td width=\"78\">2,5<\/td>\n<td width=\"126\"><strong>TWS06.170.0300<\/strong><\/td>\n<td width=\"26\">\u2666<\/td>\n<td width=\"103\">170\u00b0C<\/td>\n<td width=\"114\">10<\/td>\n<\/tr>\n<tr>\n<td width=\"122\"><strong>TWS01.160.0300<\/strong><\/td>\n<td width=\"18\">\u2666<\/td>\n<td width=\"98\">160\u00b0C<\/td>\n<td width=\"78\">2,5<\/td>\n<td width=\"126\"><strong>TWS06.180.0300<\/strong><\/td>\n<td width=\"26\">\u2666<\/td>\n<td width=\"103\">180\u00b0C<\/td>\n<td width=\"114\">10<\/td>\n<\/tr>\n<tr>\n<td width=\"122\"><strong>TWS01.170.0300<\/strong><\/td>\n<td width=\"18\">\u2666<\/td>\n<td width=\"98\">170\u00b0C<\/td>\n<td width=\"78\">2,5<\/td>\n<td width=\"126\"><em>Contact \u00e0 fermeture<\/em><\/td>\n<td width=\"26\"><\/td>\n<td width=\"103\"><\/td>\n<td width=\"114\"><\/td>\n<\/tr>\n<tr>\n<td width=\"122\"><strong>TWS01.180.0300.<\/strong><\/td>\n<td width=\"18\">\u2666<\/td>\n<td width=\"98\">180\u00b0C<\/td>\n<td width=\"78\">2,5<\/td>\n<td width=\"126\"><strong>TWS08.130.0300<\/strong><\/td>\n<td width=\"26\">\u2666<\/td>\n<td width=\"103\">130\u00b0C<\/td>\n<td width=\"114\">10<\/td>\n<\/tr>\n<tr>\n<td width=\"122\"><strong>TWS01.200.0300.<\/strong><\/td>\n<td width=\"18\">\u2666<\/td>\n<td width=\"98\">200\u00b0C<\/td>\n<td width=\"78\">2,5<\/td>\n<td width=\"126\"><strong>TWS08.140.0300<\/strong><\/td>\n<td width=\"26\">\u2666<\/td>\n<td width=\"103\">140\u00b0C<\/td>\n<td width=\"114\">10<\/td>\n<\/tr>\n<tr>\n<td width=\"122\"><\/td>\n<td width=\"18\"><\/td>\n<td width=\"98\"><\/td>\n<td width=\"78\"><\/td>\n<td width=\"126\"><strong>TWS08.150.0300<\/strong><\/td>\n<td width=\"26\">\u2666<\/td>\n<td width=\"103\">150\u00b0C<\/td>\n<td width=\"114\">10<\/td>\n<\/tr>\n<\/tbody>\n<\/table>\n<p>Longueur de c\u00e2ble standard : 300 mm<\/p>\n<p><span style=\"color: #00ff00;\">\u2666<\/span> Types de roulements<\/p>\n<p><span style=\"color: #ff6600;\">\u2666<\/span> Disponible en stock d&rsquo;usine, quantit\u00e9 minimale sur demande<\/p>\n<p>&nbsp;<\/p>\n","protected":false},"excerpt":{"rendered":"<p>&nbsp;<\/p>\n<h5>Gr\u00e2ce \u00e0 leur qualit\u00e9 exceptionnelle, ces limiteurs de temp\u00e9rature de protection r\u00e9pondent aux exigences les plus \u00e9lev\u00e9es en mati\u00e8re de s\u00e9curit\u00e9 et de fiabilit\u00e9. Ils sont \u00e9quip\u00e9s d&rsquo;un syst\u00e8me de commutation brevet\u00e9 qui a fait ses preuves des millions de fois.<\/h5>\n<p>&nbsp;<\/p>\n<p>&nbsp;<\/p>\n","protected":false},"featured_media":2334,"template":"","meta":{"_acf_changed":false},"product_brand":[],"product_cat":[189,213],"product_tag":[],"class_list":{"0":"post-5678","1":"product","2":"type-product","3":"status-publish","4":"has-post-thumbnail","6":"product_cat-surveillance-de-la-temperature","7":"product_cat-gamme-de-produits-en-stock","9":"first","10":"instock","11":"shipping-taxable","12":"purchasable","13":"product-type-simple"},"acf":[],"_links":{"self":[{"href":"https:\/\/schupp.ch\/fr\/wp-json\/wp\/v2\/product\/5678","targetHints":{"allow":["GET"]}}],"collection":[{"href":"https:\/\/schupp.ch\/fr\/wp-json\/wp\/v2\/product"}],"about":[{"href":"https:\/\/schupp.ch\/fr\/wp-json\/wp\/v2\/types\/product"}],"wp:featuredmedia":[{"embeddable":true,"href":"https:\/\/schupp.ch\/fr\/wp-json\/wp\/v2\/media\/2334"}],"wp:attachment":[{"href":"https:\/\/schupp.ch\/fr\/wp-json\/wp\/v2\/media?parent=5678"}],"wp:term":[{"taxonomy":"product_brand","embeddable":true,"href":"https:\/\/schupp.ch\/fr\/wp-json\/wp\/v2\/product_brand?post=5678"},{"taxonomy":"product_cat","embeddable":true,"href":"https:\/\/schupp.ch\/fr\/wp-json\/wp\/v2\/product_cat?post=5678"},{"taxonomy":"product_tag","embeddable":true,"href":"https:\/\/schupp.ch\/fr\/wp-json\/wp\/v2\/product_tag?post=5678"}],"curies":[{"name":"wp","href":"https:\/\/api.w.org\/{rel}","templated":true}]}}