{"id":5680,"date":"2024-02-01T10:14:09","date_gmt":"2024-02-01T09:14:09","guid":{"rendered":"https:\/\/schupp.ch\/p\/limiteur-de-temperature-type-b01-f01-1-6-7-5-a\/"},"modified":"2025-11-25T17:25:53","modified_gmt":"2025-11-25T16:25:53","slug":"limiteur-de-temperature-type-b01-f01-1-6-7-5-a","status":"publish","type":"product","link":"https:\/\/schupp.ch\/fr\/p\/limiteur-de-temperature-type-b01-f01-1-6-7-5-a\/","title":{"rendered":"Limiteur de Temp\u00e9rature Type B01 \/ F01 ; 1.6 &#8211; 7.5 A"},"content":{"rendered":"<p>&nbsp;<\/p>\n<table>\n<tbody>\n<tr>\n<td width=\"302\">\n<h5 style=\"text-align: center;\">B01<\/h5>\n<\/td>\n<td width=\"302\">\n<h5 style=\"text-align: center;\">F01<\/h5>\n<\/td>\n<\/tr>\n<tr>\n<td width=\"302\"><img loading=\"lazy\" decoding=\"async\" class=\"size-medium wp-image-4119 aligncenter\" src=\"https:\/\/schupp.ch\/wp-content\/uploads\/2024\/02\/B01-276x300.jpg\" alt=\"\" width=\"276\" height=\"300\" srcset=\"https:\/\/schupp.ch\/wp-content\/uploads\/2024\/02\/B01-276x300.jpg 276w, https:\/\/schupp.ch\/wp-content\/uploads\/2024\/02\/B01.jpg 292w\" sizes=\"auto, (max-width: 276px) 100vw, 276px\" \/><\/td>\n<td width=\"302\"><img loading=\"lazy\" decoding=\"async\" class=\"size-full wp-image-4122 aligncenter\" src=\"https:\/\/schupp.ch\/wp-content\/uploads\/2024\/02\/F01.jpg\" alt=\"\" width=\"267\" height=\"281\" \/><\/td>\n<\/tr>\n<\/tbody>\n<\/table>\n<p>&nbsp;<\/p>\n<table>\n<tbody>\n<tr>\n<td width=\"291\">Type de commutation :<\/td>\n<td width=\"183\"><strong>Contact \u00e0 ouverture B01 \u00e0 r\u00e9armement<\/strong><\/td>\n<td width=\"149\"><strong>Contact \u00e0 ouverture F01 \u00e0 r\u00e9armement<\/strong><\/td>\n<\/tr>\n<tr>\n<td width=\"291\">isol\u00e9s, par exemple :<\/td>\n<td width=\"183\">oui<\/td>\n<td width=\"149\">oui<\/td>\n<\/tr>\n<tr>\n<td colspan=\"3\" width=\"623\"><strong>Temp\u00e9rature<\/strong><\/td>\n<\/tr>\n<tr>\n<td width=\"291\">Temp\u00e9rature de commutation nominale (TCN), par incr\u00e9ments de 5 K [\u00b0C].<\/td>\n<td colspan=\"2\" width=\"331\">60 -200<\/td>\n<\/tr>\n<tr>\n<td width=\"291\">Plage de tol\u00e9rance -standard- Tol [ [K]<\/td>\n<td colspan=\"2\" width=\"331\">+\/- 5<\/td>\n<\/tr>\n<tr>\n<td width=\"291\">Commutateur inverse de temperature\u00a0(RST inf\u00e9rieure \u00e0 NST) UL [K]<br \/>\nCommutateur inverse de temperature\u00a0(RST inf\u00e9rieure \u00e0 NST) VDE [\u00b0C]<\/td>\n<td colspan=\"2\" width=\"331\">-35 \u00b1 15<br \/>\n\u226535<\/td>\n<\/tr>\n<tr>\n<td colspan=\"3\" width=\"623\"><strong>Tension<\/strong><\/td>\n<\/tr>\n<tr>\n<td width=\"291\">max. Plage de tension de fonctionnement jusqu&rsquo;\u00e0 &#8230;<\/td>\n<td colspan=\"2\" width=\"331\">500 V AC \/ 14 V DC<\/td>\n<\/tr>\n<tr>\n<td width=\"291\">Tension assign\u00e9e AC [VAC]<\/td>\n<td colspan=\"2\" width=\"331\">250 ( VDE), 277 (UL)<\/td>\n<\/tr>\n<tr>\n<td colspan=\"3\" width=\"623\"><strong>Courant\/cycles de commutation<\/strong><\/td>\n<\/tr>\n<tr>\n<td width=\"291\">Courant assign\u00e9 AC &#8211; cos \u03c6 = 1,0 [A] \/ [n]<\/td>\n<td colspan=\"2\" width=\"331\"><strong>2,5 <\/strong>\/ 10&rsquo;000<\/td>\n<\/tr>\n<tr>\n<td width=\"291\">Courant assign\u00e9 AC &#8211; cos \u03c6 = 0,6 [A] \/ [n]<\/td>\n<td colspan=\"2\" width=\"331\"><strong>1,6 <\/strong>\/ 10&rsquo;000<\/td>\n<\/tr>\n<tr>\n<td width=\"291\">Max. Courant de commutation AC- cos \u03c6 = 1,0 [A] \/ [n]<\/td>\n<td colspan=\"2\" width=\"331\"><strong>6,3 \/ <\/strong>3&rsquo;000 <strong>7,5 \/ <\/strong>300<\/td>\n<\/tr>\n<tr>\n<td width=\"291\">Courant assign\u00e9 AC &#8211; cos \u03c6 = 0,4 [A] \/ [n]<\/td>\n<td colspan=\"2\" width=\"331\"><strong>1,8 <\/strong>\/ 10&rsquo;000<\/td>\n<\/tr>\n<tr>\n<td width=\"291\">Max. Courant de commutation AC- cos \u03c6 = 0,4 [A] \/ [n]<\/td>\n<td colspan=\"2\" width=\"331\"><strong>7,2 <\/strong>\/ 1&rsquo;000<\/td>\n<\/tr>\n<tr>\n<td width=\"291\">Tension assign\u00e9e DC [V]<\/td>\n<td colspan=\"2\" width=\"331\">12<\/td>\n<\/tr>\n<tr>\n<td width=\"291\">Max. Courant de commutation DC [A] \/ [n]<\/td>\n<td colspan=\"2\" width=\"331\"><strong>40,0 <\/strong>\/ 10&rsquo;000<\/td>\n<\/tr>\n<tr>\n<td colspan=\"3\" width=\"623\"><strong>Sp\u00e9cifications suppl\u00e9mentaires<\/strong><\/td>\n<\/tr>\n<tr>\n<td width=\"291\">R\u00e9sistance aux hautes tensions [kV]<\/td>\n<td colspan=\"2\" width=\"331\">2<\/td>\n<\/tr>\n<tr>\n<td width=\"291\">Temps total de rebondissement [ms]<\/td>\n<td colspan=\"2\" width=\"331\">&lt; 1<\/td>\n<\/tr>\n<tr>\n<td width=\"291\">R\u00e9sistance de contact (selon MIL-STD R5757) [m\u03a9]<\/td>\n<td colspan=\"2\" width=\"331\">50<\/td>\n<\/tr>\n<tr>\n<td width=\"291\">R\u00e9sistance aux vibrations 10 &#8230; 60 Hz [<sup>m\/s2<\/sup>]<\/td>\n<td colspan=\"2\" width=\"331\">100<\/td>\n<\/tr>\n<tr>\n<td width=\"291\">R\u00e9sistance \u00e0 la compression du bo\u00eetier de commande [N]<\/td>\n<td colspan=\"2\" width=\"331\">450<\/td>\n<\/tr>\n<tr>\n<td width=\"291\">Convient pour l&rsquo;installationn dans la classe de protection<\/td>\n<td colspan=\"2\" width=\"331\">I + II<\/td>\n<\/tr>\n<tr>\n<td width=\"291\">R\u00e9sistance \u00e0 l&rsquo;impr\u00e9gnation<\/td>\n<td colspan=\"2\" width=\"331\">convient<\/td>\n<\/tr>\n<tr>\n<td colspan=\"3\" width=\"623\"><strong>Licences et approbations disponibles<\/strong><\/td>\n<\/tr>\n<tr>\n<td width=\"291\">veuillez pr\u00e9ciser<\/td>\n<td colspan=\"2\" width=\"331\">IEC, ENEC, VDE, UL, CSA, CQC<\/td>\n<\/tr>\n<tr>\n<td colspan=\"3\" width=\"623\"><strong>Dimensions (standard)<\/strong><\/td>\n<\/tr>\n<tr>\n<td width=\"291\">Diam\u00e8tre \u00d8 d [mm]<\/td>\n<td width=\"183\">10,0<\/td>\n<td width=\"149\">9,4<\/td>\n<\/tr>\n<tr>\n<td width=\"291\">Hauteur h [mm]<\/td>\n<td width=\"183\">\u00e0 partir de 5,1<\/td>\n<td width=\"149\">\u00e0 partir de 5,4<\/td>\n<\/tr>\n<tr>\n<td width=\"291\">Raccordement standard Toron :<\/td>\n<td colspan=\"2\" width=\"331\">0,25 mm2\/AWG 22<\/td>\n<\/tr>\n<tr>\n<td colspan=\"3\" width=\"623\"><strong>Charact\u00e9ristique de la d\u00e9pendance au courant<\/strong><\/td>\n<\/tr>\n<tr>\n<td colspan=\"3\" width=\"623\">La caract\u00e9ristique particuli\u00e8re des s\u00e9ries 01, 02 est qu&rsquo;il s&rsquo;agit d&rsquo;interrupteurs sensibles \u00e0 la temp\u00e9rature. En fonctionnement nominal (courant nominal), ils pr\u00e9sentent un \u00e9chauffement propre tr\u00e8s faible d\u00fb au courant. C&rsquo;est pourquoi le point de commutation est abaiss\u00e9 au maximum dans la <strong>tol\u00e9rance de<\/strong><strong>temp\u00e9rature<\/strong> <strong>de commutation nominale<\/strong>.<\/td>\n<\/tr>\n<\/tbody>\n<\/table>\n<p>&nbsp;<\/p>\n<table>\n<tbody>\n<tr>\n<td width=\"302\">\n<h5><strong>B01<\/strong><\/h5>\n<\/td>\n<td width=\"302\">\n<h5><strong>F01<\/strong><\/h5>\n<\/td>\n<\/tr>\n<tr>\n<td width=\"302\"><img loading=\"lazy\" decoding=\"async\" class=\"alignnone size-medium wp-image-8499\" src=\"https:\/\/schupp.ch\/wp-content\/uploads\/2024\/02\/TW_B01-1-300x300.jpg\" alt=\"\" width=\"300\" height=\"300\" srcset=\"https:\/\/schupp.ch\/wp-content\/uploads\/2024\/02\/TW_B01-1-300x300.jpg 300w, https:\/\/schupp.ch\/wp-content\/uploads\/2024\/02\/TW_B01-1-600x600.jpg 600w, https:\/\/schupp.ch\/wp-content\/uploads\/2024\/02\/TW_B01-1-900x900.jpg 900w, https:\/\/schupp.ch\/wp-content\/uploads\/2024\/02\/TW_B01-1-100x100.jpg 100w, https:\/\/schupp.ch\/wp-content\/uploads\/2024\/02\/TW_B01-1-150x150.jpg 150w, https:\/\/schupp.ch\/wp-content\/uploads\/2024\/02\/TW_B01-1-768x768.jpg 768w, https:\/\/schupp.ch\/wp-content\/uploads\/2024\/02\/TW_B01-1-1024x1024.jpg 1024w\" sizes=\"auto, (max-width: 300px) 100vw, 300px\" \/><\/td>\n<td width=\"302\"><img loading=\"lazy\" decoding=\"async\" class=\"alignnone size-medium wp-image-8505\" src=\"https:\/\/schupp.ch\/wp-content\/uploads\/2024\/02\/TW_F01-2-300x300.jpg\" alt=\"\" width=\"300\" height=\"300\" srcset=\"https:\/\/schupp.ch\/wp-content\/uploads\/2024\/02\/TW_F01-2-300x300.jpg 300w, https:\/\/schupp.ch\/wp-content\/uploads\/2024\/02\/TW_F01-2-600x600.jpg 600w, https:\/\/schupp.ch\/wp-content\/uploads\/2024\/02\/TW_F01-2-900x900.jpg 900w, https:\/\/schupp.ch\/wp-content\/uploads\/2024\/02\/TW_F01-2-100x100.jpg 100w, https:\/\/schupp.ch\/wp-content\/uploads\/2024\/02\/TW_F01-2-150x150.jpg 150w, https:\/\/schupp.ch\/wp-content\/uploads\/2024\/02\/TW_F01-2-768x768.jpg 768w, https:\/\/schupp.ch\/wp-content\/uploads\/2024\/02\/TW_F01-2-1024x1024.jpg 1024w\" sizes=\"auto, (max-width: 300px) 100vw, 300px\" \/><\/td>\n<\/tr>\n<\/tbody>\n<\/table>\n<p>&nbsp;<\/p>\n<p><strong>Note<\/strong><\/p>\n<p>Les donn\u00e9es et informations indiqu\u00e9es sont bas\u00e9es sur des tests et des s\u00e9ries d&rsquo;essais. Elles ont un caract\u00e8re indicatif, c&rsquo;est pourquoi il peut y avoir des diff\u00e9rences pour certaines applications et utilisations. L&rsquo;utilisateur doit v\u00e9rifier au cas par cas si le produit convient \u00e0 une application concr\u00e8te.<\/p>\n<p>&nbsp;<\/p>\n","protected":false},"excerpt":{"rendered":"<p>&nbsp;<\/p>\n<h5><strong>Les types B01 <\/strong>et <strong>F01 <\/strong>sont des interrupteurs avec fils de raccordement, \u00e0 r\u00e9armement automatique, avec Expoxy<\/h5>\n<h5><\/h5>\n<h5><strong>B01 <\/strong>enti\u00e8rement isol\u00e9e dans un capuchon Ryton\u00ae.<\/h5>\n<h5><\/h5>\n<h5><strong>F01 <\/strong>enti\u00e8rement isol\u00e9e dans un capuchon en Nomex<\/h5>\n<h5><\/h5>\n<h5>Applications possibles dans les armoires \u00e9lectriques, sur les carters de moteur ou les dissipateurs thermiques<\/h5>\n<p>&nbsp;<\/p>\n","protected":false},"featured_media":2307,"template":"","meta":{"_acf_changed":false},"product_brand":[],"product_cat":[189,214],"product_tag":[],"class_list":{"0":"post-5680","1":"product","2":"type-product","3":"status-publish","4":"has-post-thumbnail","6":"product_cat-surveillance-de-la-temperature","7":"product_cat-limiteur-de-temperature-16-a-75-a","9":"first","10":"instock","11":"shipping-taxable","12":"purchasable","13":"product-type-simple"},"acf":[],"_links":{"self":[{"href":"https:\/\/schupp.ch\/fr\/wp-json\/wp\/v2\/product\/5680","targetHints":{"allow":["GET"]}}],"collection":[{"href":"https:\/\/schupp.ch\/fr\/wp-json\/wp\/v2\/product"}],"about":[{"href":"https:\/\/schupp.ch\/fr\/wp-json\/wp\/v2\/types\/product"}],"wp:featuredmedia":[{"embeddable":true,"href":"https:\/\/schupp.ch\/fr\/wp-json\/wp\/v2\/media\/2307"}],"wp:attachment":[{"href":"https:\/\/schupp.ch\/fr\/wp-json\/wp\/v2\/media?parent=5680"}],"wp:term":[{"taxonomy":"product_brand","embeddable":true,"href":"https:\/\/schupp.ch\/fr\/wp-json\/wp\/v2\/product_brand?post=5680"},{"taxonomy":"product_cat","embeddable":true,"href":"https:\/\/schupp.ch\/fr\/wp-json\/wp\/v2\/product_cat?post=5680"},{"taxonomy":"product_tag","embeddable":true,"href":"https:\/\/schupp.ch\/fr\/wp-json\/wp\/v2\/product_tag?post=5680"}],"curies":[{"name":"wp","href":"https:\/\/api.w.org\/{rel}","templated":true}]}}