{"id":5681,"date":"2024-01-31T11:34:09","date_gmt":"2024-01-31T10:34:09","guid":{"rendered":"https:\/\/schupp.ch\/p\/cables-dextension-cables-de-compensation-haute-temperature-pour-500c\/"},"modified":"2025-12-18T14:21:32","modified_gmt":"2025-12-18T13:21:32","slug":"cables-dextension-cables-de-compensation-haute-temperature-pour-500c","status":"publish","type":"product","link":"https:\/\/schupp.ch\/fr\/p\/cables-dextension-cables-de-compensation-haute-temperature-pour-500c\/","title":{"rendered":"C\u00e2bles d&rsquo;extension\/c\u00e2bles de compensation haute temp\u00e9rature pour 500\u00b0C"},"content":{"rendered":"<p>&nbsp;<\/p>\n<p>&nbsp;<\/p>\n<h5><strong>Types K et E avec isolation c\u00e9ramique KD500<\/strong><\/h5>\n<p>&nbsp;<\/p>\n<p>Ces c\u00e2bles thermiques et de compensation sont fabriqu\u00e9s \u00e0 partir de deux fils rev\u00eatus de c\u00e9ramique. Leurs caract\u00e9ristiques principales sont les suivantes:<\/p>\n<ul>\n<li>R\u00e9sistance aux temp\u00e9ratures extr\u00eamement \u00e9lev\u00e9es<\/li>\n<li>Des tailles miniaturis\u00e9es<\/li>\n<li>Poids fortement r\u00e9duit<\/li>\n<\/ul>\n<p>&nbsp;<\/p>\n<h5><strong>Propri\u00e9t\u00e9s<\/strong><\/h5>\n<p><strong>Thermique :<\/strong><br \/>\nTemp\u00e9rature continue de -90\u00b0C \u00e0 +500\u00b0C, 800\u00b0C pendant au moins 240h, Temp\u00e9rature de pointe 1000\u00b0C<\/p>\n<p><strong>Migration du nickel :<\/strong><br \/>\nA partir de temp\u00e9ratures de &gt;315\u00b0C, les c\u00e2bles peuvent \u00eatre soumis \u00e0 une migration du nickel apr\u00e8s une utilisation prolong\u00e9e et ainsi subir une augmentation de la r\u00e9sistance maximale.<\/p>\n<p><strong>Chimique :<\/strong><br \/>\nExcellente r\u00e9sistance dans un environnement chimique (solvants standard et organiques). Mauvaise r\u00e9sistance \u00e0 l&rsquo;humidit\u00e9.<\/p>\n<p><strong>\u00c9lectrique :<\/strong><br \/>\nTension d&rsquo;essai (1 min) 150V AC \/ 212V DC<\/p>\n<p><strong>R\u00e9sistance aux radiations :<\/strong><br \/>\nPeut \u00eatre expos\u00e9 de mani\u00e8re prolong\u00e9e \u00e0 des neutrons ou des rayons gamma sans que la r\u00e9sistance m\u00e9canique de l&rsquo;isolation ne soit modifi\u00e9e.<\/p>\n<p><strong>R\u00e9sistance \u00e0 la flamme :<br \/>\n<\/strong>Totalement ininflammable. \u00c0 partir de &gt;1000\u00b0C, les fils peuvent fondre mais ne pas br\u00fbler.<\/p>\n<p><strong>Couleur :<\/strong><br \/>\nGris<\/p>\n<p><strong>D\u00e9gazage :<\/strong><br \/>\nFaible<\/p>\n<p><strong>Absence d&rsquo;halog\u00e8ne :<\/strong><br \/>\nOui<\/p>\n<p>&nbsp;<\/p>\n<p><strong>Composition<\/strong><\/p>\n<table>\n<tbody>\n<tr>\n<td width=\"98\"><strong>Type<\/strong><\/td>\n<td width=\"118\"><strong>Nombre x diam\u00e8tre du conducteur<\/strong><\/td>\n<td width=\"108\"><strong>AWG<\/strong><\/td>\n<td width=\"112\"><b>Diam\u00e8tre nominal<\/b><\/td>\n<td width=\"108\"><strong>Poids<br \/>\n<\/strong><strong>g\/km<\/strong><\/td>\n<td width=\"107\"><strong>Langueur<br \/>\n<\/strong><strong>m\/kg<\/strong><\/td>\n<\/tr>\n<tr>\n<td width=\"98\">Type K<\/td>\n<td width=\"118\">2 x 0,20 mm<\/td>\n<td width=\"108\">2 x AWG 32<\/td>\n<td width=\"112\">0,44 mm<\/td>\n<td width=\"108\">286<\/td>\n<td width=\"107\">3500<\/td>\n<\/tr>\n<tr>\n<td width=\"98\">Type K<\/td>\n<td width=\"118\">2 x 0,32 mm<\/td>\n<td width=\"108\">2 x AWG28<\/td>\n<td width=\"112\">0,68 mm<\/td>\n<td width=\"108\">637<\/td>\n<td width=\"107\">1570<\/td>\n<\/tr>\n<tr>\n<td width=\"98\">Type K<\/td>\n<td width=\"118\">2 x 0,50 mm<\/td>\n<td width=\"108\">2 x AWG 24<\/td>\n<td width=\"112\">1,04 mm<\/td>\n<td width=\"108\">1754<\/td>\n<td width=\"107\">570<\/td>\n<\/tr>\n<tr>\n<td width=\"98\">Type E<\/td>\n<td width=\"118\">2 x 0,20 mm<\/td>\n<td width=\"108\">2 x AWG 32<\/td>\n<td width=\"112\">0,44 mm<\/td>\n<td width=\"108\">286<\/td>\n<td width=\"107\">3500<\/td>\n<\/tr>\n<tr>\n<td width=\"98\">Type E<\/td>\n<td width=\"118\">2 x 0,30 mm<\/td>\n<td width=\"108\">2 x AWG 28<\/td>\n<td width=\"112\">0,68 mm<\/td>\n<td width=\"108\">637<\/td>\n<td width=\"107\">1570<\/td>\n<\/tr>\n<\/tbody>\n<\/table>\n<p>Autres types disponibles sur demande.<\/p>\n<p>&nbsp;<\/p>\n<h5><strong>EMK type K<\/strong><\/h5>\n<table>\n<tbody>\n<tr>\n<td rowspan=\"2\" width=\"159\"><strong>Temp\u00e9rature<\/strong><\/td>\n<td rowspan=\"2\" width=\"164\"><strong>CEM<\/strong><\/td>\n<td colspan=\"2\" width=\"327\"><strong>Tol\u00e9rance<\/strong><\/td>\n<\/tr>\n<tr>\n<td width=\"164\"><strong>Classe 1 (KX1)<\/strong><\/td>\n<td width=\"164\"><strong>Classe 2 (KX2)<\/strong><\/td>\n<\/tr>\n<tr>\n<td width=\"159\">0\u00b0C<\/td>\n<td width=\"164\">0 \u00b5V<\/td>\n<td width=\"164\">\u00b160 \u00b5V<\/td>\n<td width=\"164\">\u00b1100 \u00b5V<\/td>\n<\/tr>\n<tr>\n<td width=\"159\">100\u00b0C<\/td>\n<td width=\"164\">4,095 \u00b5V<\/td>\n<td width=\"164\">\u00b160 \u00b5V<\/td>\n<td width=\"164\">\u00b1100 \u00b5V<\/td>\n<\/tr>\n<tr>\n<td width=\"159\">200\u00b0C<\/td>\n<td width=\"164\">8,137 \u00b5V<\/td>\n<td width=\"164\">\u00b160 \u00b5V<\/td>\n<td width=\"164\">\u00b1100 \u00b5V<\/td>\n<\/tr>\n<tr>\n<td width=\"159\">400\u00b0C<\/td>\n<td width=\"164\">16,395 \u00b5V<\/td>\n<td width=\"164\">\u00b160 \u00b5V<\/td>\n<td width=\"164\">\u00b1100 \u00b5V<\/td>\n<\/tr>\n<\/tbody>\n<\/table>\n<p>&nbsp;<\/p>\n<h5><strong>EMK type E<\/strong><\/h5>\n<table>\n<tbody>\n<tr>\n<td rowspan=\"2\" width=\"159\"><strong>Temp\u00e9rature<\/strong><\/td>\n<td rowspan=\"2\" width=\"164\"><strong>CEM<\/strong><\/td>\n<td colspan=\"2\" width=\"327\"><strong>Tol\u00e9rance<\/strong><\/td>\n<\/tr>\n<tr>\n<td width=\"164\"><strong>Classe 1 (KX1)<\/strong><\/td>\n<td width=\"164\"><strong>Classe 2 (KX2)<\/strong><\/td>\n<\/tr>\n<tr>\n<td width=\"159\">0\u00b0C<\/td>\n<td width=\"164\">0 \u00b5V<\/td>\n<td width=\"164\">\u00b1120 \u00b5V<\/td>\n<td width=\"164\">\u00b1200 \u00b5V<\/td>\n<\/tr>\n<tr>\n<td width=\"159\">100\u00b0C<\/td>\n<td width=\"164\">6,319 \u00b5V<\/td>\n<td width=\"164\">\u00b1120 \u00b5V<\/td>\n<td width=\"164\">\u00b1200 \u00b5V<\/td>\n<\/tr>\n<tr>\n<td width=\"159\">200\u00b0C<\/td>\n<td width=\"164\">13,421 \u00b5V<\/td>\n<td width=\"164\">\u00b1120 \u00b5V<\/td>\n<td width=\"164\">\u00b1200 \u00b5V<\/td>\n<\/tr>\n<tr>\n<td width=\"159\">400\u00b0C<\/td>\n<td width=\"164\">28,946 \u00b5V<\/td>\n<td width=\"164\">\u00b1120 \u00b5V<\/td>\n<td width=\"164\">\u00b1200 \u00b5V<\/td>\n<\/tr>\n<\/tbody>\n<\/table>\n<p>&nbsp;<\/p>\n<h5><strong>Instructions de traitement<\/strong><\/h5>\n<p>La c\u00e9ramique est tr\u00e8s diff\u00e9rente des isolants traditionnels en fil m\u00e9tallique. Elle est tr\u00e8s dure et sensible \u00e0 l&rsquo;humidit\u00e9. Elle n\u00e9cessite donc un soin particulier lors de son traitement :<\/p>\n<ul>\n<li>Les fils doivent imp\u00e9rativement \u00eatre stock\u00e9s et trait\u00e9s dans un environnement sec.<\/li>\n<li>Les fils ne doivent pas \u00eatre soumis \u00e0 des coups ou \u00e0 des chocs.<\/li>\n<li>Les fils ne doivent en aucun cas \u00eatre pli\u00e9s. Contr\u00f4le visuel : un rayon de courbure trop \u00e9troit ou un pliage du fil se reconna\u00eet g\u00e9n\u00e9ralement \u00e0 des fissures dans l&rsquo;isolation c\u00e9ramique, qui se traduisent par un blanchiment de la surface.<\/li>\n<\/ul>\n<h5><strong><br \/>\nD\u00e9nudage<\/strong><\/h5>\n<p>Le rev\u00eatement c\u00e9ramique du KD500 est tr\u00e8s fin et adh\u00e8re au conducteur. Les outils de d\u00e9nudage traditionnels ne peuvent donc pas \u00eatre utilis\u00e9s. Le d\u00e9nudage peut \u00eatre effectu\u00e9 avec du papier abrasif fin.<\/p>\n<p>&nbsp;<\/p>\n","protected":false},"excerpt":{"rendered":"<p>&nbsp;<\/p>\n<h5>Ce c\u00e2ble* fait partie de notre vaste gamme de c\u00e2bles r\u00e9sistants aux temp\u00e9ratures \u00e9lev\u00e9es, utilis\u00e9s dans des domaines d&rsquo;application exigeants. Notre gamme comprend des c\u00e2bles en soie de verre pour des temp\u00e9ratures d&rsquo;utilisation jusqu&rsquo;\u00e0 550 \u00b0C, ainsi que des c\u00e2bles sp\u00e9ciaux extr\u00eamement r\u00e9sistants \u00e0 la chaleur pour des temp\u00e9ratures continues jusqu&rsquo;\u00e0 800 \u00b0C ou des temp\u00e9ratures maximales jusqu&rsquo;\u00e0 1550 \u00b0C.<\/h5>\n<p>*) Fabriqu\u00e9 selon les sp\u00e9cifications du client<\/p>\n<p>&nbsp;<\/p>\n","protected":false},"featured_media":9681,"template":"","meta":{"_acf_changed":false},"product_brand":[],"product_cat":[216,146],"product_tag":[],"class_list":{"0":"post-5681","1":"product","2":"type-product","3":"status-publish","4":"has-post-thumbnail","6":"product_cat-cables-de-compensation-thermique","7":"product_cat-cables-electriques","9":"first","10":"instock","11":"shipping-taxable","12":"purchasable","13":"product-type-simple"},"acf":[],"_links":{"self":[{"href":"https:\/\/schupp.ch\/fr\/wp-json\/wp\/v2\/product\/5681","targetHints":{"allow":["GET"]}}],"collection":[{"href":"https:\/\/schupp.ch\/fr\/wp-json\/wp\/v2\/product"}],"about":[{"href":"https:\/\/schupp.ch\/fr\/wp-json\/wp\/v2\/types\/product"}],"wp:featuredmedia":[{"embeddable":true,"href":"https:\/\/schupp.ch\/fr\/wp-json\/wp\/v2\/media\/9681"}],"wp:attachment":[{"href":"https:\/\/schupp.ch\/fr\/wp-json\/wp\/v2\/media?parent=5681"}],"wp:term":[{"taxonomy":"product_brand","embeddable":true,"href":"https:\/\/schupp.ch\/fr\/wp-json\/wp\/v2\/product_brand?post=5681"},{"taxonomy":"product_cat","embeddable":true,"href":"https:\/\/schupp.ch\/fr\/wp-json\/wp\/v2\/product_cat?post=5681"},{"taxonomy":"product_tag","embeddable":true,"href":"https:\/\/schupp.ch\/fr\/wp-json\/wp\/v2\/product_tag?post=5681"}],"curies":[{"name":"wp","href":"https:\/\/api.w.org\/{rel}","templated":true}]}}