{"id":5682,"date":"2024-02-01T10:16:57","date_gmt":"2024-02-01T09:16:57","guid":{"rendered":"https:\/\/schupp.ch\/p\/limiteur-de-temperature-type-l01-n01-1-6-7-5-a\/"},"modified":"2025-11-25T17:15:55","modified_gmt":"2025-11-25T16:15:55","slug":"limiteur-de-temperature-type-l01-n01-1-6-7-5-a","status":"publish","type":"product","link":"https:\/\/schupp.ch\/fr\/p\/limiteur-de-temperature-type-l01-n01-1-6-7-5-a\/","title":{"rendered":"Limiteur de Temp\u00e9rature Type L01 \/ N01 ; 1.6 &#8211; 7.5 A"},"content":{"rendered":"<p>&nbsp;<\/p>\n<table>\n<tbody>\n<tr>\n<td width=\"302\">\n<h5 style=\"text-align: center;\">L01<\/h5>\n<\/td>\n<td width=\"302\">\n<h5 style=\"text-align: center;\">N01<\/h5>\n<\/td>\n<\/tr>\n<tr>\n<td width=\"302\"><img loading=\"lazy\" decoding=\"async\" class=\"size-medium wp-image-4113 aligncenter\" src=\"https:\/\/schupp.ch\/wp-content\/uploads\/2024\/02\/L01-1-300x287.jpg\" alt=\"\" width=\"300\" height=\"287\" srcset=\"https:\/\/schupp.ch\/wp-content\/uploads\/2024\/02\/L01-1-300x287.jpg 300w, https:\/\/schupp.ch\/wp-content\/uploads\/2024\/02\/L01-1.jpg 330w\" sizes=\"auto, (max-width: 300px) 100vw, 300px\" \/><\/td>\n<td width=\"302\"><img loading=\"lazy\" decoding=\"async\" class=\"size-medium wp-image-4116 aligncenter\" src=\"https:\/\/schupp.ch\/wp-content\/uploads\/2024\/02\/N01-300x220.jpg\" alt=\"\" width=\"300\" height=\"220\" srcset=\"https:\/\/schupp.ch\/wp-content\/uploads\/2024\/02\/N01-300x220.jpg 300w, https:\/\/schupp.ch\/wp-content\/uploads\/2024\/02\/N01.jpg 358w\" sizes=\"auto, (max-width: 300px) 100vw, 300px\" \/><\/td>\n<\/tr>\n<\/tbody>\n<\/table>\n<p>&nbsp;<\/p>\n<p>&nbsp;<\/p>\n<table>\n<tbody>\n<tr>\n<td width=\"276\"><strong>Type de commutation<\/strong><\/td>\n<td width=\"179\"><strong>Contact \u00e0 ouverture L01 \u00e0 r\u00e9armement<\/strong><\/td>\n<td width=\"179\"><strong>Contact \u00e0 ouverture N01 \u00e0 r\u00e9armement<\/strong><\/td>\n<\/tr>\n<tr>\n<td width=\"276\">Isol\u00e9 : capuchon isolant<\/td>\n<td width=\"179\">enti\u00e8rement isol\u00e9<\/td>\n<td width=\"179\">partiellement isol\u00e9<\/td>\n<\/tr>\n<tr>\n<td colspan=\"3\" width=\"633\"><strong>Temp\u00e9rature<\/strong><\/td>\n<\/tr>\n<tr>\n<td width=\"276\">Temp\u00e9rature de commutation nominale (NST) par incr\u00e9ments de 5 K \u00b0C<\/td>\n<td colspan=\"2\" width=\"357\">60 -200<\/td>\n<\/tr>\n<tr>\n<td width=\"276\">Plage de tol\u00e9rance NST <u>&lt; 140 \u00b0C Tol (K)<\/u><\/td>\n<td width=\"179\"><u>+ 5<\/u><\/td>\n<td width=\"179\">+ 2,5 \/ + 5<\/td>\n<\/tr>\n<tr>\n<td width=\"276\">Commutateur inverse de temperature\u00a0(RST inf\u00e9rieure \u00e0 NST) UL<br \/>\n(RST d\u00e9finie possible sur demande) VDE<\/td>\n<td colspan=\"2\" width=\"357\">&#8211; 35 <u>+<\/u> 15<u><br \/>\n\u2265 <\/u>35<\/td>\n<\/tr>\n<tr>\n<td colspan=\"3\" width=\"633\"><strong>Tension<\/strong><\/td>\n<\/tr>\n<tr>\n<td width=\"276\">max. Plage de tension de fonctionnement jusqu&rsquo;\u00e0 &#8230;<\/td>\n<td colspan=\"2\" width=\"357\">500 VAC \/ 14 V DC<\/td>\n<\/tr>\n<tr>\n<td width=\"276\">Tension de fonctionnement AC<\/td>\n<td colspan=\"2\" width=\"357\">250 (VDE), 277 (UL)<\/td>\n<\/tr>\n<tr>\n<td colspan=\"3\" width=\"633\"><strong>Courant \/ Cycles de commutation<\/strong><\/td>\n<\/tr>\n<tr>\n<td width=\"276\">Courant assign\u00e9 &#8211; cos \u03c6 = 1,0 [A] \/ [n]<\/td>\n<td colspan=\"2\" rowspan=\"3\" width=\"357\">2,5 \/ 1&rsquo;000<br \/>\n1,6 \/ 10&rsquo;000<br \/>\n6,3 \/ 3&rsquo;000 7,5 \/ 3&rsquo;000<\/td>\n<\/tr>\n<tr>\n<td width=\"276\">Courant assign\u00e9 &#8211; cos \u03c6 = 0,6 [A] \/ [n]<\/td>\n<\/tr>\n<tr>\n<td width=\"276\">Courant assign\u00e9 &#8211; cos \u03c6 = 1,0 [A] \/ [n]<\/td>\n<\/tr>\n<tr>\n<td width=\"276\">Tension assign\u00e9e DC<\/td>\n<td colspan=\"2\" width=\"357\">12<\/td>\n<\/tr>\n<tr>\n<td width=\"276\">Max. Courant de commutation DC [A] \/ [n]<\/td>\n<td colspan=\"2\" width=\"357\">40&rsquo;0 \/ 10&rsquo;000<\/td>\n<\/tr>\n<tr>\n<td colspan=\"3\" width=\"633\"><strong>Sp\u00e9cifications suppl\u00e9mentaires<\/strong><\/td>\n<\/tr>\n<tr>\n<td width=\"276\">R\u00e9sistance \u00e0 la haute tension (kV)<\/td>\n<td width=\"179\">2<\/td>\n<td width=\"179\">&#8212;<\/td>\n<\/tr>\n<tr>\n<td width=\"276\">Temps de rebond total (ms)<\/td>\n<td colspan=\"2\" width=\"357\">&lt; 1<\/td>\n<\/tr>\n<tr>\n<td width=\"276\">R\u00e9sistance de contact (selon MIL-STD R5757) (m\u03a9)<\/td>\n<td colspan=\"2\" width=\"357\"><u>&lt; <\/u>50<\/td>\n<\/tr>\n<tr>\n<td width=\"276\">R\u00e9sistance aux vibrations 10 &#8230; 60 Hz (m\/s2)<\/td>\n<td colspan=\"2\" width=\"357\">100<\/td>\n<\/tr>\n<tr>\n<td width=\"276\">R\u00e9sistance \u00e0 la pression du bo\u00eetier de commande (N)<\/td>\n<td colspan=\"2\" width=\"357\">450<\/td>\n<\/tr>\n<tr>\n<td width=\"276\">Convient pour l&rsquo;installation dans les classes de protection<\/td>\n<td width=\"179\">I + II<\/td>\n<td width=\"179\">I<\/td>\n<\/tr>\n<tr>\n<td width=\"276\">R\u00e9sistance \u00e0 l&rsquo;impr\u00e9gnation<\/td>\n<td colspan=\"2\" width=\"357\">convient<\/td>\n<\/tr>\n<tr>\n<td colspan=\"3\" width=\"633\"><strong>Licences et approbations disponibles<\/strong><\/td>\n<\/tr>\n<tr>\n<td width=\"276\">veuillez pr\u00e9ciser<\/td>\n<td colspan=\"2\" width=\"357\">IEC, ENEC, VDE, UL, CSA, COC<\/td>\n<\/tr>\n<tr>\n<td colspan=\"3\" width=\"633\"><strong>Dimensions (standard)<\/strong><\/td>\n<\/tr>\n<tr>\n<td width=\"276\">Diam\u00e8tre \u00d8 d (mm)<\/td>\n<td width=\"179\">10,0<\/td>\n<td width=\"179\">10,0<\/td>\n<\/tr>\n<tr>\n<td width=\"276\">Hauteur h (mm)<\/td>\n<td width=\"179\">\u00e0 partir de 7,0<\/td>\n<td width=\"179\">\u00e0 partir de 3,4<\/td>\n<\/tr>\n<tr>\n<td width=\"276\">Longueur des broches de connexion (mm)<\/td>\n<td width=\"179\">&#8212;<\/td>\n<td width=\"179\">14,0 \/ 20,0<\/td>\n<\/tr>\n<tr>\n<td width=\"276\">Filetage (taille x longueur) (M x mm)<\/td>\n<td width=\"179\">M4 x 5,0<\/td>\n<td width=\"179\">&#8212;<\/td>\n<\/tr>\n<tr>\n<td width=\"276\">Ouverture de cl\u00e9 \/ couple maxi (mm \/ Nm)<\/td>\n<td width=\"179\">10,0 \/ 2<\/td>\n<td width=\"179\">&#8212;<\/td>\n<\/tr>\n<tr>\n<td width=\"276\">Connexion standard<\/td>\n<td width=\"179\">Toron 0,25 mm2 \/ AWG22<\/td>\n<td width=\"179\">Fil de raccordement d = 0,5 mm<\/td>\n<\/tr>\n<tr>\n<td colspan=\"3\" width=\"633\"><strong>Charact\u00e9ristique de la d\u00e9pendance au courant<\/strong><\/td>\n<\/tr>\n<tr>\n<td colspan=\"3\" width=\"633\">&nbsp;<\/p>\n<p>La caract\u00e9ristique particuli\u00e8re des s\u00e9ries 01, 02 est qu&rsquo;il s&rsquo;agit d&rsquo;interrupteurs sensibles \u00e0 la temp\u00e9rature. En fonctionnement nominal (courant nominal), ils pr\u00e9sentent un \u00e9chauffement propre tr\u00e8s faible d\u00fb au courant. C&rsquo;est pourquoi le point de commutation est abaiss\u00e9 au maximum dans la <strong>tol\u00e9rance de<\/strong><strong>temp\u00e9rature<\/strong> <strong>de commutation nominale<\/strong>.<\/p>\n<p>&nbsp;<\/td>\n<\/tr>\n<\/tbody>\n<\/table>\n<p>&nbsp;<\/p>\n<table>\n<tbody>\n<tr>\n<td width=\"302\">\n<h5><strong>L01<\/strong><\/h5>\n<\/td>\n<td width=\"302\">\n<h5><strong>N01<\/strong><\/h5>\n<\/td>\n<\/tr>\n<tr>\n<td width=\"302\"><img loading=\"lazy\" decoding=\"async\" class=\"alignnone size-medium wp-image-8547\" src=\"https:\/\/schupp.ch\/wp-content\/uploads\/2024\/02\/TW_L01-300x300.jpg\" alt=\"\" width=\"300\" height=\"300\" srcset=\"https:\/\/schupp.ch\/wp-content\/uploads\/2024\/02\/TW_L01-300x300.jpg 300w, https:\/\/schupp.ch\/wp-content\/uploads\/2024\/02\/TW_L01-600x600.jpg 600w, https:\/\/schupp.ch\/wp-content\/uploads\/2024\/02\/TW_L01-900x900.jpg 900w, https:\/\/schupp.ch\/wp-content\/uploads\/2024\/02\/TW_L01-100x100.jpg 100w, https:\/\/schupp.ch\/wp-content\/uploads\/2024\/02\/TW_L01-150x150.jpg 150w, https:\/\/schupp.ch\/wp-content\/uploads\/2024\/02\/TW_L01-768x768.jpg 768w, https:\/\/schupp.ch\/wp-content\/uploads\/2024\/02\/TW_L01-1024x1024.jpg 1024w\" sizes=\"auto, (max-width: 300px) 100vw, 300px\" \/><\/td>\n<td width=\"302\"><img loading=\"lazy\" decoding=\"async\" class=\"alignnone size-medium wp-image-8550\" src=\"https:\/\/schupp.ch\/wp-content\/uploads\/2024\/02\/TW_N01-300x300.jpg\" alt=\"\" width=\"300\" height=\"300\" srcset=\"https:\/\/schupp.ch\/wp-content\/uploads\/2024\/02\/TW_N01-300x300.jpg 300w, https:\/\/schupp.ch\/wp-content\/uploads\/2024\/02\/TW_N01-600x600.jpg 600w, https:\/\/schupp.ch\/wp-content\/uploads\/2024\/02\/TW_N01-900x900.jpg 900w, https:\/\/schupp.ch\/wp-content\/uploads\/2024\/02\/TW_N01-100x100.jpg 100w, https:\/\/schupp.ch\/wp-content\/uploads\/2024\/02\/TW_N01-150x150.jpg 150w, https:\/\/schupp.ch\/wp-content\/uploads\/2024\/02\/TW_N01-768x768.jpg 768w, https:\/\/schupp.ch\/wp-content\/uploads\/2024\/02\/TW_N01-1024x1024.jpg 1024w\" sizes=\"auto, (max-width: 300px) 100vw, 300px\" \/><\/td>\n<\/tr>\n<\/tbody>\n<\/table>\n<p>&nbsp;<\/p>\n<p><strong>Note<\/strong><\/p>\n<p>Les donn\u00e9es et informations indiqu\u00e9es sont bas\u00e9es sur des tests et des s\u00e9ries d&rsquo;essais. Elles ont un caract\u00e8re indicatif, c&rsquo;est pourquoi il peut y avoir des diff\u00e9rences pour certaines applications et utilisations. L&rsquo;utilisateur doit v\u00e9rifier au cas par cas si le produit convient \u00e0 une application concr\u00e8te.<\/p>\n<p>&nbsp;<\/p>\n","protected":false},"excerpt":{"rendered":"<p>&nbsp;<\/p>\n<h5><strong>Les types L01, N01 <\/strong>sont des interrupteurs avec c\u00e2bles de raccordement, \u00e0 r\u00e9armement automatique<\/h5>\n<h5><\/h5>\n<h5><strong>L01 <\/strong>avec bo\u00eetier \u00e0 visser en aluminium<\/h5>\n<h5><\/h5>\n<h5><strong>N01 <\/strong>avec fils de connexion, partiellement isol\u00e9s dans un capuchon en plastique<\/h5>\n<h5><\/h5>\n<h5>Applications possibles dans les armoires \u00e9lectriques, sur les carters de moteur ou les dissipateurs thermiques<\/h5>\n<p>&nbsp;<\/p>\n","protected":false},"featured_media":2307,"template":"","meta":{"_acf_changed":false},"product_brand":[],"product_cat":[189,214],"product_tag":[],"class_list":{"0":"post-5682","1":"product","2":"type-product","3":"status-publish","4":"has-post-thumbnail","6":"product_cat-surveillance-de-la-temperature","7":"product_cat-limiteur-de-temperature-16-a-75-a","9":"first","10":"instock","11":"shipping-taxable","12":"purchasable","13":"product-type-simple"},"acf":[],"_links":{"self":[{"href":"https:\/\/schupp.ch\/fr\/wp-json\/wp\/v2\/product\/5682","targetHints":{"allow":["GET"]}}],"collection":[{"href":"https:\/\/schupp.ch\/fr\/wp-json\/wp\/v2\/product"}],"about":[{"href":"https:\/\/schupp.ch\/fr\/wp-json\/wp\/v2\/types\/product"}],"wp:featuredmedia":[{"embeddable":true,"href":"https:\/\/schupp.ch\/fr\/wp-json\/wp\/v2\/media\/2307"}],"wp:attachment":[{"href":"https:\/\/schupp.ch\/fr\/wp-json\/wp\/v2\/media?parent=5682"}],"wp:term":[{"taxonomy":"product_brand","embeddable":true,"href":"https:\/\/schupp.ch\/fr\/wp-json\/wp\/v2\/product_brand?post=5682"},{"taxonomy":"product_cat","embeddable":true,"href":"https:\/\/schupp.ch\/fr\/wp-json\/wp\/v2\/product_cat?post=5682"},{"taxonomy":"product_tag","embeddable":true,"href":"https:\/\/schupp.ch\/fr\/wp-json\/wp\/v2\/product_tag?post=5682"}],"curies":[{"name":"wp","href":"https:\/\/api.w.org\/{rel}","templated":true}]}}