{"id":5683,"date":"2024-02-01T10:24:52","date_gmt":"2024-02-01T09:24:52","guid":{"rendered":"https:\/\/schupp.ch\/p\/limiteur-de-temperature-type-cz1-sz1-1-6-7-5-a\/"},"modified":"2025-11-25T17:06:32","modified_gmt":"2025-11-25T16:06:32","slug":"limiteur-de-temperature-type-cz1-sz1-1-6-7-5-a","status":"publish","type":"product","link":"https:\/\/schupp.ch\/fr\/p\/limiteur-de-temperature-type-cz1-sz1-1-6-7-5-a\/","title":{"rendered":"Limiteur de Temp\u00e9rature Type CZ1 \/ SZ1 ; 1.6 &#8211; 7.5 A"},"content":{"rendered":"<table>\n<tbody>\n<tr>\n<td width=\"302\">\n<h5 style=\"text-align: center;\">CZ1<\/h5>\n<\/td>\n<td width=\"302\">\n<h5 style=\"text-align: center;\">SZ1<\/h5>\n<\/td>\n<\/tr>\n<tr>\n<td width=\"302\"><img loading=\"lazy\" decoding=\"async\" class=\"size-medium wp-image-4071 aligncenter\" src=\"https:\/\/schupp.ch\/wp-content\/uploads\/2024\/02\/CZ01-237x300.jpg\" alt=\"\" width=\"237\" height=\"300\" srcset=\"https:\/\/schupp.ch\/wp-content\/uploads\/2024\/02\/CZ01-237x300.jpg 237w, https:\/\/schupp.ch\/wp-content\/uploads\/2024\/02\/CZ01.jpg 266w\" sizes=\"auto, (max-width: 237px) 100vw, 237px\" \/><\/td>\n<td width=\"302\"><img loading=\"lazy\" decoding=\"async\" class=\"size-medium wp-image-4074 aligncenter\" src=\"https:\/\/schupp.ch\/wp-content\/uploads\/2024\/02\/SZ01-221x300.jpg\" alt=\"\" width=\"221\" height=\"300\" srcset=\"https:\/\/schupp.ch\/wp-content\/uploads\/2024\/02\/SZ01-221x300.jpg 221w, https:\/\/schupp.ch\/wp-content\/uploads\/2024\/02\/SZ01.jpg 247w\" sizes=\"auto, (max-width: 221px) 100vw, 221px\" \/><\/td>\n<\/tr>\n<\/tbody>\n<\/table>\n<p>&nbsp;<\/p>\n<p>&nbsp;<\/p>\n<table>\n<tbody>\n<tr>\n<td width=\"276\"><strong>Type de commutation<\/strong><\/td>\n<td width=\"179\"><strong>Contact \u00e0 ouverture CZ1<\/strong><\/td>\n<td width=\"179\"><strong>Contact \u00e0 ouverture SZ1<\/strong><\/td>\n<\/tr>\n<tr>\n<td width=\"276\"><\/td>\n<td colspan=\"2\" width=\"357\"><strong>R\u00e9initialisant, sensibilit\u00e9 d\u00e9finie au courant<\/strong><\/td>\n<\/tr>\n<tr>\n<td width=\"276\">Isol\u00e9 : Capuchon isolant<\/td>\n<td width=\"179\">Non<\/td>\n<td width=\"179\">oui<\/td>\n<\/tr>\n<tr>\n<td colspan=\"3\" width=\"633\"><strong>Temp\u00e9rature<\/strong><\/td>\n<\/tr>\n<tr>\n<td width=\"276\">Temp\u00e9rature de commutation nominale (NST) par incr\u00e9ments de 5 K \u00b0C<\/td>\n<td colspan=\"2\" width=\"357\">70 &#8211; 160<\/td>\n<\/tr>\n<tr>\n<td width=\"276\">Plage de tol\u00e9rance NST <u>&lt; 140 \u00b0C Tol (K)<\/u><\/td>\n<td colspan=\"2\" width=\"357\"><u>+<\/u> <u>5<\/u><\/td>\n<\/tr>\n<tr>\n<td width=\"276\">Commutateur inverse de temperature\u00a0(RST inf\u00e9rieure \u00e0 NST) UL<br \/>\n(RST d\u00e9finie possible sur demande) VDE<\/td>\n<td colspan=\"2\" width=\"357\">&#8211; 35 <u>+<\/u> 15<u><br \/>\n\u2265 <\/u>35<\/td>\n<\/tr>\n<tr>\n<td colspan=\"3\" width=\"633\"><strong>Tension<\/strong><\/td>\n<\/tr>\n<tr>\n<td width=\"276\">max. Plage de tension de fonctionnement jusqu&rsquo;\u00e0 &#8230;<\/td>\n<td colspan=\"2\" width=\"357\">500 VAC \/ 14 V DC<\/td>\n<\/tr>\n<tr>\n<td width=\"276\">Tension de fonctionnement AC<\/td>\n<td colspan=\"2\" width=\"357\">250 (VDE), 277 (UL)<\/td>\n<\/tr>\n<tr>\n<td colspan=\"3\" width=\"633\"><strong>Courant \/ Cycles de commutation<\/strong><\/td>\n<\/tr>\n<tr>\n<td width=\"276\">Courant assign\u00e9 &#8211; cos \u03c6 = 1,0 [A] \/ [n]<\/td>\n<td colspan=\"2\" rowspan=\"3\" width=\"357\">2,0 \/ 3&rsquo;000<br \/>\n1,6 \/ 3&rsquo;000<br \/>\n4,0 \/ 3&rsquo;000<\/td>\n<\/tr>\n<tr>\n<td width=\"276\">Courant assign\u00e9 &#8211; cos \u03c6 = 0,6 [A] \/ [n]<\/td>\n<\/tr>\n<tr>\n<td width=\"276\">Max. Courant de commutation [A] \/ [n]<\/td>\n<\/tr>\n<tr>\n<td width=\"276\">Tension assign\u00e9e DC<\/td>\n<td colspan=\"2\" width=\"357\">12<\/td>\n<\/tr>\n<tr>\n<td width=\"276\">Max. Courant de commutation DC [A] \/ [n]<\/td>\n<td colspan=\"2\" width=\"357\">sur demande<\/td>\n<\/tr>\n<tr>\n<td colspan=\"3\" width=\"633\"><strong>Sp\u00e9cifications suppl\u00e9mentaires<\/strong><\/td>\n<\/tr>\n<tr>\n<td width=\"276\">R\u00e9sistances en s\u00e9rie pour le r\u00e9glage de l&rsquo;immunit\u00e9 au courant<\/td>\n<td colspan=\"2\" width=\"357\">De 0,12 \u03a9 \u00e0 70 \u03a9<\/td>\n<\/tr>\n<tr>\n<td width=\"276\">R\u00e9sistance \u00e0 la haute tension (kV)<\/td>\n<td width=\"179\">2<\/td>\n<td width=\"179\">&#8212;<\/td>\n<\/tr>\n<tr>\n<td width=\"276\">Temps de rebond total (ms)<\/td>\n<td colspan=\"2\" width=\"357\">&lt; 1<\/td>\n<\/tr>\n<tr>\n<td width=\"276\">R\u00e9sistance de contact (selon MIL-STD R5757) (m\u03a9)<\/td>\n<td colspan=\"2\" width=\"357\"><u>&lt; <\/u>50<\/td>\n<\/tr>\n<tr>\n<td width=\"276\">R\u00e9sistance aux vibrations 10 &#8230; 60 Hz (m\/s2)<\/td>\n<td colspan=\"2\" width=\"357\">100<\/td>\n<\/tr>\n<tr>\n<td width=\"276\">R\u00e9sistance \u00e0 la pression du bo\u00eetier de commande (N)<\/td>\n<td colspan=\"2\" width=\"357\">450<\/td>\n<\/tr>\n<tr>\n<td width=\"276\">Convient pour l&rsquo;installation dans les classes de protection<\/td>\n<td width=\"179\">I + II<\/td>\n<td width=\"179\">I<\/td>\n<\/tr>\n<tr>\n<td width=\"276\">R\u00e9sistance \u00e0 l&rsquo;impr\u00e9gnation<\/td>\n<td colspan=\"2\" width=\"357\">convient<\/td>\n<\/tr>\n<tr>\n<td colspan=\"3\" width=\"633\"><strong>Licences et approbations disponibles<\/strong><\/td>\n<\/tr>\n<tr>\n<td width=\"276\">veuillez pr\u00e9ciser<\/td>\n<td colspan=\"2\" width=\"357\">IEC, ENEC, VDE, UL, CSA, COC<\/td>\n<\/tr>\n<tr>\n<td colspan=\"3\" width=\"633\"><strong>Dimensions (standard)<\/strong><\/td>\n<\/tr>\n<tr>\n<td width=\"276\">Diam\u00e8tre \u00d8 d (mm)<\/td>\n<td width=\"179\">10,0<\/td>\n<td width=\"179\">10,0<\/td>\n<\/tr>\n<tr>\n<td width=\"276\">Hauteur h (mm)<\/td>\n<td width=\"179\">\u00e0 partir de 7,0<\/td>\n<td width=\"179\">\u00e0 partir de 3,4<\/td>\n<\/tr>\n<tr>\n<td width=\"276\">Longueur des broches de connexion (mm)<\/td>\n<td width=\"179\">&#8212;<\/td>\n<td width=\"179\">14,0 \/ 20,0<\/td>\n<\/tr>\n<tr>\n<td width=\"276\">Filetage (taille x longueur) (M x mm)<\/td>\n<td width=\"179\">M4 x 5,0<\/td>\n<td width=\"179\">&#8212;<\/td>\n<\/tr>\n<tr>\n<td width=\"276\">Ouverture de cl\u00e9 \/ couple maxi (mm \/ Nm)<\/td>\n<td width=\"179\">10,0 \/ 2<\/td>\n<td width=\"179\">&#8212;<\/td>\n<\/tr>\n<tr>\n<td width=\"276\">Connexion standard<\/td>\n<td width=\"179\">Toron 0,25 mm2 \/ AWG22<\/td>\n<td width=\"179\">Fil de raccordement d = 0,5 mm<\/td>\n<\/tr>\n<tr>\n<td colspan=\"3\" width=\"633\"><strong>Sch\u00e9ma de fonctionnement<\/strong><\/td>\n<\/tr>\n<tr>\n<td colspan=\"3\" width=\"633\">&nbsp;<\/p>\n<p><img loading=\"lazy\" decoding=\"async\" class=\"size-full wp-image-3845 aligncenter\" src=\"https:\/\/schupp.ch\/wp-content\/uploads\/2024\/02\/SB_03.jpg\" alt=\"\" width=\"288\" height=\"174\" \/><\/p>\n<p>&nbsp;<\/p>\n<p>La r\u00e9sistance en s\u00e9rie sert \u00e0 r\u00e9gler la sensibilit\u00e9 au courant, car son \u00e9chauffement provoque un d\u00e9clenchement plus pr\u00e9coce du commutateur.<\/p>\n<p>&nbsp;<\/td>\n<\/tr>\n<\/tbody>\n<\/table>\n<p>&nbsp;<\/p>\n<p>&nbsp;<\/p>\n<table>\n<tbody>\n<tr>\n<td width=\"302\">\n<h5><strong>CZ1<\/strong><\/h5>\n<\/td>\n<td width=\"302\">\n<h5><strong>SZ1<\/strong><\/h5>\n<\/td>\n<\/tr>\n<tr>\n<td width=\"302\"><img loading=\"lazy\" decoding=\"async\" class=\"alignnone size-medium wp-image-8541\" src=\"https:\/\/schupp.ch\/wp-content\/uploads\/2024\/02\/TW_CZ1-300x300.jpg\" alt=\"\" width=\"300\" height=\"300\" srcset=\"https:\/\/schupp.ch\/wp-content\/uploads\/2024\/02\/TW_CZ1-300x300.jpg 300w, https:\/\/schupp.ch\/wp-content\/uploads\/2024\/02\/TW_CZ1-600x600.jpg 600w, https:\/\/schupp.ch\/wp-content\/uploads\/2024\/02\/TW_CZ1-900x900.jpg 900w, https:\/\/schupp.ch\/wp-content\/uploads\/2024\/02\/TW_CZ1-100x100.jpg 100w, https:\/\/schupp.ch\/wp-content\/uploads\/2024\/02\/TW_CZ1-150x150.jpg 150w, https:\/\/schupp.ch\/wp-content\/uploads\/2024\/02\/TW_CZ1-768x768.jpg 768w, https:\/\/schupp.ch\/wp-content\/uploads\/2024\/02\/TW_CZ1-1024x1024.jpg 1024w\" sizes=\"auto, (max-width: 300px) 100vw, 300px\" \/><\/td>\n<td width=\"302\"><img loading=\"lazy\" decoding=\"async\" class=\"alignnone size-medium wp-image-8544\" src=\"https:\/\/schupp.ch\/wp-content\/uploads\/2024\/02\/TW_SZ1-300x300.jpg\" alt=\"\" width=\"300\" height=\"300\" srcset=\"https:\/\/schupp.ch\/wp-content\/uploads\/2024\/02\/TW_SZ1-300x300.jpg 300w, https:\/\/schupp.ch\/wp-content\/uploads\/2024\/02\/TW_SZ1-600x600.jpg 600w, https:\/\/schupp.ch\/wp-content\/uploads\/2024\/02\/TW_SZ1-900x900.jpg 900w, https:\/\/schupp.ch\/wp-content\/uploads\/2024\/02\/TW_SZ1-100x100.jpg 100w, https:\/\/schupp.ch\/wp-content\/uploads\/2024\/02\/TW_SZ1-150x150.jpg 150w, https:\/\/schupp.ch\/wp-content\/uploads\/2024\/02\/TW_SZ1-768x768.jpg 768w, https:\/\/schupp.ch\/wp-content\/uploads\/2024\/02\/TW_SZ1-1024x1024.jpg 1024w\" sizes=\"auto, (max-width: 300px) 100vw, 300px\" \/><\/td>\n<\/tr>\n<\/tbody>\n<\/table>\n<p>&nbsp;<\/p>\n<p><strong>Note<\/strong><\/p>\n<p>Les donn\u00e9es et informations indiqu\u00e9es sont bas\u00e9es sur des tests et des s\u00e9ries d&rsquo;essais. Elles ont un caract\u00e8re indicatif, c&rsquo;est pourquoi il peut y avoir des diff\u00e9rences pour certaines applications et utilisations. L&rsquo;utilisateur doit v\u00e9rifier au cas par cas si le produit convient \u00e0 une application concr\u00e8te.<\/p>\n<p>&nbsp;<\/p>\n","protected":false},"excerpt":{"rendered":"<p>&nbsp;<\/p>\n<h5><strong>Les types CZ1, SZ1 <\/strong>sont des interrupteurs sensibles au courant, \u00e0 r\u00e9armement automatique, avec c\u00e2bles de raccordement, avec ou sans \u00e9poxy.<\/h5>\n<h5><\/h5>\n<h5><strong>Le type CZ1 <\/strong>n&rsquo;est pas isol\u00e9<\/h5>\n<h5><\/h5>\n<h5><strong>Le type SZ1 <\/strong>est isol\u00e9 par un capuchon en Mylar\u00ae-Nomex<\/h5>\n<h5><\/h5>\n<h5><\/h5>\n<h5><\/h5>\n<h5>Id\u00e9al pour le montage sur les enroulements de moteurs \u00e9lectriques, de transformateurs ou de ballasts<\/h5>\n<p>&nbsp;<\/p>\n","protected":false},"featured_media":2307,"template":"","meta":{"_acf_changed":false},"product_brand":[],"product_cat":[189,214],"product_tag":[],"class_list":{"0":"post-5683","1":"product","2":"type-product","3":"status-publish","4":"has-post-thumbnail","6":"product_cat-surveillance-de-la-temperature","7":"product_cat-limiteur-de-temperature-16-a-75-a","9":"first","10":"instock","11":"shipping-taxable","12":"purchasable","13":"product-type-simple"},"acf":[],"_links":{"self":[{"href":"https:\/\/schupp.ch\/fr\/wp-json\/wp\/v2\/product\/5683","targetHints":{"allow":["GET"]}}],"collection":[{"href":"https:\/\/schupp.ch\/fr\/wp-json\/wp\/v2\/product"}],"about":[{"href":"https:\/\/schupp.ch\/fr\/wp-json\/wp\/v2\/types\/product"}],"wp:featuredmedia":[{"embeddable":true,"href":"https:\/\/schupp.ch\/fr\/wp-json\/wp\/v2\/media\/2307"}],"wp:attachment":[{"href":"https:\/\/schupp.ch\/fr\/wp-json\/wp\/v2\/media?parent=5683"}],"wp:term":[{"taxonomy":"product_brand","embeddable":true,"href":"https:\/\/schupp.ch\/fr\/wp-json\/wp\/v2\/product_brand?post=5683"},{"taxonomy":"product_cat","embeddable":true,"href":"https:\/\/schupp.ch\/fr\/wp-json\/wp\/v2\/product_cat?post=5683"},{"taxonomy":"product_tag","embeddable":true,"href":"https:\/\/schupp.ch\/fr\/wp-json\/wp\/v2\/product_tag?post=5683"}],"curies":[{"name":"wp","href":"https:\/\/api.w.org\/{rel}","templated":true}]}}