{"id":5684,"date":"2024-02-01T10:19:45","date_gmt":"2024-02-01T09:19:45","guid":{"rendered":"https:\/\/schupp.ch\/p\/limiteur-de-temperature-type-c01-c02-c01ht-s01-s02-s01ht-1-6-7-5-a\/"},"modified":"2025-11-25T16:22:36","modified_gmt":"2025-11-25T15:22:36","slug":"limiteur-de-temperature-type-c01-c02-c01ht-s01-s02-s01ht-1-6-7-5-a","status":"publish","type":"product","link":"https:\/\/schupp.ch\/fr\/p\/limiteur-de-temperature-type-c01-c02-c01ht-s01-s02-s01ht-1-6-7-5-a\/","title":{"rendered":"Limiteur de Temp\u00e9rature Type C01 \/ C02 \/ C01HT \/ S01 \/ S02 \/ S01HT ; 1.6 &#8211; 7.5 A"},"content":{"rendered":"<table>\n<tbody>\n<tr>\n<td width=\"151\">\n<h5 style=\"text-align: center;\">C01, C02<\/h5>\n<\/td>\n<td style=\"text-align: center;\" width=\"151\">\n<h5>C01HT<\/h5>\n<\/td>\n<td style=\"text-align: center;\" width=\"151\">\n<h5>S01, S02<\/h5>\n<\/td>\n<td width=\"151\">\n<h5 style=\"text-align: center;\">S01HT<\/h5>\n<\/td>\n<\/tr>\n<tr>\n<td width=\"151\"><img loading=\"lazy\" decoding=\"async\" class=\"size-medium wp-image-4091 aligncenter\" src=\"https:\/\/schupp.ch\/wp-content\/uploads\/2024\/02\/C01-221x300.jpg\" alt=\"\" width=\"221\" height=\"300\" srcset=\"https:\/\/schupp.ch\/wp-content\/uploads\/2024\/02\/C01-221x300.jpg 221w, https:\/\/schupp.ch\/wp-content\/uploads\/2024\/02\/C01.jpg 222w\" sizes=\"auto, (max-width: 221px) 100vw, 221px\" \/><\/td>\n<td width=\"151\"><img loading=\"lazy\" decoding=\"async\" class=\"size-medium wp-image-4094 aligncenter\" src=\"https:\/\/schupp.ch\/wp-content\/uploads\/2024\/02\/C01_C0HT-217x300.jpg\" alt=\"\" width=\"217\" height=\"300\" srcset=\"https:\/\/schupp.ch\/wp-content\/uploads\/2024\/02\/C01_C0HT-217x300.jpg 217w, https:\/\/schupp.ch\/wp-content\/uploads\/2024\/02\/C01_C0HT.jpg 237w\" sizes=\"auto, (max-width: 217px) 100vw, 217px\" \/><\/td>\n<td width=\"151\"><img loading=\"lazy\" decoding=\"async\" class=\"size-medium wp-image-4103 aligncenter\" src=\"https:\/\/schupp.ch\/wp-content\/uploads\/2024\/02\/S01_S02-1-144x300.jpg\" alt=\"\" width=\"144\" height=\"300\" srcset=\"https:\/\/schupp.ch\/wp-content\/uploads\/2024\/02\/S01_S02-1-144x300.jpg 144w, https:\/\/schupp.ch\/wp-content\/uploads\/2024\/02\/S01_S02-1.jpg 162w\" sizes=\"auto, (max-width: 144px) 100vw, 144px\" \/><\/td>\n<td width=\"151\"><img loading=\"lazy\" decoding=\"async\" class=\"size-medium wp-image-4106 aligncenter\" src=\"https:\/\/schupp.ch\/wp-content\/uploads\/2024\/02\/S01HT-1-142x300.jpg\" alt=\"\" width=\"142\" height=\"300\" srcset=\"https:\/\/schupp.ch\/wp-content\/uploads\/2024\/02\/S01HT-1-142x300.jpg 142w, https:\/\/schupp.ch\/wp-content\/uploads\/2024\/02\/S01HT-1.jpg 162w\" sizes=\"auto, (max-width: 142px) 100vw, 142px\" \/><\/td>\n<\/tr>\n<\/tbody>\n<\/table>\n<p>&nbsp;<\/p>\n<table>\n<tbody>\n<tr>\n<td rowspan=\"3\" width=\"261\">Type de commutation :<\/td>\n<td width=\"48\"><strong>Contact d&rsquo;ouverture<\/strong><\/td>\n<td width=\"53\"><strong>Fermeture<\/strong><\/td>\n<td width=\"99\"><strong>Contact d&rsquo;ouverture<\/strong><\/td>\n<td width=\"45\"><strong>Contact d&rsquo;ouverture<\/strong><\/td>\n<td width=\"52\"><strong>Fermeture<\/strong><\/td>\n<td width=\"65\"><strong>Contact d&rsquo;ouverture<\/strong><\/td>\n<\/tr>\n<tr>\n<td colspan=\"6\" width=\"362\"><strong>\u00e0 r\u00e9armement automatique<\/strong><\/td>\n<\/tr>\n<tr>\n<td width=\"48\"><strong>C01<\/strong><\/td>\n<td width=\"53\"><strong>C02<\/strong><\/td>\n<td width=\"99\"><strong>C01HT<\/strong><\/td>\n<td width=\"45\"><strong>S01<\/strong><\/td>\n<td width=\"52\"><strong>S02<\/strong><\/td>\n<td width=\"65\"><strong>S01HT<\/strong><\/td>\n<\/tr>\n<tr>\n<td width=\"261\">isol\u00e9es : capuchon isolant<\/td>\n<td width=\"48\">non<\/td>\n<td width=\"53\">non<\/td>\n<td width=\"99\">non<\/td>\n<td width=\"45\">oui<\/td>\n<td width=\"52\">oui<\/td>\n<td width=\"65\">oui<\/td>\n<\/tr>\n<tr>\n<td colspan=\"7\" width=\"623\"><strong>Temp\u00e9rature<\/strong><\/td>\n<\/tr>\n<tr>\n<td width=\"261\">Temp\u00e9rature de commutation nominale (NST ), [\u00b0C] par incr\u00e9ments de 5 K<\/td>\n<td width=\"48\">60 -200<\/td>\n<td width=\"53\">70 -200<\/td>\n<td width=\"99\">205 &#8211; 250<\/td>\n<td width=\"45\">60 -200<\/td>\n<td width=\"52\">70 -200<\/td>\n<td width=\"65\">205 &#8211; 250<\/td>\n<\/tr>\n<tr>\n<td width=\"261\">Plage de tol\u00e9rance -Standard &#8211; Tol [ [K]<\/td>\n<td width=\"48\">+\/- 2,5 \/+\/- 5<\/td>\n<td width=\"53\">+\/- 5<\/td>\n<td width=\"99\">+\/- 10<\/td>\n<td width=\"45\">+\/- 2,5 \/+\/- 5<\/td>\n<td width=\"52\">+\/- 5<\/td>\n<td width=\"65\">+\/- 10<\/td>\n<\/tr>\n<tr>\n<td width=\"261\">Commutateur inverse de temperature\u00a0(RST inf\u00e9rieure \u00e0 NST) UL [K]<br \/>\nCommutateur inverse de temperature\u00a0(RST inf\u00e9rieure \u00e0 NST) VDE [\u00b0C]<\/td>\n<td colspan=\"6\" width=\"362\">-35 \u00b1 15<\/p>\n<p>\u2265 35<\/td>\n<\/tr>\n<tr>\n<td colspan=\"7\" width=\"623\"><strong>Tension<\/strong><\/td>\n<\/tr>\n<tr>\n<td width=\"261\">max. Plage de tension de fonctionnement jusqu&rsquo;\u00e0 &#8230;<\/td>\n<td colspan=\"6\" width=\"362\">500 V AC \/ 14 V DC<\/td>\n<\/tr>\n<tr>\n<td width=\"261\">Tension assign\u00e9e AC [VAC]<\/td>\n<td colspan=\"6\" width=\"362\">250 ( VDE), 277 (UL)<\/td>\n<\/tr>\n<tr>\n<td colspan=\"7\" width=\"623\"><strong>Courant\/cycles de commutation<\/strong><\/td>\n<\/tr>\n<tr>\n<td width=\"261\">Courant assign\u00e9 &#8211; cos \u03c6 = 1,0 [A] \/ [n]<\/td>\n<td colspan=\"6\" width=\"362\"><strong>2,5 <\/strong>\/ 1&rsquo;000<\/td>\n<\/tr>\n<tr>\n<td width=\"261\">Courant assign\u00e9 &#8211; cos \u03c6 = 0,6 [A] \/ [n]<\/td>\n<td colspan=\"6\" width=\"362\"><strong>1,6 <\/strong>\/ 10&rsquo;000<\/td>\n<\/tr>\n<tr>\n<td width=\"261\">max. Courant de commutation &#8211; cos \u03c6 = 1,0 [A] \/ [n]<\/td>\n<td colspan=\"6\" width=\"362\"><strong>6,3 \/ <\/strong>3&rsquo;000 <strong>7,5 \/ <\/strong>300<\/td>\n<\/tr>\n<tr>\n<td width=\"261\">Courant assign\u00e9 &#8211; cos \u03c6 = 0,4 [A] \/ [n]<\/td>\n<td colspan=\"6\" width=\"362\"><strong>1,8 \/ <\/strong>10&rsquo;000<\/td>\n<\/tr>\n<tr>\n<td width=\"261\">max. Courant de commutation &#8211; cos \u03c6 = 0,4 [A] \/ [n]<\/td>\n<td colspan=\"6\" width=\"362\"><strong>7,2 \/ <\/strong>1&rsquo;000<\/td>\n<\/tr>\n<tr>\n<td width=\"261\">Tension assign\u00e9e DC [V]<\/td>\n<td colspan=\"6\" width=\"362\">12<\/td>\n<\/tr>\n<tr>\n<td width=\"261\">Max. Courant de commutation DC A] \/ [n]<\/td>\n<td colspan=\"6\" width=\"362\"><strong>40,0 <\/strong>\/ 1&rsquo;000<\/td>\n<\/tr>\n<tr>\n<td colspan=\"7\" width=\"623\"><strong>Sp\u00e9cifications suppl\u00e9mentaires<\/strong><\/td>\n<\/tr>\n<tr>\n<td width=\"261\">R\u00e9sistance \u00e0 la haute tension [kV]<\/td>\n<td colspan=\"3\" width=\"200\">&#8212;<\/td>\n<td colspan=\"3\" width=\"161\">2<\/td>\n<\/tr>\n<tr>\n<td width=\"261\">Temps total de rebondissement [ms]<\/td>\n<td colspan=\"6\" width=\"362\">&lt; 1<\/td>\n<\/tr>\n<tr>\n<td width=\"261\">R\u00e9sistance de contact (selon MIL-STD R5757) [m\u03a9]<\/td>\n<td colspan=\"6\" width=\"362\">50<\/td>\n<\/tr>\n<tr>\n<td width=\"261\">R\u00e9sistance aux vibrations 10 &#8230; 60 Hz [m\/s2]<\/td>\n<td colspan=\"6\" width=\"362\">100<\/td>\n<\/tr>\n<tr>\n<td width=\"261\">R\u00e9sistance \u00e0 la compression du bo\u00eetier de commande [N]<\/td>\n<td colspan=\"6\" width=\"362\">450<\/td>\n<\/tr>\n<tr>\n<td width=\"261\">Convient pour l&rsquo;installation dans la classe de protection<\/td>\n<td colspan=\"3\" width=\"200\">I<\/td>\n<td colspan=\"3\" width=\"161\">I + II<\/td>\n<\/tr>\n<tr>\n<td width=\"261\">R\u00e9sistance \u00e0 l&rsquo;impr\u00e9gnation<\/td>\n<td colspan=\"6\" width=\"362\">convient<\/td>\n<\/tr>\n<tr>\n<td width=\"261\"><\/td>\n<td colspan=\"6\" width=\"362\"><strong>Licences et approbations disponibles<\/strong><\/td>\n<\/tr>\n<tr>\n<td width=\"261\">&nbsp;<\/p>\n<p>\u00e0 pr\u00e9ciser<\/td>\n<td colspan=\"2\" width=\"101\">IEC, ENEC, VDE, UL, CSA, CQC,CMJ<\/td>\n<td width=\"99\">IEC, ENEC, VDE, CQC<\/p>\n<p>(UL (appr. &lt;\/= 230\u00b0C))<\/td>\n<td colspan=\"2\" width=\"97\">IEC, ENEC, VDE, UL, CSA, CQC,CMJ<\/td>\n<td width=\"65\">IEC, ENEC, VDE, CQC,<\/p>\n<p>(UL(appr.&lt;\/= 230\u00b0C))<\/td>\n<\/tr>\n<tr>\n<td colspan=\"7\" width=\"623\"><strong>Dimensions (standard)<\/strong><\/td>\n<\/tr>\n<tr>\n<td width=\"261\">Diam\u00e8tre \u00d8 d [mm]<\/td>\n<td colspan=\"2\" width=\"101\">9,0<\/td>\n<td width=\"99\">9.0<\/td>\n<td colspan=\"2\" width=\"97\">9,4<\/td>\n<td width=\"65\">9,5<\/td>\n<\/tr>\n<tr>\n<td width=\"261\">Hauteur h [mm]<\/td>\n<td colspan=\"2\" width=\"101\">\u00e0 partir de 3,9<\/td>\n<td width=\"99\">\u00e0 partir de 4,4<\/td>\n<td width=\"45\">\u00e0 partir de 4,7<\/td>\n<td width=\"52\">\u00e0 partir de 4,3<\/td>\n<td width=\"65\">\u00e0 partir de 4,8<\/td>\n<\/tr>\n<tr>\n<td width=\"261\">Longueur du capuchon d&rsquo;isolation l [mm]<\/td>\n<td colspan=\"2\" width=\"101\">&#8212;<\/td>\n<td width=\"99\">&#8212;<\/td>\n<td colspan=\"2\" width=\"97\">15<\/td>\n<td width=\"65\">20,5<\/td>\n<\/tr>\n<tr>\n<td width=\"261\">Connexion standard : toron :<\/td>\n<td colspan=\"6\" width=\"362\">0,25 mm2\/AWG 22<\/td>\n<\/tr>\n<tr>\n<td colspan=\"7\" width=\"623\"><strong>Charact\u00e9ristique de la d\u00e9pendance au courant<\/strong><\/td>\n<\/tr>\n<tr>\n<td colspan=\"7\" width=\"623\">La caract\u00e9ristique particuli\u00e8re des s\u00e9ries 01, 02 est qu&rsquo;il s&rsquo;agit d&rsquo;interrupteurs sensibles \u00e0 la temp\u00e9rature. En fonctionnement nominal (courant nominal), ils pr\u00e9sentent un \u00e9chauffement propre tr\u00e8s faible d\u00fb au courant. C&rsquo;est pourquoi le point de commutation est abaiss\u00e9 au maximum dans la <strong>tol\u00e9rance de<\/strong><strong>temp\u00e9rature<\/strong> <strong>de commutation nominale<\/strong>.<\/td>\n<\/tr>\n<\/tbody>\n<\/table>\n<p>&nbsp;<\/p>\n<table>\n<tbody>\n<tr>\n<td width=\"302\">\n<h5><strong>C01<\/strong><\/h5>\n<\/td>\n<td width=\"302\">\n<h5><strong>S01<\/strong><\/h5>\n<\/td>\n<\/tr>\n<tr>\n<td width=\"302\"><img loading=\"lazy\" decoding=\"async\" class=\"alignnone size-medium wp-image-8508\" src=\"https:\/\/schupp.ch\/wp-content\/uploads\/2024\/02\/TW_C01-300x300.jpg\" alt=\"\" width=\"300\" height=\"300\" srcset=\"https:\/\/schupp.ch\/wp-content\/uploads\/2024\/02\/TW_C01-300x300.jpg 300w, https:\/\/schupp.ch\/wp-content\/uploads\/2024\/02\/TW_C01-600x600.jpg 600w, https:\/\/schupp.ch\/wp-content\/uploads\/2024\/02\/TW_C01-900x900.jpg 900w, https:\/\/schupp.ch\/wp-content\/uploads\/2024\/02\/TW_C01-100x100.jpg 100w, https:\/\/schupp.ch\/wp-content\/uploads\/2024\/02\/TW_C01-150x150.jpg 150w, https:\/\/schupp.ch\/wp-content\/uploads\/2024\/02\/TW_C01-768x768.jpg 768w, https:\/\/schupp.ch\/wp-content\/uploads\/2024\/02\/TW_C01-1024x1024.jpg 1024w\" sizes=\"auto, (max-width: 300px) 100vw, 300px\" \/><\/td>\n<td width=\"302\"><img loading=\"lazy\" decoding=\"async\" class=\"alignnone size-medium wp-image-8511\" src=\"https:\/\/schupp.ch\/wp-content\/uploads\/2024\/02\/TW_S01-300x300.jpg\" alt=\"\" width=\"300\" height=\"300\" srcset=\"https:\/\/schupp.ch\/wp-content\/uploads\/2024\/02\/TW_S01-300x300.jpg 300w, https:\/\/schupp.ch\/wp-content\/uploads\/2024\/02\/TW_S01-600x600.jpg 600w, https:\/\/schupp.ch\/wp-content\/uploads\/2024\/02\/TW_S01-900x900.jpg 900w, https:\/\/schupp.ch\/wp-content\/uploads\/2024\/02\/TW_S01-100x100.jpg 100w, https:\/\/schupp.ch\/wp-content\/uploads\/2024\/02\/TW_S01-150x150.jpg 150w, https:\/\/schupp.ch\/wp-content\/uploads\/2024\/02\/TW_S01-768x768.jpg 768w, https:\/\/schupp.ch\/wp-content\/uploads\/2024\/02\/TW_S01-1024x1024.jpg 1024w\" sizes=\"auto, (max-width: 300px) 100vw, 300px\" \/><\/td>\n<\/tr>\n<\/tbody>\n<\/table>\n<p>&nbsp;<\/p>\n<p><strong>Note<\/strong><\/p>\n<p>Les donn\u00e9es et informations indiqu\u00e9es sont bas\u00e9es sur des tests et des s\u00e9ries d&rsquo;essais. Elles ont un caract\u00e8re indicatif, c&rsquo;est pourquoi il peut y avoir des diff\u00e9rences pour certaines applications et utilisations. L&rsquo;utilisateur doit v\u00e9rifier au cas par cas si le produit convient \u00e0 une application concr\u00e8te.<\/p>\n<p>Nous sommes \u00e0 votre disposition de vous conseiller.<\/p>\n<p>&nbsp;<\/p>\n","protected":false},"excerpt":{"rendered":"<p>&nbsp;<\/p>\n<h5><strong>Les types C01<\/strong>, <strong>C02<\/strong>, <strong>C01HT, S01, S02 <\/strong>et <strong>S02HT <\/strong>sont des interrupteurs avec fils de raccordement, \u00e0 r\u00e9armement automatique avec ou sans expoxy.<\/h5>\n<h5><\/h5>\n<h5><strong>Le type S02 <\/strong>est isol\u00e9 avec un capuchon Mylar\u00ae-Nomex<\/h5>\n<h5><\/h5>\n<h5><strong>Le type S01HT <\/strong>est isol\u00e9 avec un capuchon en PTFE<\/h5>\n<h5><\/h5>\n<h5><\/h5>\n<h5>Applications possibles dans les armoires \u00e9lectriques, sur les carters de moteur ou les dissipateurs thermiques<\/h5>\n<p>&nbsp;<\/p>\n","protected":false},"featured_media":2307,"template":"","meta":{"_acf_changed":false},"product_brand":[],"product_cat":[189,214],"product_tag":[],"class_list":{"0":"post-5684","1":"product","2":"type-product","3":"status-publish","4":"has-post-thumbnail","6":"product_cat-surveillance-de-la-temperature","7":"product_cat-limiteur-de-temperature-16-a-75-a","9":"first","10":"instock","11":"shipping-taxable","12":"purchasable","13":"product-type-simple"},"acf":[],"_links":{"self":[{"href":"https:\/\/schupp.ch\/fr\/wp-json\/wp\/v2\/product\/5684","targetHints":{"allow":["GET"]}}],"collection":[{"href":"https:\/\/schupp.ch\/fr\/wp-json\/wp\/v2\/product"}],"about":[{"href":"https:\/\/schupp.ch\/fr\/wp-json\/wp\/v2\/types\/product"}],"wp:featuredmedia":[{"embeddable":true,"href":"https:\/\/schupp.ch\/fr\/wp-json\/wp\/v2\/media\/2307"}],"wp:attachment":[{"href":"https:\/\/schupp.ch\/fr\/wp-json\/wp\/v2\/media?parent=5684"}],"wp:term":[{"taxonomy":"product_brand","embeddable":true,"href":"https:\/\/schupp.ch\/fr\/wp-json\/wp\/v2\/product_brand?post=5684"},{"taxonomy":"product_cat","embeddable":true,"href":"https:\/\/schupp.ch\/fr\/wp-json\/wp\/v2\/product_cat?post=5684"},{"taxonomy":"product_tag","embeddable":true,"href":"https:\/\/schupp.ch\/fr\/wp-json\/wp\/v2\/product_tag?post=5684"}],"curies":[{"name":"wp","href":"https:\/\/api.w.org\/{rel}","templated":true}]}}