{"id":5685,"date":"2024-02-01T10:27:02","date_gmt":"2024-02-01T09:27:02","guid":{"rendered":"https:\/\/schupp.ch\/p\/limiteur-de-temperature-type-cp1-sp1-sp1-600n-kp1-1-6-7-5-a\/"},"modified":"2025-11-25T16:39:09","modified_gmt":"2025-11-25T15:39:09","slug":"limiteur-de-temperature-type-cp1-sp1-sp1-600n-kp1-1-6-7-5-a","status":"publish","type":"product","link":"https:\/\/schupp.ch\/fr\/p\/limiteur-de-temperature-type-cp1-sp1-sp1-600n-kp1-1-6-7-5-a\/","title":{"rendered":"Limiteur de Temp\u00e9rature Type CP1 \/ SP1 \/ SP1 600N \/ KP1 ; 1.6 &#8211; 7.5 A"},"content":{"rendered":"<table>\n<tbody>\n<tr>\n<td width=\"201\">\n<h5 style=\"text-align: center;\">CP1<\/h5>\n<\/td>\n<td style=\"text-align: center;\" width=\"201\">\n<h5>SP1, SP1-600N<\/h5>\n<\/td>\n<td style=\"text-align: center;\" width=\"201\">\n<h5>KP1<\/h5>\n<\/td>\n<\/tr>\n<tr>\n<td width=\"201\"><img loading=\"lazy\" decoding=\"async\" class=\"size-medium wp-image-4061 aligncenter\" src=\"https:\/\/schupp.ch\/wp-content\/uploads\/2024\/02\/CP01-222x300.jpg\" alt=\"\" width=\"222\" height=\"300\" srcset=\"https:\/\/schupp.ch\/wp-content\/uploads\/2024\/02\/CP01-222x300.jpg 222w, https:\/\/schupp.ch\/wp-content\/uploads\/2024\/02\/CP01.jpg 250w\" sizes=\"auto, (max-width: 222px) 100vw, 222px\" \/><\/td>\n<td width=\"201\"><img loading=\"lazy\" decoding=\"async\" class=\"size-medium wp-image-4064 aligncenter\" src=\"https:\/\/schupp.ch\/wp-content\/uploads\/2024\/02\/SP1_SP1_600N-218x300.jpg\" alt=\"\" width=\"218\" height=\"300\" srcset=\"https:\/\/schupp.ch\/wp-content\/uploads\/2024\/02\/SP1_SP1_600N-218x300.jpg 218w, https:\/\/schupp.ch\/wp-content\/uploads\/2024\/02\/SP1_SP1_600N.jpg 243w\" sizes=\"auto, (max-width: 218px) 100vw, 218px\" \/><\/td>\n<td width=\"201\"><img loading=\"lazy\" decoding=\"async\" class=\"size-medium wp-image-4067 aligncenter\" src=\"https:\/\/schupp.ch\/wp-content\/uploads\/2024\/02\/KP01-210x300.jpg\" alt=\"\" width=\"210\" height=\"300\" srcset=\"https:\/\/schupp.ch\/wp-content\/uploads\/2024\/02\/KP01-210x300.jpg 210w, https:\/\/schupp.ch\/wp-content\/uploads\/2024\/02\/KP01.jpg 237w\" sizes=\"auto, (max-width: 210px) 100vw, 210px\" \/><\/td>\n<\/tr>\n<\/tbody>\n<\/table>\n<p>&nbsp;<\/p>\n<table>\n<tbody>\n<tr>\n<td rowspan=\"2\" width=\"268\"><strong>Type de commutation<\/strong><\/td>\n<td width=\"110\"><strong>Contact \u00e0 ouverture CP1 autobloquant<\/strong><\/td>\n<td colspan=\"2\" width=\"124\"><strong>Contact \u00e0 ouverture SP1 autobloquant<\/strong><\/td>\n<td width=\"121\"><strong>Contact \u00e0 ouverture KP1 auto-entretenu<\/strong><\/td>\n<\/tr>\n<tr>\n<td colspan=\"4\" width=\"354\"><strong>ne se r\u00e9initialise pas automatiquement<\/strong><\/td>\n<\/tr>\n<tr>\n<td width=\"268\">isol\u00e9 : avec capuchon de protection d&rsquo;isolation<\/td>\n<td width=\"110\">non<\/td>\n<td colspan=\"2\" width=\"124\">oui<\/td>\n<td width=\"121\">oui<\/td>\n<\/tr>\n<tr>\n<td colspan=\"5\" width=\"622\"><strong>Temp\u00e9rature<\/strong><\/td>\n<\/tr>\n<tr>\n<td width=\"268\">Temp\u00e9rature de commutation nominale (TCN), par incr\u00e9ments de 5 K [\u00b0C].<\/td>\n<td colspan=\"4\" width=\"354\">60 &#8211; 180<\/td>\n<\/tr>\n<tr>\n<td width=\"268\">Plage de tol\u00e9rance -standard- Tol[ [K]<\/td>\n<td colspan=\"4\" width=\"354\">\u00b1 5<\/td>\n<\/tr>\n<tr>\n<td width=\"268\">Commutateur inverse de temperature\u00a0(RST inf\u00e9rieure \u00e0 NST) UL [K]<br \/>\nCommutateur inverse de temperature\u00a0(RST inf\u00e9rieure \u00e0 NST) VDE [\u00b0C]<\/td>\n<td colspan=\"4\" width=\"354\">\n<blockquote><p>35<br \/>\n&gt; 35<\/p><\/blockquote>\n<\/td>\n<\/tr>\n<tr>\n<td colspan=\"5\" width=\"622\"><strong>Tension<\/strong><\/td>\n<\/tr>\n<tr>\n<td width=\"268\">Plage de tension de fonctionnement de &#8230; [VAC]<\/td>\n<td colspan=\"4\" width=\"354\">100 \u00e0 250<\/td>\n<\/tr>\n<tr>\n<td width=\"268\">Tension assign\u00e9e AC [VAC]<\/td>\n<td colspan=\"4\" width=\"354\">250 (VDE), 277(UL)<\/td>\n<\/tr>\n<tr>\n<td colspan=\"5\" width=\"622\"><strong>Courant\/cycles de commutation<\/strong><\/td>\n<\/tr>\n<tr>\n<td width=\"268\">Courant assign\u00e9 &#8211; cos \u03c6 = 1,0 [A] \/ [n]<\/td>\n<td colspan=\"4\" width=\"354\"><strong>2,5 <\/strong>\/ 1&rsquo;000<\/td>\n<\/tr>\n<tr>\n<td width=\"268\">Courant assign\u00e9 &#8211; cos \u03c6 = 0,6 [A] \/ [n]<\/td>\n<td colspan=\"4\" width=\"354\"><strong>1,6 <\/strong>\/ 1&rsquo;000<\/td>\n<\/tr>\n<tr>\n<td width=\"268\">max. Courant de commutation &#8211; cos \u03c6 = 1,0 [A] \/ [n]<\/td>\n<td colspan=\"4\" width=\"354\"><strong>10,0 \/ <\/strong>1&rsquo;000<\/td>\n<\/tr>\n<tr>\n<td width=\"268\">Courant assign\u00e9- cos \u03c6 = 0,6 [A] \/ [n]<\/td>\n<td colspan=\"4\" width=\"354\"><strong>6,3 \/ <\/strong>1&rsquo;000<\/td>\n<\/tr>\n<tr>\n<td colspan=\"5\" width=\"622\"><strong>Sp\u00e9cifications suppl\u00e9mentaires<\/strong><\/td>\n<\/tr>\n<tr>\n<td width=\"268\">R\u00e9sistance \u00e0 la haute tension [kV]<\/td>\n<td width=\"110\">&#8212;<\/td>\n<td colspan=\"3\" width=\"245\">2<\/td>\n<\/tr>\n<tr>\n<td width=\"268\">Temps total de rebondissement [ms]<\/td>\n<td colspan=\"4\" width=\"354\">&lt; 1<\/td>\n<\/tr>\n<tr>\n<td width=\"268\">R\u00e9sistance de contact (selon MIL-STD R5757) [m\u03a9]<\/td>\n<td colspan=\"4\" width=\"354\">50<\/td>\n<\/tr>\n<tr>\n<td width=\"268\">R\u00e9sistance aux vibrations 10 &#8230; 60 Hz [m\/s2]<\/td>\n<td colspan=\"4\" width=\"354\">100<\/td>\n<\/tr>\n<tr>\n<td width=\"268\">R\u00e9sistance \u00e0 la compression du bo\u00eetier de commande [N].<\/td>\n<td width=\"110\">&#8212;<\/td>\n<td colspan=\"2\" width=\"124\">600 pour <strong>SP1 600N<\/strong><\/td>\n<td width=\"121\">&#8212;<\/td>\n<\/tr>\n<tr>\n<td width=\"268\">Convient pour l&rsquo;installationn dans la classe de protection<\/td>\n<td width=\"110\">I<\/td>\n<td colspan=\"2\" width=\"124\">I + II<\/td>\n<td width=\"121\">I + II<\/td>\n<\/tr>\n<tr>\n<td width=\"268\">R\u00e9sistance \u00e0 l&rsquo;impr\u00e9gnation<\/td>\n<td colspan=\"4\" width=\"354\">convient<\/td>\n<\/tr>\n<tr>\n<td colspan=\"5\" width=\"622\"><strong>Licences et approbations disponibles<\/strong><\/td>\n<\/tr>\n<tr>\n<td width=\"268\">\u00e0 pr\u00e9ciser<\/td>\n<td colspan=\"4\" width=\"354\">IEC, VDE, UL, CSA, CQC, <strong>SP1 600 N <\/strong>IEC,VDE uniquement<\/td>\n<\/tr>\n<tr>\n<td colspan=\"5\" width=\"622\"><strong>Dimensions (standard)<\/strong><\/td>\n<\/tr>\n<tr>\n<td width=\"268\"><\/td>\n<td width=\"110\"><strong>CP1<\/strong><\/td>\n<td width=\"67\"><strong>SP1<\/strong><\/td>\n<td width=\"57\"><strong>SP1 600N<\/strong><\/td>\n<td width=\"121\"><strong>CP1<\/strong><\/td>\n<\/tr>\n<tr>\n<td width=\"268\">Diam\u00e8tre \u00d8 d [mm]<\/td>\n<td width=\"110\">9,0<\/td>\n<td width=\"67\">9,4<\/td>\n<td width=\"57\">10,0<\/td>\n<td width=\"121\">9,4<\/td>\n<\/tr>\n<tr>\n<td width=\"268\">Hauteur de construction (avec raccord standard) h [mm]<\/td>\n<td width=\"110\">\u00e0 partir de 4,5<\/td>\n<td width=\"67\">\u00e0 partir de 4,9<\/td>\n<td width=\"57\">\u00e0 partir de 6,6<\/td>\n<td width=\"121\">\u00e0 partir de 4,9<\/td>\n<\/tr>\n<tr>\n<td width=\"268\">Longueur du capuchon d&rsquo;isolation l [mm]<\/td>\n<td width=\"110\">&#8212;<\/td>\n<td width=\"67\">15,0 ;<\/td>\n<td width=\"57\">17,0<\/td>\n<td width=\"121\">13,0<\/td>\n<\/tr>\n<tr>\n<td width=\"268\">Raccordement standard Toron :<\/td>\n<td colspan=\"4\" width=\"354\">0,25 mm2\/AWG 22<\/td>\n<\/tr>\n<tr>\n<td colspan=\"5\" width=\"622\"><strong>Sch\u00e9ma de fonctionnement<\/strong><\/td>\n<\/tr>\n<tr>\n<td colspan=\"5\" width=\"622\"><img loading=\"lazy\" decoding=\"async\" class=\"size-full wp-image-3841 aligncenter\" src=\"https:\/\/schupp.ch\/wp-content\/uploads\/2024\/02\/SB_02.jpg\" alt=\"\" width=\"261\" height=\"197\" \/><\/p>\n<p>&nbsp;<\/p>\n<p>Une fois l&rsquo;interrupteur ouvert, le courant passe \u00e0 travers la r\u00e9sistance chauffante PTC et chauffe l&rsquo;interrupteur, qui reste ainsi \u00e0 l&rsquo;\u00e9tat d\u00e9sactiv\u00e9 jusqu&rsquo;\u00e0 la disparition de la tension.<\/p>\n<p>&nbsp;<\/td>\n<\/tr>\n<\/tbody>\n<\/table>\n<p>&nbsp;<\/p>\n<table>\n<tbody>\n<tr>\n<td width=\"201\">\n<h5><strong>CP1<\/strong><\/h5>\n<\/td>\n<td width=\"201\">\n<h5><strong>SP1, Sp1-600N<\/strong><\/h5>\n<\/td>\n<td width=\"201\">\n<h5><strong>KP1<\/strong><\/h5>\n<\/td>\n<\/tr>\n<tr>\n<td width=\"201\"><img loading=\"lazy\" decoding=\"async\" class=\"alignnone size-medium wp-image-8554\" src=\"https:\/\/schupp.ch\/wp-content\/uploads\/2024\/02\/TW_CP1-300x300.jpg\" alt=\"\" width=\"300\" height=\"300\" srcset=\"https:\/\/schupp.ch\/wp-content\/uploads\/2024\/02\/TW_CP1-300x300.jpg 300w, https:\/\/schupp.ch\/wp-content\/uploads\/2024\/02\/TW_CP1-600x600.jpg 600w, https:\/\/schupp.ch\/wp-content\/uploads\/2024\/02\/TW_CP1-900x900.jpg 900w, https:\/\/schupp.ch\/wp-content\/uploads\/2024\/02\/TW_CP1-100x100.jpg 100w, https:\/\/schupp.ch\/wp-content\/uploads\/2024\/02\/TW_CP1-150x150.jpg 150w, https:\/\/schupp.ch\/wp-content\/uploads\/2024\/02\/TW_CP1-768x768.jpg 768w, https:\/\/schupp.ch\/wp-content\/uploads\/2024\/02\/TW_CP1-1024x1024.jpg 1024w\" sizes=\"auto, (max-width: 300px) 100vw, 300px\" \/><\/td>\n<td width=\"201\"><img loading=\"lazy\" decoding=\"async\" class=\"alignnone size-medium wp-image-8557\" src=\"https:\/\/schupp.ch\/wp-content\/uploads\/2024\/02\/TW_SP1-300x300.jpg\" alt=\"\" width=\"300\" height=\"300\" srcset=\"https:\/\/schupp.ch\/wp-content\/uploads\/2024\/02\/TW_SP1-300x300.jpg 300w, https:\/\/schupp.ch\/wp-content\/uploads\/2024\/02\/TW_SP1-600x600.jpg 600w, https:\/\/schupp.ch\/wp-content\/uploads\/2024\/02\/TW_SP1-900x900.jpg 900w, https:\/\/schupp.ch\/wp-content\/uploads\/2024\/02\/TW_SP1-100x100.jpg 100w, https:\/\/schupp.ch\/wp-content\/uploads\/2024\/02\/TW_SP1-150x150.jpg 150w, https:\/\/schupp.ch\/wp-content\/uploads\/2024\/02\/TW_SP1-768x768.jpg 768w, https:\/\/schupp.ch\/wp-content\/uploads\/2024\/02\/TW_SP1-1024x1024.jpg 1024w\" sizes=\"auto, (max-width: 300px) 100vw, 300px\" \/><\/td>\n<td width=\"201\"><img loading=\"lazy\" decoding=\"async\" class=\"alignnone size-medium wp-image-8560\" src=\"https:\/\/schupp.ch\/wp-content\/uploads\/2024\/02\/TW_KP1-300x300.jpg\" alt=\"\" width=\"300\" height=\"300\" srcset=\"https:\/\/schupp.ch\/wp-content\/uploads\/2024\/02\/TW_KP1-300x300.jpg 300w, https:\/\/schupp.ch\/wp-content\/uploads\/2024\/02\/TW_KP1-600x600.jpg 600w, https:\/\/schupp.ch\/wp-content\/uploads\/2024\/02\/TW_KP1-900x900.jpg 900w, https:\/\/schupp.ch\/wp-content\/uploads\/2024\/02\/TW_KP1-100x100.jpg 100w, https:\/\/schupp.ch\/wp-content\/uploads\/2024\/02\/TW_KP1-150x150.jpg 150w, https:\/\/schupp.ch\/wp-content\/uploads\/2024\/02\/TW_KP1-768x768.jpg 768w, https:\/\/schupp.ch\/wp-content\/uploads\/2024\/02\/TW_KP1-1024x1024.jpg 1024w\" sizes=\"auto, (max-width: 300px) 100vw, 300px\" \/><\/td>\n<\/tr>\n<\/tbody>\n<\/table>\n<p>&nbsp;<\/p>\n<p><strong>Note<\/strong><\/p>\n<p>Les donn\u00e9es et informations indiqu\u00e9es sont bas\u00e9es sur des tests et des s\u00e9ries d&rsquo;essais. Elles ont un caract\u00e8re indicatif, c&rsquo;est pourquoi il peut y avoir des diff\u00e9rences pour certaines applications et utilisations. L&rsquo;utilisateur doit v\u00e9rifier au cas par cas si le produit convient \u00e0 une application concr\u00e8te.<\/p>\n<p>&nbsp;<\/p>\n","protected":false},"excerpt":{"rendered":"<p>&nbsp;<\/p>\n<h5><strong>Les types CP1<\/strong>, <strong>SP1 <\/strong>et <strong>KP1 sont des<\/strong>Interrupteurs \u00e0 maintien de tension, \u00e0 r\u00e9armement non automatique, avec c\u00e2bles de raccordement<\/h5>\n<h5><\/h5>\n<h5><strong>SP1<\/strong>, <strong>KP1 <\/strong>isol\u00e9s par un capuchon en Mylar\u00ae-Nomex<\/h5>\n<p>&nbsp;<\/p>\n<p>&nbsp;<\/p>\n","protected":false},"featured_media":2307,"template":"","meta":{"_acf_changed":false},"product_brand":[],"product_cat":[189,214],"product_tag":[],"class_list":{"0":"post-5685","1":"product","2":"type-product","3":"status-publish","4":"has-post-thumbnail","6":"product_cat-surveillance-de-la-temperature","7":"product_cat-limiteur-de-temperature-16-a-75-a","9":"first","10":"instock","11":"shipping-taxable","12":"purchasable","13":"product-type-simple"},"acf":[],"_links":{"self":[{"href":"https:\/\/schupp.ch\/fr\/wp-json\/wp\/v2\/product\/5685","targetHints":{"allow":["GET"]}}],"collection":[{"href":"https:\/\/schupp.ch\/fr\/wp-json\/wp\/v2\/product"}],"about":[{"href":"https:\/\/schupp.ch\/fr\/wp-json\/wp\/v2\/types\/product"}],"wp:featuredmedia":[{"embeddable":true,"href":"https:\/\/schupp.ch\/fr\/wp-json\/wp\/v2\/media\/2307"}],"wp:attachment":[{"href":"https:\/\/schupp.ch\/fr\/wp-json\/wp\/v2\/media?parent=5685"}],"wp:term":[{"taxonomy":"product_brand","embeddable":true,"href":"https:\/\/schupp.ch\/fr\/wp-json\/wp\/v2\/product_brand?post=5685"},{"taxonomy":"product_cat","embeddable":true,"href":"https:\/\/schupp.ch\/fr\/wp-json\/wp\/v2\/product_cat?post=5685"},{"taxonomy":"product_tag","embeddable":true,"href":"https:\/\/schupp.ch\/fr\/wp-json\/wp\/v2\/product_tag?post=5685"}],"curies":[{"name":"wp","href":"https:\/\/api.w.org\/{rel}","templated":true}]}}