{"id":5686,"date":"2024-02-01T10:21:52","date_gmt":"2024-02-01T09:21:52","guid":{"rendered":"https:\/\/schupp.ch\/p\/limiteur-de-temperature-type-ck1-sk1-lk1-nk1-1-6-7-5-a\/"},"modified":"2025-11-25T16:33:44","modified_gmt":"2025-11-25T15:33:44","slug":"limiteur-de-temperature-type-ck1-sk1-lk1-nk1-1-6-7-5-a","status":"publish","type":"product","link":"https:\/\/schupp.ch\/fr\/p\/limiteur-de-temperature-type-ck1-sk1-lk1-nk1-1-6-7-5-a\/","title":{"rendered":"Limiteur de Temp\u00e9rature type CK1 \/ SK1 \/ LK1 \/ NK1 ; 1.6 &#8211; 7.5 A"},"content":{"rendered":"<table>\n<tbody>\n<tr>\n<td width=\"151\">\n<h5 style=\"text-align: center;\">CK1<\/h5>\n<\/td>\n<td style=\"text-align: center;\" width=\"151\">\n<h5>SK1<\/h5>\n<\/td>\n<td style=\"text-align: center;\" width=\"151\">\n<h5>LK1<\/h5>\n<\/td>\n<td width=\"151\">\n<h5 style=\"text-align: center;\">NK1<\/h5>\n<\/td>\n<\/tr>\n<tr>\n<td width=\"151\"><img loading=\"lazy\" decoding=\"async\" class=\"size-medium wp-image-4077 aligncenter\" src=\"https:\/\/schupp.ch\/wp-content\/uploads\/2024\/02\/CK01-201x300.jpg\" alt=\"\" width=\"201\" height=\"300\" srcset=\"https:\/\/schupp.ch\/wp-content\/uploads\/2024\/02\/CK01-201x300.jpg 201w, https:\/\/schupp.ch\/wp-content\/uploads\/2024\/02\/CK01.jpg 237w\" sizes=\"auto, (max-width: 201px) 100vw, 201px\" \/><\/td>\n<td width=\"151\"><img loading=\"lazy\" decoding=\"async\" class=\"size-medium wp-image-4080 aligncenter\" src=\"https:\/\/schupp.ch\/wp-content\/uploads\/2024\/02\/SK01-127x300.jpg\" alt=\"\" width=\"127\" height=\"300\" srcset=\"https:\/\/schupp.ch\/wp-content\/uploads\/2024\/02\/SK01-127x300.jpg 127w, https:\/\/schupp.ch\/wp-content\/uploads\/2024\/02\/SK01.jpg 147w\" sizes=\"auto, (max-width: 127px) 100vw, 127px\" \/><\/td>\n<td width=\"151\"><img loading=\"lazy\" decoding=\"async\" class=\"size-medium wp-image-4083 aligncenter\" src=\"https:\/\/schupp.ch\/wp-content\/uploads\/2024\/02\/LK01-207x300.jpg\" alt=\"\" width=\"207\" height=\"300\" srcset=\"https:\/\/schupp.ch\/wp-content\/uploads\/2024\/02\/LK01-207x300.jpg 207w, https:\/\/schupp.ch\/wp-content\/uploads\/2024\/02\/LK01.jpg 236w\" sizes=\"auto, (max-width: 207px) 100vw, 207px\" \/><\/td>\n<td width=\"151\"><img loading=\"lazy\" decoding=\"async\" class=\"size-medium wp-image-4087 aligncenter\" src=\"https:\/\/schupp.ch\/wp-content\/uploads\/2024\/02\/NK01-184x300.jpg\" alt=\"\" width=\"184\" height=\"300\" srcset=\"https:\/\/schupp.ch\/wp-content\/uploads\/2024\/02\/NK01-184x300.jpg 184w, https:\/\/schupp.ch\/wp-content\/uploads\/2024\/02\/NK01.jpg 188w\" sizes=\"auto, (max-width: 184px) 100vw, 184px\" \/><\/td>\n<\/tr>\n<\/tbody>\n<\/table>\n<p>&nbsp;<\/p>\n<table>\n<tbody>\n<tr>\n<td width=\"265\"><strong>Type de commutation<\/strong><\/td>\n<td width=\"96\"><strong>Contact \u00e0 ouverture CK1 \u00e0 r\u00e9armement<\/strong><\/td>\n<td width=\"75\"><strong>Contact \u00e0 ouverture SK1 \u00e0 r\u00e9armement<\/strong><\/td>\n<td width=\"102\"><strong>Contact \u00e0 ouverture LK1 \u00e0 r\u00e9armement<\/strong><\/td>\n<td width=\"85\"><strong>Contact \u00e0 ouverture NK1 \u00e0 r\u00e9armement<\/strong><\/td>\n<\/tr>\n<tr>\n<td width=\"265\">isol\u00e9es, par exemple : bo\u00eetier \/ capuchon isolant<\/td>\n<td width=\"96\">oui<\/td>\n<td width=\"75\">oui<\/td>\n<td width=\"102\">non<\/td>\n<td width=\"85\">non<\/td>\n<\/tr>\n<tr>\n<td width=\"265\">partiellement isol\u00e9s : capuchon en plastique<\/td>\n<td width=\"96\">non<\/td>\n<td width=\"75\">non<\/td>\n<td width=\"102\">non<\/td>\n<td width=\"85\">oui<\/td>\n<\/tr>\n<tr>\n<td colspan=\"5\" width=\"624\"><strong>Temp\u00e9rature<\/strong><\/td>\n<\/tr>\n<tr>\n<td width=\"265\">Temp\u00e9rature de commutation nominale (NST), [\u00b0C], par incr\u00e9ments de 5 K<\/td>\n<td colspan=\"4\" width=\"358\">60 &#8211; 200<\/td>\n<\/tr>\n<tr>\n<td width=\"265\">Plage de tol\u00e9rance -standard- Tol [ [K]<\/td>\n<td colspan=\"4\" width=\"358\">\u00b1 5<\/td>\n<\/tr>\n<tr>\n<td width=\"265\">Commutateur inverse de temperature\u00a0(RST inf\u00e9rieure \u00e0 NST) UL [K]<br \/>\nCommutateur inverse de temperature\u00a0(RST inf\u00e9rieure \u00e0 NST) VDE [\u00b0C]<\/td>\n<td colspan=\"4\" width=\"358\">-35 \u00b1 15<\/p>\n<p>\u2265 35<\/td>\n<\/tr>\n<tr>\n<td colspan=\"5\" width=\"624\"><strong>Tension<\/strong><\/td>\n<\/tr>\n<tr>\n<td width=\"265\">max. Plage de tension de fonctionnement jusqu&rsquo;\u00e0 &#8230;<\/td>\n<td colspan=\"4\" width=\"358\">500 V DC \/ 14 V DC<\/td>\n<\/tr>\n<tr>\n<td width=\"265\">Tension assign\u00e9e AC [VAC]<\/td>\n<td colspan=\"4\" width=\"358\">250 ( VDE), 277 (UL)<\/td>\n<\/tr>\n<tr>\n<td colspan=\"5\" width=\"624\"><strong>Courant\/cycles de commutation<\/strong><\/td>\n<\/tr>\n<tr>\n<td width=\"265\">Courant assign\u00e9 AC &#8211; cos \u03c6 = 1,0 [A] \/ [n]<\/td>\n<td colspan=\"4\" width=\"358\"><strong>2,5 <\/strong>\/ 10&rsquo;000<\/td>\n<\/tr>\n<tr>\n<td width=\"265\">Courant assign\u00e9 AC &#8211; cos \u03c6 = 0,6 [A] \/ [n]<\/td>\n<td colspan=\"4\" width=\"358\"><strong>1,6 <\/strong>\/ 10&rsquo;000<\/td>\n<\/tr>\n<tr>\n<td width=\"265\">max. Courant de commutation &#8211; cos \u03c6 = 1,0 [A] \/ [n]<\/td>\n<td colspan=\"4\" width=\"358\"><strong>6,3 \/ <\/strong>3&rsquo;000 <strong>7,5 \/ <\/strong>300<\/td>\n<\/tr>\n<tr>\n<td width=\"265\">Courant assign\u00e9- cos \u03c6 = 0,4 [A] \/ [n]<\/td>\n<td colspan=\"4\" width=\"358\"><strong>1,8 \/ <\/strong>10&rsquo;000<\/td>\n<\/tr>\n<tr>\n<td width=\"265\">max. Courant de commutation &#8211; cos \u03c6 = 0,4 [A] \/ [n]<\/td>\n<td colspan=\"4\" width=\"358\"><strong>7,2 \/ <\/strong>1&rsquo;000<\/td>\n<\/tr>\n<tr>\n<td width=\"265\">Tension assign\u00e9e DC [V]<\/td>\n<td colspan=\"4\" width=\"358\">12<\/td>\n<\/tr>\n<tr>\n<td width=\"265\">Max. Courant de commutation DC [A] \/ [n]<\/td>\n<td colspan=\"4\" width=\"358\"><strong>40,0 <\/strong>\/ 10&rsquo;000<\/td>\n<\/tr>\n<tr>\n<td colspan=\"5\" width=\"624\"><strong>Sp\u00e9cifications suppl\u00e9mentaires<\/strong><\/td>\n<\/tr>\n<tr>\n<td width=\"265\">R\u00e9sistance \u00e0 la haute tension [kV]<\/td>\n<td width=\"96\">&#8212;<\/td>\n<td width=\"75\">2<\/td>\n<td width=\"102\">2<\/td>\n<td width=\"85\">&#8212;<\/td>\n<\/tr>\n<tr>\n<td width=\"265\">Temps total de rebondissement [ms]<\/td>\n<td colspan=\"4\" width=\"358\">&lt; 1<\/td>\n<\/tr>\n<tr>\n<td width=\"265\">R\u00e9sistance de contact (selon MIL-STD R5757) [m\u03a9]<\/td>\n<td colspan=\"4\" width=\"358\">50<\/td>\n<\/tr>\n<tr>\n<td width=\"265\">R\u00e9sistance aux vibrations 10 &#8230; 60 Hz [<sup>m\/s2<\/sup>]<\/td>\n<td colspan=\"4\" width=\"358\">100<\/td>\n<\/tr>\n<tr>\n<td width=\"265\">R\u00e9sistance \u00e0 la compression du bo\u00eetier de commande [N]<\/td>\n<td colspan=\"4\" width=\"358\">450<\/td>\n<\/tr>\n<tr>\n<td width=\"265\">Convient pour l&rsquo;installationn dans la classe de protection<\/td>\n<td width=\"96\">I<\/td>\n<td width=\"75\">I + II<\/td>\n<td width=\"102\">I + II<\/td>\n<td width=\"85\">I<\/td>\n<\/tr>\n<tr>\n<td width=\"265\">R\u00e9sistance \u00e0 l&rsquo;impr\u00e9gnation<\/td>\n<td colspan=\"4\" width=\"358\">convient<\/td>\n<\/tr>\n<tr>\n<td colspan=\"5\" width=\"624\"><strong>Licences et approbations disponibles<\/strong><\/td>\n<\/tr>\n<tr>\n<td width=\"265\">veuillez pr\u00e9ciser<\/td>\n<td colspan=\"2\" width=\"171\">IEC, ENEC, VDE, UL, CSA, CQC<\/td>\n<td colspan=\"2\" width=\"187\">IEC, ENEC, VDE, UL, CQC<\/td>\n<\/tr>\n<tr>\n<td colspan=\"5\" width=\"624\"><strong>Dimensions (standard)<\/strong><\/td>\n<\/tr>\n<tr>\n<td width=\"265\">Diam\u00e8tre \u00d8 d [mm]<\/td>\n<td width=\"96\">10,0<\/td>\n<td width=\"75\">10,0<\/td>\n<td width=\"102\">10,0<\/td>\n<td width=\"85\">10,0<\/td>\n<\/tr>\n<tr>\n<td width=\"265\">Hauteur h [mm]<\/td>\n<td width=\"96\">\u00e0 partir de 3,9<\/td>\n<td width=\"75\">\u00e0 partir de 4,3<\/td>\n<td width=\"102\">\u00e0 partir de 7,0<\/td>\n<td width=\"85\">3,4<\/td>\n<\/tr>\n<tr>\n<td width=\"265\">Longueur de la broche de connexion l [mm]<\/td>\n<td width=\"96\">&#8212;<\/td>\n<td width=\"75\">15,0<\/td>\n<td width=\"102\">&#8212;<\/td>\n<td width=\"85\">14,0 \/ 20,0<\/td>\n<\/tr>\n<tr>\n<td width=\"265\">Filetage (taille x longueur ) [M x mm]<\/td>\n<td width=\"96\">&#8212;<\/td>\n<td width=\"75\">&#8212;<\/td>\n<td width=\"102\">M4 x 5<\/td>\n<td width=\"85\">&#8212;<\/td>\n<\/tr>\n<tr>\n<td width=\"265\">Ouverture de cl\u00e9 \/ couple maxi [mm \/ Nm]<\/td>\n<td width=\"96\"><\/td>\n<td width=\"75\"><\/td>\n<td width=\"102\">10,0 \/ 2<\/td>\n<td width=\"85\"><\/td>\n<\/tr>\n<tr>\n<td width=\"265\">Raccordement standard Toron :<\/td>\n<td colspan=\"3\" width=\"273\">0,25 mm2\/AWG 22<\/td>\n<td width=\"85\">Fil de raccordement d = 0,5 mm<\/td>\n<\/tr>\n<tr>\n<td colspan=\"5\" width=\"624\"><strong>Charact\u00e9ristique de la d\u00e9pendance au courant<\/strong><\/td>\n<\/tr>\n<tr>\n<td colspan=\"5\" width=\"624\">La caract\u00e9ristique particuli\u00e8re des s\u00e9ries 01, 02 est qu&rsquo;il s&rsquo;agit d&rsquo;interrupteurs sensibles \u00e0 la temp\u00e9rature. En fonctionnement nominal (courant nominal), ils pr\u00e9sentent un \u00e9chauffement propre tr\u00e8s faible d\u00fb au courant. C&rsquo;est pourquoi le point de commutation est abaiss\u00e9 au maximum dans la <strong>tol\u00e9rance de<\/strong><strong>temp\u00e9rature<\/strong> <strong>de commutation nominale<\/strong>.<\/td>\n<\/tr>\n<\/tbody>\n<\/table>\n<p>&nbsp;<\/p>\n<table>\n<tbody>\n<tr>\n<td width=\"151\">\n<h5><strong>CK1<\/strong><\/h5>\n<\/td>\n<td width=\"151\">\n<h5><strong>SK1<\/strong><\/h5>\n<\/td>\n<td width=\"151\">\n<h5><strong>LK1<\/strong><\/h5>\n<\/td>\n<td width=\"151\">\n<h5><strong>NK1<\/strong><\/h5>\n<\/td>\n<\/tr>\n<tr>\n<td width=\"151\"><img loading=\"lazy\" decoding=\"async\" class=\"alignnone size-medium wp-image-8515\" src=\"https:\/\/schupp.ch\/wp-content\/uploads\/2024\/02\/TW_CK1-300x300.jpg\" alt=\"\" width=\"300\" height=\"300\" srcset=\"https:\/\/schupp.ch\/wp-content\/uploads\/2024\/02\/TW_CK1-300x300.jpg 300w, https:\/\/schupp.ch\/wp-content\/uploads\/2024\/02\/TW_CK1-600x600.jpg 600w, https:\/\/schupp.ch\/wp-content\/uploads\/2024\/02\/TW_CK1-900x900.jpg 900w, https:\/\/schupp.ch\/wp-content\/uploads\/2024\/02\/TW_CK1-100x100.jpg 100w, https:\/\/schupp.ch\/wp-content\/uploads\/2024\/02\/TW_CK1-150x150.jpg 150w, https:\/\/schupp.ch\/wp-content\/uploads\/2024\/02\/TW_CK1-768x768.jpg 768w, https:\/\/schupp.ch\/wp-content\/uploads\/2024\/02\/TW_CK1-1024x1024.jpg 1024w\" sizes=\"auto, (max-width: 300px) 100vw, 300px\" \/><\/td>\n<td width=\"151\"><img loading=\"lazy\" decoding=\"async\" class=\"alignnone size-medium wp-image-8518\" src=\"https:\/\/schupp.ch\/wp-content\/uploads\/2024\/02\/TW_SK1-300x300.jpg\" alt=\"\" width=\"300\" height=\"300\" srcset=\"https:\/\/schupp.ch\/wp-content\/uploads\/2024\/02\/TW_SK1-300x300.jpg 300w, https:\/\/schupp.ch\/wp-content\/uploads\/2024\/02\/TW_SK1-600x600.jpg 600w, https:\/\/schupp.ch\/wp-content\/uploads\/2024\/02\/TW_SK1-900x900.jpg 900w, https:\/\/schupp.ch\/wp-content\/uploads\/2024\/02\/TW_SK1-100x100.jpg 100w, https:\/\/schupp.ch\/wp-content\/uploads\/2024\/02\/TW_SK1-150x150.jpg 150w, https:\/\/schupp.ch\/wp-content\/uploads\/2024\/02\/TW_SK1-768x768.jpg 768w, https:\/\/schupp.ch\/wp-content\/uploads\/2024\/02\/TW_SK1-1024x1024.jpg 1024w\" sizes=\"auto, (max-width: 300px) 100vw, 300px\" \/><\/td>\n<td width=\"151\"><img loading=\"lazy\" decoding=\"async\" class=\"alignnone size-medium wp-image-8521\" src=\"https:\/\/schupp.ch\/wp-content\/uploads\/2024\/02\/TW_LK1-300x300.jpg\" alt=\"\" width=\"300\" height=\"300\" srcset=\"https:\/\/schupp.ch\/wp-content\/uploads\/2024\/02\/TW_LK1-300x300.jpg 300w, https:\/\/schupp.ch\/wp-content\/uploads\/2024\/02\/TW_LK1-600x600.jpg 600w, https:\/\/schupp.ch\/wp-content\/uploads\/2024\/02\/TW_LK1-900x900.jpg 900w, https:\/\/schupp.ch\/wp-content\/uploads\/2024\/02\/TW_LK1-100x100.jpg 100w, https:\/\/schupp.ch\/wp-content\/uploads\/2024\/02\/TW_LK1-150x150.jpg 150w, https:\/\/schupp.ch\/wp-content\/uploads\/2024\/02\/TW_LK1-768x768.jpg 768w, https:\/\/schupp.ch\/wp-content\/uploads\/2024\/02\/TW_LK1-1024x1024.jpg 1024w\" sizes=\"auto, (max-width: 300px) 100vw, 300px\" \/><\/td>\n<td width=\"151\"><img loading=\"lazy\" decoding=\"async\" class=\"alignnone size-medium wp-image-8525\" src=\"https:\/\/schupp.ch\/wp-content\/uploads\/2024\/02\/TW_NK1-300x300.jpg\" alt=\"\" width=\"300\" height=\"300\" srcset=\"https:\/\/schupp.ch\/wp-content\/uploads\/2024\/02\/TW_NK1-300x300.jpg 300w, https:\/\/schupp.ch\/wp-content\/uploads\/2024\/02\/TW_NK1-600x600.jpg 600w, https:\/\/schupp.ch\/wp-content\/uploads\/2024\/02\/TW_NK1-900x900.jpg 900w, https:\/\/schupp.ch\/wp-content\/uploads\/2024\/02\/TW_NK1-100x100.jpg 100w, https:\/\/schupp.ch\/wp-content\/uploads\/2024\/02\/TW_NK1-150x150.jpg 150w, https:\/\/schupp.ch\/wp-content\/uploads\/2024\/02\/TW_NK1-768x768.jpg 768w, https:\/\/schupp.ch\/wp-content\/uploads\/2024\/02\/TW_NK1-1024x1024.jpg 1024w\" sizes=\"auto, (max-width: 300px) 100vw, 300px\" \/><\/td>\n<\/tr>\n<\/tbody>\n<\/table>\n<p>&nbsp;<\/p>\n<p><strong>Note<\/strong><\/p>\n<p>Les donn\u00e9es et informations indiqu\u00e9es sont bas\u00e9es sur des tests et des s\u00e9ries d&rsquo;essais. Elles ont un caract\u00e8re indicatif, c&rsquo;est pourquoi il peut y avoir des diff\u00e9rences pour certaines applications et utilisations. L&rsquo;utilisateur doit v\u00e9rifier au cas par cas si le produit convient \u00e0 une application concr\u00e8te.<\/p>\n<p>&nbsp;<\/p>\n","protected":false},"excerpt":{"rendered":"<p>&nbsp;<\/p>\n<h5><strong>Les types CK1<\/strong>, <strong>SK1<\/strong>, <strong>LK1 et NK1 <\/strong>sont des interrupteurs \u00e0 r\u00e9armement automatique avec ou sans expoxy.<\/h5>\n<h5><\/h5>\n<h5><strong>CK1<\/strong>, <strong>SK1, LK1 <\/strong>avec c\u00e2bles de raccordement<\/h5>\n<h5><\/h5>\n<h5><strong>SK1 <\/strong>avec capuchon Mylar\u00ae-Nomex\u00ae isol\u00e9<\/h5>\n<h5><\/h5>\n<h5><strong>LK1 <\/strong>avec bo\u00eetier \u00e0 visser<\/h5>\n<h5><\/h5>\n<h5><strong>NK1 <\/strong>avec fils de connexion, partiellement isol\u00e9s avec capuchon plastique<\/h5>\n<h5><\/h5>\n<h5><\/h5>\n<h5>Applications possibles dans les armoires \u00e9lectriques, sur les carters de moteur ou les dissipateurs thermiques, les cartes de circuits imprim\u00e9s<\/h5>\n<p>&nbsp;<\/p>\n","protected":false},"featured_media":2307,"template":"","meta":{"_acf_changed":false},"product_brand":[],"product_cat":[189,214],"product_tag":[],"class_list":{"0":"post-5686","1":"product","2":"type-product","3":"status-publish","4":"has-post-thumbnail","6":"product_cat-surveillance-de-la-temperature","7":"product_cat-limiteur-de-temperature-16-a-75-a","9":"first","10":"instock","11":"shipping-taxable","12":"purchasable","13":"product-type-simple"},"acf":[],"_links":{"self":[{"href":"https:\/\/schupp.ch\/fr\/wp-json\/wp\/v2\/product\/5686","targetHints":{"allow":["GET"]}}],"collection":[{"href":"https:\/\/schupp.ch\/fr\/wp-json\/wp\/v2\/product"}],"about":[{"href":"https:\/\/schupp.ch\/fr\/wp-json\/wp\/v2\/types\/product"}],"wp:featuredmedia":[{"embeddable":true,"href":"https:\/\/schupp.ch\/fr\/wp-json\/wp\/v2\/media\/2307"}],"wp:attachment":[{"href":"https:\/\/schupp.ch\/fr\/wp-json\/wp\/v2\/media?parent=5686"}],"wp:term":[{"taxonomy":"product_brand","embeddable":true,"href":"https:\/\/schupp.ch\/fr\/wp-json\/wp\/v2\/product_brand?post=5686"},{"taxonomy":"product_cat","embeddable":true,"href":"https:\/\/schupp.ch\/fr\/wp-json\/wp\/v2\/product_cat?post=5686"},{"taxonomy":"product_tag","embeddable":true,"href":"https:\/\/schupp.ch\/fr\/wp-json\/wp\/v2\/product_tag?post=5686"}],"curies":[{"name":"wp","href":"https:\/\/api.w.org\/{rel}","templated":true}]}}