{"id":5687,"date":"2024-02-01T10:28:50","date_gmt":"2024-02-01T09:28:50","guid":{"rendered":"https:\/\/schupp.ch\/p\/limiteur-de-temperature-type-cw1-sw1-cwk-vw1-1-6-7-5-a\/"},"modified":"2025-11-25T17:28:50","modified_gmt":"2025-11-25T16:28:50","slug":"limiteur-de-temperature-type-cw1-sw1-cwk-vw1-1-6-7-5-a","status":"publish","type":"product","link":"https:\/\/schupp.ch\/fr\/p\/limiteur-de-temperature-type-cw1-sw1-cwk-vw1-1-6-7-5-a\/","title":{"rendered":"Limiteur de Temp\u00e9rature type CW1 \/ SW1 \/ CWK \/ VW1 ; 1.6 &#8211; 7.5 A"},"content":{"rendered":"<p>&nbsp;<\/p>\n<table>\n<tbody>\n<tr>\n<td width=\"151\">\n<h5 style=\"text-align: center;\">CW1<\/h5>\n<\/td>\n<td style=\"text-align: center;\" width=\"151\">\n<h5>SW1<\/h5>\n<\/td>\n<td style=\"text-align: center;\" width=\"151\">\n<h5>CWK<\/h5>\n<\/td>\n<td width=\"151\">\n<h5 style=\"text-align: center;\">VW1<\/h5>\n<\/td>\n<\/tr>\n<tr>\n<td width=\"151\"><img loading=\"lazy\" decoding=\"async\" class=\"alignnone size-medium wp-image-4049 aligncenter\" src=\"https:\/\/schupp.ch\/wp-content\/uploads\/2024\/02\/CW01-207x300.jpg\" alt=\"\" width=\"207\" height=\"300\" srcset=\"https:\/\/schupp.ch\/wp-content\/uploads\/2024\/02\/CW01-207x300.jpg 207w, https:\/\/schupp.ch\/wp-content\/uploads\/2024\/02\/CW01.jpg 222w\" sizes=\"auto, (max-width: 207px) 100vw, 207px\" \/><\/td>\n<td width=\"151\"><img loading=\"lazy\" decoding=\"async\" class=\"size-medium wp-image-4052 aligncenter\" src=\"https:\/\/schupp.ch\/wp-content\/uploads\/2024\/02\/SW01-132x300.jpg\" alt=\"\" width=\"132\" height=\"300\" srcset=\"https:\/\/schupp.ch\/wp-content\/uploads\/2024\/02\/SW01-132x300.jpg 132w, https:\/\/schupp.ch\/wp-content\/uploads\/2024\/02\/SW01.jpg 148w\" sizes=\"auto, (max-width: 132px) 100vw, 132px\" \/><\/td>\n<td width=\"151\"><img loading=\"lazy\" decoding=\"async\" class=\"size-medium wp-image-4055 aligncenter\" src=\"https:\/\/schupp.ch\/wp-content\/uploads\/2024\/02\/CWK-192x300.jpg\" alt=\"\" width=\"192\" height=\"300\" srcset=\"https:\/\/schupp.ch\/wp-content\/uploads\/2024\/02\/CWK-192x300.jpg 192w, https:\/\/schupp.ch\/wp-content\/uploads\/2024\/02\/CWK.jpg 228w\" sizes=\"auto, (max-width: 192px) 100vw, 192px\" \/><\/td>\n<td width=\"151\"><img loading=\"lazy\" decoding=\"async\" class=\"size-medium wp-image-4058 aligncenter\" src=\"https:\/\/schupp.ch\/wp-content\/uploads\/2024\/02\/VW01-144x300.jpg\" alt=\"\" width=\"144\" height=\"300\" srcset=\"https:\/\/schupp.ch\/wp-content\/uploads\/2024\/02\/VW01-144x300.jpg 144w, https:\/\/schupp.ch\/wp-content\/uploads\/2024\/02\/VW01.jpg 167w\" sizes=\"auto, (max-width: 144px) 100vw, 144px\" \/><\/td>\n<\/tr>\n<\/tbody>\n<\/table>\n<p>&nbsp;<\/p>\n<table>\n<tbody>\n<tr>\n<td rowspan=\"2\" width=\"257\"><strong>Type de commutation :<\/strong><\/td>\n<td width=\"99\"><strong>Contact \u00e0 ouverture CW1<\/strong><\/td>\n<td width=\"86\"><strong>Contact \u00e0 ouverture SW1<\/strong><\/td>\n<td width=\"89\"><strong>Contact \u00e0 ouverture CWK<\/strong><\/td>\n<td width=\"91\"><strong>Contact \u00e0 ouverture VW1<\/strong><\/td>\n<\/tr>\n<tr>\n<td colspan=\"4\" width=\"365\"><strong>auto-maintenu , d\u00e9fini sensible au courant<\/strong><\/td>\n<\/tr>\n<tr>\n<td width=\"257\">isol\u00e9 : avec capuchon de protection d&rsquo;isolation<\/td>\n<td width=\"99\">non<\/td>\n<td width=\"86\">oui<\/td>\n<td width=\"89\">non<\/td>\n<td width=\"91\">oui<\/td>\n<\/tr>\n<tr>\n<td colspan=\"5\" width=\"623\"><strong>Temp\u00e9rature<\/strong><\/td>\n<\/tr>\n<tr>\n<td width=\"257\">Temp\u00e9rature de commutation nominale (TCN), par incr\u00e9ments de 5 K [\u00b0C].<\/td>\n<td colspan=\"4\" width=\"365\">60 &#8211; 160<\/td>\n<\/tr>\n<tr>\n<td width=\"257\">Plage de tol\u00e9rance -standard- Tol[ [K]<\/td>\n<td colspan=\"4\" width=\"365\">\u00b1 5<\/td>\n<\/tr>\n<tr>\n<td width=\"257\">Commutateur inverse de temperature\u00a0(RST inf\u00e9rieure \u00e0 NST) \u00a0UL [\u00b0C]<br \/>\nCommutateur inverse de temperature (RST inf\u00e9rieure \u00e0 NST) VDE [\u00b0C]<\/td>\n<td colspan=\"4\" width=\"365\">\n<blockquote><p>&gt; 35<br \/>\n&gt; 35<\/p><\/blockquote>\n<\/td>\n<\/tr>\n<tr>\n<td colspan=\"5\" width=\"623\"><strong>Tension<\/strong><\/td>\n<\/tr>\n<tr>\n<td width=\"257\">Plage de tension de fonctionnement AC de &#8230; [VAC]<\/td>\n<td colspan=\"4\" width=\"365\">100 \u00e0 250<\/td>\n<\/tr>\n<tr>\n<td width=\"257\">Tension assign\u00e9e 50\/60 Hz [VAC]<\/td>\n<td colspan=\"4\" width=\"365\">250 (VDE), 277 (UL)<\/td>\n<\/tr>\n<tr>\n<td colspan=\"5\" width=\"623\"><strong>Courant\/cycles de commutation<\/strong><\/td>\n<\/tr>\n<tr>\n<td width=\"257\">Courant assign\u00e9 &#8211; cos \u03c6 = 1,0 [A] \/ [n]<\/td>\n<td colspan=\"4\" width=\"365\"><strong>2,5 <\/strong>\/ 1&rsquo;000<\/td>\n<\/tr>\n<tr>\n<td width=\"257\">Courant assign\u00e9 &#8211; cos \u03c6 = 0,6 [A] \/ [n]<\/td>\n<td colspan=\"4\" width=\"365\"><strong>1,6 <\/strong>\/ 1&rsquo;000<\/td>\n<\/tr>\n<tr>\n<td width=\"257\">max. Courant de commutation &#8211; cos \u03c6 = 1,0 [A] \/ [n]<\/td>\n<td colspan=\"4\" width=\"365\"><strong>9,0 \/ <\/strong>1&rsquo;000<\/td>\n<\/tr>\n<tr>\n<td colspan=\"5\" width=\"623\"><strong>Sp\u00e9cifications suppl\u00e9mentaires<\/strong><\/td>\n<\/tr>\n<tr>\n<td width=\"257\">R\u00e9sistances en s\u00e9rie pour r\u00e9gler la sensibilit\u00e9 au courant<\/td>\n<td width=\"99\"><\/td>\n<td colspan=\"2\" width=\"175\">de 0,12 \u03a9 \u00e0 70 \u03a9<\/td>\n<td width=\"91\"><\/td>\n<\/tr>\n<tr>\n<td width=\"257\">R\u00e9sistance \u00e0 la haute tension [kV]<\/td>\n<td width=\"99\">&#8212;<\/td>\n<td width=\"86\">2<\/td>\n<td width=\"89\">&#8212;<\/td>\n<td width=\"91\">2<\/td>\n<\/tr>\n<tr>\n<td width=\"257\">Temps total de rebondissement [ms]<\/td>\n<td colspan=\"4\" width=\"365\">&lt; 1<\/td>\n<\/tr>\n<tr>\n<td width=\"257\">R\u00e9sistance de contact (selon MIL-STD R5757) [m\u03a9]<\/td>\n<td colspan=\"4\" width=\"365\">50<\/td>\n<\/tr>\n<tr>\n<td width=\"257\">R\u00e9sistance aux vibrations 10 &#8230; 60 Hz [<sup>m\/s2<\/sup>]<\/td>\n<td colspan=\"4\" width=\"365\">100<\/td>\n<\/tr>\n<tr>\n<td width=\"257\">Convient pour l&rsquo;installation dans la classe de protection<\/td>\n<td width=\"99\">I<\/td>\n<td width=\"86\">I + II<\/td>\n<td width=\"89\">I<\/td>\n<td width=\"91\">I + II<\/td>\n<\/tr>\n<tr>\n<td width=\"257\">R\u00e9sistance \u00e0 l&rsquo;impr\u00e9gnation<\/td>\n<td colspan=\"4\" width=\"365\">convient<\/td>\n<\/tr>\n<tr>\n<td width=\"257\">Auto-maintien avec r\u00e9sistance chauffante RH (TB = 80 \u00b0C ou 150 \u00b0C)<\/td>\n<td colspan=\"4\" width=\"365\">jusqu&rsquo;\u00e0 -20\u00b0C, en suspension libre dans l&rsquo;air immobile. En cas de couplage thermique, temp\u00e9ratures plus \u00e9lev\u00e9es correspondantes. R\u00e9sistance chauffante PTC<\/td>\n<\/tr>\n<tr>\n<td colspan=\"5\" width=\"623\"><strong>Licences et approbations disponibles<\/strong><\/td>\n<\/tr>\n<tr>\n<td width=\"257\">veuillez pr\u00e9ciser<\/td>\n<td width=\"99\">IEC, ENEC, VDE, UL<\/td>\n<td width=\"86\">IEC, VDE, UL<\/td>\n<td width=\"89\">IEC, VDE, UL<\/td>\n<td width=\"91\">IEC, VDE<\/td>\n<\/tr>\n<tr>\n<td colspan=\"5\" width=\"623\"><strong>Dimensions (standard)<\/strong><\/td>\n<\/tr>\n<tr>\n<td width=\"257\">Diam\u00e8tre \u00d8 d [mm]<\/td>\n<td width=\"99\">9,0<\/td>\n<td width=\"86\">9,4<\/td>\n<td width=\"89\">9,0<\/td>\n<td width=\"91\">9,9<\/td>\n<\/tr>\n<tr>\n<td width=\"257\">Hauteur de construction (avec raccord standard) h [mm]<\/td>\n<td width=\"99\">\u00e0 partir de 5,1<\/td>\n<td width=\"86\">\u00e0 partir de 5,6<\/td>\n<td width=\"89\">\u00e0 partir de 5,1<\/td>\n<td width=\"91\">\u00e0 partir de 5,8<\/td>\n<\/tr>\n<tr>\n<td width=\"257\">Longueur du capuchon d&rsquo;isolation l [mm]<\/td>\n<td width=\"99\">&#8212;<\/td>\n<td width=\"86\">18,0<\/td>\n<td width=\"89\">&#8212;<\/td>\n<td width=\"91\">19,0<\/td>\n<\/tr>\n<tr>\n<td width=\"257\">Connexion standard du fil :<\/td>\n<td colspan=\"4\" width=\"365\">\u00d8= 0,5 mm \/ AWG 22<\/td>\n<\/tr>\n<tr>\n<td colspan=\"5\" width=\"623\"><strong>Sch\u00e9ma de fonctionnement &#8211; standard<\/strong><\/td>\n<\/tr>\n<tr>\n<td colspan=\"5\" width=\"623\"><img loading=\"lazy\" decoding=\"async\" class=\"size-full wp-image-3838 aligncenter\" src=\"https:\/\/schupp.ch\/wp-content\/uploads\/2024\/02\/SB_01.jpg\" alt=\"\" width=\"266\" height=\"197\" \/><\/p>\n<p>&nbsp;<\/p>\n<p>Une fois l&rsquo;interrupteur ouvert, le courant traverse la r\u00e9sistance chauffante PTC et chauffe l&rsquo;interrupteur, qui reste ainsi \u00e0 l&rsquo;\u00e9tat d\u00e9sactiv\u00e9 jusqu&rsquo;\u00e0 la disparition de la tension. La r\u00e9sistance en s\u00e9rie sert \u00e0 r\u00e9gler la sensibilit\u00e9 au courant, car son \u00e9chauffement provoque un d\u00e9clenchement plus pr\u00e9coce de l&rsquo;interrupteur.<\/p>\n<p>&nbsp;<\/td>\n<\/tr>\n<\/tbody>\n<\/table>\n<p>&nbsp;<\/p>\n<table>\n<tbody>\n<tr>\n<td width=\"151\">\n<h5><strong>CW1<\/strong><\/h5>\n<\/td>\n<td width=\"151\">\n<h5><strong>SW1<\/strong><\/h5>\n<\/td>\n<td width=\"151\">\n<h5><strong>CWK<\/strong><\/h5>\n<\/td>\n<td width=\"151\">\n<h5><strong>VW1<\/strong><\/h5>\n<\/td>\n<\/tr>\n<tr>\n<td width=\"151\"><img loading=\"lazy\" decoding=\"async\" class=\"alignnone size-medium wp-image-8529\" src=\"https:\/\/schupp.ch\/wp-content\/uploads\/2024\/02\/TW_CW1-300x300.jpg\" alt=\"\" width=\"300\" height=\"300\" srcset=\"https:\/\/schupp.ch\/wp-content\/uploads\/2024\/02\/TW_CW1-300x300.jpg 300w, https:\/\/schupp.ch\/wp-content\/uploads\/2024\/02\/TW_CW1-600x600.jpg 600w, https:\/\/schupp.ch\/wp-content\/uploads\/2024\/02\/TW_CW1-900x900.jpg 900w, https:\/\/schupp.ch\/wp-content\/uploads\/2024\/02\/TW_CW1-100x100.jpg 100w, https:\/\/schupp.ch\/wp-content\/uploads\/2024\/02\/TW_CW1-150x150.jpg 150w, https:\/\/schupp.ch\/wp-content\/uploads\/2024\/02\/TW_CW1-768x768.jpg 768w, https:\/\/schupp.ch\/wp-content\/uploads\/2024\/02\/TW_CW1-1024x1024.jpg 1024w\" sizes=\"auto, (max-width: 300px) 100vw, 300px\" \/><\/td>\n<td width=\"151\"><img loading=\"lazy\" decoding=\"async\" class=\"alignnone size-medium wp-image-8532\" src=\"https:\/\/schupp.ch\/wp-content\/uploads\/2024\/02\/TW_SW1-300x300.jpg\" alt=\"\" width=\"300\" height=\"300\" srcset=\"https:\/\/schupp.ch\/wp-content\/uploads\/2024\/02\/TW_SW1-300x300.jpg 300w, https:\/\/schupp.ch\/wp-content\/uploads\/2024\/02\/TW_SW1-600x600.jpg 600w, https:\/\/schupp.ch\/wp-content\/uploads\/2024\/02\/TW_SW1-900x900.jpg 900w, https:\/\/schupp.ch\/wp-content\/uploads\/2024\/02\/TW_SW1-100x100.jpg 100w, https:\/\/schupp.ch\/wp-content\/uploads\/2024\/02\/TW_SW1-150x150.jpg 150w, https:\/\/schupp.ch\/wp-content\/uploads\/2024\/02\/TW_SW1-768x768.jpg 768w, https:\/\/schupp.ch\/wp-content\/uploads\/2024\/02\/TW_SW1-1024x1024.jpg 1024w\" sizes=\"auto, (max-width: 300px) 100vw, 300px\" \/><\/td>\n<td width=\"151\"><img loading=\"lazy\" decoding=\"async\" class=\"alignnone size-medium wp-image-8535\" src=\"https:\/\/schupp.ch\/wp-content\/uploads\/2024\/02\/TW_CWK-300x300.jpg\" alt=\"\" width=\"300\" height=\"300\" srcset=\"https:\/\/schupp.ch\/wp-content\/uploads\/2024\/02\/TW_CWK-300x300.jpg 300w, https:\/\/schupp.ch\/wp-content\/uploads\/2024\/02\/TW_CWK-600x600.jpg 600w, https:\/\/schupp.ch\/wp-content\/uploads\/2024\/02\/TW_CWK-900x900.jpg 900w, https:\/\/schupp.ch\/wp-content\/uploads\/2024\/02\/TW_CWK-100x100.jpg 100w, https:\/\/schupp.ch\/wp-content\/uploads\/2024\/02\/TW_CWK-150x150.jpg 150w, https:\/\/schupp.ch\/wp-content\/uploads\/2024\/02\/TW_CWK-768x768.jpg 768w, https:\/\/schupp.ch\/wp-content\/uploads\/2024\/02\/TW_CWK-1024x1024.jpg 1024w\" sizes=\"auto, (max-width: 300px) 100vw, 300px\" \/><\/td>\n<td width=\"151\"><img loading=\"lazy\" decoding=\"async\" class=\"alignnone size-medium wp-image-8538\" src=\"https:\/\/schupp.ch\/wp-content\/uploads\/2024\/02\/TW_VW1-300x300.jpg\" alt=\"\" width=\"300\" height=\"300\" srcset=\"https:\/\/schupp.ch\/wp-content\/uploads\/2024\/02\/TW_VW1-300x300.jpg 300w, https:\/\/schupp.ch\/wp-content\/uploads\/2024\/02\/TW_VW1-600x600.jpg 600w, https:\/\/schupp.ch\/wp-content\/uploads\/2024\/02\/TW_VW1-900x900.jpg 900w, https:\/\/schupp.ch\/wp-content\/uploads\/2024\/02\/TW_VW1-100x100.jpg 100w, https:\/\/schupp.ch\/wp-content\/uploads\/2024\/02\/TW_VW1-150x150.jpg 150w, https:\/\/schupp.ch\/wp-content\/uploads\/2024\/02\/TW_VW1-768x768.jpg 768w, https:\/\/schupp.ch\/wp-content\/uploads\/2024\/02\/TW_VW1-1024x1024.jpg 1024w\" sizes=\"auto, (max-width: 300px) 100vw, 300px\" \/><\/td>\n<\/tr>\n<\/tbody>\n<\/table>\n<p>&nbsp;<\/p>\n<p><strong>Note<\/strong><\/p>\n<p>Les donn\u00e9es et informations indiqu\u00e9es sont bas\u00e9es sur des tests et des s\u00e9ries d&rsquo;essais. Elles ont un caract\u00e8re indicatif, c&rsquo;est pourquoi il peut y avoir des diff\u00e9rences pour certaines applications et utilisations. L&rsquo;utilisateur doit v\u00e9rifier au cas par cas si le produit convient \u00e0 une application concr\u00e8te.<\/p>\n<p>&nbsp;<\/p>\n","protected":false},"excerpt":{"rendered":"<p>&nbsp;<\/p>\n<h5><strong>Les types CWK<\/strong>, <strong>SW1, VW1 <\/strong>et <strong>VWK <\/strong>sont des interrupteurs sensibles au courant sous tension, avec fils de connexion<\/h5>\n<h5><\/h5>\n<h5><strong>Les types SW1 <\/strong>et <strong>VW1 <\/strong>sont enti\u00e8rement moul\u00e9s dans un capuchon isolant Mylar\u00ae Nomex\u00ae.<\/h5>\n<p>&nbsp;<\/p>\n<p>&nbsp;<\/p>\n","protected":false},"featured_media":2307,"template":"","meta":{"_acf_changed":false},"product_brand":[],"product_cat":[189,214],"product_tag":[],"class_list":{"0":"post-5687","1":"product","2":"type-product","3":"status-publish","4":"has-post-thumbnail","6":"product_cat-surveillance-de-la-temperature","7":"product_cat-limiteur-de-temperature-16-a-75-a","9":"first","10":"instock","11":"shipping-taxable","12":"purchasable","13":"product-type-simple"},"acf":[],"_links":{"self":[{"href":"https:\/\/schupp.ch\/fr\/wp-json\/wp\/v2\/product\/5687","targetHints":{"allow":["GET"]}}],"collection":[{"href":"https:\/\/schupp.ch\/fr\/wp-json\/wp\/v2\/product"}],"about":[{"href":"https:\/\/schupp.ch\/fr\/wp-json\/wp\/v2\/types\/product"}],"wp:featuredmedia":[{"embeddable":true,"href":"https:\/\/schupp.ch\/fr\/wp-json\/wp\/v2\/media\/2307"}],"wp:attachment":[{"href":"https:\/\/schupp.ch\/fr\/wp-json\/wp\/v2\/media?parent=5687"}],"wp:term":[{"taxonomy":"product_brand","embeddable":true,"href":"https:\/\/schupp.ch\/fr\/wp-json\/wp\/v2\/product_brand?post=5687"},{"taxonomy":"product_cat","embeddable":true,"href":"https:\/\/schupp.ch\/fr\/wp-json\/wp\/v2\/product_cat?post=5687"},{"taxonomy":"product_tag","embeddable":true,"href":"https:\/\/schupp.ch\/fr\/wp-json\/wp\/v2\/product_tag?post=5687"}],"curies":[{"name":"wp","href":"https:\/\/api.w.org\/{rel}","templated":true}]}}