{"id":5688,"date":"2024-01-26T16:02:59","date_gmt":"2024-01-26T15:02:59","guid":{"rendered":"https:\/\/schupp.ch\/p\/gaines-isolantes-tressees-24c1\/"},"modified":"2025-11-06T20:32:03","modified_gmt":"2025-11-06T19:32:03","slug":"gaines-isolantes-tressees-24c1","status":"publish","type":"product","link":"https:\/\/schupp.ch\/fr\/p\/gaines-isolantes-tressees-24c1\/","title":{"rendered":"Gaines isolantes tress\u00e9es 24C1"},"content":{"rendered":"<p>&nbsp;<\/p>\n<h5>Donn\u00e9es techniques<\/h5>\n<p>&nbsp;<\/p>\n<p><strong>Mat\u00e9riau :<br \/>\n<\/strong>Tresse en fibres de verre impr\u00e9gn\u00e9e de vernis silicone pour la r\u00e9sistance \u00e0 la coupure et la stabilit\u00e9 dimensionnelle<\/p>\n<p><strong>R\u00e9sistance \u00e0 la temp\u00e9rature:<br \/>\n<\/strong>jusqu&rsquo;\u00e0 350\u00b0C, pics \u00e0 400\u00b0C<\/p>\n<p><strong>Caract\u00e9ristiques techniques :<br \/>\n<\/strong>Les gaines isolantes 24C1 sont utilis\u00e9es dans les \u00e9l\u00e9ments chauffants, les fers \u00e0 repasser, les appareils de cuisson, les s\u00e9choirs, ainsi que pour envelopper les faisceaux de c\u00e2bles soumis \u00e0 des temp\u00e9ratures \u00e9lev\u00e9es. Elles conviennent \u00e9galement pour le c\u00e2blage des machines frigorifiques.<\/p>\n<p><strong>R\u00e9sistance di\u00e9lectrique :<br \/>\n<\/strong>800 &#8211; 1200 V dans un environnement sec<\/p>\n<p><strong>Couleur :<\/strong><br \/>\nblanc<\/p>\n<p><strong>Conditionnement :<br \/>\n<\/strong>0,5 &#8211; 4,5 mm \u00d8 : torches de 200 m<br \/>\n5,0 &#8211; 8,0 mm \u00d8 : torches de 100 m<br \/>\n9,0 &#8211; 12,0 mm \u00d8 : torches de 50 m<br \/>\n\u00e0 partir de 14,0 mm \u00d8 : torches de 25 m<br \/>\n(Changements reserv\u00e9s)<\/p>\n<p>&nbsp;<\/p>\n<h5><strong>Dimensions :<\/strong><\/h5>\n<table>\n<tbody>\n<tr>\n<td colspan=\"2\" width=\"104\"><strong>Num\u00e9ro d&rsquo;article<\/strong><\/td>\n<td width=\"53\"><strong>\u00d8 int\u00e9rieur<\/strong><\/td>\n<td width=\"45\"><strong>\u00c9paisseur de paroi<\/strong><\/td>\n<td width=\"15\"><\/td>\n<td colspan=\"2\" width=\"104\"><strong>Num\u00e9ro d&rsquo;article<\/strong><\/td>\n<td width=\"56\"><strong>\u00d8 int\u00e9rieur<\/strong><\/td>\n<td width=\"47\"><strong>\u00c9paisseur de paroi<\/strong><\/td>\n<td width=\"20\"><\/td>\n<td colspan=\"2\" width=\"107\"><strong>Num\u00e9ro d&rsquo;article<\/strong><\/td>\n<td width=\"43\"><strong>\u00d8 int\u00e9rieur<\/strong><\/td>\n<td width=\"46\"><strong>\u00c9paisseur de paroi<\/strong><\/td>\n<\/tr>\n<tr>\n<td width=\"76\"><strong>IS24C008<\/strong><\/td>\n<td width=\"28\"><span style=\"color: #ff6600;\">\u2666<\/span><\/td>\n<td width=\"53\">0,8<\/td>\n<td width=\"45\">0,4<\/td>\n<td width=\"15\"><\/td>\n<td width=\"76\"><strong>IS24C045<\/strong><\/td>\n<td width=\"28\"><span style=\"color: #ff6600;\">\u2666<\/span><\/td>\n<td width=\"56\">4,5<\/td>\n<td width=\"47\">0,5<\/td>\n<td width=\"20\"><\/td>\n<td width=\"79\"><strong>IS24C140<\/strong><\/td>\n<td width=\"28\"><span style=\"color: #ff6600;\">\u2666<\/span><\/td>\n<td width=\"43\">14,0<\/td>\n<td width=\"46\">1,0<\/td>\n<\/tr>\n<tr>\n<td width=\"76\"><strong>IS24C010<\/strong><\/td>\n<td width=\"28\"><span style=\"color: #ff6600;\">\u2666<\/span><\/td>\n<td width=\"53\">1,0<\/td>\n<td width=\"45\">0,4<\/td>\n<td width=\"15\"><\/td>\n<td width=\"76\"><strong>IS24C050<\/strong><\/td>\n<td width=\"28\"><span style=\"color: #ff6600;\">\u2666<\/span><\/td>\n<td width=\"56\">5,0<\/td>\n<td width=\"47\">0,6<\/td>\n<td width=\"20\"><\/td>\n<td width=\"79\"><strong>IS24C160<\/strong><\/td>\n<td width=\"28\"><span style=\"color: #ff6600;\">\u2666<\/span><\/td>\n<td width=\"43\">16,0<\/td>\n<td width=\"46\">1,0<\/td>\n<\/tr>\n<tr>\n<td width=\"76\"><strong>IS24C015<\/strong><\/td>\n<td width=\"28\"><span style=\"color: #ff6600;\">\u2666<\/span><\/td>\n<td width=\"53\">1,5<\/td>\n<td width=\"45\">0,4<\/td>\n<td width=\"15\"><\/td>\n<td width=\"76\"><strong>IS24C060<\/strong><\/td>\n<td width=\"28\"><span style=\"color: #ff6600;\">\u2666<\/span><\/td>\n<td width=\"56\">6,0<\/td>\n<td width=\"47\">0,6<\/td>\n<td width=\"20\"><\/td>\n<td width=\"79\"><strong>IS24C180<\/strong><\/td>\n<td width=\"28\"><span style=\"color: #ff6600;\">\u2666<\/span><\/td>\n<td width=\"43\">18,0<\/td>\n<td width=\"46\">1,0<\/td>\n<\/tr>\n<tr>\n<td width=\"76\"><strong>IS24C020<\/strong><\/td>\n<td width=\"28\"><span style=\"color: #ff6600;\">\u2666<\/span><\/td>\n<td width=\"53\">2,0<\/td>\n<td width=\"45\">0,4<\/td>\n<td width=\"15\"><\/td>\n<td width=\"76\"><strong>IS24C070<\/strong><\/td>\n<td width=\"28\"><span style=\"color: #ff6600;\">\u2666<\/span><\/td>\n<td width=\"56\">7,0<\/td>\n<td width=\"47\">0,7<\/td>\n<td width=\"20\"><\/td>\n<td width=\"79\"><strong>IS24C200<\/strong><\/td>\n<td width=\"28\"><span style=\"color: #ff6600;\">\u2666<\/span><\/td>\n<td width=\"43\">20,0<\/td>\n<td width=\"46\">1,0<\/td>\n<\/tr>\n<tr>\n<td width=\"76\"><strong>IS24C025<\/strong><\/td>\n<td width=\"28\"><span style=\"color: #ff6600;\">\u2666<\/span><\/td>\n<td width=\"53\">2,5<\/td>\n<td width=\"45\">0,4<\/td>\n<td width=\"15\"><\/td>\n<td width=\"76\"><strong>IS24C080<\/strong><\/td>\n<td width=\"28\"><span style=\"color: #ff6600;\">\u2666<\/span><\/td>\n<td width=\"56\">8,0<\/td>\n<td width=\"47\">0,7<\/td>\n<td width=\"20\"><\/td>\n<td width=\"79\"><strong>IS24C250<\/strong><\/td>\n<td width=\"28\"><span style=\"color: #ff6600;\">\u2666<\/span><\/td>\n<td width=\"43\">25,0<\/td>\n<td width=\"46\">1,2<\/td>\n<\/tr>\n<tr>\n<td width=\"76\"><strong>IS24C030<\/strong><\/td>\n<td width=\"28\"><span style=\"color: #ff6600;\">\u2666<\/span><\/td>\n<td width=\"53\">3,0<\/td>\n<td width=\"45\">0,4<\/td>\n<td width=\"15\"><\/td>\n<td width=\"76\"><strong>IS24C090<\/strong><\/td>\n<td width=\"28\"><span style=\"color: #ff6600;\">\u2666<\/span><\/td>\n<td width=\"56\">9,0<\/td>\n<td width=\"47\">0,7<\/td>\n<td width=\"20\"><\/td>\n<td width=\"79\"><strong>IS24C300<\/strong><\/td>\n<td width=\"28\"><span style=\"color: #ff6600;\">\u2666<\/span><\/td>\n<td width=\"43\">30,0<\/td>\n<td width=\"46\">1,2<\/td>\n<\/tr>\n<tr>\n<td width=\"76\"><strong>IS24C035<\/strong><\/td>\n<td width=\"28\"><span style=\"color: #ff6600;\">\u2666<\/span><\/td>\n<td width=\"53\">3,5<\/td>\n<td width=\"45\">0,4<\/td>\n<td width=\"15\"><\/td>\n<td width=\"76\"><strong>IS24C100<\/strong><\/td>\n<td width=\"28\"><span style=\"color: #ff6600;\">\u2666<\/span><\/td>\n<td width=\"56\">10,0<\/td>\n<td width=\"47\">0,7<\/td>\n<td width=\"20\"><\/td>\n<td width=\"79\"><strong>IS24C400<\/strong><\/td>\n<td width=\"28\"><span style=\"color: #ff6600;\">\u2666<\/span><\/td>\n<td width=\"43\">40,0<\/td>\n<td width=\"46\">1,2<\/td>\n<\/tr>\n<tr>\n<td width=\"76\"><strong>IS24C040<\/strong><\/td>\n<td width=\"28\"><span style=\"color: #ff6600;\">\u2666<\/span><\/td>\n<td width=\"53\">4,0<\/td>\n<td width=\"45\">0,5<\/td>\n<td width=\"15\"><\/td>\n<td width=\"76\"><strong>IS24C120<\/strong><\/td>\n<td width=\"28\"><span style=\"color: #ff6600;\">\u2666<\/span><\/td>\n<td width=\"56\">12,0<\/td>\n<td width=\"47\">0,8<\/td>\n<td width=\"20\"><\/td>\n<td width=\"79\"><\/td>\n<td width=\"28\"><\/td>\n<td width=\"43\"><\/td>\n<td width=\"46\"><\/td>\n<\/tr>\n<\/tbody>\n<\/table>\n<p><span style=\"color: #ff6600;\">\u2666 <\/span>du stock d&rsquo;usine, autres dimensions sur demande<\/p>\n<p>&nbsp;<\/p>\n","protected":false},"excerpt":{"rendered":"<p>&nbsp;<\/p>\n<h5>Cette gaines impr\u00e9gn\u00e9 d&rsquo;un vernis silicone convient aux applications \u00e0 haute temp\u00e9rature (jusqu&rsquo;\u00e0 350 \u00b0C), par exemple pour les r\u00e9sistances \u00e9lectriques, les fours industriels, les appareils m\u00e9nagers, etc.<\/h5>\n<p>&nbsp;<\/p>\n<p>&nbsp;<\/p>\n","protected":false},"featured_media":2055,"template":"","meta":{"_acf_changed":false},"product_brand":[],"product_cat":[217,218],"product_tag":[],"class_list":{"0":"post-5688","1":"product","2":"type-product","3":"status-publish","4":"has-post-thumbnail","6":"product_cat-tuyaux-techniques","7":"product_cat-tuyaux-tresses","9":"first","10":"instock","11":"shipping-taxable","12":"purchasable","13":"product-type-simple"},"acf":[],"_links":{"self":[{"href":"https:\/\/schupp.ch\/fr\/wp-json\/wp\/v2\/product\/5688","targetHints":{"allow":["GET"]}}],"collection":[{"href":"https:\/\/schupp.ch\/fr\/wp-json\/wp\/v2\/product"}],"about":[{"href":"https:\/\/schupp.ch\/fr\/wp-json\/wp\/v2\/types\/product"}],"wp:featuredmedia":[{"embeddable":true,"href":"https:\/\/schupp.ch\/fr\/wp-json\/wp\/v2\/media\/2055"}],"wp:attachment":[{"href":"https:\/\/schupp.ch\/fr\/wp-json\/wp\/v2\/media?parent=5688"}],"wp:term":[{"taxonomy":"product_brand","embeddable":true,"href":"https:\/\/schupp.ch\/fr\/wp-json\/wp\/v2\/product_brand?post=5688"},{"taxonomy":"product_cat","embeddable":true,"href":"https:\/\/schupp.ch\/fr\/wp-json\/wp\/v2\/product_cat?post=5688"},{"taxonomy":"product_tag","embeddable":true,"href":"https:\/\/schupp.ch\/fr\/wp-json\/wp\/v2\/product_tag?post=5688"}],"curies":[{"name":"wp","href":"https:\/\/api.w.org\/{rel}","templated":true}]}}