{"id":5690,"date":"2024-01-26T16:19:30","date_gmt":"2024-01-26T15:19:30","guid":{"rendered":"https:\/\/schupp.ch\/p\/bande-thermoretractable-en-polyester-de-018-mm-depaisseur\/"},"modified":"2025-11-16T20:29:34","modified_gmt":"2025-11-16T19:29:34","slug":"bande-thermoretractable-en-polyester-de-018-mm-depaisseur","status":"publish","type":"product","link":"https:\/\/schupp.ch\/fr\/p\/bande-thermoretractable-en-polyester-de-018-mm-depaisseur\/","title":{"rendered":"Bande thermor\u00e9tractable en polyester de 0,18 mm d&rsquo;\u00e9paisseur"},"content":{"rendered":"<p>&nbsp;<\/p>\n<h5>Donn\u00e9es techniques<\/h5>\n<p>&nbsp;<\/p>\n<p><strong>Mat\u00e9riau :<br \/>\n<\/strong>Le ruban thermor\u00e9tractable en polyester est tiss\u00e9 \u00e0 partir de 100 % de soie polyester sans fin, non color\u00e9e, avec des bords solides<\/p>\n<p><strong>Classe thermique :<br \/>\n<\/strong>F (155\u00b0C)<\/p>\n<p><strong>R\u00e9traction :<br \/>\n<\/strong>Environ 9 % \u00e0 160 \u02daC<\/p>\n<p><strong>Epaisseur :<br \/>\n<\/strong>0,16 &#8211; 0,18 mm nominal, 0,22 mm sur les bords du ruban<\/p>\n<p><strong>Type de tissage :<br \/>\n<\/strong>Armure serg\u00e9<\/p>\n<p><strong>Conditionnement :<br \/>\n<\/strong>Diam\u00e8tre int\u00e9rieur du mandrin du rouleau : 55 mm<\/p>\n<p>&nbsp;<\/p>\n<table>\n<tbody>\n<tr>\n<td colspan=\"2\" width=\"112\"><strong>Art. No.<\/strong><\/td>\n<td width=\"84\">Largeur [mm]<\/td>\n<td width=\"101\">Conditionnement<\/td>\n<\/tr>\n<tr>\n<td width=\"86\"><strong>WBPS18\/10<\/strong><\/td>\n<td width=\"26\"><span style=\"color: #00ff00;\">\u2666<\/span><\/td>\n<td width=\"84\">10<\/td>\n<td width=\"101\">Bobines 500 m<\/td>\n<\/tr>\n<tr>\n<td width=\"86\"><strong>WBPS18\/15<\/strong><\/td>\n<td width=\"26\"><span style=\"color: #00ff00;\">\u2666<\/span><\/td>\n<td width=\"84\">15<\/td>\n<td width=\"101\">Rouleaux de 100 m<\/td>\n<\/tr>\n<tr>\n<td width=\"86\"><strong>WBPS18\/20<\/strong><\/td>\n<td width=\"26\"><span style=\"color: #00ff00;\">\u2666<\/span><\/td>\n<td width=\"84\">20<\/td>\n<td width=\"101\">Rouleaux de 100 m<\/td>\n<\/tr>\n<tr>\n<td width=\"86\"><strong>WBPS18\/25<\/strong><\/td>\n<td width=\"26\"><span style=\"color: #00ff00;\">\u2666<\/span><\/td>\n<td width=\"84\">25<\/td>\n<td width=\"101\">Rouleaux de 100 m<\/td>\n<\/tr>\n<tr>\n<td width=\"86\"><strong>WBPS18\/30<\/strong><\/td>\n<td width=\"26\"><span style=\"color: #00ff00;\">\u2666<\/span><\/td>\n<td width=\"84\">30<\/td>\n<td width=\"101\">Rouleaux de 100 m<\/td>\n<\/tr>\n<tr>\n<td width=\"86\"><strong>WBPS18\/40<\/strong><\/td>\n<td width=\"26\"><span style=\"color: #00ff00;\">\u2666<\/span><\/td>\n<td width=\"84\">40<\/td>\n<td width=\"101\">Rouleaux de 100 m<\/td>\n<\/tr>\n<\/tbody>\n<\/table>\n<p><span style=\"color: #00ff00;\">\u2666<\/span> en stock<\/p>\n<p>&nbsp;<\/p>\n","protected":false},"excerpt":{"rendered":"<p>&nbsp;<\/p>\n<h5>Ce ruban thermor\u00e9tractable en polyester est tiss\u00e9 \u00e0 partir de 100 % de soie de polyester avec des bords solides. Ce ruban textile non \u00e9lastique se caract\u00e9rise par une r\u00e9sistance m\u00e9canique et une r\u00e9sistance \u00e0 l&rsquo;abrasion \u00e9lev\u00e9es, m\u00eame \u00e0 des temp\u00e9ratures \u00e9lev\u00e9es. Il peut donc \u00eatre utilis\u00e9 dans des applications de classe F avec une r\u00e9sine appropri\u00e9e.<\/h5>\n<p>&nbsp;<\/p>\n<p>&nbsp;<\/p>\n","protected":false},"featured_media":2071,"template":"","meta":{"_acf_changed":false},"product_brand":[],"product_cat":[165,221],"product_tag":[],"class_list":{"0":"post-5690","1":"product","2":"type-product","3":"status-publish","4":"has-post-thumbnail","6":"product_cat-bandes-techniques","7":"product_cat-rubans-demballage","9":"first","10":"instock","11":"shipping-taxable","12":"purchasable","13":"product-type-simple"},"acf":[],"_links":{"self":[{"href":"https:\/\/schupp.ch\/fr\/wp-json\/wp\/v2\/product\/5690","targetHints":{"allow":["GET"]}}],"collection":[{"href":"https:\/\/schupp.ch\/fr\/wp-json\/wp\/v2\/product"}],"about":[{"href":"https:\/\/schupp.ch\/fr\/wp-json\/wp\/v2\/types\/product"}],"wp:featuredmedia":[{"embeddable":true,"href":"https:\/\/schupp.ch\/fr\/wp-json\/wp\/v2\/media\/2071"}],"wp:attachment":[{"href":"https:\/\/schupp.ch\/fr\/wp-json\/wp\/v2\/media?parent=5690"}],"wp:term":[{"taxonomy":"product_brand","embeddable":true,"href":"https:\/\/schupp.ch\/fr\/wp-json\/wp\/v2\/product_brand?post=5690"},{"taxonomy":"product_cat","embeddable":true,"href":"https:\/\/schupp.ch\/fr\/wp-json\/wp\/v2\/product_cat?post=5690"},{"taxonomy":"product_tag","embeddable":true,"href":"https:\/\/schupp.ch\/fr\/wp-json\/wp\/v2\/product_tag?post=5690"}],"curies":[{"name":"wp","href":"https:\/\/api.w.org\/{rel}","templated":true}]}}