{"id":5691,"date":"2024-01-26T15:52:36","date_gmt":"2024-01-26T14:52:36","guid":{"rendered":"https:\/\/schupp.ch\/p\/gaines-isolantes-tressees-14f\/"},"modified":"2025-11-06T14:50:58","modified_gmt":"2025-11-06T13:50:58","slug":"gaines-isolantes-tressees-14f","status":"publish","type":"product","link":"https:\/\/schupp.ch\/fr\/p\/gaines-isolantes-tressees-14f\/","title":{"rendered":"Gaines isolantes tress\u00e9es 14F"},"content":{"rendered":"<h5><\/h5>\n<p><strong>Mat\u00e9riaux :<br \/>\n<\/strong>Tresse de fibres de verre avec vernis polyur\u00e9thane<\/p>\n<p><strong>Classe de temp\u00e9rature :<br \/>\n<\/strong>F (155\u00b0C)<\/p>\n<p><strong>Rigidit\u00e9 di\u00e9lectrique :<br \/>\n<\/strong>jusqu&rsquo;\u00e0 6,0 mm = 6 kV min.<br \/>\n\u00e0 partir de 7,0 mm = 4 kV min.<\/p>\n<p><strong>Couleurs :<br \/>\n<\/strong>naturel, autres couleurs sur demande<\/p>\n<p><strong>Conditionnement :<br \/>\n<\/strong>0,3 &#8211; 4,0 mm \u00d8 : torches de 200 m<br \/>\n4,5 &#8211; 16,0 mm \u00d8 : torches de 100 m<br \/>\n\u00e0 partir de 18,0 mm \u00d8 : pi\u00e8ces \u00e0 1 m\u00e8tre<br \/>\n(Changements r\u00e9serv\u00e9s)<\/p>\n<p>&nbsp;<\/p>\n<h5><\/h5>\n<h5><strong>Dimensions :<\/strong><\/h5>\n<table>\n<tbody>\n<tr>\n<td colspan=\"2\" width=\"85\"><strong>Num\u00e9ro d&rsquo;article<\/strong><\/td>\n<td width=\"57\"><strong>\u00d8 int\u00e9rieur<\/strong><\/td>\n<td width=\"47\"><strong>\u00c9paisseur de paroi<\/strong><\/td>\n<td width=\"19\"><\/td>\n<td colspan=\"2\" width=\"94\"><strong>Num\u00e9ro d&rsquo;article<\/strong><\/td>\n<td width=\"57\"><strong>\u00d8 int\u00e9rieur<\/strong><\/td>\n<td width=\"47\"><strong>\u00c9paisseur de paroi<\/strong><\/td>\n<td width=\"19\"><\/td>\n<td colspan=\"2\" width=\"95\"><strong>Num\u00e9ro d&rsquo;article<\/strong><\/td>\n<td width=\"66\"><strong>\u00d8 int\u00e9rieur<\/strong><\/td>\n<td width=\"55\"><strong>\u00c9paisseur de paroi<\/strong><\/td>\n<\/tr>\n<tr>\n<td width=\"71\"><strong>IS14F003<\/strong><\/td>\n<td width=\"15\"><span style=\"color: #ff6600;\">\u2666<\/span><\/td>\n<td width=\"57\">0,3<\/td>\n<td width=\"47\">0,4<\/td>\n<td width=\"19\"><\/td>\n<td width=\"76\"><strong>IS14F045<\/strong><\/td>\n<td width=\"19\"><span style=\"color: #00ff00;\">\u2666<\/span><\/td>\n<td width=\"57\">4,5<\/td>\n<td width=\"47\">0,5<\/td>\n<td width=\"19\"><\/td>\n<td width=\"76\"><strong>IS14F160<\/strong><\/td>\n<td width=\"19\"><span style=\"color: #00ff00;\">\u2666<\/span><\/td>\n<td width=\"66\">16,0<\/td>\n<td width=\"55\">1,0<\/td>\n<\/tr>\n<tr>\n<td width=\"71\"><strong>IS14F005<\/strong><\/td>\n<td width=\"15\"><span style=\"color: #00ff00;\">\u2666<\/span><\/td>\n<td width=\"57\">0,5<\/td>\n<td width=\"47\">0,4<\/td>\n<td width=\"19\"><\/td>\n<td width=\"76\"><strong>IS14F050<\/strong><\/td>\n<td width=\"19\"><span style=\"color: #00ff00;\">\u2666<\/span><\/td>\n<td width=\"57\">5,0<\/td>\n<td width=\"47\">0,6<\/td>\n<td width=\"19\"><\/td>\n<td width=\"76\"><strong>IS14F180<\/strong><\/td>\n<td width=\"19\"><span style=\"color: #00ff00;\">\u2666<\/span><\/td>\n<td width=\"66\">18,0<\/td>\n<td width=\"55\">1,0<\/td>\n<\/tr>\n<tr>\n<td width=\"71\"><strong>IS14F008<\/strong><\/td>\n<td width=\"15\"><span style=\"color: #ff6600;\">\u2666<\/span><\/td>\n<td width=\"57\">0,8<\/td>\n<td width=\"47\">0,4<\/td>\n<td width=\"19\"><\/td>\n<td width=\"76\"><strong>IS14F060<\/strong><\/td>\n<td width=\"19\"><span style=\"color: #00ff00;\">\u2666<\/span><\/td>\n<td width=\"57\">6,0<\/td>\n<td width=\"47\">0,6<\/td>\n<td width=\"19\"><\/td>\n<td width=\"76\"><strong>IS14F200<\/strong><\/td>\n<td width=\"19\"><span style=\"color: #00ff00;\">\u2666<\/span><\/td>\n<td width=\"66\">20,0<\/td>\n<td width=\"55\">1,0<\/td>\n<\/tr>\n<tr>\n<td width=\"71\"><strong>IS14F010<\/strong><\/td>\n<td width=\"15\"><span style=\"color: #00ff00;\">\u2666<\/span><\/td>\n<td width=\"57\">1,0<\/td>\n<td width=\"47\">0,4<\/td>\n<td width=\"19\"><\/td>\n<td width=\"76\"><strong>IS14F070<\/strong><\/td>\n<td width=\"19\"><span style=\"color: #00ff00;\">\u2666<\/span><\/td>\n<td width=\"57\">7,0<\/td>\n<td width=\"47\">0,7<\/td>\n<td width=\"19\"><\/td>\n<td width=\"76\"><strong>IS14F220<\/strong><\/td>\n<td width=\"19\"><span style=\"color: #ff6600;\">\u2666<\/span><\/td>\n<td width=\"66\">22,0<\/td>\n<td width=\"55\">1,2<\/td>\n<\/tr>\n<tr>\n<td width=\"71\"><strong>IS14F015<\/strong><\/td>\n<td width=\"15\"><span style=\"color: #00ff00;\">\u2666<\/span><\/td>\n<td width=\"57\">1,5<\/td>\n<td width=\"47\">0,4<\/td>\n<td width=\"19\"><\/td>\n<td width=\"76\"><strong>IS14F080<\/strong><\/td>\n<td width=\"19\"><span style=\"color: #00ff00;\">\u2666<\/span><\/td>\n<td width=\"57\">8,0<\/td>\n<td width=\"47\">0,7<\/td>\n<td width=\"19\"><\/td>\n<td width=\"76\"><strong>IS14F240<\/strong><\/td>\n<td width=\"19\"><span style=\"color: #ff6600;\">\u2666<\/span><\/td>\n<td width=\"66\">24,0<\/td>\n<td width=\"55\">1,2<\/td>\n<\/tr>\n<tr>\n<td width=\"71\"><strong>IS14F020<\/strong><\/td>\n<td width=\"15\"><span style=\"color: #00ff00;\">\u2666<\/span><\/td>\n<td width=\"57\">2,0<\/td>\n<td width=\"47\">0,4<\/td>\n<td width=\"19\"><\/td>\n<td width=\"76\"><strong>IS14F090<\/strong><\/td>\n<td width=\"19\"><span style=\"color: #00ff00;\">\u2666<\/span><\/td>\n<td width=\"57\">9,0<\/td>\n<td width=\"47\">0,7<\/td>\n<td width=\"19\"><\/td>\n<td width=\"76\"><strong>IS14F260<\/strong><\/td>\n<td width=\"19\"><span style=\"color: #ff6600;\">\u2666<\/span><\/td>\n<td width=\"66\">26,0<\/td>\n<td width=\"55\">1,2<\/td>\n<\/tr>\n<tr>\n<td width=\"71\"><strong>IS14F025<\/strong><\/td>\n<td width=\"15\"><span style=\"color: #00ff00;\">\u2666<\/span><\/td>\n<td width=\"57\">2,5<\/td>\n<td width=\"47\">0,4<\/td>\n<td width=\"19\"><\/td>\n<td width=\"76\"><strong>IS14F100<\/strong><\/td>\n<td width=\"19\"><span style=\"color: #00ff00;\">\u2666<\/span><\/td>\n<td width=\"57\">10,0<\/td>\n<td width=\"47\">0,7<\/td>\n<td width=\"19\"><\/td>\n<td width=\"76\"><strong>IS14F280<\/strong><\/td>\n<td width=\"19\"><span style=\"color: #ff6600;\">\u2666<\/span><\/td>\n<td width=\"66\">28,0<\/td>\n<td width=\"55\">1,2<\/td>\n<\/tr>\n<tr>\n<td width=\"71\"><strong>IS14F030<\/strong><\/td>\n<td width=\"15\"><span style=\"color: #00ff00;\">\u2666<\/span><\/td>\n<td width=\"57\">3,0<\/td>\n<td width=\"47\">0,4<\/td>\n<td width=\"19\"><\/td>\n<td width=\"76\"><strong>IS14F110<\/strong><\/td>\n<td width=\"19\"><span style=\"color: #ff6600;\">\u2666<\/span><\/td>\n<td width=\"57\">11,0<\/td>\n<td width=\"47\">0,7<\/td>\n<td width=\"19\"><\/td>\n<td width=\"76\"><strong>IS14F300<\/strong><\/td>\n<td width=\"19\"><span style=\"color: #ff6600;\">\u2666<\/span><\/td>\n<td width=\"66\">30,0<\/td>\n<td width=\"55\">1,2<\/td>\n<\/tr>\n<tr>\n<td width=\"71\"><strong>IS14F035<\/strong><\/td>\n<td width=\"15\"><span style=\"color: #00ff00;\">\u2666<\/span><\/td>\n<td width=\"57\">3,5<\/td>\n<td width=\"47\">0,4<\/td>\n<td width=\"19\"><\/td>\n<td width=\"76\"><strong>IS14F120<\/strong><\/td>\n<td width=\"19\"><span style=\"color: #00ff00;\">\u2666<\/span><\/td>\n<td width=\"57\">12,0<\/td>\n<td width=\"47\">0,8<\/td>\n<td width=\"19\"><\/td>\n<td width=\"76\"><\/td>\n<td width=\"19\"><\/td>\n<td width=\"66\"><\/td>\n<td width=\"55\"><\/td>\n<\/tr>\n<\/tbody>\n<\/table>\n<p><span style=\"color: #00ff00;\">\u2666 <\/span>en stock<\/p>\n<p>\u2666 <span style=\"color: #ff6600;\">s<\/span>ur demande<\/p>\n<p>Ces gaines peuvent \u00e9galement \u00eatre fournis avec une homologation UL. Les sp\u00e9cifications sont alors diff\u00e9rentes de celles de la version standard. Des quantit\u00e9s minimales de commande s&rsquo;appliquent en fonction du diam\u00e8tre.<\/p>\n<p>&nbsp;<\/p>\n","protected":false},"excerpt":{"rendered":"<p>&nbsp;<\/p>\n<h5>Gaine en tresse de fibres de verre impr\u00e9gn\u00e9e de vernis, classe thermique F (155 \u00b0C), avec vernis polyur\u00e9thane, conforme \u00e0 la norme DIN 60684-3<\/h5>\n<p>&nbsp;<\/p>\n<p>&nbsp;<\/p>\n","protected":false},"featured_media":2043,"template":"","meta":{"_acf_changed":false},"product_brand":[],"product_cat":[217,218],"product_tag":[],"class_list":{"0":"post-5691","1":"product","2":"type-product","3":"status-publish","4":"has-post-thumbnail","6":"product_cat-tuyaux-techniques","7":"product_cat-tuyaux-tresses","9":"first","10":"instock","11":"shipping-taxable","12":"purchasable","13":"product-type-simple"},"acf":[],"_links":{"self":[{"href":"https:\/\/schupp.ch\/fr\/wp-json\/wp\/v2\/product\/5691","targetHints":{"allow":["GET"]}}],"collection":[{"href":"https:\/\/schupp.ch\/fr\/wp-json\/wp\/v2\/product"}],"about":[{"href":"https:\/\/schupp.ch\/fr\/wp-json\/wp\/v2\/types\/product"}],"wp:featuredmedia":[{"embeddable":true,"href":"https:\/\/schupp.ch\/fr\/wp-json\/wp\/v2\/media\/2043"}],"wp:attachment":[{"href":"https:\/\/schupp.ch\/fr\/wp-json\/wp\/v2\/media?parent=5691"}],"wp:term":[{"taxonomy":"product_brand","embeddable":true,"href":"https:\/\/schupp.ch\/fr\/wp-json\/wp\/v2\/product_brand?post=5691"},{"taxonomy":"product_cat","embeddable":true,"href":"https:\/\/schupp.ch\/fr\/wp-json\/wp\/v2\/product_cat?post=5691"},{"taxonomy":"product_tag","embeddable":true,"href":"https:\/\/schupp.ch\/fr\/wp-json\/wp\/v2\/product_tag?post=5691"}],"curies":[{"name":"wp","href":"https:\/\/api.w.org\/{rel}","templated":true}]}}