{"id":5692,"date":"2024-01-26T16:23:35","date_gmt":"2024-01-26T15:23:35","guid":{"rendered":"https:\/\/schupp.ch\/p\/rubans-de-soie-de-verre\/"},"modified":"2025-12-01T15:29:30","modified_gmt":"2025-12-01T14:29:30","slug":"rubans-de-soie-de-verre","status":"publish","type":"product","link":"https:\/\/schupp.ch\/fr\/p\/rubans-de-soie-de-verre\/","title":{"rendered":"Rubans de soie de verre"},"content":{"rendered":"<p>&nbsp;<\/p>\n<h5>Donn\u00e9es techniques<\/h5>\n<p>&nbsp;<\/p>\n<p><strong>Mat\u00e9riau :<br \/>\n<\/strong>100 % verre E, teneur en alcali inf\u00e9rieure \u00e0 1 %<\/p>\n<p><strong>Classe thermique :<\/strong><br \/>\nC (450\u00b0 C)<\/p>\n<p><strong>Type de tissage :<br \/>\n<\/strong>Armure toile 1\/1<\/p>\n<p><strong>Cha\u00eene :<br \/>\n<\/strong>20 fils par cm tex 34<\/p>\n<p><strong>Trame :<br \/>\n<\/strong>12 DS\/cm tex 22<\/p>\n<p><strong>Epaisseur :<br \/>\n<\/strong>env. 0, 1 mm<\/p>\n<p><strong>Poids par 100 m :<br \/>\n<\/strong>env. 120 g par cm de largeur de bande<\/p>\n<p><strong>R\u00e9sistance \u00e0 la d\u00e9chirure :<br \/>\n<\/strong>env. 270 N par cm de largeur de bande<\/p>\n<p><strong>Allongement \u00e0 la d\u00e9chirure :<br \/>\n<\/strong>env. 3 &#8211; 4%<\/p>\n<p><strong>Temp\u00e9rature de ramollissement :<br \/>\n<\/strong>env. 840 \u00b0C<\/p>\n<p>&nbsp;<\/p>\n<table>\n<tbody>\n<tr>\n<td colspan=\"2\" width=\"118\"><strong>Num\u00e9ro principale<\/strong><\/td>\n<td width=\"65\">Largeur [mm]<\/td>\n<td width=\"75\">Fil de marquage<\/td>\n<td width=\"75\">Rouleau \u00e0<br \/>\n[m]<\/td>\n<\/tr>\n<tr>\n<td width=\"86\"><strong>WBGS10\/10<\/strong><\/td>\n<td width=\"32\"><span style=\"color: #ff6600;\">\u2666<\/span><\/td>\n<td width=\"65\">10<\/td>\n<td width=\"75\">avec<\/td>\n<td width=\"75\">100<\/td>\n<\/tr>\n<tr>\n<td width=\"86\"><strong>WBGS10\/15<\/strong><\/td>\n<td width=\"32\"><span style=\"color: #ff6600;\">\u2666<\/span><\/td>\n<td width=\"65\">15<\/td>\n<td width=\"75\">avec<\/td>\n<td width=\"75\">100<\/td>\n<\/tr>\n<tr>\n<td width=\"86\"><strong>WBGS10\/20<\/strong><\/td>\n<td width=\"32\"><span style=\"color: #ff6600;\">\u2666<\/span><\/td>\n<td width=\"65\">20<\/td>\n<td width=\"75\">avec<\/td>\n<td width=\"75\">100<\/td>\n<\/tr>\n<tr>\n<td width=\"86\"><strong>WBGS10\/25<\/strong><\/td>\n<td width=\"32\"><span style=\"color: #ff6600;\">\u2666<\/span><\/td>\n<td width=\"65\">25<\/td>\n<td width=\"75\">avec<\/td>\n<td width=\"75\">100<\/td>\n<\/tr>\n<tr>\n<td width=\"86\"><strong>WBGS10\/30<\/strong><\/td>\n<td width=\"32\"><span style=\"color: #ff6600;\">\u2666<\/span><\/td>\n<td width=\"65\">30<\/td>\n<td width=\"75\">avec<\/td>\n<td width=\"75\">100<\/td>\n<\/tr>\n<tr>\n<td width=\"86\"><strong>WBGS10\/40<\/strong><\/td>\n<td width=\"32\"><span style=\"color: #ff6600;\">\u2666<\/span><\/td>\n<td width=\"65\">40<\/td>\n<td width=\"75\">avec<\/td>\n<td width=\"75\">100<\/td>\n<\/tr>\n<\/tbody>\n<\/table>\n<p>\u2666 sur demande<\/p>\n<p>&nbsp;<\/p>\n<table>\n<tbody>\n<tr>\n<td colspan=\"2\" width=\"103\"><strong>Num\u00e9ro principale<\/strong><\/td>\n<td width=\"66\">N\u00b0 de type.<\/td>\n<td width=\"70\">Largeur [mm]<\/td>\n<td width=\"75\">Fil d&rsquo;identification<\/td>\n<td width=\"76\">Rouleau de [m]<\/td>\n<\/tr>\n<tr>\n<td width=\"80\"><strong>WBGS15\/10<\/strong><\/td>\n<td width=\"23\"><span style=\"color: #ff6600;\">\u2666<\/span><\/td>\n<td width=\"66\">3435<\/td>\n<td width=\"70\">10<\/td>\n<td width=\"75\">sans<\/td>\n<td width=\"76\">100<\/td>\n<\/tr>\n<tr>\n<td width=\"80\"><strong>WBGS15\/15<\/strong><\/td>\n<td width=\"23\"><span style=\"color: #ff6600;\">\u2666<\/span><\/td>\n<td width=\"66\">3435<\/td>\n<td width=\"70\">15<\/td>\n<td width=\"75\">sans<\/td>\n<td width=\"76\">100<\/td>\n<\/tr>\n<tr>\n<td width=\"80\"><strong>WBGS15\/20<\/strong><\/td>\n<td width=\"23\"><span style=\"color: #ff6600;\">\u2666<\/span><\/td>\n<td width=\"66\">3435<\/td>\n<td width=\"70\">20<\/td>\n<td width=\"75\">sans<\/td>\n<td width=\"76\">100<\/td>\n<\/tr>\n<tr>\n<td width=\"80\"><strong>WBGS15\/25<\/strong><\/td>\n<td width=\"23\"><span style=\"color: #ff6600;\">\u2666<\/span><\/td>\n<td width=\"66\">3435<\/td>\n<td width=\"70\">25<\/td>\n<td width=\"75\">sans<\/td>\n<td width=\"76\">100<\/td>\n<\/tr>\n<tr>\n<td width=\"80\"><strong>WBGS15\/30<\/strong><\/td>\n<td width=\"23\"><span style=\"color: #ff6600;\">\u2666<\/span><\/td>\n<td width=\"66\">3435<\/td>\n<td width=\"70\">30<\/td>\n<td width=\"75\">sans<\/td>\n<td width=\"76\">100<\/td>\n<\/tr>\n<tr>\n<td width=\"80\"><strong>WBGS15\/40<\/strong><\/td>\n<td width=\"23\"><span style=\"color: #ff6600;\">\u2666<\/span><\/td>\n<td width=\"66\">3435<\/td>\n<td width=\"70\">40<\/td>\n<td width=\"75\">sans<\/td>\n<td width=\"76\">100<\/td>\n<\/tr>\n<tr>\n<td width=\"80\"><strong>WBGS15\/50<\/strong><\/td>\n<td width=\"23\"><span style=\"color: #ff6600;\">\u2666<\/span><\/td>\n<td width=\"66\">3435<\/td>\n<td width=\"70\">50<\/td>\n<td width=\"75\">sans<\/td>\n<td width=\"76\">100<\/td>\n<\/tr>\n<\/tbody>\n<\/table>\n<p>\u2666 sur demande<\/p>\n<p>&nbsp;<\/p>\n","protected":false},"excerpt":{"rendered":"<p>&nbsp;<\/p>\n<h5>Ces rubans de soie de verre peuvent \u00eatre utilis\u00e9s jusqu&rsquo;\u00e0 des temp\u00e9ratures continues de 450 \u00b0C sans perte majeure de r\u00e9sistance.<\/h5>\n<p>&nbsp;<\/p>\n","protected":false},"featured_media":2075,"template":"","meta":{"_acf_changed":false},"product_brand":[],"product_cat":[165,221],"product_tag":[],"class_list":{"0":"post-5692","1":"product","2":"type-product","3":"status-publish","4":"has-post-thumbnail","6":"product_cat-bandes-techniques","7":"product_cat-rubans-demballage","9":"first","10":"instock","11":"shipping-taxable","12":"purchasable","13":"product-type-simple"},"acf":[],"_links":{"self":[{"href":"https:\/\/schupp.ch\/fr\/wp-json\/wp\/v2\/product\/5692","targetHints":{"allow":["GET"]}}],"collection":[{"href":"https:\/\/schupp.ch\/fr\/wp-json\/wp\/v2\/product"}],"about":[{"href":"https:\/\/schupp.ch\/fr\/wp-json\/wp\/v2\/types\/product"}],"wp:featuredmedia":[{"embeddable":true,"href":"https:\/\/schupp.ch\/fr\/wp-json\/wp\/v2\/media\/2075"}],"wp:attachment":[{"href":"https:\/\/schupp.ch\/fr\/wp-json\/wp\/v2\/media?parent=5692"}],"wp:term":[{"taxonomy":"product_brand","embeddable":true,"href":"https:\/\/schupp.ch\/fr\/wp-json\/wp\/v2\/product_brand?post=5692"},{"taxonomy":"product_cat","embeddable":true,"href":"https:\/\/schupp.ch\/fr\/wp-json\/wp\/v2\/product_cat?post=5692"},{"taxonomy":"product_tag","embeddable":true,"href":"https:\/\/schupp.ch\/fr\/wp-json\/wp\/v2\/product_tag?post=5692"}],"curies":[{"name":"wp","href":"https:\/\/api.w.org\/{rel}","templated":true}]}}